{"id":5483,"date":"2021-05-16T17:54:33","date_gmt":"2021-05-16T17:54:33","guid":{"rendered":"https:\/\/blogsaverroes.juntadeandalucia.es\/iesarroyodelamiel\/?page_id=5483"},"modified":"2021-05-16T17:54:33","modified_gmt":"2021-05-16T17:54:33","slug":"erasmus-itbl","status":"publish","type":"page","link":"https:\/\/blogsaverroes.juntadeandalucia.es\/iesarroyodelamiel\/erasmus-itbl\/","title":{"rendered":"Erasmus ITBL"},"content":{"rendered":"<article class=\"post-3830 post type-post status-publish format-standard hentry category-erasmus-itbl category-uncategorized\">\n<header>\n<h1 class=\"entry-title\">Finalizaci\u00f3n del proyecto ITBL Erasmus +<\/h1>\n<div class=\"subhead\"><span class=\"postauthortop author vcard\"><i class=\"icon-user\"><\/i>&nbsp;por&nbsp;<a class=\"fn\" href=\"http:\/\/www.iesarroyodelamiel.es\/author\/turismo-tu\/\" rel=\"author\">Turismo TU<\/a>&nbsp;|<\/span>&nbsp;<span class=\"postedintop\"><i class=\"icon-folder-open\"><\/i>&nbsp;publicado en:&nbsp;<a href=\"http:\/\/www.iesarroyodelamiel.es\/category\/proyectos\/erasmus\/erasmus-itbl\/\" rel=\"category tag\">Erasmus ITBL<\/a>,&nbsp;<a href=\"http:\/\/www.iesarroyodelamiel.es\/category\/uncategorized\/\" rel=\"category tag\">Uncategorized<\/a><\/span>&nbsp;<span class=\"kad-hidepostedin\">|<\/span>&nbsp;<span class=\"postcommentscount\"><i class=\"icon-comments-alt\"><\/i>&nbsp;0<\/span><\/div>\n<div><a href=\"https:\/\/blogsaverroes.juntadeandalucia.es\/iesarroyodelamiel\/files\/2021\/05\/ITBL-1.jpg\"><img loading=\"lazy\" decoding=\"async\" class=\"aligncenter size-medium wp-image-5484\" src=\"https:\/\/blogsaverroes.juntadeandalucia.es\/iesarroyodelamiel\/files\/2021\/05\/ITBL-1-300x225.jpg\" alt=\"\" width=\"300\" height=\"225\" srcset=\"https:\/\/blogsaverroes.juntadeandalucia.es\/iesarroyodelamiel\/files\/2021\/05\/ITBL-1-300x225.jpg 300w, https:\/\/blogsaverroes.juntadeandalucia.es\/iesarroyodelamiel\/files\/2021\/05\/ITBL-1-768x576.jpg 768w, https:\/\/blogsaverroes.juntadeandalucia.es\/iesarroyodelamiel\/files\/2021\/05\/ITBL-1.jpg 1024w\" sizes=\"(max-width: 300px) 100vw, 300px\" \/><\/a><\/div>\n<\/header>\n<div class=\"entry-content\" style=\"text-align: center\">\n<figure class=\"wp-block-image\"><figcaption>Participantes del proyecto ITBL con la Concejala de Educaci\u00f3n, Elena Gal\u00e1n, del Ayuntamiento de Benalm\u00e1dena.<\/figcaption><\/figure>\n<p>Tal y como comentamos en nuestra \u00faltima publicaci\u00f3n los d\u00edas 24 y 25 de mayo tuvieron lugar en nuestro centro las reuniones finales del proyecto ITBL. Se mostraron a los socios participantes los resultados del trabajo sobre abandono escolar y las propuestas de mejora para la plataforma de educaci\u00f3n semipresencial.<\/p>\n<p>Todos estos resultados ser\u00e1n incorporados en la memoria final del proyecto que deber\u00e1 ser presentada para la evaluaci\u00f3n del mismo.<\/p>\n<figure class=\"wp-block-image\"><a href=\"https:\/\/blogsaverroes.juntadeandalucia.es\/iesarroyodelamiel\/files\/2021\/05\/itbl-2.jpg\"><img loading=\"lazy\" decoding=\"async\" class=\"aligncenter size-medium wp-image-5485\" src=\"https:\/\/blogsaverroes.juntadeandalucia.es\/iesarroyodelamiel\/files\/2021\/05\/itbl-2-300x225.jpg\" alt=\"\" width=\"300\" height=\"225\" srcset=\"https:\/\/blogsaverroes.juntadeandalucia.es\/iesarroyodelamiel\/files\/2021\/05\/itbl-2-300x225.jpg 300w, https:\/\/blogsaverroes.juntadeandalucia.es\/iesarroyodelamiel\/files\/2021\/05\/itbl-2-768x576.jpg 768w, https:\/\/blogsaverroes.juntadeandalucia.es\/iesarroyodelamiel\/files\/2021\/05\/itbl-2.jpg 1024w\" sizes=\"(max-width: 300px) 100vw, 300px\" \/><\/a> Profesores del centro participantes en el proyecto.<\/figure>\n<p>Desde aqu\u00ed agradecer a nuestros socios en Grecia, Austria e Italia as\u00ed como a nuestro coordinador David Requena, director de la EOI de Fuengirola, el intenso trabajo realizado y los resultados obtenidos.<\/p>\n<\/div>\n<\/article>\n<article class=\"post-3697 post type-post status-publish format-standard hentry category-erasmus-itbl\">\n<div class=\"postmeta updated color_gray\">\n<div class=\"postdate bg-lightgray headerfont\"><span class=\"postday\">14<\/span>MAY 2019<\/div>\n<\/div>\n<header>\n<h1 class=\"entry-title\">Quinta reuni\u00f3n Erasmus + ITBL en Arroyo de la Miel<\/h1>\n<div class=\"subhead\"><span class=\"postauthortop author vcard\"><i class=\"icon-user\"><\/i>&nbsp;por&nbsp;<a class=\"fn\" href=\"http:\/\/www.iesarroyodelamiel.es\/author\/turismo-tu\/\" rel=\"author\">Turismo TU<\/a>&nbsp;|<\/span>&nbsp;<span class=\"postedintop\"><i class=\"icon-folder-open\"><\/i>&nbsp;publicado en:&nbsp;<a href=\"http:\/\/www.iesarroyodelamiel.es\/category\/proyectos\/erasmus\/erasmus-itbl\/\" rel=\"category tag\">Erasmus ITBL<\/a><\/span>&nbsp;<span class=\"kad-hidepostedin\">|<\/span>&nbsp;<span class=\"postcommentscount\"><i class=\"icon-comments-alt\"><\/i>&nbsp;0<\/span><\/div>\n<\/header>\n<div class=\"entry-content\">\n<figure class=\"wp-block-image is-resized\"><a href=\"https:\/\/blogsaverroes.juntadeandalucia.es\/iesarroyodelamiel\/files\/2021\/05\/itbl3.jpg\"><img loading=\"lazy\" decoding=\"async\" class=\"aligncenter size-medium wp-image-5486\" src=\"https:\/\/blogsaverroes.juntadeandalucia.es\/iesarroyodelamiel\/files\/2021\/05\/itbl3-300x169.jpg\" alt=\"\" width=\"300\" height=\"169\" srcset=\"https:\/\/blogsaverroes.juntadeandalucia.es\/iesarroyodelamiel\/files\/2021\/05\/itbl3-300x169.jpg 300w, https:\/\/blogsaverroes.juntadeandalucia.es\/iesarroyodelamiel\/files\/2021\/05\/itbl3.jpg 768w\" sizes=\"(max-width: 300px) 100vw, 300px\" \/><\/a><figcaption>Compa\u00f1eras del IES Arroyo de la Miel preparando el pr\u00f3ximo encuentro con los socios comunitarios<\/figcaption><\/figure>\n<p>Los pr\u00f3ximos d\u00edas 24 y 25 de mayo tendr\u00e1 lugar la \u00faltima reuni\u00f3n del proyecto ITBL. A este encuentro asistir\u00e1n los socios pertenecientes al programa: EOI Fuengirola, CEIPES de Palermo, IDEC de Atenas e IIB de Linz (Austria) y el IES Arroyo de la Miel en calidad de anfitri\u00f3n.<\/p>\n<p>En la reuni\u00f3n se cerrar\u00e1n los temas en los que hemos trabajado durante estos dos cursos acad\u00e9micos: estudio de la plataforma de educaci\u00f3n semipresencial, abandono escolar y uso de nuevas herramientas digitales.<\/p>\n<p>Ser\u00e1n dos d\u00edas de intenso trabajo en los que tambi\u00e9n se estudiar\u00e1 la posibilidad de colaboraciones en futuros programas<\/p>\n<\/div>\n<\/article>\n<article class=\"post-3642 post type-post status-publish format-standard has-post-thumbnail hentry category-erasmus-itbl\">\n<div class=\"meta_post_image\"><span class=\"postday\">7<\/span>MAR 2019<\/div>\n<header>\n<h1 class=\"entry-title\">Tercer viaje de nuestros compa\u00f1eros en el proyecto ITBL<\/h1>\n<div class=\"subhead\"><span class=\"postauthortop author vcard\"><i class=\"icon-user\"><\/i>&nbsp;por&nbsp;<a class=\"fn\" href=\"http:\/\/www.iesarroyodelamiel.es\/author\/turismo-tu\/\" rel=\"author\">Turismo TU<\/a>&nbsp;|<\/span>&nbsp;<span class=\"postedintop\"><i class=\"icon-folder-open\"><\/i>&nbsp;publicado en:&nbsp;<a href=\"http:\/\/www.iesarroyodelamiel.es\/category\/proyectos\/erasmus\/erasmus-itbl\/\" rel=\"category tag\">Erasmus ITBL<\/a><\/span>&nbsp;<span class=\"kad-hidepostedin\">|<\/span>&nbsp;<span class=\"postcommentscount\"><i class=\"icon-comments-alt\"><\/i>&nbsp;0<\/span><\/div>\n<\/header>\n<div class=\"entry-content\">\n<p>En el pasado mes de enero los compa\u00f1eros del Erasmus ITBL viajaron a Linz (Austria) para realizar el tercer viaje fuera de Espa\u00f1a y la cuarta reuni\u00f3n del proyecto con los socios europeos.<\/p>\n<p>En dicha reuni\u00f3n se llevaron a cabo diferentes talleres para aprender a usar herramientas digitales con fines did\u00e1cticos<\/p>\n<p>&nbsp;<\/p>\n<figure><\/figure>\n<\/div>\n<\/article>\n<article class=\"post-3496 post type-post status-publish format-standard hentry category-erasmus-itbl category-uncategorized\">\n<header>\n<h1 class=\"entry-title\">S<a href=\"https:\/\/blogsaverroes.juntadeandalucia.es\/iesarroyodelamiel\/files\/2021\/05\/itbl-4.jpg\"><img loading=\"lazy\" decoding=\"async\" class=\"aligncenter size-medium wp-image-5487\" src=\"https:\/\/blogsaverroes.juntadeandalucia.es\/iesarroyodelamiel\/files\/2021\/05\/itbl-4-300x146.jpg\" alt=\"\" width=\"300\" height=\"146\" srcset=\"https:\/\/blogsaverroes.juntadeandalucia.es\/iesarroyodelamiel\/files\/2021\/05\/itbl-4-300x146.jpg 300w, https:\/\/blogsaverroes.juntadeandalucia.es\/iesarroyodelamiel\/files\/2021\/05\/itbl-4-768x373.jpg 768w, https:\/\/blogsaverroes.juntadeandalucia.es\/iesarroyodelamiel\/files\/2021\/05\/itbl-4.jpg 1024w\" sizes=\"(max-width: 300px) 100vw, 300px\" \/><\/a><a href=\"https:\/\/blogsaverroes.juntadeandalucia.es\/iesarroyodelamiel\/files\/2021\/05\/itbl5.jpg\"><img loading=\"lazy\" decoding=\"async\" class=\"aligncenter size-medium wp-image-5488\" src=\"https:\/\/blogsaverroes.juntadeandalucia.es\/iesarroyodelamiel\/files\/2021\/05\/itbl5-300x146.jpg\" alt=\"\" width=\"300\" height=\"146\" srcset=\"https:\/\/blogsaverroes.juntadeandalucia.es\/iesarroyodelamiel\/files\/2021\/05\/itbl5-300x146.jpg 300w, https:\/\/blogsaverroes.juntadeandalucia.es\/iesarroyodelamiel\/files\/2021\/05\/itbl5-768x373.jpg 768w, https:\/\/blogsaverroes.juntadeandalucia.es\/iesarroyodelamiel\/files\/2021\/05\/itbl5.jpg 1024w\" sizes=\"(max-width: 300px) 100vw, 300px\" \/><\/a><a href=\"https:\/\/blogsaverroes.juntadeandalucia.es\/iesarroyodelamiel\/files\/2021\/05\/itbl6.jpg\"><img loading=\"lazy\" decoding=\"async\" class=\"aligncenter size-medium wp-image-5489\" src=\"https:\/\/blogsaverroes.juntadeandalucia.es\/iesarroyodelamiel\/files\/2021\/05\/itbl6-300x146.jpg\" alt=\"\" width=\"300\" height=\"146\" srcset=\"https:\/\/blogsaverroes.juntadeandalucia.es\/iesarroyodelamiel\/files\/2021\/05\/itbl6-300x146.jpg 300w, https:\/\/blogsaverroes.juntadeandalucia.es\/iesarroyodelamiel\/files\/2021\/05\/itbl6-768x373.jpg 768w, https:\/\/blogsaverroes.juntadeandalucia.es\/iesarroyodelamiel\/files\/2021\/05\/itbl6.jpg 1024w\" sizes=\"(max-width: 300px) 100vw, 300px\" \/><\/a>Segundo viaje de nuestras compa\u00f1eras del proyecto ERASMUS ITBL<\/h1>\n<div class=\"subhead\"><span class=\"postauthortop author vcard\"><i class=\"icon-user\"><\/i>&nbsp;por&nbsp;<a class=\"fn\" href=\"http:\/\/www.iesarroyodelamiel.es\/author\/turismo-tu\/\" rel=\"author\">Turismo TU<\/a>&nbsp;|<\/span>&nbsp;<span class=\"postedintop\"><i class=\"icon-folder-open\"><\/i>&nbsp;publicado en:&nbsp;<a href=\"http:\/\/www.iesarroyodelamiel.es\/category\/proyectos\/erasmus\/erasmus-itbl\/\" rel=\"category tag\">Erasmus ITBL<\/a>,&nbsp;<a href=\"http:\/\/www.iesarroyodelamiel.es\/category\/uncategorized\/\" rel=\"category tag\">Uncategorized<\/a><\/span>&nbsp;<span class=\"kad-hidepostedin\">|<\/span>&nbsp;<span class=\"postcommentscount\"><i class=\"icon-comments-alt\"><\/i>&nbsp;0<\/span><\/div>\n<\/header>\n<div class=\"entry-content\" style=\"text-align: center\">\n<p style=\"text-align: left\">El pr\u00f3ximo mes de noviembre nuestras compa\u00f1eras Mercedes Guerra y Nidia Fern\u00e1ndez viajar\u00e1n a la isla italiana de Sicilia para participar en Palermo en la segunda reuni\u00f3n fuera de Espa\u00f1a del proyecto ERASMUS ITBL&nbsp; (la&nbsp; tercera del proyecto).<\/p>\n<p style=\"text-align: left\">En dicha reuni\u00f3n se mostrar\u00e1n los avances de los socios en el uso de herramientas digitales complementarias a la plataforma educativa que se usa en los centros de&nbsp; ense\u00f1anza de adultos.<\/p>\n<p><a href=\"https:\/\/blogsaverroes.juntadeandalucia.es\/iesarroyodelamiel\/files\/2021\/05\/ITBL-Palermo-300x169-1.jpg\"><img loading=\"lazy\" decoding=\"async\" class=\"aligncenter size-full wp-image-5490\" src=\"https:\/\/blogsaverroes.juntadeandalucia.es\/iesarroyodelamiel\/files\/2021\/05\/ITBL-Palermo-300x169-1.jpg\" alt=\"\" width=\"300\" height=\"169\"><\/a>&nbsp; Nuestras compa\u00f1eras trabajando en el proyecto<\/div>\n<footer class=\"single-footer clearfix\">\n<div>\n<div>&nbsp;<\/div>\n<\/div>\n<\/footer>\n<\/article>\n<article class=\"post-3492 post type-post status-publish format-standard hentry category-erasmus-itbl category-uncategorized\">\n<div class=\"postmeta updated color_gray\">\n<div class=\"postdate bg-lightgray headerfont\"><span class=\"postday\">25<\/span>OCT 2018<\/div>\n<\/div>\n<header>\n<h1 class=\"entry-title\">Primer viaje de nuestras compa\u00f1eras del proyecto ERASMUS ITBL<\/h1>\n<div class=\"subhead\"><span class=\"postauthortop author vcard\"><i class=\"icon-user\"><\/i>&nbsp;por&nbsp;<a class=\"fn\" href=\"http:\/\/www.iesarroyodelamiel.es\/author\/turismo-tu\/\" rel=\"author\">Turismo TU<\/a>&nbsp;|<\/span>&nbsp;<span class=\"postedintop\"><i class=\"icon-folder-open\"><\/i>&nbsp;publicado en:&nbsp;<a href=\"http:\/\/www.iesarroyodelamiel.es\/category\/proyectos\/erasmus\/erasmus-itbl\/\" rel=\"category tag\">Erasmus ITBL<\/a>,&nbsp;<a href=\"http:\/\/www.iesarroyodelamiel.es\/category\/uncategorized\/\" rel=\"category tag\">Uncategorized<\/a><\/span>&nbsp;<span class=\"kad-hidepostedin\">|<\/span>&nbsp;<span class=\"postcommentscount\"><i class=\"icon-comments-alt\"><\/i>&nbsp;0<\/span><\/div>\n<\/header>\n<div class=\"entry-content\">\n<p>El pasado mes de mayo tuvo lugar el encuentro de todos los socios del proyecto ERASMUS ITBL.<\/p>\n<p>La reuni\u00f3n de trabajo, de dos d\u00eda&nbsp; de duraci\u00f3n, se realiz\u00f3 en Atenas, Grecia.<\/p>\n<p>Adem\u00e1s de mostrar los resultados del trabajo realizado desde el mes de enero sobre la plataforma educativa objeto del proyecto, avances en el desarrollo de la web&nbsp; y redes sociales, se planificaron las acciones&nbsp; que se llevar\u00edan a cabo durante&nbsp; el curso acad\u00e9mico 2018\/2019.<\/p>\n<p>Nuestras compa\u00f1eras Mercedes Guerra y Yolanda Gonz\u00e1lez fueron las participantes en esta primera reuni\u00f3n fuera de Espa\u00f1a y las encargadas de trasladar el avance del proyecto al resto de compa\u00f1eros que forman parte del mismo.<\/p>\n<p>&nbsp;<\/p>\n<\/div>\n<footer class=\"single-footer clearfix\">\n<div>\n<div><a href=\"https:\/\/blogsaverroes.juntadeandalucia.es\/iesarroyodelamiel\/files\/2021\/05\/ITB-Atenas-300x169-1.jpg\"><img loading=\"lazy\" decoding=\"async\" class=\"aligncenter size-full wp-image-5491\" src=\"https:\/\/blogsaverroes.juntadeandalucia.es\/iesarroyodelamiel\/files\/2021\/05\/ITB-Atenas-300x169-1.jpg\" alt=\"\" width=\"300\" height=\"169\"><\/a> <a href=\"https:\/\/blogsaverroes.juntadeandalucia.es\/iesarroyodelamiel\/files\/2021\/05\/ITBL-Grecia-300x169-1.jpg\"><img loading=\"lazy\" decoding=\"async\" class=\"aligncenter size-medium wp-image-5492\" src=\"https:\/\/blogsaverroes.juntadeandalucia.es\/iesarroyodelamiel\/files\/2021\/05\/ITBL-Grecia-300x169-1.jpg\" alt=\"\" width=\"300\" height=\"169\"><\/a><\/div>\n<\/div>\n<\/footer>\n<\/article>\n<article class=\"post-3198 post type-post status-publish format-standard hentry category-erasmus category-erasmus-itbl\">\n<div class=\"postmeta updated color_gray\">\n<div class=\"postdate bg-lightgray headerfont\"><span class=\"postday\">15<\/span>MAR 2018<\/div>\n<\/div>\n<header>\n<h1 class=\"entry-title\">Primera reuni\u00f3n ERASMUS ITBL<\/h1>\n<div class=\"subhead\"><span class=\"postauthortop author vcard\"><i class=\"icon-user\"><\/i>&nbsp;por&nbsp;<a class=\"fn\" href=\"http:\/\/www.iesarroyodelamiel.es\/author\/turismo-tu\/\" rel=\"author\">Turismo TU<\/a>&nbsp;|<\/span>&nbsp;<span class=\"postedintop\"><i class=\"icon-folder-open\"><\/i>&nbsp;publicado en:&nbsp;<a href=\"http:\/\/www.iesarroyodelamiel.es\/category\/proyectos\/erasmus\/\" rel=\"category tag\">Erasmus<\/a>,&nbsp;<a href=\"http:\/\/www.iesarroyodelamiel.es\/category\/proyectos\/erasmus\/erasmus-itbl\/\" rel=\"category tag\">Erasmus ITBL<\/a><\/span>&nbsp;<span class=\"kad-hidepostedin\">|<\/span>&nbsp;<span class=\"postcommentscount\"><i class=\"icon-comments-alt\"><\/i>&nbsp;0<\/span><\/div>\n<\/header>\n<div class=\"entry-content\"><a href=\"https:\/\/blogsaverroes.juntadeandalucia.es\/iesarroyodelamiel\/files\/2021\/05\/Primera-reuni\u00f3n-Fuengirola-300x200-1.jpg\"><img loading=\"lazy\" decoding=\"async\" class=\"aligncenter size-full wp-image-5493\" src=\"https:\/\/blogsaverroes.juntadeandalucia.es\/iesarroyodelamiel\/files\/2021\/05\/Primera-reuni\u00f3n-Fuengirola-300x200-1.jpg\" alt=\"\" width=\"300\" height=\"200\"><\/a>&nbsp;<\/p>\n<p>Dentro del programa de trabajo previsto del Proyecto ERASMUS ITBL se realiz\u00f3 el pasado mes de enero la primera reuni\u00f3n con todos nuestros socios. Tuvo lugar en las instalaciones del centro coordinador, EOI Fuengirola, con la asistencia de todos nuestros compa\u00f1eros griegos, austriacos e italianos. Por parte de nuestro centro asistieron las profesoras Mercedes Guerra y Nidia Fern\u00e1ndez que trasladaron al resto del equipo de trabajo del centro las acciones previstas para este primer curso.<\/p>\n<\/div>\n<footer class=\"single-footer clearfix\">\n<div>\n<div>&nbsp;<\/div>\n<\/div>\n<\/footer>\n<\/article>\n<article class=\"post-3194 post type-post status-publish format-standard hentry category-erasmus-itbl tag-ensenanza-semipresencial tag-erasmus-itbl\">\n<div class=\"postmeta updated color_gray\">\n<div class=\"postdate bg-lightgray headerfont\"><span class=\"postday\">15<\/span>MAR 2018<\/div>\n<\/div>\n<header>\n<h1 class=\"entry-title\">ERASMUS + K2 ITBL<\/h1>\n<div class=\"subhead\"><span class=\"postauthortop author vcard\"><i class=\"icon-user\"><\/i>&nbsp;por&nbsp;<a class=\"fn\" href=\"http:\/\/www.iesarroyodelamiel.es\/author\/turismo-tu\/\" rel=\"author\">Turismo TU<\/a>&nbsp;|<\/span>&nbsp;<span class=\"postedintop\"><i class=\"icon-folder-open\"><\/i>&nbsp;publicado en:&nbsp;<a href=\"http:\/\/www.iesarroyodelamiel.es\/category\/proyectos\/erasmus\/erasmus-itbl\/\" rel=\"category tag\">Erasmus ITBL<\/a><\/span>&nbsp;<span class=\"kad-hidepostedin\">|<\/span>&nbsp;<span class=\"postcommentscount\"><i class=\"icon-comments-alt\"><\/i>&nbsp;0<\/span><\/div>\n<\/header>\n<div class=\"entry-content\">\n<p>&nbsp;<\/p>\n<p><strong>ERASMUS +&nbsp;&nbsp; K2&nbsp; &nbsp;&nbsp;&nbsp;ITBL<\/strong><\/p>\n<p><a href=\"https:\/\/blogsaverroes.juntadeandalucia.es\/iesarroyodelamiel\/files\/2021\/05\/Erasmus-ITBL-300x219logo.jpg\"><img loading=\"lazy\" decoding=\"async\" class=\"aligncenter size-full wp-image-5494\" src=\"https:\/\/blogsaverroes.juntadeandalucia.es\/iesarroyodelamiel\/files\/2021\/05\/Erasmus-ITBL-300x219logo.jpg\" alt=\"\" width=\"300\" height=\"219\"><\/a><\/p>\n<p style=\"text-align: center\"><strong>ITBL<\/strong>&nbsp;Integration Through Blended Learning.<\/p>\n<p>Integraci\u00f3n a trav\u00e9s de la Ense\u00f1anza Semipresencial.<\/p>\n<p>Este proyecto Erasmus se enmarca dentro de la innovaci\u00f3n educativa constante que el Instituto Arroyo de la Miel quiere hacer llegar a sus aulas y en concreto a la formaci\u00f3n de adultos que se imparte en el centro en horario de tarde.<\/p>\n<p>Para su desarrollo se ha creado un grupo de trabajo constituido por profesorado de diversos centros, tanto de Espa\u00f1a como fuera de ella, coordinados por la EOI de Fuengirola.<\/p>\n<p>A continuaci\u00f3n, se detallan los cinco centros participantes en el proyecto.<\/p>\n<ul>\n<li>Escuela Oficial de Idiomas de Fuengirola (Espa\u00f1a): coordinador de todo el proyecto.<\/li>\n<li>IES Arroyo de la Miel de Benalm\u00e1dena (Espa\u00f1a): coordinadora es Mercedes Guerra Villalobos.<\/li>\n<li>IDEC Centro de Formaci\u00f3n en Atenas (Grecia).<\/li>\n<li>CEIPES en Palermo (Italia).<\/li>\n<li>IIB Instituto Interdisciplinar en Linz (Austria).<\/li>\n<\/ul>\n<p>El proyecto Erasmus ITBL tiene una duraci\u00f3n de dos cursos acad\u00e9micos. Durante ellos el grupo de trabajo del profesorado realizar\u00e1 un estudio y an\u00e1lisis de la plataforma utilizada en la ense\u00f1anza semipresencial de adultos, plataforma que se utiliza en las clases no presenciales. El objetivo es proponer mejoras para el uso de esta herramienta tanto para el &nbsp;profesorado como para el alumnado, con la intenci\u00f3n de ofrecer una ense\u00f1anza de m\u00e1s calidad para nuestros alumnos.<\/p>\n<p>La participaci\u00f3n de centros europeos que trabajan con herramientas similares permite un aprendizaje de las buenas pr\u00e1cticas de otras instituciones, as\u00ed como el aprovechamiento de sinergias que deben exisitir en el \u00e1mbito educativo.<\/p>\n<p>El proyecto conlleva la realizaci\u00f3n de diversas reuniones de trabajo comenzando la misma en enero de 2018 en Fuengirola, por ser la EOI de este localidad la coordinadora del proyecto, donde se acogi\u00f3 al profesorado del resto de centros y se fijaron las l\u00edneas de trabajo para los dos cursos acad\u00e9micos. La \u00faltima reuni\u00f3n se llevar\u00e1 a cabo en 2019 en Arroyo de la Miel.<\/p>\n<p>Si quieres saber m\u00e1s sobre el proyecto te invitamos a visitar el siguiente&nbsp;<a href=\"http:\/\/eoifuengirola.es\/la-escuela\/proyecto-erasmus\" target=\"_blank\" rel=\"noopener noreferrer\">enlace<\/a>.<\/p>\n<p>Peri\u00f3dicamente iremos publicando las novedades sobre este interesante proyecto educativo de nuestro centro.<\/p>\n<\/div>\n<\/article>\n","protected":false},"excerpt":{"rendered":"<p>Finalizaci\u00f3n del proyecto ITBL Erasmus + &nbsp;por&nbsp;Turismo TU&nbsp;|&nbsp;&nbsp;publicado en:&nbsp;Erasmus ITBL,&nbsp;Uncategorized&nbsp;|&nbsp;&nbsp;0 Participantes del proyecto ITBL con la Concejala de Educaci\u00f3n, Elena Gal\u00e1n, del Ayuntamiento de Benalm\u00e1dena. Tal y como comentamos en nuestra \u00faltima publicaci\u00f3n los&#46;&#46;&#46;<\/p>\n","protected":false},"author":10424,"featured_media":0,"parent":0,"menu_order":0,"comment_status":"closed","ping_status":"closed","template":"","meta":{"ngg_post_thumbnail":0,"footnotes":"","_mc_calendar":[]},"aioseo_notices":[],"_links":{"self":[{"href":"https:\/\/blogsaverroes.juntadeandalucia.es\/iesarroyodelamiel\/wp-json\/wp\/v2\/pages\/5483"}],"collection":[{"href":"https:\/\/blogsaverroes.juntadeandalucia.es\/iesarroyodelamiel\/wp-json\/wp\/v2\/pages"}],"about":[{"href":"https:\/\/blogsaverroes.juntadeandalucia.es\/iesarroyodelamiel\/wp-json\/wp\/v2\/types\/page"}],"author":[{"embeddable":true,"href":"https:\/\/blogsaverroes.juntadeandalucia.es\/iesarroyodelamiel\/wp-json\/wp\/v2\/users\/10424"}],"replies":[{"embeddable":true,"href":"https:\/\/blogsaverroes.juntadeandalucia.es\/iesarroyodelamiel\/wp-json\/wp\/v2\/comments?post=5483"}],"version-history":[{"count":1,"href":"https:\/\/blogsaverroes.juntadeandalucia.es\/iesarroyodelamiel\/wp-json\/wp\/v2\/pages\/5483\/revisions"}],"predecessor-version":[{"id":5495,"href":"https:\/\/blogsaverroes.juntadeandalucia.es\/iesarroyodelamiel\/wp-json\/wp\/v2\/pages\/5483\/revisions\/5495"}],"wp:attachment":[{"href":"https:\/\/blogsaverroes.juntadeandalucia.es\/iesarroyodelamiel\/wp-json\/wp\/v2\/media?parent=5483"}],"curies":[{"name":"wp","href":"https:\/\/api.w.org\/{rel}","templated":true}]}}