{"id":5498,"date":"2021-05-16T17:59:15","date_gmt":"2021-05-16T17:59:15","guid":{"rendered":"https:\/\/blogsaverroes.juntadeandalucia.es\/iesarroyodelamiel\/?page_id=5498"},"modified":"2021-05-16T17:59:15","modified_gmt":"2021-05-16T17:59:15","slug":"plan-de-autoproteccion","status":"publish","type":"page","link":"https:\/\/blogsaverroes.juntadeandalucia.es\/iesarroyodelamiel\/plan-de-autoproteccion\/","title":{"rendered":"Plan de Autoprotecci\u00f3n"},"content":{"rendered":"<header>\n<h1 class=\"entry-title\">Plan de Autoprotecci\u00f3n<\/h1>\n<div class=\"subhead\"><span class=\"postauthortop author vcard\"><i class=\"icon-user\"><\/i>&nbsp;por&nbsp;<a class=\"fn\" href=\"http:\/\/www.iesarroyodelamiel.es\/author\/alumnos2eso\/\" rel=\"author\">desde Inform\u00e1tica<\/a>&nbsp;|<\/span>&nbsp;<span class=\"postedintop\"><i class=\"icon-folder-open\"><\/i>&nbsp;publicado en:&nbsp;<a href=\"http:\/\/www.iesarroyodelamiel.es\/category\/proyectos\/plan-de-autoproteccion\/\" rel=\"category tag\">Plan de Autoprotecci\u00f3n<\/a><\/span>&nbsp;<span class=\"kad-hidepostedin\">|<\/span>&nbsp;<span class=\"postcommentscount\"><i class=\"icon-comments-alt\"><\/i>&nbsp;0<\/span><\/div>\n<\/header>\n<div class=\"entry-content\">\n<p><em>Actualizado en mayo de 2020 por COVID-19<\/em><\/p>\n<p>Es muy importante conocer qu\u00e9 hacer en caso de evacuaci\u00f3n del centro. La coordinaci\u00f3n es fundamental y tanto profesorado como alumnado&nbsp; tienen unas funciones concretas.<\/p>\n<p><strong>COVID-19. Infograf\u00edas e informaci\u00f3n resumida de recomendaciones en centros.<\/strong><\/p>\n<ul>\n<li><a href=\"http:\/\/www.iesarroyodelamiel.es\/wp-content\/uploads\/2013\/04\/FOLLETOS-RECOMENDACIONES-COVID-19-CENTROS-DE-TRABAJO-CPAI-20200416.pdf.pdf\">Folletos recomendaciones en centros COVID 19.&nbsp; CPAI 20200416.pdf<\/a><\/li>\n<li><a href=\"http:\/\/www.iesarroyodelamiel.es\/wp-content\/uploads\/2013\/04\/carteles-A4-junta-de-andaluc%C3%ADa.pdf\">Carteler\u00eda A4 Junta de Andaluc\u00eda<\/a><\/li>\n<\/ul>\n<p><strong>Plan de autoprotecci\u00f3n<\/strong><\/p>\n<ul>\n<li><a href=\"http:\/\/www.iesarroyodelamiel.es\/wp-content\/uploads\/2013\/04\/Plan_de_Autoprotecci%C3%B3n_escolar_compat.pdf\">Plan de autoprotecci\u00f3n escolar (versi\u00f3n pdf)<\/a><\/li>\n<li><a href=\"http:\/\/www.iesarroyodelamiel.es\/wp-content\/uploads\/2013\/04\/Plan_de_Autoprotecci%C3%B3n_escolar_compat-1.ppt\">Plan de autoprotecci\u00f3n escolar (versi\u00f3n ppt)<\/a><\/li>\n<li><a href=\"http:\/\/www.iesarroyodelamiel.es\/wp-content\/uploads\/2013\/04\/AnexoI-PAE-Covid19_Fase-1y2.pdf\">Anexo I PAE \u2013 Covid19_Fase 1y2<\/a><\/li>\n<\/ul>\n<p><strong>Para el alumnado<\/strong><\/p>\n<ul>\n<li><a href=\"http:\/\/www.iesarroyodelamiel.es\/wp-content\/uploads\/2019\/06\/Instrucciones-para-los-alumnos-PDM.pdf\">Instrucciones para los alumnos (PDM)<\/a><\/li>\n<\/ul>\n<ul>\n<li><a title=\"Instreucciones Evacuaci\u00f3n\" href=\"http:\/\/www.youtube.com\/watch?v=5q0GJgFXW_Uhttp:\/\/\">Video formativo sobre autoprotecci\u00f3n<\/a><\/li>\n<\/ul>\n<p><strong>Para el profesorado<\/strong><\/p>\n<ul>\n<li><a href=\"http:\/\/www.iesarroyodelamiel.es\/wp-content\/uploads\/2019\/06\/Instrucciones-2019-para-los-profesores-PDM.pdf\">Intrucciones generales para el profesorado PDM (versi\u00f3n pdf)<\/a><\/li>\n<\/ul>\n<\/div>\n<footer class=\"single-footer clearfix\"><span class=\"posttags\"><i class=\"icon-tag\"><\/i><a href=\"http:\/\/www.iesarroyodelamiel.es\/tag\/autoproteccion\/\" rel=\"tag\">Autoprotecci\u00f3n<\/a>,&nbsp;<a href=\"http:\/\/www.iesarroyodelamiel.es\/tag\/plan\/\" rel=\"tag\">Plan<\/a><\/span><\/footer>\n","protected":false},"excerpt":{"rendered":"<p>Plan de Autoprotecci\u00f3n &nbsp;por&nbsp;desde Inform\u00e1tica&nbsp;|&nbsp;&nbsp;publicado en:&nbsp;Plan de Autoprotecci\u00f3n&nbsp;|&nbsp;&nbsp;0 Actualizado en mayo de 2020 por COVID-19 Es muy importante conocer qu\u00e9 hacer en caso de evacuaci\u00f3n del centro. La coordinaci\u00f3n es fundamental y tanto profesorado&#46;&#46;&#46;<\/p>\n","protected":false},"author":10424,"featured_media":0,"parent":0,"menu_order":0,"comment_status":"closed","ping_status":"closed","template":"","meta":{"ngg_post_thumbnail":0,"footnotes":"","_mc_calendar":[]},"aioseo_notices":[],"_links":{"self":[{"href":"https:\/\/blogsaverroes.juntadeandalucia.es\/iesarroyodelamiel\/wp-json\/wp\/v2\/pages\/5498"}],"collection":[{"href":"https:\/\/blogsaverroes.juntadeandalucia.es\/iesarroyodelamiel\/wp-json\/wp\/v2\/pages"}],"about":[{"href":"https:\/\/blogsaverroes.juntadeandalucia.es\/iesarroyodelamiel\/wp-json\/wp\/v2\/types\/page"}],"author":[{"embeddable":true,"href":"https:\/\/blogsaverroes.juntadeandalucia.es\/iesarroyodelamiel\/wp-json\/wp\/v2\/users\/10424"}],"replies":[{"embeddable":true,"href":"https:\/\/blogsaverroes.juntadeandalucia.es\/iesarroyodelamiel\/wp-json\/wp\/v2\/comments?post=5498"}],"version-history":[{"count":1,"href":"https:\/\/blogsaverroes.juntadeandalucia.es\/iesarroyodelamiel\/wp-json\/wp\/v2\/pages\/5498\/revisions"}],"predecessor-version":[{"id":5499,"href":"https:\/\/blogsaverroes.juntadeandalucia.es\/iesarroyodelamiel\/wp-json\/wp\/v2\/pages\/5498\/revisions\/5499"}],"wp:attachment":[{"href":"https:\/\/blogsaverroes.juntadeandalucia.es\/iesarroyodelamiel\/wp-json\/wp\/v2\/media?parent=5498"}],"curies":[{"name":"wp","href":"https:\/\/api.w.org\/{rel}","templated":true}]}}