{"id":5501,"date":"2021-05-16T18:01:34","date_gmt":"2021-05-16T18:01:34","guid":{"rendered":"https:\/\/blogsaverroes.juntadeandalucia.es\/iesarroyodelamiel\/?page_id=5501"},"modified":"2021-05-16T18:01:34","modified_gmt":"2021-05-16T18:01:34","slug":"recapacicla","status":"publish","type":"page","link":"https:\/\/blogsaverroes.juntadeandalucia.es\/iesarroyodelamiel\/recapacicla\/","title":{"rendered":"Recapacicla"},"content":{"rendered":"<div class=\"main col-lg-9 col-md-8\" role=\"main\">\n<article class=\"post-2744 post type-post status-publish format-standard hentry category-proyecto-sostenibilidad\">\n<header>\n<h1 class=\"entry-title\">Recapacicla<\/h1>\n<div class=\"subhead\"><span class=\"postauthortop author vcard\"><i class=\"icon-user\"><\/i>&nbsp;por&nbsp;<a class=\"fn\" href=\"http:\/\/www.iesarroyodelamiel.es\/author\/alumnos2eso\/\" rel=\"author\">desde Inform\u00e1tica<\/a>&nbsp;|<\/span>&nbsp;<span class=\"postedintop\"><i class=\"icon-folder-open\"><\/i>&nbsp;publicado en:&nbsp;<a href=\"http:\/\/www.iesarroyodelamiel.es\/category\/proyecto-sostenibilidad\/\" rel=\"category tag\">Proyecto Sostenibilidad<\/a><\/span>&nbsp;<span class=\"kad-hidepostedin\">|<\/span>&nbsp;<span class=\"postcommentscount\"><i class=\"icon-comments-alt\"><\/i>&nbsp;0<\/span><\/div>\n<\/header>\n<div class=\"entry-content\">\n<p>Para participar el en el Concurso tienes qu\u00e9:<\/p>\n<ol>\n<li><strong>Acudir a la tienda FAEL<\/strong>&nbsp;con contenedor de PAE m\u00e1s cercana, la cual puede consultarse en el siguiente enlace web:&nbsp;<a href=\"http:\/\/www.fael.es\/electroimplicate\/puntosadheridos\/\">www.fael.es\/electroimplicate\/puntosadheridos\/<\/a>&nbsp;y en la App \u00abRecicla PAE\u00bb. En Arroyo de la Miel son los siguientes:<\/li>\n<\/ol>\n<table id=\"tablepress-25\" class=\"tablepress tablepress-id-25 dataTable no-footer\">\n<tbody class=\"row-hover\">\n<tr class=\"row-7 even\">\n<td class=\"column-1\">ELECTRO COCINAS HERMANOS MORENO<\/td>\n<td class=\"column-2\">29631<\/td>\n<td class=\"column-3\">Arroyo de la miel<\/td>\n<td class=\"column-4\">M\u00e1laga<\/td>\n<td class=\"column-5\">Avenida de la Constituci\u00f3n, 12. Edif. Fiesta Local, 19<\/td>\n<\/tr>\n<tr class=\"row-11 odd\">\n<td class=\"column-1\">ELECTROAHORRO VALVERDE SL<\/td>\n<td class=\"column-2\">29631<\/td>\n<td class=\"column-3\">Arroyo de la Miel<\/td>\n<td class=\"column-4\">M\u00e1laga<\/td>\n<td class=\"column-5\">Av. Inmaculada Concepci\u00f3n, 45 Bajo<\/td>\n<\/tr>\n<tr class=\"row-12 even\">\n<td class=\"column-1\">ELECTRODOM\u00c9STICOS ESPEJO PALACIOS SLL<\/td>\n<td class=\"column-2\">29631<\/td>\n<td class=\"column-3\">Arroyo de la Miel<\/td>\n<td class=\"column-4\">M\u00e1laga<\/td>\n<td class=\"column-5\">Av. de la Estaci\u00f3n, 5<\/td>\n<\/tr>\n<tr class=\"row-13 odd\">\n<td class=\"column-1\">RUTE RODR\u00cdGUEZ, DAVID<\/td>\n<td class=\"column-2\">29631<\/td>\n<td class=\"column-3\">Arroyo de la Miel<\/td>\n<td class=\"column-4\">M\u00e1laga<\/td>\n<td class=\"column-5\">Avenida Constituci\u00f3n, 20 L.3<\/td>\n<\/tr>\n<tr class=\"row-37 even\">\n<td class=\"column-1\">MILAR JORGE MART\u00cdNEZ<\/td>\n<td class=\"column-2\">29631<\/td>\n<td class=\"column-3\">Arroyo de la miel<\/td>\n<td class=\"column-4\">M\u00e1laga<\/td>\n<td class=\"column-5\">Avda. Inmaculada Concepci\u00f3n, 9. Local 5-6<\/td>\n<\/tr>\n<\/tbody>\n<\/table>\n<table id=\"tablepress-25\" class=\"tablepress tablepress-id-25 dataTable no-footer\">\n<tbody class=\"row-hover\">\n<tr class=\"row-14 even\">\n<td class=\"column-1\">GRUPO HIMSA STORE SLL<\/td>\n<td class=\"column-2\">29630<\/td>\n<td class=\"column-3\">Benalm\u00e1dena Costa<\/td>\n<td class=\"column-4\">M\u00e1laga<\/td>\n<td class=\"column-5\">C\/ Moscatel 17, Local 3<\/td>\n<\/tr>\n<tr class=\"row-2 odd\">\n<td class=\"column-1\">ELECTRONICA VALENCIA<\/td>\n<td class=\"column-2\">29631<\/td>\n<td class=\"column-3\">Benalm\u00e1dena<\/td>\n<td class=\"column-4\">M\u00e1laga<\/td>\n<td class=\"column-5\">C\/ El Naranjo, 18<\/td>\n<\/tr>\n<\/tbody>\n<\/table>\n<p>2. Debe hacerse una&nbsp;<strong>fotograf\u00eda<\/strong>&nbsp;depositando el residuo electr\u00f3nico en el contenedor.<\/p>\n<p>3.&nbsp;<strong>Cumplimentar<\/strong>&nbsp;la&nbsp;<a href=\"http:\/\/fael.es\/electroimplicate\/formulario\/formulario.php\">inscripci\u00f3n en el sorteo&nbsp;<\/a>a trav\u00e9s de la p\u00e1gina web www.electroimplicate.es o a trav\u00e9s de la App \u00abRecicla PAE\u00bb<\/p>\n<p>4.&nbsp;<strong>Rellenar los datos<\/strong>&nbsp;requeridos en el formulario y adjuntar la foto tomada depositando el PAE.<\/p>\n<p>5. Si el cliente ha realizado una compra, por los importes mencionados anteriormente y quiere entrar en el sorteo de los 20 cheques regalo por valor de 50 \u00f3 100 euros, seg\u00fan el importe de compra, tendr\u00e1 que<strong>&nbsp;adjunta<\/strong>r al formulario, adem\u00e1s, una&nbsp;<strong>fotocopia legible de dicho ticket<\/strong>.<\/p>\n<\/div>\n<footer class=\"single-footer\">\n<div>\n<div>&nbsp;<\/div>\n<\/div>\n<\/footer>\n<\/article>\n<\/div>\n<aside class=\"col-lg-3 col-md-4 kad-sidebar\" role=\"complementary\">\n<div class=\"sidebar\">\n<section id=\"calendar-3\" class=\"widget-1 widget-first widget widget_calendar\">\n<div class=\"widget-inner\">&nbsp;<\/div>\n<\/section>\n<\/div>\n<\/aside>\n","protected":false},"excerpt":{"rendered":"<p>Recapacicla &nbsp;por&nbsp;desde Inform\u00e1tica&nbsp;|&nbsp;&nbsp;publicado en:&nbsp;Proyecto Sostenibilidad&nbsp;|&nbsp;&nbsp;0 Para participar el en el Concurso tienes qu\u00e9: Acudir a la tienda FAEL&nbsp;con contenedor de PAE m\u00e1s cercana, la cual puede consultarse en el siguiente enlace web:&nbsp;www.fael.es\/electroimplicate\/puntosadheridos\/&nbsp;y en la&#46;&#46;&#46;<\/p>\n","protected":false},"author":10424,"featured_media":0,"parent":0,"menu_order":0,"comment_status":"closed","ping_status":"closed","template":"","meta":{"ngg_post_thumbnail":0,"footnotes":"","_mc_calendar":[]},"aioseo_notices":[],"_links":{"self":[{"href":"https:\/\/blogsaverroes.juntadeandalucia.es\/iesarroyodelamiel\/wp-json\/wp\/v2\/pages\/5501"}],"collection":[{"href":"https:\/\/blogsaverroes.juntadeandalucia.es\/iesarroyodelamiel\/wp-json\/wp\/v2\/pages"}],"about":[{"href":"https:\/\/blogsaverroes.juntadeandalucia.es\/iesarroyodelamiel\/wp-json\/wp\/v2\/types\/page"}],"author":[{"embeddable":true,"href":"https:\/\/blogsaverroes.juntadeandalucia.es\/iesarroyodelamiel\/wp-json\/wp\/v2\/users\/10424"}],"replies":[{"embeddable":true,"href":"https:\/\/blogsaverroes.juntadeandalucia.es\/iesarroyodelamiel\/wp-json\/wp\/v2\/comments?post=5501"}],"version-history":[{"count":1,"href":"https:\/\/blogsaverroes.juntadeandalucia.es\/iesarroyodelamiel\/wp-json\/wp\/v2\/pages\/5501\/revisions"}],"predecessor-version":[{"id":5502,"href":"https:\/\/blogsaverroes.juntadeandalucia.es\/iesarroyodelamiel\/wp-json\/wp\/v2\/pages\/5501\/revisions\/5502"}],"wp:attachment":[{"href":"https:\/\/blogsaverroes.juntadeandalucia.es\/iesarroyodelamiel\/wp-json\/wp\/v2\/media?parent=5501"}],"curies":[{"name":"wp","href":"https:\/\/api.w.org\/{rel}","templated":true}]}}