{"id":5606,"date":"2021-10-11T10:49:56","date_gmt":"2021-10-11T10:49:56","guid":{"rendered":"https:\/\/blogsaverroes.juntadeandalucia.es\/iesarroyodelamiel\/?page_id=5606"},"modified":"2021-10-11T10:49:56","modified_gmt":"2021-10-11T10:49:56","slug":"docencia-y-evaluacion-ma","status":"publish","type":"page","link":"https:\/\/blogsaverroes.juntadeandalucia.es\/iesarroyodelamiel\/docencia-y-evaluacion-ma\/","title":{"rendered":"Docencia y Evaluaci\u00f3n MA"},"content":{"rendered":"<p>Los libros de texto que ser\u00e1n usados durante el curso acad\u00e9mico 2021-2022 por el departamento de Matem\u00e1ticas en los distintos curso de ESO son los siguientes:<\/p>\n<p><strong>LIBROS DE TEXTO<\/strong><\/p>\n<p>&nbsp;<\/p>\n<table width=\"719\">\n<tbody>\n<tr>\n<td><strong>CURSO<\/strong><\/td>\n<td><strong>T\u00cdTULO<\/strong><\/td>\n<td><strong>EDITORIAL<\/strong><\/td>\n<\/tr>\n<tr>\n<td colspan=\"3\"><strong>&nbsp;&nbsp;&nbsp;&nbsp;&nbsp;&nbsp;&nbsp;&nbsp;&nbsp;&nbsp;&nbsp;&nbsp;&nbsp;&nbsp;&nbsp;&nbsp;&nbsp;&nbsp;&nbsp;&nbsp;&nbsp;&nbsp;&nbsp;&nbsp;&nbsp;&nbsp;&nbsp;&nbsp;&nbsp;&nbsp;&nbsp;&nbsp;&nbsp;&nbsp;&nbsp;&nbsp;&nbsp;&nbsp;&nbsp;&nbsp;&nbsp;&nbsp;&nbsp;&nbsp;&nbsp;&nbsp;&nbsp;&nbsp;&nbsp;&nbsp;&nbsp;&nbsp;&nbsp;&nbsp;&nbsp;&nbsp;&nbsp;&nbsp;&nbsp;&nbsp;&nbsp;&nbsp;&nbsp;&nbsp;&nbsp;&nbsp;&nbsp;&nbsp;&nbsp;&nbsp;&nbsp;&nbsp;&nbsp;&nbsp;&nbsp;&nbsp;&nbsp;&nbsp;&nbsp;&nbsp;&nbsp;&nbsp; ESO<\/strong><\/td>\n<\/tr>\n<tr>\n<td>1\u00ba ESO<\/td>\n<td><em>Matem\u00e1ticas 1\u00ba ESO<\/em><\/td>\n<td>Grupo Anaya S.A.<\/td>\n<\/tr>\n<tr>\n<td>2\u00ba ESO<\/td>\n<td><em>Matem\u00e1ticas 2\u00ba ESO<\/em><\/td>\n<td>Grupo Anaya S.A.<\/td>\n<\/tr>\n<tr>\n<td>3\u00ba ESO<\/td>\n<td><em>Matem\u00e1ticas 3\u00ba ESO<\/em><\/td>\n<td>Grupo Anaya S.A.<\/td>\n<\/tr>\n<tr>\n<td>4\u00ba ESO<\/td>\n<td><em>Matem\u00e1ticas 4\u00ba ESO Orientadas a las Ense\u00f1anza acad\u00e9micas<\/em><\/p>\n<p><em>Matem\u00e1ticas 4\u00ba ESO orientadas a las Ense\u00f1anzas Aplicadas<\/em><\/td>\n<td>Grupo Anaya S.A.<\/td>\n<\/tr>\n<\/tbody>\n<\/table>\n<p>&nbsp;<\/p>\n","protected":false},"excerpt":{"rendered":"<p>Los libros de texto que ser\u00e1n usados durante el curso acad\u00e9mico 2021-2022 por el departamento de Matem\u00e1ticas en los distintos curso de ESO son los siguientes: LIBROS DE TEXTO &nbsp; CURSO T\u00cdTULO EDITORIAL &nbsp;&nbsp;&nbsp;&nbsp;&nbsp;&nbsp;&nbsp;&nbsp;&nbsp;&nbsp;&nbsp;&nbsp;&nbsp;&nbsp;&nbsp;&nbsp;&nbsp;&nbsp;&nbsp;&nbsp;&nbsp;&nbsp;&nbsp;&nbsp;&nbsp;&nbsp;&nbsp;&nbsp;&nbsp;&nbsp;&nbsp;&nbsp;&nbsp;&nbsp;&nbsp;&nbsp;&nbsp;&nbsp;&nbsp;&nbsp;&nbsp;&nbsp;&nbsp;&nbsp;&nbsp;&nbsp;&nbsp;&nbsp;&nbsp;&nbsp;&nbsp;&nbsp;&nbsp;&nbsp;&nbsp;&nbsp;&nbsp;&nbsp;&nbsp;&nbsp;&nbsp;&nbsp;&nbsp;&nbsp;&nbsp;&nbsp;&nbsp;&nbsp;&nbsp;&nbsp;&nbsp;&nbsp;&nbsp;&nbsp;&nbsp;&nbsp;&nbsp;&nbsp;&nbsp;&nbsp;&nbsp;&nbsp;&#46;&#46;&#46;<\/p>\n","protected":false},"author":10424,"featured_media":0,"parent":0,"menu_order":0,"comment_status":"closed","ping_status":"closed","template":"","meta":{"ngg_post_thumbnail":0,"footnotes":"","_mc_calendar":[]},"aioseo_notices":[],"_links":{"self":[{"href":"https:\/\/blogsaverroes.juntadeandalucia.es\/iesarroyodelamiel\/wp-json\/wp\/v2\/pages\/5606"}],"collection":[{"href":"https:\/\/blogsaverroes.juntadeandalucia.es\/iesarroyodelamiel\/wp-json\/wp\/v2\/pages"}],"about":[{"href":"https:\/\/blogsaverroes.juntadeandalucia.es\/iesarroyodelamiel\/wp-json\/wp\/v2\/types\/page"}],"author":[{"embeddable":true,"href":"https:\/\/blogsaverroes.juntadeandalucia.es\/iesarroyodelamiel\/wp-json\/wp\/v2\/users\/10424"}],"replies":[{"embeddable":true,"href":"https:\/\/blogsaverroes.juntadeandalucia.es\/iesarroyodelamiel\/wp-json\/wp\/v2\/comments?post=5606"}],"version-history":[{"count":1,"href":"https:\/\/blogsaverroes.juntadeandalucia.es\/iesarroyodelamiel\/wp-json\/wp\/v2\/pages\/5606\/revisions"}],"predecessor-version":[{"id":5607,"href":"https:\/\/blogsaverroes.juntadeandalucia.es\/iesarroyodelamiel\/wp-json\/wp\/v2\/pages\/5606\/revisions\/5607"}],"wp:attachment":[{"href":"https:\/\/blogsaverroes.juntadeandalucia.es\/iesarroyodelamiel\/wp-json\/wp\/v2\/media?parent=5606"}],"curies":[{"name":"wp","href":"https:\/\/api.w.org\/{rel}","templated":true}]}}