{"id":5612,"date":"2021-10-11T12:11:44","date_gmt":"2021-10-11T12:11:44","guid":{"rendered":"https:\/\/blogsaverroes.juntadeandalucia.es\/iesarroyodelamiel\/?page_id=5612"},"modified":"2025-10-17T06:46:23","modified_gmt":"2025-10-17T06:46:23","slug":"presentacion-bg","status":"publish","type":"page","link":"https:\/\/blogsaverroes.juntadeandalucia.es\/iesarroyodelamiel\/presentacion-bg\/","title":{"rendered":"Presentaci\u00f3n BG"},"content":{"rendered":"<p>El profesorado del departamento de Biolog\u00eda y Geolog\u00eda&nbsp; durante el curso 2024-2025 es:<\/p>\n<ul style=\"list-style-type: circle\">\n<li>Amat Pinilla, David<\/li>\n<li>Pino Iglesias, Elena<\/li>\n<li>Ruiz Ruiz, Isabel<\/li>\n<\/ul>\n","protected":false},"excerpt":{"rendered":"<p>El profesorado del departamento de Biolog\u00eda y Geolog\u00eda&nbsp; durante el curso 2024-2025 es: Amat Pinilla, David Pino Iglesias, Elena Ruiz Ruiz, Isabel<\/p>\n","protected":false},"author":10424,"featured_media":0,"parent":0,"menu_order":0,"comment_status":"closed","ping_status":"closed","template":"","meta":{"ngg_post_thumbnail":0,"footnotes":"","_mc_calendar":[]},"aioseo_notices":[],"_links":{"self":[{"href":"https:\/\/blogsaverroes.juntadeandalucia.es\/iesarroyodelamiel\/wp-json\/wp\/v2\/pages\/5612"}],"collection":[{"href":"https:\/\/blogsaverroes.juntadeandalucia.es\/iesarroyodelamiel\/wp-json\/wp\/v2\/pages"}],"about":[{"href":"https:\/\/blogsaverroes.juntadeandalucia.es\/iesarroyodelamiel\/wp-json\/wp\/v2\/types\/page"}],"author":[{"embeddable":true,"href":"https:\/\/blogsaverroes.juntadeandalucia.es\/iesarroyodelamiel\/wp-json\/wp\/v2\/users\/10424"}],"replies":[{"embeddable":true,"href":"https:\/\/blogsaverroes.juntadeandalucia.es\/iesarroyodelamiel\/wp-json\/wp\/v2\/comments?post=5612"}],"version-history":[{"count":7,"href":"https:\/\/blogsaverroes.juntadeandalucia.es\/iesarroyodelamiel\/wp-json\/wp\/v2\/pages\/5612\/revisions"}],"predecessor-version":[{"id":7666,"href":"https:\/\/blogsaverroes.juntadeandalucia.es\/iesarroyodelamiel\/wp-json\/wp\/v2\/pages\/5612\/revisions\/7666"}],"wp:attachment":[{"href":"https:\/\/blogsaverroes.juntadeandalucia.es\/iesarroyodelamiel\/wp-json\/wp\/v2\/media?parent=5612"}],"curies":[{"name":"wp","href":"https:\/\/api.w.org\/{rel}","templated":true}]}}