{"id":5616,"date":"2021-10-11T12:16:41","date_gmt":"2021-10-11T12:16:41","guid":{"rendered":"https:\/\/blogsaverroes.juntadeandalucia.es\/iesarroyodelamiel\/?page_id=5616"},"modified":"2025-10-17T05:38:48","modified_gmt":"2025-10-17T05:38:48","slug":"presentacion-fq","status":"publish","type":"page","link":"https:\/\/blogsaverroes.juntadeandalucia.es\/iesarroyodelamiel\/presentacion-fq\/","title":{"rendered":"Presentaci\u00f3n FQ"},"content":{"rendered":"<p>El profesorado del departamento de F\u00edsica y Qu\u00edmica&nbsp; &nbsp;durante el curso 2022-2023 es:<\/p>\n<ul style=\"list-style-type: circle\">\n<li>Luque L\u00f3pez, Juan Carlos<\/li>\n<li>Ruiz del Castillo, Sonia Perpetua<\/li>\n<li>S\u00e1nchez Herrera, Jos\u00e9<\/li>\n<li>Torres Zaguirre, Ana Bel\u00e9n<\/li>\n<\/ul>\n","protected":false},"excerpt":{"rendered":"<p>El profesorado del departamento de F\u00edsica y Qu\u00edmica&nbsp; &nbsp;durante el curso 2022-2023 es: Luque L\u00f3pez, Juan Carlos Ruiz del Castillo, Sonia Perpetua S\u00e1nchez Herrera, Jos\u00e9 Torres Zaguirre, Ana Bel\u00e9n<\/p>\n","protected":false},"author":10424,"featured_media":0,"parent":0,"menu_order":0,"comment_status":"closed","ping_status":"closed","template":"","meta":{"ngg_post_thumbnail":0,"footnotes":"","_mc_calendar":[]},"aioseo_notices":[],"_links":{"self":[{"href":"https:\/\/blogsaverroes.juntadeandalucia.es\/iesarroyodelamiel\/wp-json\/wp\/v2\/pages\/5616"}],"collection":[{"href":"https:\/\/blogsaverroes.juntadeandalucia.es\/iesarroyodelamiel\/wp-json\/wp\/v2\/pages"}],"about":[{"href":"https:\/\/blogsaverroes.juntadeandalucia.es\/iesarroyodelamiel\/wp-json\/wp\/v2\/types\/page"}],"author":[{"embeddable":true,"href":"https:\/\/blogsaverroes.juntadeandalucia.es\/iesarroyodelamiel\/wp-json\/wp\/v2\/users\/10424"}],"replies":[{"embeddable":true,"href":"https:\/\/blogsaverroes.juntadeandalucia.es\/iesarroyodelamiel\/wp-json\/wp\/v2\/comments?post=5616"}],"version-history":[{"count":5,"href":"https:\/\/blogsaverroes.juntadeandalucia.es\/iesarroyodelamiel\/wp-json\/wp\/v2\/pages\/5616\/revisions"}],"predecessor-version":[{"id":7655,"href":"https:\/\/blogsaverroes.juntadeandalucia.es\/iesarroyodelamiel\/wp-json\/wp\/v2\/pages\/5616\/revisions\/7655"}],"wp:attachment":[{"href":"https:\/\/blogsaverroes.juntadeandalucia.es\/iesarroyodelamiel\/wp-json\/wp\/v2\/media?parent=5616"}],"curies":[{"name":"wp","href":"https:\/\/api.w.org\/{rel}","templated":true}]}}