{"id":5619,"date":"2021-10-11T12:22:50","date_gmt":"2021-10-11T12:22:50","guid":{"rendered":"https:\/\/blogsaverroes.juntadeandalucia.es\/iesarroyodelamiel\/?page_id=5619"},"modified":"2025-10-17T05:41:16","modified_gmt":"2025-10-17T05:41:16","slug":"presentacion-informatica","status":"publish","type":"page","link":"https:\/\/blogsaverroes.juntadeandalucia.es\/iesarroyodelamiel\/presentacion-informatica\/","title":{"rendered":"Presentaci\u00f3n Inform\u00e1tica"},"content":{"rendered":"<p>El profesorado del departamento de Inform\u00e1tica&nbsp; durante el curso 2022-2023 es:<\/p>\n<ul style=\"list-style-type: circle\">\n<li>D. P\u00e9rez Mu\u00f1oz, Pablo<\/li>\n<li>D. Juan Antonio Manceras Portales<\/li>\n<li>D. Diego C\u00e1ndido Rosado Fuentes<\/li>\n<\/ul>\n<div>&nbsp;<\/div>\n<div class=\"post-thumbnail\">La<strong>&nbsp;Inform\u00e1tica<\/strong>&nbsp;seg\u00fan el&nbsp;<a title=\"DRAE\" href=\"http:\/\/buscon.rae.es\/drae\/?type=3&amp;val=inform%C3%A1tica&amp;val_aux=&amp;origen=REDRAE\">DRAE<\/a>&nbsp;es&nbsp;<em>el conjunto de conocimientos cient\u00edficos y t\u00e9cnicas que hacen posible el tratamiento autom\u00e1tico de la informaci\u00f3n por medio de ordenadores<\/em>.<\/div>\n<div class=\"post-content\">\n<div class=\"entry entry-summary\">\n<p>Hoy en d\u00eda, con el impacto de Internet y los dispositivos m\u00f3viles en nuestras vidas,&nbsp;<strong>educar en inform\u00e1tica<\/strong>&nbsp;va mucho m\u00e1s all\u00e1 de los conocimiento y t\u00e9cnicas necesarios para el tratamiento de la informaci\u00f3n.<\/p>\n<ul>\n<li>Hablamos de c\u00f3mo&nbsp;<strong>distinguir lo verdadero de lo falso<\/strong>, lo legal de lo ilegal o lo \u00e9tico de no-\u00e9tico en la vasta colecci\u00f3n de datos e informaci\u00f3n que es Internet.<\/li>\n<li>Hablamos de ser consciente de c\u00f3mo la inform\u00e1tica afecta a nuestras&nbsp;<strong>relaciones sociales.&nbsp;<\/strong>&nbsp;Y de las habilidades t\u00e9cnicas y humanas que hay que tener para relacionarse con las nuevas tecnolog\u00edas y servicios a la vez que se construye&nbsp; una sociedad m\u00e1s justa respetando a las personas y sus derechos individuales.<\/li>\n<li>Hablamos de<strong>&nbsp;participaci\u00f3n y cooperaci\u00f3n ciudadana<\/strong>&nbsp;y de c\u00f3mo los nuevos medios de comunicaci\u00f3n, la creaci\u00f3n de contenidos y la participaci\u00f3n en foros y debates digitales influyen en el mundo que nos rodea.<\/li>\n<li>Hablamos de&nbsp;<strong>cultura libre<\/strong>&nbsp;y de nuevos modelos de propiedad intelectual y software que no restrinja la cultura ni beneficie a los que m\u00e1s dinero tienen.<\/li>\n<li>Hablamos de usar las herramientas digitales para&nbsp;<strong>desarrollarnos de forma imaginativa y constructiva,<\/strong>&nbsp;creando y no haciendo copiados y pegados de lo primero que nos ofrece un buscador.<\/li>\n<li>Hablamos de ser conscientes de la&nbsp;<strong>huella ecol\u00f3gica<\/strong>&nbsp;que deja la inform\u00e1tica en el medio ambiente tanto en la producci\u00f3n, en el uso diario y en la generaci\u00f3n de basura inform\u00e1tica.<\/li>\n<li>Hablamos de muchas cosas que no aparecen en los informes PISA y no son prioritarias en las recomendaciones de la OCDE y ni siquiera en las acciones de los gobiernos. Pero son cosas que aparecen en las introducciones de todas las leyes de educaci\u00f3n y que afectan a nuestra percepci\u00f3n de un mundo con esperanza.<\/li>\n<\/ul>\n<\/div>\n<\/div>\n","protected":false},"excerpt":{"rendered":"<p>El profesorado del departamento de Inform\u00e1tica&nbsp; durante el curso 2022-2023 es: D. P\u00e9rez Mu\u00f1oz, Pablo D. Juan Antonio Manceras Portales D. Diego C\u00e1ndido Rosado Fuentes &nbsp; La&nbsp;Inform\u00e1tica&nbsp;seg\u00fan el&nbsp;DRAE&nbsp;es&nbsp;el conjunto de conocimientos cient\u00edficos y t\u00e9cnicas&#46;&#46;&#46;<\/p>\n","protected":false},"author":10424,"featured_media":0,"parent":0,"menu_order":0,"comment_status":"closed","ping_status":"closed","template":"","meta":{"ngg_post_thumbnail":0,"footnotes":"","_mc_calendar":[]},"aioseo_notices":[],"_links":{"self":[{"href":"https:\/\/blogsaverroes.juntadeandalucia.es\/iesarroyodelamiel\/wp-json\/wp\/v2\/pages\/5619"}],"collection":[{"href":"https:\/\/blogsaverroes.juntadeandalucia.es\/iesarroyodelamiel\/wp-json\/wp\/v2\/pages"}],"about":[{"href":"https:\/\/blogsaverroes.juntadeandalucia.es\/iesarroyodelamiel\/wp-json\/wp\/v2\/types\/page"}],"author":[{"embeddable":true,"href":"https:\/\/blogsaverroes.juntadeandalucia.es\/iesarroyodelamiel\/wp-json\/wp\/v2\/users\/10424"}],"replies":[{"embeddable":true,"href":"https:\/\/blogsaverroes.juntadeandalucia.es\/iesarroyodelamiel\/wp-json\/wp\/v2\/comments?post=5619"}],"version-history":[{"count":6,"href":"https:\/\/blogsaverroes.juntadeandalucia.es\/iesarroyodelamiel\/wp-json\/wp\/v2\/pages\/5619\/revisions"}],"predecessor-version":[{"id":7658,"href":"https:\/\/blogsaverroes.juntadeandalucia.es\/iesarroyodelamiel\/wp-json\/wp\/v2\/pages\/5619\/revisions\/7658"}],"wp:attachment":[{"href":"https:\/\/blogsaverroes.juntadeandalucia.es\/iesarroyodelamiel\/wp-json\/wp\/v2\/media?parent=5619"}],"curies":[{"name":"wp","href":"https:\/\/api.w.org\/{rel}","templated":true}]}}