{"id":5622,"date":"2021-10-11T12:29:09","date_gmt":"2021-10-11T12:29:09","guid":{"rendered":"https:\/\/blogsaverroes.juntadeandalucia.es\/iesarroyodelamiel\/?page_id=5622"},"modified":"2025-10-17T05:47:01","modified_gmt":"2025-10-17T05:47:01","slug":"presentacion-tec","status":"publish","type":"page","link":"https:\/\/blogsaverroes.juntadeandalucia.es\/iesarroyodelamiel\/presentacion-tec\/","title":{"rendered":"Presentaci\u00f3n TEC"},"content":{"rendered":"<p>El profesorado del departamento de Tecnolog\u00eda durante el curso acad\u00e9mico 2022-2023 es:<\/p>\n<ul style=\"list-style-type: circle\">\n<li>Blanco Casta\u00f1o, Luis Dar\u00edo<\/li>\n<li>Fernandez Piris, Jes\u00fas \u00c1ngel<\/li>\n<li>L\u00f3pez Lorenzo, David<\/li>\n<li>Robredo P\u00e9rez, Valeriano<\/li>\n<\/ul>\n<p>&nbsp;<\/p>\n","protected":false},"excerpt":{"rendered":"<p>El profesorado del departamento de Tecnolog\u00eda durante el curso acad\u00e9mico 2022-2023 es: Blanco Casta\u00f1o, Luis Dar\u00edo Fernandez Piris, Jes\u00fas \u00c1ngel L\u00f3pez Lorenzo, David Robredo P\u00e9rez, Valeriano &nbsp;<\/p>\n","protected":false},"author":10424,"featured_media":0,"parent":0,"menu_order":0,"comment_status":"closed","ping_status":"closed","template":"","meta":{"ngg_post_thumbnail":0,"footnotes":"","_mc_calendar":[]},"aioseo_notices":[],"_links":{"self":[{"href":"https:\/\/blogsaverroes.juntadeandalucia.es\/iesarroyodelamiel\/wp-json\/wp\/v2\/pages\/5622"}],"collection":[{"href":"https:\/\/blogsaverroes.juntadeandalucia.es\/iesarroyodelamiel\/wp-json\/wp\/v2\/pages"}],"about":[{"href":"https:\/\/blogsaverroes.juntadeandalucia.es\/iesarroyodelamiel\/wp-json\/wp\/v2\/types\/page"}],"author":[{"embeddable":true,"href":"https:\/\/blogsaverroes.juntadeandalucia.es\/iesarroyodelamiel\/wp-json\/wp\/v2\/users\/10424"}],"replies":[{"embeddable":true,"href":"https:\/\/blogsaverroes.juntadeandalucia.es\/iesarroyodelamiel\/wp-json\/wp\/v2\/comments?post=5622"}],"version-history":[{"count":5,"href":"https:\/\/blogsaverroes.juntadeandalucia.es\/iesarroyodelamiel\/wp-json\/wp\/v2\/pages\/5622\/revisions"}],"predecessor-version":[{"id":7663,"href":"https:\/\/blogsaverroes.juntadeandalucia.es\/iesarroyodelamiel\/wp-json\/wp\/v2\/pages\/5622\/revisions\/7663"}],"wp:attachment":[{"href":"https:\/\/blogsaverroes.juntadeandalucia.es\/iesarroyodelamiel\/wp-json\/wp\/v2\/media?parent=5622"}],"curies":[{"name":"wp","href":"https:\/\/api.w.org\/{rel}","templated":true}]}}