{"id":5688,"date":"2021-10-28T10:57:21","date_gmt":"2021-10-28T10:57:21","guid":{"rendered":"https:\/\/blogsaverroes.juntadeandalucia.es\/iesarroyodelamiel\/?page_id=5688"},"modified":"2021-10-28T11:01:09","modified_gmt":"2021-10-28T11:01:09","slug":"ingles","status":"publish","type":"page","link":"https:\/\/blogsaverroes.juntadeandalucia.es\/iesarroyodelamiel\/ingles\/","title":{"rendered":"Ingl\u00e9s"},"content":{"rendered":"<h2>Recuperaci\u00f3n pendientes 2021-2022<\/h2>\n<p><a href=\"https:\/\/blogsaverroes.juntadeandalucia.es\/iesarroyodelamiel\/files\/2021\/10\/english.jpg\"><img loading=\"lazy\" decoding=\"async\" class=\"aligncenter size-full wp-image-5689\" src=\"https:\/\/blogsaverroes.juntadeandalucia.es\/iesarroyodelamiel\/files\/2021\/10\/english.jpg\" alt=\"\" width=\"284\" height=\"177\"><\/a><\/p>\n<p>&nbsp;<\/p>\n<p>En esta p\u00e1gina encontrar\u00e1s toda la informaci\u00f3n necesaria sobre la recuperaci\u00f3n de la asignatura de Ingl\u00e9s.<\/p>\n<p><a href=\"https:\/\/blogsaverroes.juntadeandalucia.es\/iesarroyodelamiel\/files\/2021\/10\/Recuperaci\u00f3n-de-pendientes-Ingl\u00e9s-2021-2022.pdf\">Recuperaci\u00f3n de pendientes Ingl\u00e9s &#8211; 2021-2022<\/a><\/p>\n<p>Cualquier duda o consulta no dudes en preguntar a tus profesores del departamento.<\/p>\n","protected":false},"excerpt":{"rendered":"<p>Recuperaci\u00f3n pendientes 2021-2022 &nbsp; En esta p\u00e1gina encontrar\u00e1s toda la informaci\u00f3n necesaria sobre la recuperaci\u00f3n de la asignatura de Ingl\u00e9s. Recuperaci\u00f3n de pendientes Ingl\u00e9s &#8211; 2021-2022 Cualquier duda o consulta no dudes en preguntar&#46;&#46;&#46;<\/p>\n","protected":false},"author":10424,"featured_media":0,"parent":0,"menu_order":0,"comment_status":"closed","ping_status":"closed","template":"","meta":{"ngg_post_thumbnail":0,"footnotes":"","_mc_calendar":[]},"aioseo_notices":[],"_links":{"self":[{"href":"https:\/\/blogsaverroes.juntadeandalucia.es\/iesarroyodelamiel\/wp-json\/wp\/v2\/pages\/5688"}],"collection":[{"href":"https:\/\/blogsaverroes.juntadeandalucia.es\/iesarroyodelamiel\/wp-json\/wp\/v2\/pages"}],"about":[{"href":"https:\/\/blogsaverroes.juntadeandalucia.es\/iesarroyodelamiel\/wp-json\/wp\/v2\/types\/page"}],"author":[{"embeddable":true,"href":"https:\/\/blogsaverroes.juntadeandalucia.es\/iesarroyodelamiel\/wp-json\/wp\/v2\/users\/10424"}],"replies":[{"embeddable":true,"href":"https:\/\/blogsaverroes.juntadeandalucia.es\/iesarroyodelamiel\/wp-json\/wp\/v2\/comments?post=5688"}],"version-history":[{"count":3,"href":"https:\/\/blogsaverroes.juntadeandalucia.es\/iesarroyodelamiel\/wp-json\/wp\/v2\/pages\/5688\/revisions"}],"predecessor-version":[{"id":5694,"href":"https:\/\/blogsaverroes.juntadeandalucia.es\/iesarroyodelamiel\/wp-json\/wp\/v2\/pages\/5688\/revisions\/5694"}],"wp:attachment":[{"href":"https:\/\/blogsaverroes.juntadeandalucia.es\/iesarroyodelamiel\/wp-json\/wp\/v2\/media?parent=5688"}],"curies":[{"name":"wp","href":"https:\/\/api.w.org\/{rel}","templated":true}]}}