{"id":5706,"date":"2021-10-29T12:40:27","date_gmt":"2021-10-29T12:40:27","guid":{"rendered":"https:\/\/blogsaverroes.juntadeandalucia.es\/iesarroyodelamiel\/?page_id=5706"},"modified":"2021-10-29T12:40:27","modified_gmt":"2021-10-29T12:40:27","slug":"informatica","status":"publish","type":"page","link":"https:\/\/blogsaverroes.juntadeandalucia.es\/iesarroyodelamiel\/informatica\/","title":{"rendered":"Inform\u00e1tica"},"content":{"rendered":"<h2>Recuperaci\u00f3n pendientes 2021-2022<\/h2>\n<h2><a href=\"https:\/\/blogsaverroes.juntadeandalucia.es\/iesarroyodelamiel\/files\/2021\/10\/informatica.jpg\"><img loading=\"lazy\" decoding=\"async\" class=\"aligncenter size-full wp-image-5707\" src=\"https:\/\/blogsaverroes.juntadeandalucia.es\/iesarroyodelamiel\/files\/2021\/10\/informatica.jpg\" alt=\"\" width=\"301\" height=\"167\"><\/a><\/h2>\n<p>En esta p\u00e1gina encontrar\u00e1s toda la informaci\u00f3n necesaria sobre la recuperaci\u00f3n de la asignatura Inform\u00e1tica.<\/p>\n<p><a href=\"https:\/\/blogsaverroes.juntadeandalucia.es\/iesarroyodelamiel\/files\/2021\/10\/tic_-Programa-de-Recuperaci\u00f3n-de-PendientesTIC-Computacion-y-Rob\u00f3ticaDefinitiva.pdf\">tic_ Programa de Recuperaci\u00f3n de Pendientes(TIC- Computacion y Rob\u00f3tica)(Definitiva)<\/a><\/p>\n<p>Cualquier duda o consulta no dudes en preguntar a tus profesores del departamento.<\/p>\n","protected":false},"excerpt":{"rendered":"<p>Recuperaci\u00f3n pendientes 2021-2022 En esta p\u00e1gina encontrar\u00e1s toda la informaci\u00f3n necesaria sobre la recuperaci\u00f3n de la asignatura Inform\u00e1tica. tic_ Programa de Recuperaci\u00f3n de Pendientes(TIC- Computacion y Rob\u00f3tica)(Definitiva) Cualquier duda o consulta no dudes en&#46;&#46;&#46;<\/p>\n","protected":false},"author":10424,"featured_media":0,"parent":0,"menu_order":0,"comment_status":"closed","ping_status":"closed","template":"","meta":{"ngg_post_thumbnail":0,"footnotes":"","_mc_calendar":[]},"aioseo_notices":[],"_links":{"self":[{"href":"https:\/\/blogsaverroes.juntadeandalucia.es\/iesarroyodelamiel\/wp-json\/wp\/v2\/pages\/5706"}],"collection":[{"href":"https:\/\/blogsaverroes.juntadeandalucia.es\/iesarroyodelamiel\/wp-json\/wp\/v2\/pages"}],"about":[{"href":"https:\/\/blogsaverroes.juntadeandalucia.es\/iesarroyodelamiel\/wp-json\/wp\/v2\/types\/page"}],"author":[{"embeddable":true,"href":"https:\/\/blogsaverroes.juntadeandalucia.es\/iesarroyodelamiel\/wp-json\/wp\/v2\/users\/10424"}],"replies":[{"embeddable":true,"href":"https:\/\/blogsaverroes.juntadeandalucia.es\/iesarroyodelamiel\/wp-json\/wp\/v2\/comments?post=5706"}],"version-history":[{"count":1,"href":"https:\/\/blogsaverroes.juntadeandalucia.es\/iesarroyodelamiel\/wp-json\/wp\/v2\/pages\/5706\/revisions"}],"predecessor-version":[{"id":5709,"href":"https:\/\/blogsaverroes.juntadeandalucia.es\/iesarroyodelamiel\/wp-json\/wp\/v2\/pages\/5706\/revisions\/5709"}],"wp:attachment":[{"href":"https:\/\/blogsaverroes.juntadeandalucia.es\/iesarroyodelamiel\/wp-json\/wp\/v2\/media?parent=5706"}],"curies":[{"name":"wp","href":"https:\/\/api.w.org\/{rel}","templated":true}]}}