{"id":5712,"date":"2021-11-01T19:17:43","date_gmt":"2021-11-01T19:17:43","guid":{"rendered":"https:\/\/blogsaverroes.juntadeandalucia.es\/iesarroyodelamiel\/?page_id=5712"},"modified":"2022-02-23T11:26:36","modified_gmt":"2022-02-23T11:26:36","slug":"5712-2","status":"publish","type":"page","link":"https:\/\/blogsaverroes.juntadeandalucia.es\/iesarroyodelamiel\/5712-2\/","title":{"rendered":"\u00bfQu\u00e9 es el proyecto de coeducaci\u00f3n?"},"content":{"rendered":"<p align=\"justify\"><a href=\"https:\/\/blogsaverroes.juntadeandalucia.es\/iesarroyodelamiel\/files\/2022\/02\/Banner-tres-logos-grandes.jpg\"><img loading=\"lazy\" decoding=\"async\" class=\"size-medium wp-image-6191 alignnone\" src=\"https:\/\/blogsaverroes.juntadeandalucia.es\/iesarroyodelamiel\/files\/2022\/02\/Banner-tres-logos-grandes-300x57.jpg\" alt=\"\" width=\"300\" height=\"57\" srcset=\"https:\/\/blogsaverroes.juntadeandalucia.es\/iesarroyodelamiel\/files\/2022\/02\/Banner-tres-logos-grandes-300x57.jpg 300w, https:\/\/blogsaverroes.juntadeandalucia.es\/iesarroyodelamiel\/files\/2022\/02\/Banner-tres-logos-grandes-768x146.jpg 768w, https:\/\/blogsaverroes.juntadeandalucia.es\/iesarroyodelamiel\/files\/2022\/02\/Banner-tres-logos-grandes.jpg 1023w\" sizes=\"(max-width: 300px) 100vw, 300px\" \/><\/a><a href=\"https:\/\/blogsaverroes.juntadeandalucia.es\/iesarroyodelamiel\/files\/2021\/11\/coeducaci\u00f3n.jpeg\"><img loading=\"lazy\" decoding=\"async\" class=\"size-medium wp-image-5713 alignright\" src=\"https:\/\/blogsaverroes.juntadeandalucia.es\/iesarroyodelamiel\/files\/2021\/11\/coeducaci\u00f3n-300x128.jpeg\" alt=\"\" width=\"300\" height=\"128\" srcset=\"https:\/\/blogsaverroes.juntadeandalucia.es\/iesarroyodelamiel\/files\/2021\/11\/coeducaci\u00f3n-300x128.jpeg 300w, https:\/\/blogsaverroes.juntadeandalucia.es\/iesarroyodelamiel\/files\/2021\/11\/coeducaci\u00f3n.jpeg 344w\" sizes=\"(max-width: 300px) 100vw, 300px\" \/><\/a><\/p>\n<p class=\"western\" align=\"justify\">La educaci\u00f3n integral de las personas implica la adquisici\u00f3n de un conjunto de capacidades b\u00e1sicas de tipo cognitivo, emocional y \u00e9tico.<\/p>\n<p class=\"western\" align=\"justify\">Esto supone que a la necesidad incuestionable de educar en habilidades y conocimientos se a\u00f1ade la de educar para una mejor calidad de vida y para dotar a esta de sentido moral.<\/p>\n<p class=\"western\">En esta l\u00ednea se desarrolla el Proyecto de Atenci\u00f3n a la Diversidad de G\u00e9nero del IES Arroyo de la Miel.<\/p>\n<p>Este proyecto se lleva realizando varios a\u00f1os en nuestro centro siempre al amparo de lo establecido por la Consejer\u00eda de Educaci\u00f3n.<\/p>\n<p>Para m\u00e1s informaci\u00f3n se puede visitar la web https:\/\/www.juntadeandalucia.es\/educacion\/portals\/web\/igualdad<\/p>\n<p>&nbsp;<\/p>\n","protected":false},"excerpt":{"rendered":"<p>La educaci\u00f3n integral de las personas implica la adquisici\u00f3n de un conjunto de capacidades b\u00e1sicas de tipo cognitivo, emocional y \u00e9tico. Esto supone que a la necesidad incuestionable de educar en habilidades y conocimientos&#46;&#46;&#46;<\/p>\n","protected":false},"author":10424,"featured_media":0,"parent":0,"menu_order":0,"comment_status":"closed","ping_status":"closed","template":"","meta":{"ngg_post_thumbnail":0,"footnotes":"","_mc_calendar":[]},"aioseo_notices":[],"_links":{"self":[{"href":"https:\/\/blogsaverroes.juntadeandalucia.es\/iesarroyodelamiel\/wp-json\/wp\/v2\/pages\/5712"}],"collection":[{"href":"https:\/\/blogsaverroes.juntadeandalucia.es\/iesarroyodelamiel\/wp-json\/wp\/v2\/pages"}],"about":[{"href":"https:\/\/blogsaverroes.juntadeandalucia.es\/iesarroyodelamiel\/wp-json\/wp\/v2\/types\/page"}],"author":[{"embeddable":true,"href":"https:\/\/blogsaverroes.juntadeandalucia.es\/iesarroyodelamiel\/wp-json\/wp\/v2\/users\/10424"}],"replies":[{"embeddable":true,"href":"https:\/\/blogsaverroes.juntadeandalucia.es\/iesarroyodelamiel\/wp-json\/wp\/v2\/comments?post=5712"}],"version-history":[{"count":5,"href":"https:\/\/blogsaverroes.juntadeandalucia.es\/iesarroyodelamiel\/wp-json\/wp\/v2\/pages\/5712\/revisions"}],"predecessor-version":[{"id":6193,"href":"https:\/\/blogsaverroes.juntadeandalucia.es\/iesarroyodelamiel\/wp-json\/wp\/v2\/pages\/5712\/revisions\/6193"}],"wp:attachment":[{"href":"https:\/\/blogsaverroes.juntadeandalucia.es\/iesarroyodelamiel\/wp-json\/wp\/v2\/media?parent=5712"}],"curies":[{"name":"wp","href":"https:\/\/api.w.org\/{rel}","templated":true}]}}