{"id":5745,"date":"2021-11-03T19:00:16","date_gmt":"2021-11-03T19:00:16","guid":{"rendered":"https:\/\/blogsaverroes.juntadeandalucia.es\/iesarroyodelamiel\/?page_id=5745"},"modified":"2022-04-26T11:03:37","modified_gmt":"2022-04-26T11:03:37","slug":"comunica-21-22","status":"publish","type":"page","link":"https:\/\/blogsaverroes.juntadeandalucia.es\/iesarroyodelamiel\/comunica-21-22\/","title":{"rendered":"Comunica 21-22"},"content":{"rendered":"<h2 style=\"text-align: center\">Torneo de debate<\/h2>\n<p style=\"text-align: center\"><strong>Semana Cultural<\/strong><\/p>\n<p>Con motivo de la celebraci\u00f3n de la IV Semana Cultural del IES Arroyo de la Miel los alumnos de primero y segundo de ESO que cursan la optativa de Oratoria y debate, se enfrentaron por equipos en un emocionante e intenso Torneo de debate. Nuestros alumnos demostraron, una vez m\u00e1s, que son grandes oradores.<br \/>\nAprovechamos para agradecer al AMPA su colaboraci\u00f3n e implicaci\u00f3n en nuestra actividad.<\/p>\n<p><a href=\"https:\/\/blogsaverroes.juntadeandalucia.es\/iesarroyodelamiel\/files\/2022\/04\/1650529547493-scaled.jpg\"><img loading=\"lazy\" decoding=\"async\" class=\"aligncenter size-medium wp-image-6272\" src=\"https:\/\/blogsaverroes.juntadeandalucia.es\/iesarroyodelamiel\/files\/2022\/04\/1650529547493-300x224.jpg\" alt=\"\" width=\"300\" height=\"224\" srcset=\"https:\/\/blogsaverroes.juntadeandalucia.es\/iesarroyodelamiel\/files\/2022\/04\/1650529547493-300x224.jpg 300w, https:\/\/blogsaverroes.juntadeandalucia.es\/iesarroyodelamiel\/files\/2022\/04\/1650529547493-1024x766.jpg 1024w, https:\/\/blogsaverroes.juntadeandalucia.es\/iesarroyodelamiel\/files\/2022\/04\/1650529547493-768x575.jpg 768w, https:\/\/blogsaverroes.juntadeandalucia.es\/iesarroyodelamiel\/files\/2022\/04\/1650529547493-1536x1149.jpg 1536w, https:\/\/blogsaverroes.juntadeandalucia.es\/iesarroyodelamiel\/files\/2022\/04\/1650529547493-2048x1532.jpg 2048w, https:\/\/blogsaverroes.juntadeandalucia.es\/iesarroyodelamiel\/files\/2022\/04\/1650529547493-scaled.jpg 1600w\" sizes=\"(max-width: 300px) 100vw, 300px\" \/><\/a><\/p>\n<h2 style=\"text-align: center\">Recital de poemas<\/h2>\n<p>Nuestro alumnado de Oratoria y debate de 2\u00b0ESO, junto a compa\u00f1eros del aula espec\u00edfica, han querido recitar algunos poemas y grabarlos para que todos podamos disfrutar de ellos. Gracias a esta actividad, van perdiendo el miedo a hablar en p\u00fablico y practican la entonaci\u00f3n. \u00a1Bravo, os est\u00e1is convirtiendo en grandes oradores!<\/p>\n<!--[if lt IE 9]><script>document.createElement('audio');<\/script><![endif]-->\n<audio class=\"wp-audio-shortcode\" id=\"audio-5745-1\" preload=\"none\" style=\"width: 100%;\" controls=\"controls\"><source type=\"audio\/mpeg\" src=\"https:\/\/blogsaverroes.juntadeandalucia.es\/iesarroyodelamiel\/files\/2022\/02\/27_ene._10.03_carolina-1.mp3?_=1\" \/><a href=\"https:\/\/blogsaverroes.juntadeandalucia.es\/iesarroyodelamiel\/files\/2022\/02\/27_ene._10.03_carolina-1.mp3\">https:\/\/blogsaverroes.juntadeandalucia.es\/iesarroyodelamiel\/files\/2022\/02\/27_ene._10.03_carolina-1.mp3<\/a><\/audio>\n<audio class=\"wp-audio-shortcode\" id=\"audio-5745-2\" preload=\"none\" style=\"width: 100%;\" controls=\"controls\"><source type=\"audio\/mpeg\" src=\"https:\/\/blogsaverroes.juntadeandalucia.es\/iesarroyodelamiel\/files\/2022\/02\/27_ene._10.04_enma-1.mp3?_=2\" \/><a href=\"https:\/\/blogsaverroes.juntadeandalucia.es\/iesarroyodelamiel\/files\/2022\/02\/27_ene._10.04_enma-1.mp3\">https:\/\/blogsaverroes.juntadeandalucia.es\/iesarroyodelamiel\/files\/2022\/02\/27_ene._10.04_enma-1.mp3<\/a><\/audio>\n<audio class=\"wp-audio-shortcode\" id=\"audio-5745-3\" preload=\"none\" style=\"width: 100%;\" controls=\"controls\"><source type=\"audio\/mpeg\" src=\"https:\/\/blogsaverroes.juntadeandalucia.es\/iesarroyodelamiel\/files\/2022\/02\/27_ene._10.06_Roc195173o-1.mp3?_=3\" \/><a href=\"https:\/\/blogsaverroes.juntadeandalucia.es\/iesarroyodelamiel\/files\/2022\/02\/27_ene._10.06_Roc195173o-1.mp3\">https:\/\/blogsaverroes.juntadeandalucia.es\/iesarroyodelamiel\/files\/2022\/02\/27_ene._10.06_Roc195173o-1.mp3<\/a><\/audio>\n<audio class=\"wp-audio-shortcode\" id=\"audio-5745-4\" preload=\"none\" style=\"width: 100%;\" controls=\"controls\"><source type=\"audio\/mpeg\" src=\"https:\/\/blogsaverroes.juntadeandalucia.es\/iesarroyodelamiel\/files\/2022\/02\/27_ene._10.07_mar-1.mp3?_=4\" \/><a href=\"https:\/\/blogsaverroes.juntadeandalucia.es\/iesarroyodelamiel\/files\/2022\/02\/27_ene._10.07_mar-1.mp3\">https:\/\/blogsaverroes.juntadeandalucia.es\/iesarroyodelamiel\/files\/2022\/02\/27_ene._10.07_mar-1.mp3<\/a><\/audio>\n<audio class=\"wp-audio-shortcode\" id=\"audio-5745-5\" preload=\"none\" style=\"width: 100%;\" controls=\"controls\"><source type=\"audio\/mpeg\" src=\"https:\/\/blogsaverroes.juntadeandalucia.es\/iesarroyodelamiel\/files\/2022\/02\/27_ene._10.07_Rayan-1.mp3?_=5\" \/><a href=\"https:\/\/blogsaverroes.juntadeandalucia.es\/iesarroyodelamiel\/files\/2022\/02\/27_ene._10.07_Rayan-1.mp3\">https:\/\/blogsaverroes.juntadeandalucia.es\/iesarroyodelamiel\/files\/2022\/02\/27_ene._10.07_Rayan-1.mp3<\/a><\/audio>\n<audio class=\"wp-audio-shortcode\" id=\"audio-5745-6\" preload=\"none\" style=\"width: 100%;\" controls=\"controls\"><source type=\"audio\/mpeg\" src=\"https:\/\/blogsaverroes.juntadeandalucia.es\/iesarroyodelamiel\/files\/2022\/02\/27_ene._10.12_Jadija-1.mp3?_=6\" \/><a href=\"https:\/\/blogsaverroes.juntadeandalucia.es\/iesarroyodelamiel\/files\/2022\/02\/27_ene._10.12_Jadija-1.mp3\">https:\/\/blogsaverroes.juntadeandalucia.es\/iesarroyodelamiel\/files\/2022\/02\/27_ene._10.12_Jadija-1.mp3<\/a><\/audio>\n<audio class=\"wp-audio-shortcode\" id=\"audio-5745-7\" preload=\"none\" style=\"width: 100%;\" controls=\"controls\"><source type=\"audio\/mpeg\" src=\"https:\/\/blogsaverroes.juntadeandalucia.es\/iesarroyodelamiel\/files\/2022\/02\/27_ene._10.13_Nico-1.mp3?_=7\" \/><a href=\"https:\/\/blogsaverroes.juntadeandalucia.es\/iesarroyodelamiel\/files\/2022\/02\/27_ene._10.13_Nico-1.mp3\">https:\/\/blogsaverroes.juntadeandalucia.es\/iesarroyodelamiel\/files\/2022\/02\/27_ene._10.13_Nico-1.mp3<\/a><\/audio>\n<h2>&nbsp;<\/h2>\n<h2 style=\"text-align: center\">Nos vamos de viaje<\/h2>\n<p>\u00bfA qui\u00e9n no le apetece viajar? Nuestros alumnos y alumnas del aula espec\u00edfica est\u00e1n deseando hacerlo tambi\u00e9n, as\u00ed que han estado trabajando qu\u00e9 deben preparar antes de salir de viaje y tambi\u00e9n han elaborado un lapbook de Jap\u00f3n. Arigato por vuestro trabajo.<\/p>\nngg_shortcode_0_placeholder\n<h2>&nbsp;<\/h2>\n<h2 style=\"text-align: center\">Taller de prensa<\/h2>\n<p>Nuestro alumnado de 3\u00b0 ESO ha creado un taller de prensa, encarg\u00e1ndose de dinamizar la revista del centro. Tambi\u00e9n han creado un Instagram para la Biblioteca, con el fin de modernizar y darle un mayor alcance p\u00fablico. \u00c9stas son algunas de las muestras gr\u00e1ficas de dicho taller.<\/p>\nngg_shortcode_1_placeholder\n<h2 style=\"text-align: center\">Ciclo de cortometrajes LGTBI<\/h2>\n<p><a href=\"https:\/\/blogsaverroes.juntadeandalucia.es\/iesarroyodelamiel\/files\/2021\/12\/cortos.jpg\"><img loading=\"lazy\" decoding=\"async\" class=\"aligncenter size-medium wp-image-5973\" src=\"https:\/\/blogsaverroes.juntadeandalucia.es\/iesarroyodelamiel\/files\/2021\/12\/cortos-300x225.jpg\" alt=\"\" width=\"300\" height=\"225\" srcset=\"https:\/\/blogsaverroes.juntadeandalucia.es\/iesarroyodelamiel\/files\/2021\/12\/cortos-300x225.jpg 300w, https:\/\/blogsaverroes.juntadeandalucia.es\/iesarroyodelamiel\/files\/2021\/12\/cortos-1024x768.jpg 1024w, https:\/\/blogsaverroes.juntadeandalucia.es\/iesarroyodelamiel\/files\/2021\/12\/cortos-768x576.jpg 768w, https:\/\/blogsaverroes.juntadeandalucia.es\/iesarroyodelamiel\/files\/2021\/12\/cortos-1536x1152.jpg 1536w, https:\/\/blogsaverroes.juntadeandalucia.es\/iesarroyodelamiel\/files\/2021\/12\/cortos.jpg 1600w\" sizes=\"(max-width: 300px) 100vw, 300px\" \/><\/a><\/p>\n<p>El pasado d\u00eda 20 de noviembre, en una sesi\u00f3n de tutor\u00eda, en 4\u00baB se proyect\u00f3 en corto \u00abDicen en el grupo\u00bb, con motivo del CICLO DE CORTOMETRAJES LGTBI, desarrollado por el Ayuntamiento de M\u00e1laga.<\/p>\n<p>De entre todos, los alumnos eligieron este, dej\u00e1ndose llevar por el hilo argumental y la cercan\u00eda a los protagonistas por edad y contexto.<\/p>\n<p>Con mucha atenci\u00f3n e inter\u00e9s, tras su visionado enunciaron la intenci\u00f3n de la directora. Aparecieron en la charla t\u00e9rminos como raros, individualidad, acoso, sensibilidad, etc.&nbsp; Debatieron posteriormente, buscando soluciones al problema.<\/p>\n<p>Este corto ha ayudado a reflexionar y mejorar nuestro comportamiento.<\/p>\n<h2>&nbsp;<\/h2>\n<h2 style=\"text-align: center\">Consensuando normas<\/h2>\n<p style=\"text-align: justify\">En el marco del proyecto Comunica se pretende crear un esp\u00edritu de responsabilidad y reflexi\u00f3n en nuestro alumnado. En esta l\u00ednea diferentes clases han trabajado en la materia de &nbsp;Educaci\u00f3n Pl\u00e1stica y Visual carteles con las normas del centro en general y de cada clase en particular. Tras una lluvia de ideas, han seleccionado una serie de normas y tras dibujarlas, han explicado por qu\u00e9 son tan importantes para el centro.<\/p>\n<p>Esta es la muestra de algunos trabajos realizados.<\/p>\nngg_shortcode_2_placeholder\n","protected":false},"excerpt":{"rendered":"<p>Torneo de debate Semana Cultural Con motivo de la celebraci\u00f3n de la IV Semana Cultural del IES Arroyo de la Miel los alumnos de primero y segundo de ESO que cursan la optativa de&#46;&#46;&#46;<\/p>\n","protected":false},"author":10424,"featured_media":0,"parent":0,"menu_order":0,"comment_status":"closed","ping_status":"closed","template":"","meta":{"ngg_post_thumbnail":0,"footnotes":"","_mc_calendar":[]},"aioseo_notices":[],"_links":{"self":[{"href":"https:\/\/blogsaverroes.juntadeandalucia.es\/iesarroyodelamiel\/wp-json\/wp\/v2\/pages\/5745"}],"collection":[{"href":"https:\/\/blogsaverroes.juntadeandalucia.es\/iesarroyodelamiel\/wp-json\/wp\/v2\/pages"}],"about":[{"href":"https:\/\/blogsaverroes.juntadeandalucia.es\/iesarroyodelamiel\/wp-json\/wp\/v2\/types\/page"}],"author":[{"embeddable":true,"href":"https:\/\/blogsaverroes.juntadeandalucia.es\/iesarroyodelamiel\/wp-json\/wp\/v2\/users\/10424"}],"replies":[{"embeddable":true,"href":"https:\/\/blogsaverroes.juntadeandalucia.es\/iesarroyodelamiel\/wp-json\/wp\/v2\/comments?post=5745"}],"version-history":[{"count":11,"href":"https:\/\/blogsaverroes.juntadeandalucia.es\/iesarroyodelamiel\/wp-json\/wp\/v2\/pages\/5745\/revisions"}],"predecessor-version":[{"id":6273,"href":"https:\/\/blogsaverroes.juntadeandalucia.es\/iesarroyodelamiel\/wp-json\/wp\/v2\/pages\/5745\/revisions\/6273"}],"wp:attachment":[{"href":"https:\/\/blogsaverroes.juntadeandalucia.es\/iesarroyodelamiel\/wp-json\/wp\/v2\/media?parent=5745"}],"curies":[{"name":"wp","href":"https:\/\/api.w.org\/{rel}","templated":true}]}}