{"id":5761,"date":"2021-11-07T17:08:37","date_gmt":"2021-11-07T17:08:37","guid":{"rendered":"https:\/\/blogsaverroes.juntadeandalucia.es\/iesarroyodelamiel\/?page_id=5761"},"modified":"2022-11-18T10:12:49","modified_gmt":"2022-11-18T10:12:49","slug":"proceso-selectivo","status":"publish","type":"page","link":"https:\/\/blogsaverroes.juntadeandalucia.es\/iesarroyodelamiel\/proceso-selectivo\/","title":{"rendered":"Proceso selectivo 21_22"},"content":{"rendered":"<p><a href=\"https:\/\/blogsaverroes.juntadeandalucia.es\/iesarroyodelamiel\/files\/2021\/11\/erasmus.jpg\"><img loading=\"lazy\" decoding=\"async\" class=\"aligncenter size-medium wp-image-5762\" src=\"https:\/\/blogsaverroes.juntadeandalucia.es\/iesarroyodelamiel\/files\/2021\/11\/erasmus-300x117.jpg\" alt=\"\" width=\"300\" height=\"117\" srcset=\"https:\/\/blogsaverroes.juntadeandalucia.es\/iesarroyodelamiel\/files\/2021\/11\/erasmus-300x117.jpg 300w, https:\/\/blogsaverroes.juntadeandalucia.es\/iesarroyodelamiel\/files\/2021\/11\/erasmus.jpg 360w\" sizes=\"(max-width: 300px) 100vw, 300px\" \/><\/a><\/p>\n<p>El IES Arroyo de la Miel llevar\u00e1 a cabo durante el curso 2021-2022 el proyecto Erasmus para ciclos formativos que le fue concedido por el SEPIE.&nbsp;<\/p>\n<p>Gracias a dicho proyecto diez alumnos y alumnas de los ciclos formativos de las familias profesionales de Educaci\u00f3n F\u00edsica y Hosteler\u00eda y Turismo de nuestro centro,&nbsp; podr\u00e1n realizar el m\u00f3dulo de Formaci\u00f3n en Centros de Trabajo (FCT) en un pa\u00eds de la UE con una ayuda ERASMUS.<\/p>\n<p>El procedimiento selectivo comienza en el mes de octubre y se llevar\u00e1 a cabo durante el primer trimestre de curso.<\/p>\n<p>La consulta a dicho procedimiento se puede realizar en el siguiente enlace.<\/p>\n<p><a href=\"https:\/\/blogsaverroes.juntadeandalucia.es\/iesarroyodelamiel\/files\/2021\/11\/PROCESO-SELECTIVO.pdf\">PROCESO SELECTIVO<\/a><\/p>\n<p>\u00a1Buena suerte a todo el alumnado!<\/p>\n","protected":false},"excerpt":{"rendered":"<p>El IES Arroyo de la Miel llevar\u00e1 a cabo durante el curso 2021-2022 el proyecto Erasmus para ciclos formativos que le fue concedido por el SEPIE.&nbsp; Gracias a dicho proyecto diez alumnos y alumnas&#46;&#46;&#46;<\/p>\n","protected":false},"author":10424,"featured_media":0,"parent":0,"menu_order":0,"comment_status":"closed","ping_status":"closed","template":"","meta":{"ngg_post_thumbnail":0,"footnotes":"","_mc_calendar":[]},"aioseo_notices":[],"_links":{"self":[{"href":"https:\/\/blogsaverroes.juntadeandalucia.es\/iesarroyodelamiel\/wp-json\/wp\/v2\/pages\/5761"}],"collection":[{"href":"https:\/\/blogsaverroes.juntadeandalucia.es\/iesarroyodelamiel\/wp-json\/wp\/v2\/pages"}],"about":[{"href":"https:\/\/blogsaverroes.juntadeandalucia.es\/iesarroyodelamiel\/wp-json\/wp\/v2\/types\/page"}],"author":[{"embeddable":true,"href":"https:\/\/blogsaverroes.juntadeandalucia.es\/iesarroyodelamiel\/wp-json\/wp\/v2\/users\/10424"}],"replies":[{"embeddable":true,"href":"https:\/\/blogsaverroes.juntadeandalucia.es\/iesarroyodelamiel\/wp-json\/wp\/v2\/comments?post=5761"}],"version-history":[{"count":2,"href":"https:\/\/blogsaverroes.juntadeandalucia.es\/iesarroyodelamiel\/wp-json\/wp\/v2\/pages\/5761\/revisions"}],"predecessor-version":[{"id":6555,"href":"https:\/\/blogsaverroes.juntadeandalucia.es\/iesarroyodelamiel\/wp-json\/wp\/v2\/pages\/5761\/revisions\/6555"}],"wp:attachment":[{"href":"https:\/\/blogsaverroes.juntadeandalucia.es\/iesarroyodelamiel\/wp-json\/wp\/v2\/media?parent=5761"}],"curies":[{"name":"wp","href":"https:\/\/api.w.org\/{rel}","templated":true}]}}