{"id":5774,"date":"2021-11-18T12:19:21","date_gmt":"2021-11-18T12:19:21","guid":{"rendered":"https:\/\/blogsaverroes.juntadeandalucia.es\/iesarroyodelamiel\/?page_id=5774"},"modified":"2025-10-17T05:32:46","modified_gmt":"2025-10-17T05:32:46","slug":"presentacion-cc","status":"publish","type":"page","link":"https:\/\/blogsaverroes.juntadeandalucia.es\/iesarroyodelamiel\/presentacion-cc\/","title":{"rendered":"Presentaci\u00f3n CC"},"content":{"rendered":"<p>El profesorado del departamento de Cultura Cl\u00e1sica&nbsp; durante el curso 2025-2026 es:<\/p>\n<ul>\n<li>D. Jos\u00e9 Mar\u00eda Castillo Asencio.<\/li>\n<li>D\u00f1a. Mar\u00eda del Mar Garc\u00eda M\u00e1rquez.<\/li>\n<\/ul>\n","protected":false},"excerpt":{"rendered":"<p>El profesorado del departamento de Cultura Cl\u00e1sica&nbsp; durante el curso 2025-2026 es: D. Jos\u00e9 Mar\u00eda Castillo Asencio. D\u00f1a. Mar\u00eda del Mar Garc\u00eda M\u00e1rquez.<\/p>\n","protected":false},"author":10424,"featured_media":0,"parent":0,"menu_order":0,"comment_status":"closed","ping_status":"closed","template":"","meta":{"ngg_post_thumbnail":0,"footnotes":"","_mc_calendar":[]},"aioseo_notices":[],"_links":{"self":[{"href":"https:\/\/blogsaverroes.juntadeandalucia.es\/iesarroyodelamiel\/wp-json\/wp\/v2\/pages\/5774"}],"collection":[{"href":"https:\/\/blogsaverroes.juntadeandalucia.es\/iesarroyodelamiel\/wp-json\/wp\/v2\/pages"}],"about":[{"href":"https:\/\/blogsaverroes.juntadeandalucia.es\/iesarroyodelamiel\/wp-json\/wp\/v2\/types\/page"}],"author":[{"embeddable":true,"href":"https:\/\/blogsaverroes.juntadeandalucia.es\/iesarroyodelamiel\/wp-json\/wp\/v2\/users\/10424"}],"replies":[{"embeddable":true,"href":"https:\/\/blogsaverroes.juntadeandalucia.es\/iesarroyodelamiel\/wp-json\/wp\/v2\/comments?post=5774"}],"version-history":[{"count":5,"href":"https:\/\/blogsaverroes.juntadeandalucia.es\/iesarroyodelamiel\/wp-json\/wp\/v2\/pages\/5774\/revisions"}],"predecessor-version":[{"id":7651,"href":"https:\/\/blogsaverroes.juntadeandalucia.es\/iesarroyodelamiel\/wp-json\/wp\/v2\/pages\/5774\/revisions\/7651"}],"wp:attachment":[{"href":"https:\/\/blogsaverroes.juntadeandalucia.es\/iesarroyodelamiel\/wp-json\/wp\/v2\/media?parent=5774"}],"curies":[{"name":"wp","href":"https:\/\/api.w.org\/{rel}","templated":true}]}}