{"id":5784,"date":"2021-11-19T11:50:13","date_gmt":"2021-11-19T11:50:13","guid":{"rendered":"https:\/\/blogsaverroes.juntadeandalucia.es\/iesarroyodelamiel\/?page_id=5784"},"modified":"2025-10-17T05:40:49","modified_gmt":"2025-10-17T05:40:49","slug":"presentacion-gh","status":"publish","type":"page","link":"https:\/\/blogsaverroes.juntadeandalucia.es\/iesarroyodelamiel\/presentacion-gh\/","title":{"rendered":"Presentaci\u00f3n GH"},"content":{"rendered":"<p>El profesorado del departamento de Geograf\u00eda e Historia&nbsp; durante el curso 2022-2023 es:<\/p>\n<ul>\n<li>Abujeta Soria, Susana<\/li>\n<li>Alonso Ballesteros, Mar\u00eda Jos\u00e9<\/li>\n<li>Castellano Albors, Miriam<\/li>\n<li>Escorza Doblas, Francisca<\/li>\n<li>Fernandez Fernandez, Alfonso<\/li>\n<li>Mart\u00edn Gordillo, Elisabet<\/li>\n<li>Rodr\u00edguez C\u00f3rdoba, Adri\u00e1n Miguel<\/li>\n<li>S\u00e1nchez Galv\u00e1n, David Antonio<\/li>\n<li>Sarria G\u00f3mez, Carlos<\/li>\n<li>Torreblanca Ortega, Miguel<\/li>\n<\/ul>\n","protected":false},"excerpt":{"rendered":"<p>El profesorado del departamento de Geograf\u00eda e Historia&nbsp; durante el curso 2022-2023 es: Abujeta Soria, Susana Alonso Ballesteros, Mar\u00eda Jos\u00e9 Castellano Albors, Miriam Escorza Doblas, Francisca Fernandez Fernandez, Alfonso Mart\u00edn Gordillo, Elisabet Rodr\u00edguez C\u00f3rdoba,&#46;&#46;&#46;<\/p>\n","protected":false},"author":10424,"featured_media":0,"parent":0,"menu_order":0,"comment_status":"closed","ping_status":"closed","template":"","meta":{"ngg_post_thumbnail":0,"footnotes":"","_mc_calendar":[]},"aioseo_notices":[],"_links":{"self":[{"href":"https:\/\/blogsaverroes.juntadeandalucia.es\/iesarroyodelamiel\/wp-json\/wp\/v2\/pages\/5784"}],"collection":[{"href":"https:\/\/blogsaverroes.juntadeandalucia.es\/iesarroyodelamiel\/wp-json\/wp\/v2\/pages"}],"about":[{"href":"https:\/\/blogsaverroes.juntadeandalucia.es\/iesarroyodelamiel\/wp-json\/wp\/v2\/types\/page"}],"author":[{"embeddable":true,"href":"https:\/\/blogsaverroes.juntadeandalucia.es\/iesarroyodelamiel\/wp-json\/wp\/v2\/users\/10424"}],"replies":[{"embeddable":true,"href":"https:\/\/blogsaverroes.juntadeandalucia.es\/iesarroyodelamiel\/wp-json\/wp\/v2\/comments?post=5784"}],"version-history":[{"count":5,"href":"https:\/\/blogsaverroes.juntadeandalucia.es\/iesarroyodelamiel\/wp-json\/wp\/v2\/pages\/5784\/revisions"}],"predecessor-version":[{"id":7657,"href":"https:\/\/blogsaverroes.juntadeandalucia.es\/iesarroyodelamiel\/wp-json\/wp\/v2\/pages\/5784\/revisions\/7657"}],"wp:attachment":[{"href":"https:\/\/blogsaverroes.juntadeandalucia.es\/iesarroyodelamiel\/wp-json\/wp\/v2\/media?parent=5784"}],"curies":[{"name":"wp","href":"https:\/\/api.w.org\/{rel}","templated":true}]}}