{"id":5787,"date":"2021-11-19T11:57:09","date_gmt":"2021-11-19T11:57:09","guid":{"rendered":"https:\/\/blogsaverroes.juntadeandalucia.es\/iesarroyodelamiel\/?page_id=5787"},"modified":"2025-10-17T05:45:27","modified_gmt":"2025-10-17T05:45:27","slug":"presentacion-ll","status":"publish","type":"page","link":"https:\/\/blogsaverroes.juntadeandalucia.es\/iesarroyodelamiel\/presentacion-ll\/","title":{"rendered":"Presentaci\u00f3n L&amp;L"},"content":{"rendered":"<p>Las profesoras del departamento de Lengua y Literatura durante el presente curso lectivo son:<\/p>\n<ul>\n<li>Alarc\u00f3n Serrano, Cristina<\/li>\n<li>Avil\u00e9s Garc\u00eda, Mar\u00eda Cayetana<\/li>\n<li>Fernandez Garc\u00eda, Ana Bel\u00e9n<\/li>\n<li>Garc\u00eda G\u00f3mez, \u00c1lvaro<\/li>\n<li>Guerra Villalobos, Mar\u00eda Mercedes<\/li>\n<li>Jim\u00e9nez L\u00f3pez, Esther<\/li>\n<li>Mart\u00edn M\u00e1rmol, Remedios<\/li>\n<li>Mart\u00ednez Ord\u00f3\u00f1ez, Yolanda<\/li>\n<li>Mogio Recio, Silvia<\/li>\n<li>Mu\u00f1oz Bou, Manuela<\/li>\n<li>Ortega Alc\u00e1ntara, Leonor Mar\u00eda<\/li>\n<li>Vargas Porras, Mar\u00eda Dolores<\/li>\n<\/ul>\n<p>&nbsp;<\/p>\n","protected":false},"excerpt":{"rendered":"<p>Las profesoras del departamento de Lengua y Literatura durante el presente curso lectivo son: Alarc\u00f3n Serrano, Cristina Avil\u00e9s Garc\u00eda, Mar\u00eda Cayetana Fernandez Garc\u00eda, Ana Bel\u00e9n Garc\u00eda G\u00f3mez, \u00c1lvaro Guerra Villalobos, Mar\u00eda Mercedes Jim\u00e9nez L\u00f3pez,&#46;&#46;&#46;<\/p>\n","protected":false},"author":10424,"featured_media":0,"parent":0,"menu_order":0,"comment_status":"closed","ping_status":"closed","template":"","meta":{"ngg_post_thumbnail":0,"footnotes":"","_mc_calendar":[]},"aioseo_notices":[],"_links":{"self":[{"href":"https:\/\/blogsaverroes.juntadeandalucia.es\/iesarroyodelamiel\/wp-json\/wp\/v2\/pages\/5787"}],"collection":[{"href":"https:\/\/blogsaverroes.juntadeandalucia.es\/iesarroyodelamiel\/wp-json\/wp\/v2\/pages"}],"about":[{"href":"https:\/\/blogsaverroes.juntadeandalucia.es\/iesarroyodelamiel\/wp-json\/wp\/v2\/types\/page"}],"author":[{"embeddable":true,"href":"https:\/\/blogsaverroes.juntadeandalucia.es\/iesarroyodelamiel\/wp-json\/wp\/v2\/users\/10424"}],"replies":[{"embeddable":true,"href":"https:\/\/blogsaverroes.juntadeandalucia.es\/iesarroyodelamiel\/wp-json\/wp\/v2\/comments?post=5787"}],"version-history":[{"count":7,"href":"https:\/\/blogsaverroes.juntadeandalucia.es\/iesarroyodelamiel\/wp-json\/wp\/v2\/pages\/5787\/revisions"}],"predecessor-version":[{"id":7661,"href":"https:\/\/blogsaverroes.juntadeandalucia.es\/iesarroyodelamiel\/wp-json\/wp\/v2\/pages\/5787\/revisions\/7661"}],"wp:attachment":[{"href":"https:\/\/blogsaverroes.juntadeandalucia.es\/iesarroyodelamiel\/wp-json\/wp\/v2\/media?parent=5787"}],"curies":[{"name":"wp","href":"https:\/\/api.w.org\/{rel}","templated":true}]}}