{"id":5798,"date":"2021-11-19T13:30:29","date_gmt":"2021-11-19T13:30:29","guid":{"rendered":"https:\/\/blogsaverroes.juntadeandalucia.es\/iesarroyodelamiel\/?page_id=5798"},"modified":"2025-10-17T05:42:43","modified_gmt":"2025-10-17T05:42:43","slug":"presentacion-je","status":"publish","type":"page","link":"https:\/\/blogsaverroes.juntadeandalucia.es\/iesarroyodelamiel\/presentacion-je\/","title":{"rendered":"Presentaci\u00f3n JE"},"content":{"rendered":"<p>El profesorado del Departamento Jur\u00eddico-econ\u00f3mico durante el curso 2021-2022 es:<\/p>\n<ul>\n<li>D\u00f1a. Consuelo Garc\u00eda Herrera.<\/li>\n<li>D. Aberto Luna Samperio.<\/li>\n<li>D. Jos\u00e9&nbsp; Manuel S\u00e1nchez Porras.<\/li>\n<\/ul>\n","protected":false},"excerpt":{"rendered":"<p>El profesorado del Departamento Jur\u00eddico-econ\u00f3mico durante el curso 2021-2022 es: D\u00f1a. Consuelo Garc\u00eda Herrera. D. Aberto Luna Samperio. D. Jos\u00e9&nbsp; Manuel S\u00e1nchez Porras.<\/p>\n","protected":false},"author":10424,"featured_media":0,"parent":0,"menu_order":0,"comment_status":"closed","ping_status":"closed","template":"","meta":{"ngg_post_thumbnail":0,"footnotes":"","_mc_calendar":[]},"aioseo_notices":[],"_links":{"self":[{"href":"https:\/\/blogsaverroes.juntadeandalucia.es\/iesarroyodelamiel\/wp-json\/wp\/v2\/pages\/5798"}],"collection":[{"href":"https:\/\/blogsaverroes.juntadeandalucia.es\/iesarroyodelamiel\/wp-json\/wp\/v2\/pages"}],"about":[{"href":"https:\/\/blogsaverroes.juntadeandalucia.es\/iesarroyodelamiel\/wp-json\/wp\/v2\/types\/page"}],"author":[{"embeddable":true,"href":"https:\/\/blogsaverroes.juntadeandalucia.es\/iesarroyodelamiel\/wp-json\/wp\/v2\/users\/10424"}],"replies":[{"embeddable":true,"href":"https:\/\/blogsaverroes.juntadeandalucia.es\/iesarroyodelamiel\/wp-json\/wp\/v2\/comments?post=5798"}],"version-history":[{"count":5,"href":"https:\/\/blogsaverroes.juntadeandalucia.es\/iesarroyodelamiel\/wp-json\/wp\/v2\/pages\/5798\/revisions"}],"predecessor-version":[{"id":7660,"href":"https:\/\/blogsaverroes.juntadeandalucia.es\/iesarroyodelamiel\/wp-json\/wp\/v2\/pages\/5798\/revisions\/7660"}],"wp:attachment":[{"href":"https:\/\/blogsaverroes.juntadeandalucia.es\/iesarroyodelamiel\/wp-json\/wp\/v2\/media?parent=5798"}],"curies":[{"name":"wp","href":"https:\/\/api.w.org\/{rel}","templated":true}]}}