{"id":5923,"date":"2021-12-01T19:06:46","date_gmt":"2021-12-01T19:06:46","guid":{"rendered":"https:\/\/blogsaverroes.juntadeandalucia.es\/iesarroyodelamiel\/?page_id=5923"},"modified":"2021-12-01T19:06:46","modified_gmt":"2021-12-01T19:06:46","slug":"docencia-libro-y-evaluacion-fq","status":"publish","type":"page","link":"https:\/\/blogsaverroes.juntadeandalucia.es\/iesarroyodelamiel\/docencia-libro-y-evaluacion-fq\/","title":{"rendered":"Docencia, libro y evaluaci\u00f3n FQ"},"content":{"rendered":"<p>El listado de libros del departamento de F\u00edsica y Qu\u00edmica en el a\u00f1o 2021-2022 son:<\/p>\n<ul>\n<li>2\u00ba ESO: F\u00edsica y Qu\u00edmica. Editorial Santillana<\/li>\n<li><span>3\u00ba ESO: F\u00edsica y Qu\u00edmica de la editorial Mc Graw Hill.<\/span><\/li>\n<li><span>4\u00ba ESO: Editorial Santillana Proyecto \u201cSaber hacer contigo\u201d<\/span><\/li>\n<li><span>F\u00edsica y Qu\u00edmica de 1\u00ba de bachillerato de la editorial Santillana.<\/span><\/li>\n<li><span>F\u00edsica: Santillana<\/span><\/li>\n<li><span>Qu\u00edmica: Santillana<\/span><\/li>\n<li><span>CIENCIAS APLICADAS A LA ACTIVIDAD PROFESIONAL: Libro de texto de la Editorial Vicens Vives.<\/span><\/li>\n<\/ul>\n<p>&nbsp;<\/p>\n","protected":false},"excerpt":{"rendered":"<p>El listado de libros del departamento de F\u00edsica y Qu\u00edmica en el a\u00f1o 2021-2022 son: 2\u00ba ESO: F\u00edsica y Qu\u00edmica. Editorial Santillana 3\u00ba ESO: F\u00edsica y Qu\u00edmica de la editorial Mc Graw Hill. 4\u00ba&#46;&#46;&#46;<\/p>\n","protected":false},"author":10424,"featured_media":0,"parent":0,"menu_order":0,"comment_status":"closed","ping_status":"closed","template":"","meta":{"ngg_post_thumbnail":0,"footnotes":"","_mc_calendar":[]},"aioseo_notices":[],"_links":{"self":[{"href":"https:\/\/blogsaverroes.juntadeandalucia.es\/iesarroyodelamiel\/wp-json\/wp\/v2\/pages\/5923"}],"collection":[{"href":"https:\/\/blogsaverroes.juntadeandalucia.es\/iesarroyodelamiel\/wp-json\/wp\/v2\/pages"}],"about":[{"href":"https:\/\/blogsaverroes.juntadeandalucia.es\/iesarroyodelamiel\/wp-json\/wp\/v2\/types\/page"}],"author":[{"embeddable":true,"href":"https:\/\/blogsaverroes.juntadeandalucia.es\/iesarroyodelamiel\/wp-json\/wp\/v2\/users\/10424"}],"replies":[{"embeddable":true,"href":"https:\/\/blogsaverroes.juntadeandalucia.es\/iesarroyodelamiel\/wp-json\/wp\/v2\/comments?post=5923"}],"version-history":[{"count":1,"href":"https:\/\/blogsaverroes.juntadeandalucia.es\/iesarroyodelamiel\/wp-json\/wp\/v2\/pages\/5923\/revisions"}],"predecessor-version":[{"id":5924,"href":"https:\/\/blogsaverroes.juntadeandalucia.es\/iesarroyodelamiel\/wp-json\/wp\/v2\/pages\/5923\/revisions\/5924"}],"wp:attachment":[{"href":"https:\/\/blogsaverroes.juntadeandalucia.es\/iesarroyodelamiel\/wp-json\/wp\/v2\/media?parent=5923"}],"curies":[{"name":"wp","href":"https:\/\/api.w.org\/{rel}","templated":true}]}}