{"id":5941,"date":"2021-12-08T18:29:42","date_gmt":"2021-12-08T18:29:42","guid":{"rendered":"https:\/\/blogsaverroes.juntadeandalucia.es\/iesarroyodelamiel\/?page_id=5941"},"modified":"2022-02-21T11:30:56","modified_gmt":"2022-02-21T11:30:56","slug":"materiales-ma","status":"publish","type":"page","link":"https:\/\/blogsaverroes.juntadeandalucia.es\/iesarroyodelamiel\/materiales-ma\/","title":{"rendered":"Materiales MA"},"content":{"rendered":"<p><a href=\"https:\/\/blogsaverroes.juntadeandalucia.es\/iesarroyodelamiel\/files\/2021\/12\/descarga.jpeg\"><img loading=\"lazy\" decoding=\"async\" class=\"aligncenter size-full wp-image-5954\" src=\"https:\/\/blogsaverroes.juntadeandalucia.es\/iesarroyodelamiel\/files\/2021\/12\/descarga.jpeg\" alt=\"\" width=\"275\" height=\"183\"><\/a><\/p>\n<p style=\"text-align: center\">En esta p\u00e1gina encontrar\u00e1s materiales de utilidad de los distintos niveles de Matem\u00e1ticas.<\/p>\n<p style=\"text-align: center\">Como siempre,&nbsp; para cualquier duda consulta con los profesores del departamento.<\/p>\n<p style=\"text-align: left\"><span style=\"color: #993366\"><strong>1\u00ba ESO&nbsp;<\/strong><\/span><\/p>\n<p><a href=\"https:\/\/blogsaverroes.juntadeandalucia.es\/iesarroyodelamiel\/files\/2021\/12\/1\u00ba-ESO-Soluciones-21-22.zip\">1\u00ba ESO Soluciones 2020<\/a><\/p>\n<p><a href=\"https:\/\/matematicas.iesarroyodelamiel.es\/materiales\/1eso\/1esosoluciolibro2016.html\">1\u00ba ESO Soluciones 2016<\/a><\/p>\n<p><span style=\"color: #993366\"><strong>2\u00ba ESO&nbsp;<\/strong><\/span><\/p>\n<p><a href=\"https:\/\/blogsaverroes.juntadeandalucia.es\/iesarroyodelamiel\/files\/2021\/12\/2\u00ba-ESO-Soluciones-21-22.zip\">2\u00ba ESO Soluciones 2020<\/a><\/p>\n<p><a href=\"https:\/\/matematicas.iesarroyodelamiel.es\/materiales\/2eso\/2esosoluciolibro2016.html\">2\u00ba ESO Soluciones 2016<\/a><\/p>\n<p><span style=\"color: #993366\"><strong>3\u00ba ESO<\/strong><\/span><\/p>\n<p><a href=\"https:\/\/blogsaverroes.juntadeandalucia.es\/iesarroyodelamiel\/files\/2021\/12\/3\u00ba-ESO-Soluciones-21-22-1.zip\">3\u00ba ESO Soluciones 2020<\/a><\/p>\n<p><a href=\"https:\/\/matematicas.iesarroyodelamiel.es\/materiales\/3eso\/3esosoluciolibro2016.html\">3\u00ba ESO Soluciones 2016<\/a><\/p>\n<p>&nbsp; &nbsp; <a href=\"https:\/\/matematicas.iesarroyodelamiel.es\/materiales\/3eso\/3esoapuntes.htm\">&nbsp;Apuntes 3 ESO 2016&nbsp;<\/a><\/p>\n<p>&nbsp; &nbsp; <a href=\"https:\/\/matematicas.iesarroyodelamiel.es\/materiales\/3eso\/3eso.htm\">Problemas de apoyo 3 ESO 2016&nbsp;<\/a><\/p>\n<p><span style=\"color: #993366\"><strong>4\u00ba ESO<\/strong><\/span><\/p>\n<p><a href=\"https:\/\/blogsaverroes.juntadeandalucia.es\/iesarroyodelamiel\/files\/2022\/02\/Acad\u00e9micas.zip\">4\u00ba ESO Soluciones Matem\u00e1ticas Acad\u00e9micas 2020<\/a><\/p>\n<p><a href=\"https:\/\/blogsaverroes.juntadeandalucia.es\/iesarroyodelamiel\/files\/2022\/02\/Aplicadas.zip\">4\u00baESO Soluciones Matem\u00e1ticas Aplicadas 2020<\/a><\/p>\n<p><a href=\"https:\/\/matematicas.iesarroyodelamiel.es\/materiales\/3eso\/3eso.htm\">Soluci\u00f3n de problemas 2016 acad\u00e9micas<\/a><\/p>\n<p><a href=\"https:\/\/matematicas.iesarroyodelamiel.es\/materiales\/4eso\/4esoAplicada2016.html\">Soluci\u00f3n problemas 2016 aplicadas<\/a><\/p>\n<p><a href=\"https:\/\/matematicas.iesarroyodelamiel.es\/materiales\/4eso\/4esoapuntes.htm\">Apuntes 4\u00ba ESO<\/a><\/p>\n<p><a href=\"https:\/\/matematicas.iesarroyodelamiel.es\/materiales\/4eso\/4eso.htm\">Problemas de apoyo 4\u00ba ESO<\/a><\/p>\n<p><a href=\"https:\/\/matematicas.iesarroyodelamiel.es\/materiales\/4eso\/4esocuadernodeactividades.htm\">Cuaderno de actividades 4\u00ba ESO<\/a><\/p>\n<p><span style=\"color: #993366\"><strong>BACHILLERATO<\/strong><\/span><\/p>\n<p><a href=\"https:\/\/blogsaverroes.juntadeandalucia.es\/iesarroyodelamiel\/files\/2022\/02\/1\u00ba-BAC-Ciencias.zip\">Soluciones 1\u00ba BAC Ciencias 2020<\/a><\/p>\n<p><a href=\"https:\/\/blogsaverroes.juntadeandalucia.es\/iesarroyodelamiel\/files\/2022\/02\/1\u00ba-BAC-Sociales.zip\">Soluciones 1\u00ba BAC Sociales 2020<\/a><\/p>\n<p><a href=\"https:\/\/blogsaverroes.juntadeandalucia.es\/iesarroyodelamiel\/files\/2022\/02\/2\u00ba-BAC-Ciencias.zip\">Soluciones 2\u00ba BAC Ciencias 2020<\/a><\/p>\n<p><a href=\"https:\/\/blogsaverroes.juntadeandalucia.es\/iesarroyodelamiel\/files\/2022\/02\/2\u00ba-BAC-Sociales.zip\">Soluciones 2\u00ba BAC Sociales 2020<\/a><\/p>\n<p><a href=\"https:\/\/blogsaverroes.juntadeandalucia.es\/iesarroyodelamiel\/category\/matematicas-ma\/materiales-ma\/bachillerato-ma\/\">Materiales Bachillerato 2016 y anteriores&nbsp;<\/a><\/p>\n<p>&nbsp;<\/p>\n","protected":false},"excerpt":{"rendered":"<p>En esta p\u00e1gina encontrar\u00e1s materiales de utilidad de los distintos niveles de Matem\u00e1ticas. Como siempre,&nbsp; para cualquier duda consulta con los profesores del departamento. 1\u00ba ESO&nbsp; 1\u00ba ESO Soluciones 2020 1\u00ba ESO Soluciones 2016&#46;&#46;&#46;<\/p>\n","protected":false},"author":10424,"featured_media":0,"parent":0,"menu_order":0,"comment_status":"closed","ping_status":"closed","template":"","meta":{"ngg_post_thumbnail":0,"footnotes":"","_mc_calendar":[]},"aioseo_notices":[],"_links":{"self":[{"href":"https:\/\/blogsaverroes.juntadeandalucia.es\/iesarroyodelamiel\/wp-json\/wp\/v2\/pages\/5941"}],"collection":[{"href":"https:\/\/blogsaverroes.juntadeandalucia.es\/iesarroyodelamiel\/wp-json\/wp\/v2\/pages"}],"about":[{"href":"https:\/\/blogsaverroes.juntadeandalucia.es\/iesarroyodelamiel\/wp-json\/wp\/v2\/types\/page"}],"author":[{"embeddable":true,"href":"https:\/\/blogsaverroes.juntadeandalucia.es\/iesarroyodelamiel\/wp-json\/wp\/v2\/users\/10424"}],"replies":[{"embeddable":true,"href":"https:\/\/blogsaverroes.juntadeandalucia.es\/iesarroyodelamiel\/wp-json\/wp\/v2\/comments?post=5941"}],"version-history":[{"count":8,"href":"https:\/\/blogsaverroes.juntadeandalucia.es\/iesarroyodelamiel\/wp-json\/wp\/v2\/pages\/5941\/revisions"}],"predecessor-version":[{"id":6119,"href":"https:\/\/blogsaverroes.juntadeandalucia.es\/iesarroyodelamiel\/wp-json\/wp\/v2\/pages\/5941\/revisions\/6119"}],"wp:attachment":[{"href":"https:\/\/blogsaverroes.juntadeandalucia.es\/iesarroyodelamiel\/wp-json\/wp\/v2\/media?parent=5941"}],"curies":[{"name":"wp","href":"https:\/\/api.w.org\/{rel}","templated":true}]}}