{"id":5989,"date":"2021-12-17T13:26:13","date_gmt":"2021-12-17T13:26:13","guid":{"rendered":"https:\/\/blogsaverroes.juntadeandalucia.es\/iesarroyodelamiel\/?page_id=5989"},"modified":"2022-01-20T18:40:59","modified_gmt":"2022-01-20T18:40:59","slug":"latin-3","status":"publish","type":"page","link":"https:\/\/blogsaverroes.juntadeandalucia.es\/iesarroyodelamiel\/latin-3\/","title":{"rendered":"Lat\u00edn 20-21"},"content":{"rendered":"<h2 style=\"text-align: center\">Los 12 Trabajos de H\u00e9rcules<\/h2>\n<div dir=\"auto\">Desde 4\u00b0 de ESO del IES Arroyo de la Miel hemos trabajado el teatro y su representaci\u00f3n en sombras durante el primer trimestre, esta vez con los \u00ab12 trabajos de H\u00e9rcules\u00bb (Heracles en griego). Cada grupo ha trabajado de forma independiente tres trabajos de H\u00e9rcules para grabarlo en v\u00eddeo y luego hacer una pel\u00edcula final. Quiz\u00e1 la pel\u00edcula est\u00e9 lejos de conseguir el Goya, pero seguro que han pasado un buen rato de trabajo y aprendizaje.&nbsp;<\/div>\n<div dir=\"auto\">&nbsp;<\/div>\n<div dir=\"auto\">Si quieres ver el resultado os dejamos el enlace a <a href=\"https:\/\/www.youtube.com\/watch?v=D3PaITtjDbM&amp;t=2s\">YouTube.<\/a>&nbsp;<\/div>\n<div dir=\"auto\"><a href=\"https:\/\/www.youtube.com\/watch?v=D3PaITtjDbM&amp;t=2s\"><img loading=\"lazy\" decoding=\"async\" class=\"aligncenter size-medium wp-image-6015\" src=\"https:\/\/blogsaverroes.juntadeandalucia.es\/iesarroyodelamiel\/files\/2022\/01\/Los-12-Trabajos-de-H\u00e9rcules-300x177.png\" alt=\"\" width=\"300\" height=\"177\" srcset=\"https:\/\/blogsaverroes.juntadeandalucia.es\/iesarroyodelamiel\/files\/2022\/01\/Los-12-Trabajos-de-H\u00e9rcules-300x177.png 300w, https:\/\/blogsaverroes.juntadeandalucia.es\/iesarroyodelamiel\/files\/2022\/01\/Los-12-Trabajos-de-H\u00e9rcules.png 460w\" sizes=\"(max-width: 300px) 100vw, 300px\" \/><\/a><\/div>\n<h2 style=\"text-align: center\">El lat\u00edn por las calles de M\u00e1laga<\/h2>\n<p>\u00bfQu\u00e9 pasar\u00eda si explicamos Lat\u00edn? No, no, mejor a\u00fan \u00bfQu\u00e9 pasa si explicamos el Teatro Romano de M\u00e1laga en Lat\u00edn? \u00bfY si lo hacemos \u00abin situ\u00bb con 4\u00b0 de ESO y 1\u00b0 de Bach de Humanidades? Pues nos sale una actividad complementaria estupenda, donde varias alumnas de Lat\u00edn y Griego de 2\u00b0 de Bach han explicado las partes del teatro a sus propios compa\u00f1eros del instituto.&nbsp;<\/p>\n<p>Aprovechando los recursos de nuestro entorno y ampliando nuestra aula con otra forma de aprender.<\/p>\nngg_shortcode_0_placeholder\n<h2 style=\"text-align: center\">Actividad Intercentros<\/h2>\n<p>El alumnado de 1\u00b0 de Bach B, de Lat\u00edn y Griego, ha realizado una actividad que ha implicado tambi\u00e9n al alumnado de otro centro de la provincia de M\u00e1laga, en este caso al del IES Jarifa en C\u00e1rtama. La actividad consiste en mantener una correspondencia con el alumnado del otro centro con la peculiaridad de que las cartas est\u00e1n escritas en Lat\u00edn, de este modo repasamos la gram\u00e1tica de este trimestre y fomentamos la comunicaci\u00f3n en este idioma de m\u00e1s de dos mil a\u00f1os de antig\u00fcedad. Esperemos que de esta correspondencia surja alguna amistad y si no, al menos, que se entienda que el Lat\u00edn es un idioma universal y de plena actualidad en pleno siglo XXI.<\/p>\nngg_shortcode_1_placeholder\n","protected":false},"excerpt":{"rendered":"<p>Los 12 Trabajos de H\u00e9rcules Desde 4\u00b0 de ESO del IES Arroyo de la Miel hemos trabajado el teatro y su representaci\u00f3n en sombras durante el primer trimestre, esta vez con los \u00ab12 trabajos&#46;&#46;&#46;<\/p>\n","protected":false},"author":10424,"featured_media":0,"parent":0,"menu_order":0,"comment_status":"closed","ping_status":"closed","template":"","meta":{"ngg_post_thumbnail":0,"footnotes":"","_mc_calendar":[]},"aioseo_notices":[],"_links":{"self":[{"href":"https:\/\/blogsaverroes.juntadeandalucia.es\/iesarroyodelamiel\/wp-json\/wp\/v2\/pages\/5989"}],"collection":[{"href":"https:\/\/blogsaverroes.juntadeandalucia.es\/iesarroyodelamiel\/wp-json\/wp\/v2\/pages"}],"about":[{"href":"https:\/\/blogsaverroes.juntadeandalucia.es\/iesarroyodelamiel\/wp-json\/wp\/v2\/types\/page"}],"author":[{"embeddable":true,"href":"https:\/\/blogsaverroes.juntadeandalucia.es\/iesarroyodelamiel\/wp-json\/wp\/v2\/users\/10424"}],"replies":[{"embeddable":true,"href":"https:\/\/blogsaverroes.juntadeandalucia.es\/iesarroyodelamiel\/wp-json\/wp\/v2\/comments?post=5989"}],"version-history":[{"count":6,"href":"https:\/\/blogsaverroes.juntadeandalucia.es\/iesarroyodelamiel\/wp-json\/wp\/v2\/pages\/5989\/revisions"}],"predecessor-version":[{"id":6018,"href":"https:\/\/blogsaverroes.juntadeandalucia.es\/iesarroyodelamiel\/wp-json\/wp\/v2\/pages\/5989\/revisions\/6018"}],"wp:attachment":[{"href":"https:\/\/blogsaverroes.juntadeandalucia.es\/iesarroyodelamiel\/wp-json\/wp\/v2\/media?parent=5989"}],"curies":[{"name":"wp","href":"https:\/\/api.w.org\/{rel}","templated":true}]}}