{"id":6076,"date":"2022-02-10T09:23:05","date_gmt":"2022-02-10T09:23:05","guid":{"rendered":"https:\/\/blogsaverroes.juntadeandalucia.es\/iesarroyodelamiel\/?page_id=6076"},"modified":"2023-05-22T16:38:35","modified_gmt":"2023-05-22T16:38:35","slug":"formacion-profesional","status":"publish","type":"page","link":"https:\/\/blogsaverroes.juntadeandalucia.es\/iesarroyodelamiel\/formacion-profesional\/","title":{"rendered":"Formaci\u00f3n Profesional"},"content":{"rendered":"<p><a href=\"https:\/\/blogsaverroes.juntadeandalucia.es\/iesarroyodelamiel\/files\/2022\/02\/FP.png\"><img loading=\"lazy\" decoding=\"async\" class=\"aligncenter size-medium wp-image-6077\" src=\"https:\/\/blogsaverroes.juntadeandalucia.es\/iesarroyodelamiel\/files\/2022\/02\/FP-300x146.png\" alt=\"\" width=\"300\" height=\"146\" srcset=\"https:\/\/blogsaverroes.juntadeandalucia.es\/iesarroyodelamiel\/files\/2022\/02\/FP-300x146.png 300w, https:\/\/blogsaverroes.juntadeandalucia.es\/iesarroyodelamiel\/files\/2022\/02\/FP-320x157.png 320w, https:\/\/blogsaverroes.juntadeandalucia.es\/iesarroyodelamiel\/files\/2022\/02\/FP.png 322w\" sizes=\"(max-width: 300px) 100vw, 300px\" \/><\/a><\/p>\n<p>&nbsp;<\/p>\n<p>Toda la informaci\u00f3n sobre ciclos formativos, ofertas, d\u00f3nde estudiar, etc.<\/p>\n<p><a href=\"https:\/\/view.genial.ly\/61ffc0904a0c1a001137b99a\/interactive-content-tablero-de-corcho\">Formaci\u00f3n Profesional informaci\u00f3n&nbsp;<\/a><\/p>\n<p>En este <a href=\"https:\/\/www.juntadeandalucia.es\/educacion\/portales\/es\/web\/escolarizacion\/fp\">enlace<\/a> podr\u00e1n consultar todo lo relacionado con la solicitud, calendario, centros donde se imparten, notas de corte&#8230; relacionadas con el itinerario de ciclos formativos de formaci\u00f3n profesional de grado superior. S\u00f3lo han de pinchar sobre dichos estudios para obtener dicho acceso.<\/p>\n<p>Continuando con la informaci\u00f3n para nuestro alumnado,&nbsp; a continuaci\u00f3n se puede consultar la presentaci\u00f3n que la Universidad de M\u00e1laga ha elaborado en relaci\u00f3n al examen de PEVAU, con enlaces interesantes sobre ponderaciones de materias, modo de revisi\u00f3n de ex\u00e1menes\u2026,&nbsp; as\u00ed como a p\u00e1ginas de inter\u00e9s para el alumnado sobre fechas de preinscripci\u00f3n a grados&nbsp; universitarios.<\/p>\n<p><a href=\"https:\/\/blogsaverroes.juntadeandalucia.es\/iesarroyodelamiel\/files\/2022\/04\/Acceso-y-Admision-2022-PRESENTACI%C3%93N-UMA.pdf\">Acceso y Admision 2022 PRESENTACI\u00d3N UMA<\/a><\/p>\n<p>Y como siempre cualquier duda pod\u00e9is consultar con el profesorado.<\/p>\n<p style=\"text-align: center\"><strong>PRUEBAS DE ACCESO A CICLOS FORMATIVOS DE GRADO MEDIO Y GRADO SUPERIOR<\/strong><\/p>\n<p>En la presentaci\u00f3n siguiente se encuentra disponible toda la informaci\u00f3n sobre las pruebas de acceso a los ciclos formativos de grado medio y superior.<\/p>\n<p>Recodad los requisitos de edad:<\/p>\n<ul>\n<li>GRADO MEDIO: ACCESO CON 17 A\u00d1OS CUMPLIDOS A LO LARGO DEL 2022.<\/li>\n<li>GRADO SUPERIOR: ACCESO CON 19 A\u00d1OS CUMPLIDOS A LO LARGO DEL 2022<\/li>\n<\/ul>\n<p>En el enlace: \u00abPruebas de acceso\u00bba ciclos&nbsp; &nbsp;puedes ver informaci\u00f3n sobre dichas pruebas: <a href=\"https:\/\/view.genial.ly\/6266d8d7fe1a8c00113f99d1\/interactive-content-timeline-ilustracion-corp\">Pruebas de acceso a ciclos.&nbsp;<\/a><\/p>\n<p>(Importante: en la presentaci\u00f3n anterior no est\u00e1n actualizadas las fechas del curso 22-23. Las fechas del curso 22-23 puedes consultarlas en el siguiente enlace: <a href=\"https:\/\/blogsaverroes.juntadeandalucia.es\/iesarroyodelamiel\/files\/2022\/12\/Fechas-pruebas-de-acceso-a-ciclos-curso-22-23.pdf\">Fechas pruebas de acceso a ciclos curso 22-23<\/a><\/p>\n","protected":false},"excerpt":{"rendered":"<p>&nbsp; Toda la informaci\u00f3n sobre ciclos formativos, ofertas, d\u00f3nde estudiar, etc. Formaci\u00f3n Profesional informaci\u00f3n&nbsp; En este enlace podr\u00e1n consultar todo lo relacionado con la solicitud, calendario, centros donde se imparten, notas de corte&#8230; relacionadas&#46;&#46;&#46;<\/p>\n","protected":false},"author":10424,"featured_media":0,"parent":0,"menu_order":0,"comment_status":"closed","ping_status":"closed","template":"","meta":{"ngg_post_thumbnail":0,"footnotes":"","_mc_calendar":[]},"aioseo_notices":[],"_links":{"self":[{"href":"https:\/\/blogsaverroes.juntadeandalucia.es\/iesarroyodelamiel\/wp-json\/wp\/v2\/pages\/6076"}],"collection":[{"href":"https:\/\/blogsaverroes.juntadeandalucia.es\/iesarroyodelamiel\/wp-json\/wp\/v2\/pages"}],"about":[{"href":"https:\/\/blogsaverroes.juntadeandalucia.es\/iesarroyodelamiel\/wp-json\/wp\/v2\/types\/page"}],"author":[{"embeddable":true,"href":"https:\/\/blogsaverroes.juntadeandalucia.es\/iesarroyodelamiel\/wp-json\/wp\/v2\/users\/10424"}],"replies":[{"embeddable":true,"href":"https:\/\/blogsaverroes.juntadeandalucia.es\/iesarroyodelamiel\/wp-json\/wp\/v2\/comments?post=6076"}],"version-history":[{"count":7,"href":"https:\/\/blogsaverroes.juntadeandalucia.es\/iesarroyodelamiel\/wp-json\/wp\/v2\/pages\/6076\/revisions"}],"predecessor-version":[{"id":6900,"href":"https:\/\/blogsaverroes.juntadeandalucia.es\/iesarroyodelamiel\/wp-json\/wp\/v2\/pages\/6076\/revisions\/6900"}],"wp:attachment":[{"href":"https:\/\/blogsaverroes.juntadeandalucia.es\/iesarroyodelamiel\/wp-json\/wp\/v2\/media?parent=6076"}],"curies":[{"name":"wp","href":"https:\/\/api.w.org\/{rel}","templated":true}]}}