{"id":6202,"date":"2022-03-07T10:30:14","date_gmt":"2022-03-07T10:30:14","guid":{"rendered":"https:\/\/blogsaverroes.juntadeandalucia.es\/iesarroyodelamiel\/?page_id=6202"},"modified":"2022-03-07T10:30:14","modified_gmt":"2022-03-07T10:30:14","slug":"aula-especifica","status":"publish","type":"page","link":"https:\/\/blogsaverroes.juntadeandalucia.es\/iesarroyodelamiel\/aula-especifica\/","title":{"rendered":"Aula espec\u00edfica"},"content":{"rendered":"<p>&nbsp;<\/p>\n<p>En el siguiente enlace se pueden ver las distintas opciones que hay cuando el alumnado que cursa estudios en el aula espec\u00edfica finaliza su etapa acad\u00e9mica, en relaci\u00f3n a las alternativas en el plano laboral que pueden iniciar.<\/p>\n<p>&nbsp;<\/p>\n<p><a href=\"https:\/\/view.genial.ly\/621278ce4663180018f9fb96\/presentation-presentacion-mosaico-vintage\">Tr\u00e1nsito a la vida laboral.<\/a><\/p>\n","protected":false},"excerpt":{"rendered":"<p>&nbsp; En el siguiente enlace se pueden ver las distintas opciones que hay cuando el alumnado que cursa estudios en el aula espec\u00edfica finaliza su etapa acad\u00e9mica, en relaci\u00f3n a las alternativas en el&#46;&#46;&#46;<\/p>\n","protected":false},"author":10424,"featured_media":0,"parent":0,"menu_order":0,"comment_status":"closed","ping_status":"closed","template":"","meta":{"ngg_post_thumbnail":0,"footnotes":"","_mc_calendar":[]},"aioseo_notices":[],"_links":{"self":[{"href":"https:\/\/blogsaverroes.juntadeandalucia.es\/iesarroyodelamiel\/wp-json\/wp\/v2\/pages\/6202"}],"collection":[{"href":"https:\/\/blogsaverroes.juntadeandalucia.es\/iesarroyodelamiel\/wp-json\/wp\/v2\/pages"}],"about":[{"href":"https:\/\/blogsaverroes.juntadeandalucia.es\/iesarroyodelamiel\/wp-json\/wp\/v2\/types\/page"}],"author":[{"embeddable":true,"href":"https:\/\/blogsaverroes.juntadeandalucia.es\/iesarroyodelamiel\/wp-json\/wp\/v2\/users\/10424"}],"replies":[{"embeddable":true,"href":"https:\/\/blogsaverroes.juntadeandalucia.es\/iesarroyodelamiel\/wp-json\/wp\/v2\/comments?post=6202"}],"version-history":[{"count":1,"href":"https:\/\/blogsaverroes.juntadeandalucia.es\/iesarroyodelamiel\/wp-json\/wp\/v2\/pages\/6202\/revisions"}],"predecessor-version":[{"id":6203,"href":"https:\/\/blogsaverroes.juntadeandalucia.es\/iesarroyodelamiel\/wp-json\/wp\/v2\/pages\/6202\/revisions\/6203"}],"wp:attachment":[{"href":"https:\/\/blogsaverroes.juntadeandalucia.es\/iesarroyodelamiel\/wp-json\/wp\/v2\/media?parent=6202"}],"curies":[{"name":"wp","href":"https:\/\/api.w.org\/{rel}","templated":true}]}}