{"id":6233,"date":"2022-03-29T11:39:33","date_gmt":"2022-03-29T11:39:33","guid":{"rendered":"https:\/\/blogsaverroes.juntadeandalucia.es\/iesarroyodelamiel\/?page_id=6233"},"modified":"2024-03-12T13:49:29","modified_gmt":"2024-03-12T13:49:29","slug":"semana-cultural","status":"publish","type":"page","link":"https:\/\/blogsaverroes.juntadeandalucia.es\/iesarroyodelamiel\/semana-cultural\/","title":{"rendered":"Semana Cultural"},"content":{"rendered":"<p><strong>SEMANA CULTURAL 2023-2024<\/strong><\/p>\n<p><a href=\"https:\/\/blogsaverroes.juntadeandalucia.es\/iesarroyodelamiel\/files\/2024\/03\/Cartel-Poster-Fiesta-de-Carnaval-Llamativo-Multicolor.jpg\"><img loading=\"lazy\" decoding=\"async\" class=\"aligncenter size-medium wp-image-7216\" src=\"https:\/\/blogsaverroes.juntadeandalucia.es\/iesarroyodelamiel\/files\/2024\/03\/Cartel-Poster-Fiesta-de-Carnaval-Llamativo-Multicolor-212x300.jpg\" alt=\"\" width=\"212\" height=\"300\" srcset=\"https:\/\/blogsaverroes.juntadeandalucia.es\/iesarroyodelamiel\/files\/2024\/03\/Cartel-Poster-Fiesta-de-Carnaval-Llamativo-Multicolor-212x300.jpg 212w, https:\/\/blogsaverroes.juntadeandalucia.es\/iesarroyodelamiel\/files\/2024\/03\/Cartel-Poster-Fiesta-de-Carnaval-Llamativo-Multicolor-724x1024.jpg 724w, https:\/\/blogsaverroes.juntadeandalucia.es\/iesarroyodelamiel\/files\/2024\/03\/Cartel-Poster-Fiesta-de-Carnaval-Llamativo-Multicolor-768x1086.jpg 768w, https:\/\/blogsaverroes.juntadeandalucia.es\/iesarroyodelamiel\/files\/2024\/03\/Cartel-Poster-Fiesta-de-Carnaval-Llamativo-Multicolor-1086x1536.jpg 1086w, https:\/\/blogsaverroes.juntadeandalucia.es\/iesarroyodelamiel\/files\/2024\/03\/Cartel-Poster-Fiesta-de-Carnaval-Llamativo-Multicolor.jpg 1131w\" sizes=\"(max-width: 212px) 100vw, 212px\" \/><\/a><\/p>\n<p>La pr\u00f3xima semana del 18 al 22 de abril tendr\u00e1&nbsp; lugar la VI Semana Cultural del IES Arroyo de&nbsp; la Miel.<\/p>\n<p>Tendremos muchas actividades organizadas por el profesorado de los distintos departamentos. Dichas actividades&nbsp; girar\u00e1n en torno a la sostenibilidad, eje vertebrador de nuestro centro en su triple vertiente: econ\u00f3mica, social y medioambiental.<\/p>\n<p>Entre las actividades el viernes 22de marzo tendr\u00e1 lugar la&nbsp; ya tradicional Gymkana. Alejandro Emo, profesor de educaci\u00f3n f\u00edsica, informar\u00e1&nbsp; de la organizaci\u00f3n, funcionamiento e inscripci\u00f3n en la actividad. El formulario para la inscripci\u00f3n se encuentra en el enlace siguiente:<\/p>\n<p>I<a href=\"https:\/\/forms.gle\/rWzojaM3jQtd1MZG9\">NSCRIPCI\u00d3N GYMKANA SEMANA CULTURAL<\/a><\/p>\n<p><strong>SEMANA CULTURAL 2022-2023<\/strong><\/p>\n<p>Los pr\u00f3ximos d\u00edas 27, 28,29,30 y 31 de marzo tendr\u00e1 lugar en nuestro centro la<strong> V&nbsp; Semana Cultural IES Arroyo&nbsp; de la Miel.<\/strong><\/p>\n<p>La primera actividad propuesta de cara a esta intensa semana es el&nbsp; concurso de carteles con objeto de que sea nuestro profesorado y alumnado los que realicen este a\u00f1o el cartel promocional de dicha semana. En el siguiente enlace se puede descargar las bases del concurso de cartel V Semana Cultural. <a href=\"https:\/\/blogsaverroes.juntadeandalucia.es\/iesarroyodelamiel\/files\/2023\/02\/CONCURSO-CARTEL-V-SEMANA-CULTURAL-IES-ARROYO-DE-LA-MIEL.pdf\">CONCURSO CARTEL V SEMANA CULTURAL IES ARROYO DE LA MIEL.<\/a><\/p>\n<p>&nbsp;A lo largo de las pr\u00f3ximas semanas iremos actualizando todo lo relacionado con actividades, talleres, charlas, etc. que tenr\u00e1n&nbsp; lugar durante esos d\u00edas.<\/p>\n<p>Algunas&nbsp; de las actividades requieren inscripci\u00f3n previa para poder llevar a cabo su organizaci\u00f3n de la mejor manera posible.&nbsp;&nbsp;<\/p>\n<p>Todos aquellos que est\u00e9is interesados en la participaci\u00f3n en el torneo de ajedrez que organiza la profesora Sandra Ruiz pod\u00e9is inscribiros en el siguiente enlace hasta el d\u00eda 22 de marzo.<\/p>\n<p><a href=\"https:\/\/forms.gle\/vkARikv5LmbRS2pE7\">Inscripci\u00f3n torneo de ajedrez&nbsp;<\/a><\/p>\n<p>El viernes 31 de marzo tendr\u00e1 lugara la tradicional Gymkana. Alejandro Emo, profesor de educaci\u00f3n f\u00edsica, informar\u00e1 hoy de la organizaci\u00f3n, funcionamiento e inscripci\u00f3n en la actividad. EL formulario para la inscripci\u00f3n se encuentra en el enlace siguiente:<\/p>\n<p><a href=\"https:\/\/forms.gle\/hfPqZT3odMwhbrNN7\">Inscripci\u00f3n Gymkana 31 de marzo<\/a><\/p>\n<p>Interesante taller de <a href=\"https:\/\/platzi.com\/blog\/7-pasos-para-resolver-y-memorizar-el-algoritmo-del-cubo-de-rubbik\/\">cubo de Rubik<\/a>, organizado por la profesora Sonia Ruiz, con la colaboraci\u00f3n de alumnado de nocturno.&nbsp; Todos aquellos alumnos interesados necesitan inscribirse para organziar los grupos&nbsp; que participar\u00e1n en cada taller (10 alumnos por grupo). La acrtividad se desarrollar\u00e1&nbsp; el lunes&nbsp; 27 de marzo de 12 a 13 y de 13 a 14.<\/p>\n<p><a href=\"https:\/\/forms.gle\/kx8nLca2gyfRMrWL8\">Inscripci\u00f3n Taller Cubo de Rubik<\/a><\/p>\n<h2 style=\"text-align: center\">Torneo de debate<\/h2>\n<p>Con motivo de la celebraci\u00f3n de la V Semana Cultural del IES Arroyo de la Miel los alumnos del centro que cursan la optativa de Oratoria y Debate, se enfrentaron por equipos en un emocionante e intenso Torneo de debate. Este a\u00f1o es la cuarta edici\u00f3n del torneo que se encentra enmarcado dentro del proyecto Comuncia.<\/p>\n<p>Nuestros alumnos demostraron, una vez m\u00e1s, que son grandes oradores.<\/p>\n<p>En el siguiente documento se pude ver los grupos que participaron con un gran nievl todos ellos.<\/p>\n<p><a href=\"https:\/\/blogsaverroes.juntadeandalucia.es\/iesarroyodelamiel\/files\/2023\/04\/IVTorneo-de-debate.pdf\">IVTorneo de debate<\/a><\/p>\n<p>&nbsp;<\/p>\n<p><strong>SEMANA CULTURAL 2021-2022<\/strong><a href=\"https:\/\/blogsaverroes.juntadeandalucia.es\/iesarroyodelamiel\/files\/2022\/03\/Cartel-logo-ok-jpg.jpg\"><br \/>\n<img loading=\"lazy\" decoding=\"async\" class=\"aligncenter size-medium wp-image-6217\" src=\"https:\/\/blogsaverroes.juntadeandalucia.es\/iesarroyodelamiel\/files\/2022\/03\/Cartel-logo-ok-jpg-212x300.jpg\" alt=\"\" width=\"212\" height=\"300\" srcset=\"https:\/\/blogsaverroes.juntadeandalucia.es\/iesarroyodelamiel\/files\/2022\/03\/Cartel-logo-ok-jpg-212x300.jpg 212w, https:\/\/blogsaverroes.juntadeandalucia.es\/iesarroyodelamiel\/files\/2022\/03\/Cartel-logo-ok-jpg-724x1024.jpg 724w, https:\/\/blogsaverroes.juntadeandalucia.es\/iesarroyodelamiel\/files\/2022\/03\/Cartel-logo-ok-jpg-768x1086.jpg 768w, https:\/\/blogsaverroes.juntadeandalucia.es\/iesarroyodelamiel\/files\/2022\/03\/Cartel-logo-ok-jpg-1086x1536.jpg 1086w, https:\/\/blogsaverroes.juntadeandalucia.es\/iesarroyodelamiel\/files\/2022\/03\/Cartel-logo-ok-jpg-1448x2048.jpg 1448w, https:\/\/blogsaverroes.juntadeandalucia.es\/iesarroyodelamiel\/files\/2022\/03\/Cartel-logo-ok-jpg.jpg 1131w\" sizes=\"(max-width: 212px) 100vw, 212px\" \/><\/a><\/p>\n<p>&nbsp;<\/p>\n<p>Ya est\u00e1 aqu\u00ed nuestra Semana Cultural. Promete ser intensa para nuestro alumnado y pforesorado.<\/p>\n<p>Para saber todas las actividades que se desarrollar\u00e1n a lo largo de la semana pincha en el siguiente enlace.<\/p>\n<p><a href=\"https:\/\/blogsaverroes.juntadeandalucia.es\/iesarroyodelamiel\/files\/2022\/04\/Actividades-Semana-Cultural-Diurno.pdf\">Actividades Semana Cultural Diurno<\/a><\/p>\n<p>La semana de del 4 al 8 de abril tendr\u00e1 lugar la IV Semana Cultural del IES Arroyo de la Miel. El profesorado del centro ha organizado un conjunto de talleres, actividades y ponencias dirigidas a todo el alumnado del centro. Para poder participar en algunas de las actividades es necesario la inscripci\u00f3n a trav\u00e9s de los enlaces siguientes:<\/p>\n<p><a href=\"https:\/\/docs.google.com\/forms\/d\/e\/1FAIpQLSe-HHRn8ebxCM6md3Z3A2SBYj1_Sav0r0_j1UmxJLEZDGSJ6Q\/viewform?usp=sf_link\">&nbsp; Inscripci\u00f3n Gymkana 8 abril 2022<\/a><\/p>\n<p><a href=\"https:\/\/forms.gle\/fkYPe528HyjSMNbeA\">&nbsp;Inscripci\u00f3n torneo de ajedrez<\/a><\/p>\n<p><a href=\"https:\/\/forms.gle\/eHmteZhCTNoGfFv97\">Inscripci\u00f3n Scape Room<\/a><\/p>\n<p>En los pr\u00f3ximos&nbsp; d\u00edas se publicar\u00e1n las actividades a realizar-<\/p>\n","protected":false},"excerpt":{"rendered":"<p>SEMANA CULTURAL 2023-2024 La pr\u00f3xima semana del 18 al 22 de abril tendr\u00e1&nbsp; lugar la VI Semana Cultural del IES Arroyo de&nbsp; la Miel. Tendremos muchas actividades organizadas por el profesorado de los distintos&#46;&#46;&#46;<\/p>\n","protected":false},"author":10424,"featured_media":0,"parent":0,"menu_order":0,"comment_status":"closed","ping_status":"closed","template":"","meta":{"ngg_post_thumbnail":0,"footnotes":"","_mc_calendar":[]},"aioseo_notices":[],"_links":{"self":[{"href":"https:\/\/blogsaverroes.juntadeandalucia.es\/iesarroyodelamiel\/wp-json\/wp\/v2\/pages\/6233"}],"collection":[{"href":"https:\/\/blogsaverroes.juntadeandalucia.es\/iesarroyodelamiel\/wp-json\/wp\/v2\/pages"}],"about":[{"href":"https:\/\/blogsaverroes.juntadeandalucia.es\/iesarroyodelamiel\/wp-json\/wp\/v2\/types\/page"}],"author":[{"embeddable":true,"href":"https:\/\/blogsaverroes.juntadeandalucia.es\/iesarroyodelamiel\/wp-json\/wp\/v2\/users\/10424"}],"replies":[{"embeddable":true,"href":"https:\/\/blogsaverroes.juntadeandalucia.es\/iesarroyodelamiel\/wp-json\/wp\/v2\/comments?post=6233"}],"version-history":[{"count":11,"href":"https:\/\/blogsaverroes.juntadeandalucia.es\/iesarroyodelamiel\/wp-json\/wp\/v2\/pages\/6233\/revisions"}],"predecessor-version":[{"id":7219,"href":"https:\/\/blogsaverroes.juntadeandalucia.es\/iesarroyodelamiel\/wp-json\/wp\/v2\/pages\/6233\/revisions\/7219"}],"wp:attachment":[{"href":"https:\/\/blogsaverroes.juntadeandalucia.es\/iesarroyodelamiel\/wp-json\/wp\/v2\/media?parent=6233"}],"curies":[{"name":"wp","href":"https:\/\/api.w.org\/{rel}","templated":true}]}}