{"id":6318,"date":"2022-05-26T08:35:40","date_gmt":"2022-05-26T08:35:40","guid":{"rendered":"https:\/\/blogsaverroes.juntadeandalucia.es\/iesarroyodelamiel\/?page_id=6318"},"modified":"2025-04-23T08:30:34","modified_gmt":"2025-04-23T08:30:34","slug":"pevau-pa","status":"publish","type":"page","link":"https:\/\/blogsaverroes.juntadeandalucia.es\/iesarroyodelamiel\/pevau-pa\/","title":{"rendered":"PAU 24\/25"},"content":{"rendered":"<p><a href=\"https:\/\/blogsaverroes.juntadeandalucia.es\/iesarroyodelamiel\/files\/2025\/01\/pau.png\"><img loading=\"lazy\" decoding=\"async\" class=\"aligncenter wp-image-7557\" src=\"https:\/\/blogsaverroes.juntadeandalucia.es\/iesarroyodelamiel\/files\/2025\/01\/pau.png\" alt=\"\" width=\"138\" height=\"138\" srcset=\"https:\/\/blogsaverroes.juntadeandalucia.es\/iesarroyodelamiel\/files\/2025\/01\/pau.png 225w, https:\/\/blogsaverroes.juntadeandalucia.es\/iesarroyodelamiel\/files\/2025\/01\/pau-150x150.png 150w, https:\/\/blogsaverroes.juntadeandalucia.es\/iesarroyodelamiel\/files\/2025\/01\/pau-80x80.png 80w\" sizes=\"(max-width: 138px) 100vw, 138px\" \/><\/a><\/p>\n<p>En la siguiente presentaci\u00f3n se recoge la informaci\u00f3n m\u00e1s relevante sobre el proceso de PEvAU para el curso acad\u00e9mico 2025-2026 ha sido&nbsp; realizada desde la Universidad de M\u00e1laga y contiene datos&nbsp; de inter\u00e9s para el alumnado.<\/p>\n<p><a href=\"https:\/\/blogsaverroes.juntadeandalucia.es\/iesarroyodelamiel\/files\/2025\/04\/PRESENTACION-PAU-PA_2025.pdf\">PRESENTACI\u00d3N PAU-PA_2025<\/a><\/p>\n<p>Es conveniente tambi\u00e9n la visita a la siguiente <a href=\"https:\/\/www.uma.es\/acceso\/info\/151868\/procedimiento-inscripcion-pau-2025\/\">web<\/a> donde se informa sobre el acceso&nbsp; y la <strong>inscripci\u00f3n<\/strong> que se recuerda es <strong>totalmente telem\u00e1tica en este curso escolar.&nbsp;<\/strong><\/p>\n<p>&nbsp;<\/p>\n<p>En los siguiente documentos se ha recopilado&nbsp; informaci\u00f3n&nbsp; de inter\u00e9s para el alumnado.<\/p>\n<p><a href=\"https:\/\/blogsaverroes.juntadeandalucia.es\/iesarroyodelamiel\/files\/2025\/01\/CARACTERISTICAS-GENERALES-DE-LAS-PRUEBAS.pdf\">CARACTER\u00cdSTICAS GENERALES DE LAS PRUEBAS<\/a><\/p>\n<p><a href=\"https:\/\/blogsaverroes.juntadeandalucia.es\/iesarroyodelamiel\/files\/2025\/01\/CRITERIOS-GENERALES-DE-CORRECCION-PAU-2025.pdf\">CRITERIOS GENERALES DE CORRECCI\u00d3N PAU 2025<\/a><\/p>\n<p><a href=\"https:\/\/blogsaverroes.juntadeandalucia.es\/iesarroyodelamiel\/files\/2025\/01\/ESTRUCTURA-DE-LA-PRUEBA.pdf\">ESTRUCTURA DE LA PRUEBA<\/a><\/p>\n<p><a href=\"https:\/\/blogsaverroes.juntadeandalucia.es\/iesarroyodelamiel\/files\/2025\/01\/fechas_de_la_prueba.pdf\">fechas_de_la_prueba<\/a><\/p>\n<p>&nbsp;<\/p>\n","protected":false},"excerpt":{"rendered":"<p>En la siguiente presentaci\u00f3n se recoge la informaci\u00f3n m\u00e1s relevante sobre el proceso de PEvAU para el curso acad\u00e9mico 2025-2026 ha sido&nbsp; realizada desde la Universidad de M\u00e1laga y contiene datos&nbsp; de inter\u00e9s para&#46;&#46;&#46;<\/p>\n","protected":false},"author":10424,"featured_media":0,"parent":0,"menu_order":0,"comment_status":"closed","ping_status":"closed","template":"","meta":{"ngg_post_thumbnail":0,"footnotes":"","_mc_calendar":[]},"aioseo_notices":[],"_links":{"self":[{"href":"https:\/\/blogsaverroes.juntadeandalucia.es\/iesarroyodelamiel\/wp-json\/wp\/v2\/pages\/6318"}],"collection":[{"href":"https:\/\/blogsaverroes.juntadeandalucia.es\/iesarroyodelamiel\/wp-json\/wp\/v2\/pages"}],"about":[{"href":"https:\/\/blogsaverroes.juntadeandalucia.es\/iesarroyodelamiel\/wp-json\/wp\/v2\/types\/page"}],"author":[{"embeddable":true,"href":"https:\/\/blogsaverroes.juntadeandalucia.es\/iesarroyodelamiel\/wp-json\/wp\/v2\/users\/10424"}],"replies":[{"embeddable":true,"href":"https:\/\/blogsaverroes.juntadeandalucia.es\/iesarroyodelamiel\/wp-json\/wp\/v2\/comments?post=6318"}],"version-history":[{"count":26,"href":"https:\/\/blogsaverroes.juntadeandalucia.es\/iesarroyodelamiel\/wp-json\/wp\/v2\/pages\/6318\/revisions"}],"predecessor-version":[{"id":7591,"href":"https:\/\/blogsaverroes.juntadeandalucia.es\/iesarroyodelamiel\/wp-json\/wp\/v2\/pages\/6318\/revisions\/7591"}],"wp:attachment":[{"href":"https:\/\/blogsaverroes.juntadeandalucia.es\/iesarroyodelamiel\/wp-json\/wp\/v2\/media?parent=6318"}],"curies":[{"name":"wp","href":"https:\/\/api.w.org\/{rel}","templated":true}]}}