{"id":6397,"date":"2022-09-19T13:09:08","date_gmt":"2022-09-19T13:09:08","guid":{"rendered":"https:\/\/blogsaverroes.juntadeandalucia.es\/iesarroyodelamiel\/?page_id=6397"},"modified":"2022-09-20T16:48:00","modified_gmt":"2022-09-20T16:48:00","slug":"certificado-de-profesionalidad-af","status":"publish","type":"page","link":"https:\/\/blogsaverroes.juntadeandalucia.es\/iesarroyodelamiel\/certificado-de-profesionalidad-af\/","title":{"rendered":"Certificado de profesionalidad AF"},"content":{"rendered":"<p><em><strong>Certificados de profesionalidad familia profesional Actividades F\u00edsicas y Deportivas<\/strong><\/em><\/p>\n<p><a href=\"https:\/\/blogsaverroes.juntadeandalucia.es\/iesarroyodelamiel\/files\/2022\/09\/logo-Junta.png\"><img loading=\"lazy\" decoding=\"async\" class=\"wp-image-6389 alignleft\" src=\"https:\/\/blogsaverroes.juntadeandalucia.es\/iesarroyodelamiel\/files\/2022\/09\/logo-Junta-300x214.png\" alt=\"\" width=\"122\" height=\"87\" srcset=\"https:\/\/blogsaverroes.juntadeandalucia.es\/iesarroyodelamiel\/files\/2022\/09\/logo-Junta-300x214.png 300w, https:\/\/blogsaverroes.juntadeandalucia.es\/iesarroyodelamiel\/files\/2022\/09\/logo-Junta.png 757w\" sizes=\"(max-width: 122px) 100vw, 122px\" \/><\/a><a href=\"https:\/\/blogsaverroes.juntadeandalucia.es\/iesarroyodelamiel\/files\/2022\/09\/Ministerio-logo.png\"><img loading=\"lazy\" decoding=\"async\" class=\"size-medium wp-image-6390 alignright\" src=\"https:\/\/blogsaverroes.juntadeandalucia.es\/iesarroyodelamiel\/files\/2022\/09\/Ministerio-logo-300x68.png\" alt=\"\" width=\"300\" height=\"68\" srcset=\"https:\/\/blogsaverroes.juntadeandalucia.es\/iesarroyodelamiel\/files\/2022\/09\/Ministerio-logo-300x68.png 300w, https:\/\/blogsaverroes.juntadeandalucia.es\/iesarroyodelamiel\/files\/2022\/09\/Ministerio-logo.png 754w\" sizes=\"(max-width: 300px) 100vw, 300px\" \/><\/a><\/p>\n<p>&nbsp;<\/p>\n<p>&nbsp;<\/p>\n<p>&nbsp;<\/p>\n<p>&nbsp;<\/p>\n<p>Desde nuestro centro, y siempre en aras de la innovaci\u00f3n y el desarrollo educativo, se va a impartir dentro de la familia profesional de Actividades F\u00edsicas y Deportivas el M\u00f3dulo Formativo EVENTOS ACTIVIDADES Y JUEGOS PARA LA ANIMACI\u00d3N F\u00cdSICO DEPORTIVA Y RECREATIVA perteneciente al certificado&nbsp; de profesionalidad&nbsp;<a href=\"https:\/\/www.sepe.es\/HomeSepe\/Personas\/formacion\/certificados-profesionalidad\/familias-profesionales\/actividades-fisicas-deportivas.html\">ANIMACI\u00d3N F\u00cdSICO-DEPORTIVA Y RECREATIVA<\/a><\/p>\n<p><a href=\"https:\/\/blogsaverroes.juntadeandalucia.es\/iesarroyodelamiel\/files\/2022\/09\/Cartel-animaci\u00f3n-hotelera-1-scaled.jpg\"><img loading=\"lazy\" decoding=\"async\" class=\"aligncenter size-medium wp-image-6419\" src=\"https:\/\/blogsaverroes.juntadeandalucia.es\/iesarroyodelamiel\/files\/2022\/09\/Cartel-animaci\u00f3n-hotelera-1-300x225.jpg\" alt=\"\" width=\"300\" height=\"225\" srcset=\"https:\/\/blogsaverroes.juntadeandalucia.es\/iesarroyodelamiel\/files\/2022\/09\/Cartel-animaci\u00f3n-hotelera-1-300x225.jpg 300w, https:\/\/blogsaverroes.juntadeandalucia.es\/iesarroyodelamiel\/files\/2022\/09\/Cartel-animaci\u00f3n-hotelera-1-1024x768.jpg 1024w, https:\/\/blogsaverroes.juntadeandalucia.es\/iesarroyodelamiel\/files\/2022\/09\/Cartel-animaci\u00f3n-hotelera-1-768x576.jpg 768w, https:\/\/blogsaverroes.juntadeandalucia.es\/iesarroyodelamiel\/files\/2022\/09\/Cartel-animaci\u00f3n-hotelera-1-1536x1152.jpg 1536w, https:\/\/blogsaverroes.juntadeandalucia.es\/iesarroyodelamiel\/files\/2022\/09\/Cartel-animaci\u00f3n-hotelera-1-2048x1536.jpg 2048w, https:\/\/blogsaverroes.juntadeandalucia.es\/iesarroyodelamiel\/files\/2022\/09\/Cartel-animaci\u00f3n-hotelera-1-scaled.jpg 1600w\" sizes=\"(max-width: 300px) 100vw, 300px\" \/><\/a><\/p>\n<p>Toda la informaci\u00f3n sobre inscripci\u00f3n, lugar de desarrollo, horarios, etc. lo tienes en el siguiente documento:<\/p>\n<p><a href=\"https:\/\/blogsaverroes.juntadeandalucia.es\/iesarroyodelamiel\/files\/2022\/09\/INFORMACI\u00d3N-CURSO-ANIMACI\u00d3N-1.pdf\">INFORMACI\u00d3N CURSO ANIMACI\u00d3N<\/a><\/p>\n<p>Hoja&nbsp; de inscripci\u00f3n:&nbsp;<a href=\"https:\/\/blogsaverroes.juntadeandalucia.es\/iesarroyodelamiel\/files\/2022\/09\/Anexo-I.pdf\">Anexo I<\/a><\/p>\n<p>&nbsp;<\/p>\n","protected":false},"excerpt":{"rendered":"<p>Certificados de profesionalidad familia profesional Actividades F\u00edsicas y Deportivas &nbsp; &nbsp; &nbsp; &nbsp; Desde nuestro centro, y siempre en aras de la innovaci\u00f3n y el desarrollo educativo, se va a impartir dentro de la&#46;&#46;&#46;<\/p>\n","protected":false},"author":10424,"featured_media":0,"parent":0,"menu_order":0,"comment_status":"closed","ping_status":"closed","template":"","meta":{"ngg_post_thumbnail":0,"footnotes":"","_mc_calendar":[]},"aioseo_notices":[],"_links":{"self":[{"href":"https:\/\/blogsaverroes.juntadeandalucia.es\/iesarroyodelamiel\/wp-json\/wp\/v2\/pages\/6397"}],"collection":[{"href":"https:\/\/blogsaverroes.juntadeandalucia.es\/iesarroyodelamiel\/wp-json\/wp\/v2\/pages"}],"about":[{"href":"https:\/\/blogsaverroes.juntadeandalucia.es\/iesarroyodelamiel\/wp-json\/wp\/v2\/types\/page"}],"author":[{"embeddable":true,"href":"https:\/\/blogsaverroes.juntadeandalucia.es\/iesarroyodelamiel\/wp-json\/wp\/v2\/users\/10424"}],"replies":[{"embeddable":true,"href":"https:\/\/blogsaverroes.juntadeandalucia.es\/iesarroyodelamiel\/wp-json\/wp\/v2\/comments?post=6397"}],"version-history":[{"count":3,"href":"https:\/\/blogsaverroes.juntadeandalucia.es\/iesarroyodelamiel\/wp-json\/wp\/v2\/pages\/6397\/revisions"}],"predecessor-version":[{"id":6422,"href":"https:\/\/blogsaverroes.juntadeandalucia.es\/iesarroyodelamiel\/wp-json\/wp\/v2\/pages\/6397\/revisions\/6422"}],"wp:attachment":[{"href":"https:\/\/blogsaverroes.juntadeandalucia.es\/iesarroyodelamiel\/wp-json\/wp\/v2\/media?parent=6397"}],"curies":[{"name":"wp","href":"https:\/\/api.w.org\/{rel}","templated":true}]}}