{"id":6493,"date":"2022-10-07T08:35:27","date_gmt":"2022-10-07T08:35:27","guid":{"rendered":"https:\/\/blogsaverroes.juntadeandalucia.es\/iesarroyodelamiel\/?page_id=6493"},"modified":"2025-10-20T21:28:55","modified_gmt":"2025-10-20T21:28:55","slug":"coordinacion-de-bienestar-y-proteccion-de-la-infancia-y-la-adolescencia","status":"publish","type":"page","link":"https:\/\/blogsaverroes.juntadeandalucia.es\/iesarroyodelamiel\/coordinacion-de-bienestar-y-proteccion-de-la-infancia-y-la-adolescencia\/","title":{"rendered":"Coordinaci\u00f3n de bienestar y protecci\u00f3n de la infancia y la adolescencia"},"content":{"rendered":"<p><a href=\"https:\/\/blogsaverroes.juntadeandalucia.es\/iesarroyodelamiel\/files\/2022\/10\/Children-top.jpg\"><img loading=\"lazy\" decoding=\"async\" class=\"aligncenter size-medium wp-image-6495\" src=\"https:\/\/blogsaverroes.juntadeandalucia.es\/iesarroyodelamiel\/files\/2022\/10\/Children-top-300x151.jpg\" alt=\"\" width=\"300\" height=\"151\" srcset=\"https:\/\/blogsaverroes.juntadeandalucia.es\/iesarroyodelamiel\/files\/2022\/10\/Children-top-300x151.jpg 300w, https:\/\/blogsaverroes.juntadeandalucia.es\/iesarroyodelamiel\/files\/2022\/10\/Children-top.jpg 745w\" sizes=\"(max-width: 300px) 100vw, 300px\" \/><\/a><\/p>\n<p>El pasado 1 de julio de 2022 se publicaron las Instrucciones de la Direcci\u00f3n General de Atenci\u00f3n a la Diversidad y Convivencia Escolar realtivas a la figura del coordinador\/a de Bienestar y Protecci\u00f3n de la infancia y la adolescencia.<\/p>\n<p>Conforme a dichas instrucciones desde el curso acad\u00e9mico 2022-2023 nuestro centro cuenta con la figura de la coordinadora de Bienestar y Protecci\u00f3n de la infancia y la adolescencia. Las funciones de dicha coordinaci\u00f3n las desempe\u00f1a nuestra compa\u00f1era Carmen Losada Berlanga.<\/p>\n<p>El contacto de nuestra coordinadora es: bienestaryproteccionarroyo@gmail.com<\/p>\n<p>Entre sus funciones se encuentran:<\/p>\n<p><strong>a)<\/strong>Coordinar con la direcci\u00f3n del centro educativo el plan de convivencia.<\/p>\n<p><strong style=\"font-style: inherit\">b)<\/strong>Promover medidas que aseguren el m\u00e1ximo bienestar para los ni\u00f1os, ni\u00f1as y adolescentes, as\u00ed como la cultura del buen trato a los mismos.<\/p>\n<p><strong style=\"font-style: inherit\">c)<\/strong>Fomentar entre el personal del centro y el alumnado la utilizaci\u00f3n de m\u00e9todos alternativos de resoluci\u00f3n pac\u00edfica de conflictos.<\/p>\n<p><strong style=\"font-style: inherit\">d)<\/strong>Fomentar el respeto a los alumnos y alumnas con discapacidad o cualquier otra circunstancia de especial vulnerabilidad o diversidad.<\/p>\n<p><strong style=\"font-style: inherit\">e)<\/strong>Identificarse ante los alumnos y alumnas, ante el personal del centro educativo y, en general, ante la comunidad educativa, como referente principal para las comunicaciones relacionadas con posibles casos de violencia en el propio centro o en su entorno.<\/p>\n<p><strong style=\"font-style: inherit\">f)<\/strong>Informar al personal del centro sobre los protocolos en materia de prevenci\u00f3n y protecci\u00f3n de cualquier forma de violencia existentes en su localidad o comunidad aut\u00f3noma.<\/p>\n<p><strong style=\"font-style: inherit\">g)<\/strong>Coordinar, de acuerdo con los protocolos establecidos, los casos que requieran de intervenci\u00f3n por parte de los servicios sociales competentes, debiendo informar a las autoridades correspondientes, si se valora necesario, y sin perjuicio del deber de comunicaci\u00f3n en los casos legalmente previstos.<\/p>\n<p><strong style=\"font-style: inherit\">h)<\/strong>Promover, en aquellas situaciones que supongan un riesgo para la seguridad de las personas menores de edad, la comunicaci\u00f3n inmediata por parte del centro educativo a las Fuerzas y Cuerpos de Seguridad del Estado.<\/p>\n<p><strong style=\"font-style: inherit\">i)<\/strong>Promover planes de formaci\u00f3n sobre prevenci\u00f3n, detecci\u00f3n precoz y protecci\u00f3n de los ni\u00f1os, ni\u00f1as y adolescentes, dirigidos tanto al personal que trabaja en los centros docentes como al alumnado y sus familias o tutores legales, con especial atenci\u00f3n al personal del centro que ejercen de tutores y a la adquisici\u00f3n por parte del alumnado de habilidades para detectar y responder a situaciones de violencia.<\/p>\n<p><strong style=\"font-style: inherit\">j)<\/strong>Fomentar que en el centro docente se lleve a cabo una alimentaci\u00f3n saludable y nutritiva que permita a los ni\u00f1os, ni\u00f1as y adolescentes, en especial a los m\u00e1s vulnerables, llevar una dieta equilibrada.<\/p>\n<p><strong style=\"font-style: inherit\">k)<\/strong>Promover, en aquellas situaciones que puedan implicar un tratamiento il\u00edcito de datos de car\u00e1cter personal de las personas menores de edad, la comunicaci\u00f3n inmediata por parte del centro educativo a las Agencias de Protecci\u00f3n de Datos.<\/p>\n<p>&nbsp;<\/p>\n<p>&nbsp;<\/p>\n","protected":false},"excerpt":{"rendered":"<p>El pasado 1 de julio de 2022 se publicaron las Instrucciones de la Direcci\u00f3n General de Atenci\u00f3n a la Diversidad y Convivencia Escolar realtivas a la figura del coordinador\/a de Bienestar y Protecci\u00f3n de&#46;&#46;&#46;<\/p>\n","protected":false},"author":10424,"featured_media":0,"parent":0,"menu_order":0,"comment_status":"closed","ping_status":"closed","template":"","meta":{"ngg_post_thumbnail":0,"footnotes":"","_mc_calendar":[]},"aioseo_notices":[],"_links":{"self":[{"href":"https:\/\/blogsaverroes.juntadeandalucia.es\/iesarroyodelamiel\/wp-json\/wp\/v2\/pages\/6493"}],"collection":[{"href":"https:\/\/blogsaverroes.juntadeandalucia.es\/iesarroyodelamiel\/wp-json\/wp\/v2\/pages"}],"about":[{"href":"https:\/\/blogsaverroes.juntadeandalucia.es\/iesarroyodelamiel\/wp-json\/wp\/v2\/types\/page"}],"author":[{"embeddable":true,"href":"https:\/\/blogsaverroes.juntadeandalucia.es\/iesarroyodelamiel\/wp-json\/wp\/v2\/users\/10424"}],"replies":[{"embeddable":true,"href":"https:\/\/blogsaverroes.juntadeandalucia.es\/iesarroyodelamiel\/wp-json\/wp\/v2\/comments?post=6493"}],"version-history":[{"count":4,"href":"https:\/\/blogsaverroes.juntadeandalucia.es\/iesarroyodelamiel\/wp-json\/wp\/v2\/pages\/6493\/revisions"}],"predecessor-version":[{"id":7681,"href":"https:\/\/blogsaverroes.juntadeandalucia.es\/iesarroyodelamiel\/wp-json\/wp\/v2\/pages\/6493\/revisions\/7681"}],"wp:attachment":[{"href":"https:\/\/blogsaverroes.juntadeandalucia.es\/iesarroyodelamiel\/wp-json\/wp\/v2\/media?parent=6493"}],"curies":[{"name":"wp","href":"https:\/\/api.w.org\/{rel}","templated":true}]}}