{"id":6528,"date":"2022-11-10T18:19:02","date_gmt":"2022-11-10T18:19:02","guid":{"rendered":"https:\/\/blogsaverroes.juntadeandalucia.es\/iesarroyodelamiel\/?page_id=6528"},"modified":"2022-11-24T16:45:28","modified_gmt":"2022-11-24T16:45:28","slug":"coeducacion-22-23","status":"publish","type":"page","link":"https:\/\/blogsaverroes.juntadeandalucia.es\/iesarroyodelamiel\/coeducacion-22-23\/","title":{"rendered":"Coeducaci\u00f3n 22-23"},"content":{"rendered":"<h2><a href=\"https:\/\/blogsaverroes.juntadeandalucia.es\/iesarroyodelamiel\/files\/2022\/11\/Banner-tres-logos-grandes.jpg\"><img loading=\"lazy\" decoding=\"async\" class=\"aligncenter size-medium wp-image-6530\" src=\"https:\/\/blogsaverroes.juntadeandalucia.es\/iesarroyodelamiel\/files\/2022\/11\/Banner-tres-logos-grandes-300x57.jpg\" alt=\"\" width=\"300\" height=\"57\" srcset=\"https:\/\/blogsaverroes.juntadeandalucia.es\/iesarroyodelamiel\/files\/2022\/11\/Banner-tres-logos-grandes-300x57.jpg 300w, https:\/\/blogsaverroes.juntadeandalucia.es\/iesarroyodelamiel\/files\/2022\/11\/Banner-tres-logos-grandes-768x146.jpg 768w, https:\/\/blogsaverroes.juntadeandalucia.es\/iesarroyodelamiel\/files\/2022\/11\/Banner-tres-logos-grandes.jpg 1023w\" sizes=\"(max-width: 300px) 100vw, 300px\" \/><\/a><\/h2>\n<p>Comenzamos nuestro curso 2022-2023 con m\u00faltiples ideas, propuestas e iniciativas para el Proyecto de&nbsp; Coeducaci\u00f3n del IES Arroyo de la Miel.<\/p>\n<h3 style=\"text-align: center\">V\u00eddeo de apoyo a las mujeres iran\u00edes<\/h3>\n<p class=\"titulo\">Empresarias, pol\u00edticas, periodistas y cantantes se cortan el pelo en apoyo a las iran\u00edes. El IES Arroyo de la Miel tambi\u00e9n realiza el mismo gesto de apoyo.<\/p>\n<p class=\"titulo\">Este gesto se realiza &nbsp;como muestra de apoyo las mujeres en Ir\u00e1n tras la muerte bajo custodia de Mahsa Amini, la mujer de 22 a\u00f1os detenida por, supuestamente, llevar mal puesto el velo, y por la represi\u00f3n violenta de las manifestaciones en el pa\u00eds. &nbsp;&nbsp;&nbsp;El gesto de cortarse un mech\u00f3n de pelo se est\u00e1 usando como s\u00edmbolo de protesta a lo largo de todo el mundo.<\/p>\n<div style=\"width: 480px;\" class=\"wp-video\"><!--[if lt IE 9]><script>document.createElement('video');<\/script><![endif]-->\n<video class=\"wp-video-shortcode\" id=\"video-6528-1\" width=\"480\" height=\"816\" poster=\"https:\/\/blogsaverroes.juntadeandalucia.es\/iesarroyodelamiel\/files\/2022\/11\/Mujeres.jpg\" preload=\"metadata\" controls=\"controls\"><source type=\"video\/mp4\" src=\"https:\/\/blogsaverroes.juntadeandalucia.es\/iesarroyodelamiel\/files\/2022\/11\/V\u00eddeo-de-apoyo-mujeres-iran\u00edes-IES-Arroyo-de-la-Miel.mp4?_=1\" \/><a href=\"https:\/\/blogsaverroes.juntadeandalucia.es\/iesarroyodelamiel\/files\/2022\/11\/V\u00eddeo-de-apoyo-mujeres-iran\u00edes-IES-Arroyo-de-la-Miel.mp4\">https:\/\/blogsaverroes.juntadeandalucia.es\/iesarroyodelamiel\/files\/2022\/11\/V\u00eddeo-de-apoyo-mujeres-iran\u00edes-IES-Arroyo-de-la-Miel.mp4<\/a><\/video><\/div>\n<h3 style=\"text-align: center\">25 N D\u00eda Internacional de eliminaci\u00f3n de la Violencia contra la Mujer<\/h3>\n<p><img loading=\"lazy\" decoding=\"async\" class=\"aligncenter size-medium wp-image-6567\" src=\"https:\/\/blogsaverroes.juntadeandalucia.es\/iesarroyodelamiel\/files\/2022\/11\/25N-300x172.png\" alt=\"\" width=\"300\" height=\"172\" srcset=\"https:\/\/blogsaverroes.juntadeandalucia.es\/iesarroyodelamiel\/files\/2022\/11\/25N-300x172.png 300w, https:\/\/blogsaverroes.juntadeandalucia.es\/iesarroyodelamiel\/files\/2022\/11\/25N-768x441.png 768w, https:\/\/blogsaverroes.juntadeandalucia.es\/iesarroyodelamiel\/files\/2022\/11\/25N.png 809w\" sizes=\"(max-width: 300px) 100vw, 300px\" \/><\/p>\n<p>&nbsp; &nbsp; &nbsp; &nbsp; &nbsp; &nbsp; &nbsp; &nbsp; &nbsp; &nbsp; &nbsp; &nbsp; &nbsp; &nbsp; &nbsp; &nbsp; &nbsp; &nbsp; &nbsp; &nbsp; &nbsp; &nbsp; &nbsp; &nbsp; &nbsp; &nbsp; &nbsp; &nbsp; &nbsp; &nbsp; &nbsp; &nbsp; &nbsp; &nbsp; &nbsp;Cartel realizado por alumnas del centro<\/p>\n<p>Como cada a\u00f1o, el D\u00eda Internacional para Eliminar la&nbsp;<em>Violencia<\/em>&nbsp;contra la Mujer marca la realizaci\u00f3n de un conjunto de actividades llevadas a cabo en el centro para concienciar a nuestro alumnado de la necesidad de seguir trabajando como sociedad en la consecuci\u00f3n de la igualdad, no discriminaci\u00f3n y&nbsp; no violencia contra la mujer en cualquiera de sus formas.<\/p>\n<p>Durante el viernes 25 de noviembre el alumnado realizar\u00e1 actividades en el centro enmarcadas en la celebraci\u00f3n de dicho d\u00eda.<\/p>\n<p>Las profesoras de nocturno se han sumado a dicha celebraci\u00f3n recitando la letra de una conocida canci\u00f3n de Bebe.<\/p>\n<!--[if lt IE 9]><script>document.createElement('audio');<\/script><![endif]-->\n<audio class=\"wp-audio-shortcode\" id=\"audio-6528-1\" preload=\"none\" style=\"width: 100%;\" controls=\"controls\"><source type=\"audio\/mpeg\" src=\"https:\/\/blogsaverroes.juntadeandalucia.es\/iesarroyodelamiel\/files\/2022\/11\/25-N.mp3?_=1\" \/><a href=\"https:\/\/blogsaverroes.juntadeandalucia.es\/iesarroyodelamiel\/files\/2022\/11\/25-N.mp3\">https:\/\/blogsaverroes.juntadeandalucia.es\/iesarroyodelamiel\/files\/2022\/11\/25-N.mp3<\/a><\/audio>\n<div id=\"mep_0\" class=\"mejs-container mejs-container-keyboard-inactive wp-audio-shortcode mejs-audio\" role=\"application\" aria-label=\"Reproductor de audio\">\n<div class=\"mejs-inner\">\n<div class=\"mejs-mediaelement\">&nbsp;<\/div>\n<div class=\"mejs-layers\">&nbsp;<\/div>\n<div class=\"mejs-controls\">&nbsp;<\/div>\n<\/div>\n<\/div>\n<p>&nbsp;<\/p>\n","protected":false},"excerpt":{"rendered":"<p>Comenzamos nuestro curso 2022-2023 con m\u00faltiples ideas, propuestas e iniciativas para el Proyecto de&nbsp; Coeducaci\u00f3n del IES Arroyo de la Miel. V\u00eddeo de apoyo a las mujeres iran\u00edes Empresarias, pol\u00edticas, periodistas y cantantes se&#46;&#46;&#46;<\/p>\n","protected":false},"author":10424,"featured_media":0,"parent":0,"menu_order":0,"comment_status":"closed","ping_status":"closed","template":"","meta":{"ngg_post_thumbnail":0,"footnotes":"","_mc_calendar":[]},"aioseo_notices":[],"_links":{"self":[{"href":"https:\/\/blogsaverroes.juntadeandalucia.es\/iesarroyodelamiel\/wp-json\/wp\/v2\/pages\/6528"}],"collection":[{"href":"https:\/\/blogsaverroes.juntadeandalucia.es\/iesarroyodelamiel\/wp-json\/wp\/v2\/pages"}],"about":[{"href":"https:\/\/blogsaverroes.juntadeandalucia.es\/iesarroyodelamiel\/wp-json\/wp\/v2\/types\/page"}],"author":[{"embeddable":true,"href":"https:\/\/blogsaverroes.juntadeandalucia.es\/iesarroyodelamiel\/wp-json\/wp\/v2\/users\/10424"}],"replies":[{"embeddable":true,"href":"https:\/\/blogsaverroes.juntadeandalucia.es\/iesarroyodelamiel\/wp-json\/wp\/v2\/comments?post=6528"}],"version-history":[{"count":4,"href":"https:\/\/blogsaverroes.juntadeandalucia.es\/iesarroyodelamiel\/wp-json\/wp\/v2\/pages\/6528\/revisions"}],"predecessor-version":[{"id":6571,"href":"https:\/\/blogsaverroes.juntadeandalucia.es\/iesarroyodelamiel\/wp-json\/wp\/v2\/pages\/6528\/revisions\/6571"}],"wp:attachment":[{"href":"https:\/\/blogsaverroes.juntadeandalucia.es\/iesarroyodelamiel\/wp-json\/wp\/v2\/media?parent=6528"}],"curies":[{"name":"wp","href":"https:\/\/api.w.org\/{rel}","templated":true}]}}