{"id":6677,"date":"2023-01-27T10:23:22","date_gmt":"2023-01-27T10:23:22","guid":{"rendered":"https:\/\/blogsaverroes.juntadeandalucia.es\/iesarroyodelamiel\/?page_id=6677"},"modified":"2025-11-25T11:55:38","modified_gmt":"2025-11-25T11:55:38","slug":"plan-de-evacuacion-del-centro","status":"publish","type":"page","link":"https:\/\/blogsaverroes.juntadeandalucia.es\/iesarroyodelamiel\/plan-de-evacuacion-del-centro\/","title":{"rendered":"Plan de evacuaci\u00f3n del centro y protocolos calor"},"content":{"rendered":"<p><strong>Documentos para evacuaci\u00f3n del centro 25-26<\/strong><\/p>\n<p><a href=\"https:\/\/blogsaverroes.juntadeandalucia.es\/iesarroyodelamiel\/files\/2025\/11\/Instrucciones-2024-para-los-profesores-PDM.pdf\">Instrucciones 2024 para los profesores (PDM)<\/a>&nbsp;<\/p>\n<p><a href=\"https:\/\/blogsaverroes.juntadeandalucia.es\/iesarroyodelamiel\/files\/2025\/11\/Instrucciones-2025-para-los-alumnos-PDM.pdf\">Instrucciones 2025 para los alumnos (PDM)<\/a>&nbsp;<\/p>\n<p><a href=\"https:\/\/blogsaverroes.juntadeandalucia.es\/iesarroyodelamiel\/files\/2025\/11\/Planos-evacuacion-IES-Arroyo-de-la-Miel.pdf\">Planos evacuaci\u00f3n IES Arroyo de la Miel<\/a><\/p>\n<p><a href=\"https:\/\/blogsaverroes.juntadeandalucia.es\/iesarroyodelamiel\/files\/2025\/11\/pista-PDM.jpg\"><img loading=\"lazy\" decoding=\"async\" class=\"aligncenter size-large wp-image-7749\" src=\"https:\/\/blogsaverroes.juntadeandalucia.es\/iesarroyodelamiel\/files\/2025\/11\/pista-PDM-1024x966.jpg\" alt=\"\" width=\"1024\" height=\"966\" srcset=\"https:\/\/blogsaverroes.juntadeandalucia.es\/iesarroyodelamiel\/files\/2025\/11\/pista-PDM-1024x966.jpg 1024w, https:\/\/blogsaverroes.juntadeandalucia.es\/iesarroyodelamiel\/files\/2025\/11\/pista-PDM-300x283.jpg 300w, https:\/\/blogsaverroes.juntadeandalucia.es\/iesarroyodelamiel\/files\/2025\/11\/pista-PDM-768x725.jpg 768w, https:\/\/blogsaverroes.juntadeandalucia.es\/iesarroyodelamiel\/files\/2025\/11\/pista-PDM-1536x1449.jpg 1536w, https:\/\/blogsaverroes.juntadeandalucia.es\/iesarroyodelamiel\/files\/2025\/11\/pista-PDM-2048x1933.jpg 2048w\" sizes=\"(max-width: 1024px) 100vw, 1024px\" \/><\/a><\/p>\n<p>&nbsp;<\/p>\n<hr>\n<p>Documento con Protocolo de actuaci\u00f3n contra olas de calor 23-24<\/p>\n<p><a href=\"https:\/\/blogsaverroes.juntadeandalucia.es\/iesarroyodelamiel\/files\/2024\/06\/Protocolo-olas-calor-IES-Arroyo-de-la-Miel-2023-24.pdf\">Protocolo olas calor IES Arroyo de la Miel 2023-24<\/a><\/p>\n<hr>\n<p>Documentos para la evacuaci\u00f3n del centro al Polideportivo Municipal, simulacro 2024<\/p>\n<p><a href=\"https:\/\/blogsaverroes.juntadeandalucia.es\/iesarroyodelamiel\/files\/2024\/05\/Instrucciones-para-los-alumnos-PDM.pdf\">Instrucciones para los alumnos (PDM)<\/a><\/p>\n<p><a href=\"https:\/\/blogsaverroes.juntadeandalucia.es\/iesarroyodelamiel\/files\/2024\/05\/Instrucciones-2024-para-los-profesores-PDM.pdf\">Instrucciones 2024 para los profesores (PDM)<\/a><\/p>\n<p>&nbsp;<\/p>\n<hr>\n<p>A continuaci\u00f3n est\u00e1n los documentos usados para la formaci\u00f3n en la evacuaci\u00f3n del centro a pistas, simulacro 2023<\/p>\n<p><a href=\"https:\/\/blogsaverroes.juntadeandalucia.es\/iesarroyodelamiel\/files\/2023\/01\/Plan_de_Autoprotecci\u00f3n_escolar_compat.pdf\">Presentaci\u00f3n. instrucciones para el alumnado<\/a><\/p>\n<p><a href=\"https:\/\/blogsaverroes.juntadeandalucia.es\/iesarroyodelamiel\/files\/2023\/01\/Instrucciones-para-los-profesores-evacuacion-a-pistas-1.pdf\">Instrucciones para los profesores evacuacion a pistas-1<\/a><\/p>\n<p><a href=\"https:\/\/blogsaverroes.juntadeandalucia.es\/iesarroyodelamiel\/files\/2023\/01\/Instrucciones-para-los-alumnos-evacuacion-a-pistas-1.pdf\">Instrucciones para los alumnos evacuacion a pistas-1<\/a><\/p>\n","protected":false},"excerpt":{"rendered":"<p>Documentos para evacuaci\u00f3n del centro 25-26 Instrucciones 2024 para los profesores (PDM)&nbsp; Instrucciones 2025 para los alumnos (PDM)&nbsp; Planos evacuaci\u00f3n IES Arroyo de la Miel &nbsp; Documento con Protocolo de actuaci\u00f3n contra olas de&#46;&#46;&#46;<\/p>\n","protected":false},"author":10424,"featured_media":0,"parent":0,"menu_order":0,"comment_status":"closed","ping_status":"closed","template":"","meta":{"ngg_post_thumbnail":0,"footnotes":"","_mc_calendar":[]},"aioseo_notices":[],"_links":{"self":[{"href":"https:\/\/blogsaverroes.juntadeandalucia.es\/iesarroyodelamiel\/wp-json\/wp\/v2\/pages\/6677"}],"collection":[{"href":"https:\/\/blogsaverroes.juntadeandalucia.es\/iesarroyodelamiel\/wp-json\/wp\/v2\/pages"}],"about":[{"href":"https:\/\/blogsaverroes.juntadeandalucia.es\/iesarroyodelamiel\/wp-json\/wp\/v2\/types\/page"}],"author":[{"embeddable":true,"href":"https:\/\/blogsaverroes.juntadeandalucia.es\/iesarroyodelamiel\/wp-json\/wp\/v2\/users\/10424"}],"replies":[{"embeddable":true,"href":"https:\/\/blogsaverroes.juntadeandalucia.es\/iesarroyodelamiel\/wp-json\/wp\/v2\/comments?post=6677"}],"version-history":[{"count":5,"href":"https:\/\/blogsaverroes.juntadeandalucia.es\/iesarroyodelamiel\/wp-json\/wp\/v2\/pages\/6677\/revisions"}],"predecessor-version":[{"id":7750,"href":"https:\/\/blogsaverroes.juntadeandalucia.es\/iesarroyodelamiel\/wp-json\/wp\/v2\/pages\/6677\/revisions\/7750"}],"wp:attachment":[{"href":"https:\/\/blogsaverroes.juntadeandalucia.es\/iesarroyodelamiel\/wp-json\/wp\/v2\/media?parent=6677"}],"curies":[{"name":"wp","href":"https:\/\/api.w.org\/{rel}","templated":true}]}}