{"id":6780,"date":"2023-04-19T11:37:51","date_gmt":"2023-04-19T11:37:51","guid":{"rendered":"https:\/\/blogsaverroes.juntadeandalucia.es\/iesarroyodelamiel\/?page_id=6780"},"modified":"2023-04-19T12:22:56","modified_gmt":"2023-04-19T12:22:56","slug":"comunica-22-23","status":"publish","type":"page","link":"https:\/\/blogsaverroes.juntadeandalucia.es\/iesarroyodelamiel\/comunica-22-23\/","title":{"rendered":"Comunica 22-23"},"content":{"rendered":"<p><a href=\"https:\/\/blogsaverroes.juntadeandalucia.es\/iesarroyodelamiel\/files\/2023\/04\/comunica.png\"><img loading=\"lazy\" decoding=\"async\" class=\"aligncenter size-medium wp-image-6787\" src=\"https:\/\/blogsaverroes.juntadeandalucia.es\/iesarroyodelamiel\/files\/2023\/04\/comunica-300x67.png\" alt=\"\" width=\"300\" height=\"67\" srcset=\"https:\/\/blogsaverroes.juntadeandalucia.es\/iesarroyodelamiel\/files\/2023\/04\/comunica-300x67.png 300w, https:\/\/blogsaverroes.juntadeandalucia.es\/iesarroyodelamiel\/files\/2023\/04\/comunica.png 474w\" sizes=\"(max-width: 300px) 100vw, 300px\" \/><\/a><\/p>\n<p>El programa ComunicA empez\u00f3 a desarrollarse en nuestro centro en el curso 18-19.<br \/>\nEl desarrollo del programa en este curso 22-23 seguir\u00e1 la oralidad como l\u00ednea de actuaci\u00f3n. La oralidad es el<br \/>\neje en el que siempre nos hemos centrado, aunque en un principio estuvo focalizado especialmente en el debate<br \/>\nescolar. La oralidad ha quedado tradicionalmente al margen de la ense\u00f1anza en el aula y de ah\u00ed nuestro empe\u00f1o<br \/>\nen potenciar su inclusi\u00f3n y valoraci\u00f3n. Y, para ello, nos serviremos de distintas actividades y situaciones de<br \/>\naprendizaje, buscando familiarizar al alumnado con la oralidad, la oratoria y el debate; siendo la celebraci\u00f3n del<br \/>\nIV Torneo de DEBATE del IES ARRYO DE LA MIEL el colof\u00f3n del trabajo que se ir\u00e1 desarrollando a lo largo del<br \/>\ncurso.&nbsp;<br \/>\nEl desarrollo del proyecto ComunicA se asocia a otros Planes y Proyectos del centro como : Bibliotecas<br \/>\nEscolares, Coeducaci\u00f3 n, H\u00e1 bitos y vida saludable, Forma Joven, Aula de cine, Escuela espacio de Paz, \u2026<\/p>\n<p>Todas las actividades que se realizan en este Proeycto quedan reflejdas en el blog <a href=\"http:\/\/enlaotraclasedelengua.blogspot.com\">Comunica<\/a>.&nbsp;<\/p>\n<p>En esta p\u00e1gina iremos mostrando tambi\u00e9n actividades que desarrollamos&nbsp; en torno a este proeycto en nuestro d\u00eda a d\u00eda en el centro.<\/p>\n<h2 style=\"text-align: center\">Torneo de debate<\/h2>\n<p><strong>Semana Cultural<\/strong><\/p>\n<p>Con motivo de la celebraci\u00f3n de la V Semana Cultural del IES Arroyo de la Miel los alumnos del centro que cursan la optativa de Oratoria y Debate, se enfrentaron por equipos en un emocionante e intenso Torneo de debate. Nuestros alumnos demostraron, una vez m\u00e1s, que son grandes oradores.<\/p>\n<p>En el siguiente documento se pude ver los grupos que participaron con un gran nievl todos ellos.<\/p>\n<p><a href=\"https:\/\/blogsaverroes.juntadeandalucia.es\/iesarroyodelamiel\/files\/2023\/04\/IVTorneo-de-debate.pdf\">IVTorneo de debate<\/a><\/p>\n","protected":false},"excerpt":{"rendered":"<p>El programa ComunicA empez\u00f3 a desarrollarse en nuestro centro en el curso 18-19. El desarrollo del programa en este curso 22-23 seguir\u00e1 la oralidad como l\u00ednea de actuaci\u00f3n. La oralidad es el eje en&#46;&#46;&#46;<\/p>\n","protected":false},"author":10424,"featured_media":0,"parent":0,"menu_order":0,"comment_status":"closed","ping_status":"closed","template":"","meta":{"ngg_post_thumbnail":0,"footnotes":"","_mc_calendar":[]},"aioseo_notices":[],"_links":{"self":[{"href":"https:\/\/blogsaverroes.juntadeandalucia.es\/iesarroyodelamiel\/wp-json\/wp\/v2\/pages\/6780"}],"collection":[{"href":"https:\/\/blogsaverroes.juntadeandalucia.es\/iesarroyodelamiel\/wp-json\/wp\/v2\/pages"}],"about":[{"href":"https:\/\/blogsaverroes.juntadeandalucia.es\/iesarroyodelamiel\/wp-json\/wp\/v2\/types\/page"}],"author":[{"embeddable":true,"href":"https:\/\/blogsaverroes.juntadeandalucia.es\/iesarroyodelamiel\/wp-json\/wp\/v2\/users\/10424"}],"replies":[{"embeddable":true,"href":"https:\/\/blogsaverroes.juntadeandalucia.es\/iesarroyodelamiel\/wp-json\/wp\/v2\/comments?post=6780"}],"version-history":[{"count":4,"href":"https:\/\/blogsaverroes.juntadeandalucia.es\/iesarroyodelamiel\/wp-json\/wp\/v2\/pages\/6780\/revisions"}],"predecessor-version":[{"id":6788,"href":"https:\/\/blogsaverroes.juntadeandalucia.es\/iesarroyodelamiel\/wp-json\/wp\/v2\/pages\/6780\/revisions\/6788"}],"wp:attachment":[{"href":"https:\/\/blogsaverroes.juntadeandalucia.es\/iesarroyodelamiel\/wp-json\/wp\/v2\/media?parent=6780"}],"curies":[{"name":"wp","href":"https:\/\/api.w.org\/{rel}","templated":true}]}}