{"id":7199,"date":"2024-03-01T11:22:08","date_gmt":"2024-03-01T11:22:08","guid":{"rendered":"https:\/\/blogsaverroes.juntadeandalucia.es\/iesarroyodelamiel\/?page_id=7199"},"modified":"2024-03-01T11:25:51","modified_gmt":"2024-03-01T11:25:51","slug":"presentacion-ef-ciclos","status":"publish","type":"page","link":"https:\/\/blogsaverroes.juntadeandalucia.es\/iesarroyodelamiel\/presentacion-ef-ciclos\/","title":{"rendered":"Presentaci\u00f3n EF Ciclos"},"content":{"rendered":"<p>La familia profesional de Actividades F\u00edsicas y Deportivas cuenta en nuestro centro con tres ciclos formativos, uno de ellos de grado medio y el resto de grado superior. Dichos ciclos son:<\/p>\n<p>&nbsp;1.&nbsp; T\u00e9cnico en&nbsp; el Medio Natural y Tiempo libre.<\/p>\n<p>2. T\u00e9cnico Superior en Acondicionamiento F\u00edsico.<\/p>\n<p>3. T\u00e9cnico Superior en Animaci\u00f3n Sociodeportiva.<\/p>\n<p>En el enlace siguiente podr\u00e1s encontrar informaci\u00f3n referente al Ciclo de Grado Superior de Acondicionamiento F\u00edsico que se imparte en&nbsp; modalidad dual,&nbsp; lo cual implica alternancia entre la formaci\u00f3n en&nbsp; &nbsp;el centro educativo y el centro de trabajo. De este modo, nuestro alumnado est\u00e1 al d\u00eda de las tendencias del mercado laboral en el que se desarrollar\u00e1n como futuros profesionales.<\/p>\n<p><a href=\"https:\/\/tsacondicionamientofisico.iesarroyodelamiel.es\/\">Blog Acondicionamiento F\u00edsico<\/a><\/p>\n<p>&nbsp;<\/p>\n","protected":false},"excerpt":{"rendered":"<p>La familia profesional de Actividades F\u00edsicas y Deportivas cuenta en nuestro centro con tres ciclos formativos, uno de ellos de grado medio y el resto de grado superior. Dichos ciclos son: &nbsp;1.&nbsp; T\u00e9cnico en&nbsp;&#46;&#46;&#46;<\/p>\n","protected":false},"author":10424,"featured_media":0,"parent":0,"menu_order":0,"comment_status":"closed","ping_status":"closed","template":"","meta":{"ngg_post_thumbnail":0,"footnotes":"","_mc_calendar":[]},"aioseo_notices":[],"_links":{"self":[{"href":"https:\/\/blogsaverroes.juntadeandalucia.es\/iesarroyodelamiel\/wp-json\/wp\/v2\/pages\/7199"}],"collection":[{"href":"https:\/\/blogsaverroes.juntadeandalucia.es\/iesarroyodelamiel\/wp-json\/wp\/v2\/pages"}],"about":[{"href":"https:\/\/blogsaverroes.juntadeandalucia.es\/iesarroyodelamiel\/wp-json\/wp\/v2\/types\/page"}],"author":[{"embeddable":true,"href":"https:\/\/blogsaverroes.juntadeandalucia.es\/iesarroyodelamiel\/wp-json\/wp\/v2\/users\/10424"}],"replies":[{"embeddable":true,"href":"https:\/\/blogsaverroes.juntadeandalucia.es\/iesarroyodelamiel\/wp-json\/wp\/v2\/comments?post=7199"}],"version-history":[{"count":2,"href":"https:\/\/blogsaverroes.juntadeandalucia.es\/iesarroyodelamiel\/wp-json\/wp\/v2\/pages\/7199\/revisions"}],"predecessor-version":[{"id":7202,"href":"https:\/\/blogsaverroes.juntadeandalucia.es\/iesarroyodelamiel\/wp-json\/wp\/v2\/pages\/7199\/revisions\/7202"}],"wp:attachment":[{"href":"https:\/\/blogsaverroes.juntadeandalucia.es\/iesarroyodelamiel\/wp-json\/wp\/v2\/media?parent=7199"}],"curies":[{"name":"wp","href":"https:\/\/api.w.org\/{rel}","templated":true}]}}