{"id":7674,"date":"2025-10-20T21:11:24","date_gmt":"2025-10-20T21:11:24","guid":{"rendered":"https:\/\/blogsaverroes.juntadeandalucia.es\/iesarroyodelamiel\/?page_id=7674"},"modified":"2026-03-24T15:13:47","modified_gmt":"2026-03-24T15:13:47","slug":"revista-ies-arroyo-de-la-miel","status":"publish","type":"page","link":"https:\/\/blogsaverroes.juntadeandalucia.es\/iesarroyodelamiel\/revista-ies-arroyo-de-la-miel\/","title":{"rendered":"Revista IES Arroyo de la Miel"},"content":{"rendered":"<h1 style=\"text-align: center\">Secci\u00f3n de la revista IES Arroyo de la Miel<\/h1>\n<p><a href=\"https:\/\/blogsaverroes.juntadeandalucia.es\/iesarroyodelamiel\/files\/2025\/10\/portadarevista-octubre.png\"><img loading=\"lazy\" decoding=\"async\" class=\"aligncenter wp-image-7668\" src=\"https:\/\/blogsaverroes.juntadeandalucia.es\/iesarroyodelamiel\/files\/2025\/10\/portadarevista-octubre-1024x554.png\" alt=\"Portada Revista IES Arroyo de la Miel - Octubre 2025\" width=\"322\" height=\"174\" srcset=\"https:\/\/blogsaverroes.juntadeandalucia.es\/iesarroyodelamiel\/files\/2025\/10\/portadarevista-octubre-1024x554.png 1024w, https:\/\/blogsaverroes.juntadeandalucia.es\/iesarroyodelamiel\/files\/2025\/10\/portadarevista-octubre-300x162.png 300w, https:\/\/blogsaverroes.juntadeandalucia.es\/iesarroyodelamiel\/files\/2025\/10\/portadarevista-octubre-768x415.png 768w, https:\/\/blogsaverroes.juntadeandalucia.es\/iesarroyodelamiel\/files\/2025\/10\/portadarevista-octubre-1536x831.png 1536w, https:\/\/blogsaverroes.juntadeandalucia.es\/iesarroyodelamiel\/files\/2025\/10\/portadarevista-octubre.png 1542w\" sizes=\"(max-width: 322px) 100vw, 322px\" \/><\/a><\/p>\n<p>En esta secci\u00f3n pod\u00e9is encontrar las revistas del IES Arroyo de la Miel que se han publicado ordenadas por fecha de publicaci\u00f3n.<\/p>\n<p>&nbsp;<\/p>\n<table style=\"border-collapse: collapse;width: 100%;height: 98px\">\n<tbody>\n<tr style=\"height: 24px\">\n<td style=\"width: 5.90734%;height: 24px;text-align: left\" colspan=\"2\"><strong>Curso lectivo 2025-2026<\/strong><\/td>\n<\/tr>\n<tr style=\"height: 26px\">\n<td style=\"width: 5.90734%;height: 26px\">&nbsp;<\/td>\n<td style=\"width: 94.0927%;text-align: left;height: 26px\"><a href=\"https:\/\/blogsaverroes.juntadeandalucia.es\/iesarroyodelamiel\/files\/2026\/03\/Revista-IES-Arroyo-de-la-Miel-2T-2025-2026_compressed.pdf\">Revista IES Arroyo de la Miel &#8211; 2\u00ba Trimestre &#8211; 2025-2026<\/a><\/td>\n<\/tr>\n<tr style=\"height: 24px\">\n<td style=\"width: 5.90734%;height: 24px\">&nbsp;<\/td>\n<td style=\"width: 94.0927%;height: 24px;text-align: left\"><a href=\"https:\/\/blogsaverroes.juntadeandalucia.es\/iesarroyodelamiel\/files\/2025\/12\/Revista-IES-Arroyo-de-la-Miel-1T-2025-2026.pdf\">Revista IES Arroyo de la Miel &#8211; 1er Trimestre &#8211; 2025-2026<\/a><\/td>\n<\/tr>\n<tr style=\"height: 24px\">\n<td style=\"width: 5.90734%;height: 24px\">&nbsp;<\/td>\n<td style=\"width: 94.0927%;height: 24px;text-align: left\"><a href=\"https:\/\/blogsaverroes.juntadeandalucia.es\/iesarroyodelamiel\/files\/2025\/10\/Revista_IESArroyo-0T-2025-26.pdf\">Revista IES Arroyo de la Miel &#8211; Edici\u00f3n octubre 2025<\/a><\/td>\n<\/tr>\n<\/tbody>\n<\/table>\n<p>&nbsp;<\/p>\n<table style=\"border-collapse: collapse;width: 100%;height: 120px\">\n<tbody>\n<tr style=\"height: 24px\">\n<td style=\"width: 5.90734%;height: 24px;text-align: left\" colspan=\"2\"><strong>Curso lectivo 2024-2024<\/strong><\/td>\n<\/tr>\n<tr style=\"height: 24px\">\n<td style=\"width: 5.90734%;height: 24px\">&nbsp;<\/td>\n<td style=\"width: 94.0927%;height: 24px;text-align: left\"><a href=\"https:\/\/blogsaverroes.juntadeandalucia.es\/iesarroyodelamiel\/files\/2025\/06\/Revista_IESAMiel-3T-2024-2025.pdf\">Revista IES Arroyo de la Miel &#8211; 3er Trimestre &#8211; 2024-2025<\/a><\/td>\n<\/tr>\n<tr style=\"height: 24px\">\n<td style=\"width: 5.90734%\">&nbsp;<\/td>\n<td style=\"width: 94.0927%;text-align: left\"><a href=\"https:\/\/blogsaverroes.juntadeandalucia.es\/iesarroyodelamiel\/files\/2025\/04\/Revista_IES_Arroyo_tri2-25.pdf\">Revista IES Arroyo de la Miel &#8211; 2o Trimestre &#8211; 2024-2025<\/a><\/td>\n<\/tr>\n<\/tbody>\n<\/table>\n<p>&nbsp;<\/p>\n","protected":false},"excerpt":{"rendered":"<p>Secci\u00f3n de la revista IES Arroyo de la Miel En esta secci\u00f3n pod\u00e9is encontrar las revistas del IES Arroyo de la Miel que se han publicado ordenadas por fecha de publicaci\u00f3n. &nbsp; Curso lectivo&#46;&#46;&#46;<\/p>\n","protected":false},"author":10424,"featured_media":0,"parent":0,"menu_order":0,"comment_status":"closed","ping_status":"closed","template":"","meta":{"ngg_post_thumbnail":0,"footnotes":"","_mc_calendar":[]},"aioseo_notices":[],"_links":{"self":[{"href":"https:\/\/blogsaverroes.juntadeandalucia.es\/iesarroyodelamiel\/wp-json\/wp\/v2\/pages\/7674"}],"collection":[{"href":"https:\/\/blogsaverroes.juntadeandalucia.es\/iesarroyodelamiel\/wp-json\/wp\/v2\/pages"}],"about":[{"href":"https:\/\/blogsaverroes.juntadeandalucia.es\/iesarroyodelamiel\/wp-json\/wp\/v2\/types\/page"}],"author":[{"embeddable":true,"href":"https:\/\/blogsaverroes.juntadeandalucia.es\/iesarroyodelamiel\/wp-json\/wp\/v2\/users\/10424"}],"replies":[{"embeddable":true,"href":"https:\/\/blogsaverroes.juntadeandalucia.es\/iesarroyodelamiel\/wp-json\/wp\/v2\/comments?post=7674"}],"version-history":[{"count":9,"href":"https:\/\/blogsaverroes.juntadeandalucia.es\/iesarroyodelamiel\/wp-json\/wp\/v2\/pages\/7674\/revisions"}],"predecessor-version":[{"id":7940,"href":"https:\/\/blogsaverroes.juntadeandalucia.es\/iesarroyodelamiel\/wp-json\/wp\/v2\/pages\/7674\/revisions\/7940"}],"wp:attachment":[{"href":"https:\/\/blogsaverroes.juntadeandalucia.es\/iesarroyodelamiel\/wp-json\/wp\/v2\/media?parent=7674"}],"curies":[{"name":"wp","href":"https:\/\/api.w.org\/{rel}","templated":true}]}}