{"id":1282,"date":"2024-05-01T10:52:18","date_gmt":"2024-05-01T08:52:18","guid":{"rendered":"https:\/\/blogsaverroes.juntadeandalucia.es\/iesastaregia\/?page_id=1282"},"modified":"2024-08-23T13:08:44","modified_gmt":"2024-08-23T11:08:44","slug":"normativa","status":"publish","type":"page","link":"https:\/\/blogsaverroes.juntadeandalucia.es\/iesastaregia\/normativa\/","title":{"rendered":"Normativa"},"content":{"rendered":"<p>[et_pb_section fb_built=&#8221;1&#8243; _builder_version=&#8221;4.24.2&#8243; _module_preset=&#8221;default&#8221; global_colors_info=&#8221;{}&#8221;][et_pb_row _builder_version=&#8221;4.24.2&#8243; _module_preset=&#8221;default&#8221; hover_enabled=&#8221;0&#8243; global_colors_info=&#8221;{}&#8221; sticky_enabled=&#8221;0&#8243; width=&#8221;60%&#8221;][et_pb_column type=&#8221;4_4&#8243; _builder_version=&#8221;4.24.2&#8243; _module_preset=&#8221;default&#8221; global_colors_info=&#8221;{}&#8221;][et_pb_text _builder_version=&#8221;4.24.2&#8243; _module_preset=&#8221;default&#8221; hover_enabled=&#8221;0&#8243; global_colors_info=&#8221;{}&#8221; sticky_enabled=&#8221;0&#8243;]<\/p>\n<h2><span style=\"text-decoration: underline\">Normativa vigente<\/span><\/h2>\n<p>[\/et_pb_text][et_pb_text _builder_version=&#8221;4.24.2&#8243; _module_preset=&#8221;default&#8221; global_colors_info=&#8221;{}&#8221;]<\/p>\n<p>La normativa vigente es la siguiente:<\/p>\n<ul>\n<li><a href=\"https:\/\/www.boe.es\/buscar\/pdf\/2020\/BOE-A-2020-17264-consolidado.pdf\">Ley Org\u00e1nica 3\/2020, de 29 de diciembre, por la que se modifica la Ley Org\u00e1nica 2\/2006, de 3 de mayo, de Educaci\u00f3n (LOMLOE)<\/a><\/li>\n<li><a href=\"https:\/\/ws040.juntadeandalucia.es\/sedeboja\/web\/textos-consolidados\/resumen-ficha?p_auth=FUJUXxYW&amp;p_p_id=resumenrecursolegal_WAR_sedebojatextoconsolidadoportlet&amp;p_p_lifecycle=1&amp;p_p_state=normal&amp;p_p_mode=view&amp;p_p_col_id=column-1&amp;p_p_col_count=1&amp;_resumenrecursolegal_WAR_sedebojatextoconsolidadoportlet__facesViewIdRender=%2Fviews%2Frecurso-legal%2Fsummary.xhtml\">Decretos 102\/2023 y 103\/2023 de 9 de mayo, por los que se establece la ordenaci\u00f3n y el curr\u00edculo de la etapa de Educaci\u00f3n Secundaria Obligatoria y Bachillerato en la Comunidad Aut\u00f3noma de Andaluc\u00eda<\/a><\/li>\n<li><a href=\"https:\/\/ws040.juntadeandalucia.es\/sedeboja\/web\/textos-consolidados\/resumen-ficha?p_auth=FUJUXxYW&amp;p_p_id=resumenrecursolegal_WAR_sedebojatextoconsolidadoportlet&amp;p_p_lifecycle=1&amp;p_p_state=normal&amp;p_p_mode=view&amp;p_p_col_id=column-1&amp;p_p_col_count=1&amp;_resumenrecursolegal_WAR_sedebojatextoconsolidadoportlet__facesViewIdRender=%2Fviews%2Frecurso-legal%2Fsummary.xhtml\">\u00d3rdenes de 30 de mayo de 2023, por las que se desarrolla el curr\u00edculo correspondiente a la etapa de Educaci\u00f3n Secundaria Obligatoria y Bachillerato en la Comunidad Aut\u00f3noma de Andaluc\u00eda<\/a><\/li>\n<li><a href=\"https:\/\/www.boe.es\/buscar\/pdf\/2022\/BOE-A-2022-5139-consolidado.pdf\">Ley Org\u00e1nica 3\/2022, de 31 de marzo, de ordenaci\u00f3n e integraci\u00f3n de la Formaci\u00f3n Profesional<\/a><\/li>\n<li><a href=\"https:\/\/www.boe.es\/boe\/dias\/2023\/07\/22\/pdfs\/BOE-A-2023-16889.pdf\">Real Decreto 659\/2023, de 18 de julio, por el que se desarrolla la ordenaci\u00f3n del Sistema de Formaci\u00f3n Profesional<\/a><\/li>\n<li><a href=\"https:\/\/ws040.juntadeandalucia.es\/sedeboja\/web\/textos-consolidados\/resumen-ficha?p_auth=FUJUXxYW&amp;p_p_id=resumenrecursolegal_WAR_sedebojatextoconsolidadoportlet&amp;p_p_lifecycle=1&amp;p_p_state=normal&amp;p_p_mode=view&amp;p_p_col_id=column-1&amp;p_p_col_count=1&amp;_resumenrecursolegal_WAR_sedebojatextoconsolidadoportlet__facesViewIdRender=%2Fviews%2Frecurso-legal%2Fsummary.xhtml\">Decreto 327\/2010, de 13 de julio, por el que se aprueba el Reglamento Org\u00e1nico de los Institutos de Educaci\u00f3n Secundaria<\/a><\/li>\n<\/ul>\n<p>[\/et_pb_text][\/et_pb_column][\/et_pb_row][\/et_pb_section]<\/p>\n","protected":false},"excerpt":{"rendered":"<p>Normativa vigenteLa normativa vigente es la siguiente: Ley Org\u00e1nica 3\/2020, de 29 de diciembre, por la que se modifica la Ley Org\u00e1nica 2\/2006, de 3 de mayo, de Educaci\u00f3n (LOMLOE) Decretos 102\/2023 y 103\/2023 de 9 de mayo, por los que se establece la ordenaci\u00f3n y el curr\u00edculo de la etapa de Educaci\u00f3n Secundaria Obligatoria [&hellip;]<\/p>\n","protected":false},"author":19165,"featured_media":0,"parent":0,"menu_order":0,"comment_status":"closed","ping_status":"closed","template":"","meta":{"_et_pb_use_builder":"on","_et_pb_old_content":"","_et_gb_content_width":"","ngg_post_thumbnail":0,"footnotes":""},"aioseo_notices":[],"_links":{"self":[{"href":"https:\/\/blogsaverroes.juntadeandalucia.es\/iesastaregia\/wp-json\/wp\/v2\/pages\/1282"}],"collection":[{"href":"https:\/\/blogsaverroes.juntadeandalucia.es\/iesastaregia\/wp-json\/wp\/v2\/pages"}],"about":[{"href":"https:\/\/blogsaverroes.juntadeandalucia.es\/iesastaregia\/wp-json\/wp\/v2\/types\/page"}],"author":[{"embeddable":true,"href":"https:\/\/blogsaverroes.juntadeandalucia.es\/iesastaregia\/wp-json\/wp\/v2\/users\/19165"}],"replies":[{"embeddable":true,"href":"https:\/\/blogsaverroes.juntadeandalucia.es\/iesastaregia\/wp-json\/wp\/v2\/comments?post=1282"}],"version-history":[{"count":5,"href":"https:\/\/blogsaverroes.juntadeandalucia.es\/iesastaregia\/wp-json\/wp\/v2\/pages\/1282\/revisions"}],"predecessor-version":[{"id":1514,"href":"https:\/\/blogsaverroes.juntadeandalucia.es\/iesastaregia\/wp-json\/wp\/v2\/pages\/1282\/revisions\/1514"}],"wp:attachment":[{"href":"https:\/\/blogsaverroes.juntadeandalucia.es\/iesastaregia\/wp-json\/wp\/v2\/media?parent=1282"}],"curies":[{"name":"wp","href":"https:\/\/api.w.org\/{rel}","templated":true}]}}