{"id":3535,"date":"2017-12-22T19:16:33","date_gmt":"2017-12-22T18:16:33","guid":{"rendered":"http:\/\/blogsaverroes.juntadeandalucia.es\/iesategua\/politica-de-cookies\/"},"modified":"2022-03-31T21:11:05","modified_gmt":"2022-03-31T19:11:05","slug":"politica-de-cookies","status":"publish","type":"page","link":"https:\/\/blogsaverroes.juntadeandalucia.es\/iesategua\/politica-de-cookies\/","title":{"rendered":"Pol\u00edtica de cookies"},"content":{"rendered":"<h1 class=\"entry-header\"><strong>Pol\u00edtica de Cookies<\/strong><\/h1>\n<header class=\"entry-header\">En cumplimiento con el art\u00edculo 22 de la Ley 34\/2002, de 11 de julio, de servicios de la sociedad de la informaci\u00f3n y de comercio electr\u00f3nico (LSSI), en relaci\u00f3n con el Reglamento (UE) 2016\/679 del Parlamento Europeo y del Consejo, de 27 de abril de 2016, General de Protecci\u00f3n de Datos (RGPD) y la Ley Org\u00e1nica 3\/2018, de 5 de diciembre, de Protecci\u00f3n de Datos y garant\u00eda de los derechos digitales (LOPDGDD), I.E.S. Ategua pone a disposici\u00f3n de los usuarios la Pol\u00edtica de recogida y tratamiento de cookies del sitio Web.<\/p>\n<p><strong>Qu\u00e9 son las Cookies<\/strong><\/p>\n<p>Una cookie es un fichero que se descarga en tu ordenador al entrar a determinadas p\u00e1ginas web. Las cookies permiten a una p\u00e1gina web, entre otras cosas, almacenar y recuperar informaci\u00f3n sobre tus h\u00e1bitos de navegaci\u00f3n y \u2014dependiendo de la informaci\u00f3n que contengan y de la forma en que utilices tu equipo\u2014 pueden utilizarse para identificarte.<\/p>\n<p><strong>Cookies utilizadas en el sitio Web<\/strong><\/p>\n<p>A continuaci\u00f3n, se clasifican las cookies utilizadas por el sitio Web https:\/\/iesategua.com:<\/p>\n<p><strong>Seg\u00fan la entidad que las gestiona<\/strong><\/p>\n<ul>\n<li><strong>Cookies propias:<\/strong>&nbsp;Son aquellas enviadas y gestionadas directamente por I.E.S. Ategua.<\/li>\n<\/ul>\n<p><strong>Seg\u00fan su finalidad<\/strong><\/p>\n<ul>\n<li><strong>Cookies t\u00e9cnicas:<\/strong>&nbsp;Son aquellas que permiten a los usuarios registrados navegar a trav\u00e9s del sitio Web, del \u00e1rea restringida y a utilizar sus diferentes funciones, como, por ejemplo, el sistema de comentarios o el buscador.<\/li>\n<li><strong>Cookies de personalizaci\u00f3n:<\/strong>&nbsp;Son aquellas que permiten a los usuarios acceder al Servicio con algunas caracter\u00edsticas de car\u00e1cter general predefinidas en funci\u00f3n de una serie de criterios establecidos por el usuario como, por ejemplo, el idioma o el tipo de navegador a trav\u00e9s del cual se conecta a este sitio Web.<\/li>\n<\/ul>\n<p><strong>Seg\u00fan su duraci\u00f3n<\/strong><\/p>\n<ul>\n<li><strong>Cookies de sesi\u00f3n:<\/strong>&nbsp;Son aquellas dise\u00f1adas para recabar y almacenar datos mientras el usuario accede al sitio Web.<\/li>\n<li><strong>Cookies persistentes:<\/strong>&nbsp;Son aquellas en las que los datos siguen almacenados en el terminal del usuario y pueden ser accedidos y tratados durante un per\u00edodo definido por el responsable de la cookie.<\/li>\n<\/ul>\n<p><strong>Listado de cookies utilizadas<\/strong><\/p>\n<p>Este sitio Web puede instalar las siguientes cookies:<\/p>\n<p><strong>Cookies t\u00e9cnicas<\/strong><\/p>\n<ul>\n<li><strong>wp-settings-{user_id}:<\/strong>&nbsp;Cookie t\u00e9cnica que se usa para mantener la configuraci\u00f3n del usuario en wp-admin. Es persistente y tiene una duraci\u00f3n de 1 a\u00f1o.<\/li>\n<li><strong>hasConsent:<\/strong>&nbsp;Cookie t\u00e9cnica que almacena el consentimiento del usuario. Es persistente y tiene una duraci\u00f3n de 1 a\u00f1o.<\/li>\n<\/ul>\n<p><strong>Aceptaci\u00f3n o rechazo de la instalaci\u00f3n de cookies<\/strong><\/p>\n<p>I.E.S. Ategua muestra informaci\u00f3n sobre su Pol\u00edtica de cookies en el banner de cookies accesible en todas las p\u00e1ginas del Sitio Web. El banner de cookies muestra informaci\u00f3n esencial sobre el tratamiento de datos y permite al usuario realizar las siguientes acciones:<\/p>\n<ul>\n<li><strong>Aceptar o rechazar la instalaci\u00f3n de cookies<\/strong>, o retirar el consentimiento previamente otorgado, a la que puedes acceder desde el Aviso de Cookies.<\/li>\n<li><strong>Obtener informaci\u00f3n adicional<\/strong>&nbsp;sobre la Pol\u00edtica de Cookies desde la p\u00e1gina&nbsp;<a href=\"http:\/\/iesaguilaryeslava.es\/politica-de-cookies\">Pol\u00edtica de cookies<\/a>.<\/li>\n<\/ul>\n<p><strong>Eliminaci\u00f3n de cookies<\/strong><\/p>\n<p>Puedes aceptar, bloquear o eliminar las cookies instaladas en tu equipo mediante la configuraci\u00f3n de las opciones del navegador, pero parte del sitio no funcionar\u00e1 correctamente o su calidad puede verse afectada.<\/p>\n<p>En los siguientes enlaces encontrar\u00e1s instrucciones para habilitar o deshabilitar las cookies en los navegadores m\u00e1s comunes.<\/p>\n<ul>\n<li><strong>Firefox<\/strong>&nbsp;<a href=\"http:\/\/support.mozilla.org\/es\/kb\/habilitar-y-deshabilitar-cookies-que-los-sitios-we\">http:\/\/support.mozilla.org\/es\/kb\/habilitar-y-deshabilitar-cookies-que-los-sitios-we<\/a><\/li>\n<li><strong>Google Chrome<\/strong>&nbsp;<a href=\"https:\/\/support.google.com\/chrome\/answer\/95647?hl=es\">https:\/\/support.google.com\/chrome\/answer\/95647?hl=es<\/a><\/li>\n<li><strong>Internet Explorer<\/strong>&nbsp;<a href=\"https:\/\/support.microsoft.com\/es-es\/help\/17442\/windows-internet-explorer-delete-manage-cookies#ie=%22ie-10%22\">https:\/\/support.microsoft.com\/es-es\/help\/17442\/windows-internet-explorer-delete-manage-cookies#ie=&#8221;ie-10&#8243;<\/a><\/li>\n<li><strong>Microsoft Edge<\/strong>&nbsp;<a href=\"https:\/\/support.microsoft.com\/es-es\/help\/4468242\/microsoft-edge-browsing-data-and-privacy\">https:\/\/support.microsoft.com\/es-es\/help\/4468242\/microsoft-edge-browsing-data-and-privacy<\/a><\/li>\n<li><strong>Safari<\/strong>&nbsp;<a href=\"http:\/\/support.apple.com\/kb\/HT1677?viewlocale=es_ES\">http:\/\/support.apple.com\/kb\/HT1677?viewlocale=es_ES<\/a><\/li>\n<\/ul>\n<p><strong>Tratamiento de Datos Personales<\/strong><\/p>\n<p>I.E.S. Ategua es el responsable del tratamiento de los datos personales del usuario. Puedes consultar toda la informaci\u00f3n relativa al tratamiento de datos personales que recoge el Titular en la p\u00e1gina de&nbsp;Pol\u00edtica de Privacidad.<\/p>\n<p><strong>Contacto<\/strong><\/p>\n<p>En caso de que tengas cualquier duda acerca de esta Pol\u00edtica de Cookies o quieras realizar cualquier comentario sobre este sitio Web, puedes enviar un mensaje de correo electr\u00f3nico a la direcci\u00f3n info@iesategua.com.<\/p>\n<\/header>\n","protected":false},"excerpt":{"rendered":"<p>Pol\u00edtica de Cookies En cumplimiento con el art\u00edculo 22 de la Ley 34\/2002, de 11 de julio, de servicios de la sociedad de la informaci\u00f3n&hellip;<\/p>\n","protected":false},"author":1805,"featured_media":0,"parent":0,"menu_order":0,"comment_status":"closed","ping_status":"closed","template":"","meta":{"ngg_post_thumbnail":0,"footnotes":""},"aioseo_notices":[],"_links":{"self":[{"href":"https:\/\/blogsaverroes.juntadeandalucia.es\/iesategua\/wp-json\/wp\/v2\/pages\/3535"}],"collection":[{"href":"https:\/\/blogsaverroes.juntadeandalucia.es\/iesategua\/wp-json\/wp\/v2\/pages"}],"about":[{"href":"https:\/\/blogsaverroes.juntadeandalucia.es\/iesategua\/wp-json\/wp\/v2\/types\/page"}],"author":[{"embeddable":true,"href":"https:\/\/blogsaverroes.juntadeandalucia.es\/iesategua\/wp-json\/wp\/v2\/users\/1805"}],"replies":[{"embeddable":true,"href":"https:\/\/blogsaverroes.juntadeandalucia.es\/iesategua\/wp-json\/wp\/v2\/comments?post=3535"}],"version-history":[{"count":4,"href":"https:\/\/blogsaverroes.juntadeandalucia.es\/iesategua\/wp-json\/wp\/v2\/pages\/3535\/revisions"}],"predecessor-version":[{"id":7061,"href":"https:\/\/blogsaverroes.juntadeandalucia.es\/iesategua\/wp-json\/wp\/v2\/pages\/3535\/revisions\/7061"}],"wp:attachment":[{"href":"https:\/\/blogsaverroes.juntadeandalucia.es\/iesategua\/wp-json\/wp\/v2\/media?parent=3535"}],"curies":[{"name":"wp","href":"https:\/\/api.w.org\/{rel}","templated":true}]}}