{"id":6538,"date":"2021-12-21T18:16:41","date_gmt":"2021-12-21T18:16:41","guid":{"rendered":"https:\/\/blogsaverroes.juntadeandalucia.es\/iesateguacastrodelrio\/?page_id=6538"},"modified":"2024-01-23T12:13:10","modified_gmt":"2024-01-23T11:13:10","slug":"secretaria","status":"publish","type":"page","link":"https:\/\/blogsaverroes.juntadeandalucia.es\/iesategua\/secretaria\/","title":{"rendered":"Secretar\u00eda"},"content":{"rendered":"\t\t<div data-elementor-type=\"wp-page\" data-elementor-id=\"6538\" class=\"elementor elementor-6538\">\n\t\t\t\t\t\t<section class=\"elementor-section elementor-top-section elementor-element elementor-element-2143d0ba elementor-section-full_width elementor-section-stretched elementor-section-height-default elementor-section-height-default\" data-id=\"2143d0ba\" data-element_type=\"section\" data-settings=\"{&quot;background_background&quot;:&quot;classic&quot;,&quot;stretch_section&quot;:&quot;section-stretched&quot;}\">\n\t\t\t\t\t\t<div class=\"elementor-container elementor-column-gap-default\">\n\t\t\t\t\t<div class=\"elementor-column elementor-col-100 elementor-top-column elementor-element elementor-element-5d01baa9\" data-id=\"5d01baa9\" data-element_type=\"column\">\n\t\t\t<div class=\"elementor-widget-wrap\">\n\t\t\t\t\t\t\t<\/div>\n\t\t<\/div>\n\t\t\t\t\t<\/div>\n\t\t<\/section>\n\t\t\t\t<section class=\"elementor-section elementor-top-section elementor-element elementor-element-1a8d562f elementor-section-boxed elementor-section-height-default elementor-section-height-default\" data-id=\"1a8d562f\" data-element_type=\"section\">\n\t\t\t\t\t\t<div class=\"elementor-container elementor-column-gap-default\">\n\t\t\t\t\t<div class=\"elementor-column elementor-col-100 elementor-top-column elementor-element elementor-element-11fe5398\" data-id=\"11fe5398\" data-element_type=\"column\">\n\t\t\t<div class=\"elementor-widget-wrap elementor-element-populated\">\n\t\t\t\t\t\t<div class=\"elementor-element elementor-element-4ec7d4b elementor-widget elementor-widget-text-editor\" data-id=\"4ec7d4b\" data-element_type=\"widget\" data-widget_type=\"text-editor.default\">\n\t\t\t\t<div class=\"elementor-widget-container\">\n\t\t\t\t\t\t\t\t\t<h3 style=\"text-align: center\">SECRETAR\u00cdA<\/h3><h2 style=\"text-align: center\">\u00a0<\/h2>\t\t\t\t\t\t\t\t<\/div>\n\t\t\t\t<\/div>\n\t\t\t\t<div class=\"elementor-element elementor-element-e05c995 elementor-widget elementor-widget-text-editor\" data-id=\"e05c995\" data-element_type=\"widget\" data-widget_type=\"text-editor.default\">\n\t\t\t\t<div class=\"elementor-widget-container\">\n\t\t\t\t\t\t\t\t\t<div data-id=\"5937758\">\n<div>\n<div>\n<p><strong>Atenci\u00f3n al p\u00fablico general:<\/strong> de 08:30h a 15:00h, de lunes a viernes, excepto los d\u00edas no lectivos seg\u00fan calendario escolar.<\/p>\n<p>Durante el mes de agosto el centro<b> permanecer\u00e1 cerrado.<\/b><\/p>\n<p>Tambi\u00e9n puede hacernos llegar sus dudas y consultas a trav\u00e9s del siguiente correo electr\u00f3nico: <a href=\"mailto:iesategua@gmail.com\" target=\"_blank\">iesategua@gmail.com<\/a><\/p>\n<\/div>\n<\/div>\n<\/div>\n<h4><br><\/h4>\t\t\t\t\t\t\t\t<\/div>\n\t\t\t\t<\/div>\n\t\t\t\t\t<\/div>\n\t\t<\/div>\n\t\t\t\t\t<\/div>\n\t\t<\/section>\n\t\t\t\t<section class=\"elementor-section elementor-top-section elementor-element elementor-element-53a3509 elementor-section-boxed elementor-section-height-default elementor-section-height-default\" data-id=\"53a3509\" data-element_type=\"section\">\n\t\t\t\t\t\t<div class=\"elementor-container elementor-column-gap-default\">\n\t\t\t\t\t<div class=\"elementor-column elementor-col-66 elementor-top-column elementor-element elementor-element-de57720\" data-id=\"de57720\" data-element_type=\"column\">\n\t\t\t<div class=\"elementor-widget-wrap elementor-element-populated\">\n\t\t\t\t\t\t<div class=\"elementor-element elementor-element-6ab2aaf1 elementor-widget elementor-widget-text-editor\" data-id=\"6ab2aaf1\" data-element_type=\"widget\" data-widget_type=\"text-editor.default\">\n\t\t\t\t<div class=\"elementor-widget-container\">\n\t\t\t\t\t\t\t\t\t<h3 style=\"text-align: center\">Publicaciones<\/h3>\t\t\t\t\t\t\t\t<\/div>\n\t\t\t\t<\/div>\n\t\t\t\t<div class=\"elementor-element elementor-element-20180e3 elementor-widget elementor-widget-text-editor\" data-id=\"20180e3\" data-element_type=\"widget\" data-widget_type=\"text-editor.default\">\n\t\t\t\t<div class=\"elementor-widget-container\">\n\t\t\t\t\t\t\t\t\t<div class=\"pt-cv-wrapper\"><div class=\"pt-cv-view pt-cv-grid pt-cv-colsys\" id=\"pt-cv-view-e50bd333m5\"><div data-id=\"pt-cv-page-1\" class=\"pt-cv-page\" data-cvc=\"3\"><div class=\"col-md-4 col-sm-6 col-xs-12 pt-cv-content-item pt-cv-1-col\" ><div class='pt-cv-ifield'><a href=\"https:\/\/blogsaverroes.juntadeandalucia.es\/iesategua\/matricula-eso-y-bachillerato-curso-2024-2025\/\" class=\"_self pt-cv-href-thumbnail pt-cv-thumb-default\" target=\"_self\" ><img fetchpriority=\"high\" decoding=\"async\" width=\"1024\" height=\"577\" src=\"https:\/\/blogsaverroes.juntadeandalucia.es\/iesategua\/files\/2024\/06\/matriculacion-bachillerato.jpg\" class=\"pt-cv-thumbnail\" alt=\"\" srcset=\"https:\/\/blogsaverroes.juntadeandalucia.es\/iesategua\/files\/2024\/06\/matriculacion-bachillerato.jpg 1024w, https:\/\/blogsaverroes.juntadeandalucia.es\/iesategua\/files\/2024\/06\/matriculacion-bachillerato-300x169.jpg 300w, https:\/\/blogsaverroes.juntadeandalucia.es\/iesategua\/files\/2024\/06\/matriculacion-bachillerato-768x433.jpg 768w\" sizes=\"(max-width: 1024px) 100vw, 1024px\" \/><\/a>\n<h4 class=\"pt-cv-title\"><a href=\"https:\/\/blogsaverroes.juntadeandalucia.es\/iesategua\/matricula-eso-y-bachillerato-curso-2024-2025\/\" class=\"_self\" target=\"_self\" >MATR\u00cdCULA ESO Y BACHILLERATO CURSO 2024\/2025<\/a><\/h4>\n<div class=\"pt-cv-content\">Del 1 al 10 de julio se abre el periodo del procedimiento ordinario para PRESENTAR MATR\u00cdCULA DE ESO\/ BACHILLERATO para &#8230;<br \/><div class=\"pt-cv-rmwrap\"><a href=\"https:\/\/blogsaverroes.juntadeandalucia.es\/iesategua\/matricula-eso-y-bachillerato-curso-2024-2025\/\" class=\"_self pt-cv-readmore btn btn-success\" target=\"_self\">Leer M\u00e1s<\/a><\/div><\/div><\/div><\/div>\n<div class=\"col-md-4 col-sm-6 col-xs-12 pt-cv-content-item pt-cv-1-col\" ><div class='pt-cv-ifield'><a href=\"https:\/\/blogsaverroes.juntadeandalucia.es\/iesategua\/escolarizacion-de-fp-a-partir-del-15-de-junio\/\" class=\"_self pt-cv-href-thumbnail pt-cv-thumb-default\" target=\"_self\" ><img decoding=\"async\" width=\"600\" height=\"434\" src=\"https:\/\/blogsaverroes.juntadeandalucia.es\/iesategua\/files\/2023\/06\/Logo-FPA.jpg\" class=\"pt-cv-thumbnail\" alt=\"fpa\" srcset=\"https:\/\/blogsaverroes.juntadeandalucia.es\/iesategua\/files\/2023\/06\/Logo-FPA.jpg 600w, https:\/\/blogsaverroes.juntadeandalucia.es\/iesategua\/files\/2023\/06\/Logo-FPA-300x217.jpg 300w\" sizes=\"(max-width: 600px) 100vw, 600px\" \/><\/a>\n<h4 class=\"pt-cv-title\"><a href=\"https:\/\/blogsaverroes.juntadeandalucia.es\/iesategua\/escolarizacion-de-fp-a-partir-del-15-de-junio\/\" class=\"_self\" target=\"_self\" >Escolarizaci\u00f3n de FP a partir del 15 de junio<\/a><\/h4>\n<div class=\"pt-cv-content\">Del 15 junio 2024 al 01 julio 2024 puedes solicitar plaza para el pr\u00f3ximo curso 2024\/2025 en 197 titulaciones diferentes &#8230;<br \/><div class=\"pt-cv-rmwrap\"><a href=\"https:\/\/blogsaverroes.juntadeandalucia.es\/iesategua\/escolarizacion-de-fp-a-partir-del-15-de-junio\/\" class=\"_self pt-cv-readmore btn btn-success\" target=\"_self\">Leer M\u00e1s<\/a><\/div><\/div><\/div><\/div>\n<div class=\"col-md-4 col-sm-6 col-xs-12 pt-cv-content-item pt-cv-1-col\" ><div class='pt-cv-ifield'><a href=\"https:\/\/blogsaverroes.juntadeandalucia.es\/iesategua\/pruebas-evaluacion-de-diagnostico\/\" class=\"_self pt-cv-href-thumbnail pt-cv-thumb-default\" target=\"_self\" ><img decoding=\"async\" width=\"1600\" height=\"946\" src=\"https:\/\/blogsaverroes.juntadeandalucia.es\/iesategua\/files\/2024\/05\/Captura-de-pantalla-2024-05-03-a-las-14.44.47.png\" class=\"pt-cv-thumbnail\" alt=\"Portada Evaluaci\u00f3n de Diagn\u00f3stico\" srcset=\"https:\/\/blogsaverroes.juntadeandalucia.es\/iesategua\/files\/2024\/05\/Captura-de-pantalla-2024-05-03-a-las-14.44.47.png 1600w, https:\/\/blogsaverroes.juntadeandalucia.es\/iesategua\/files\/2024\/05\/Captura-de-pantalla-2024-05-03-a-las-14.44.47-300x177.png 300w, https:\/\/blogsaverroes.juntadeandalucia.es\/iesategua\/files\/2024\/05\/Captura-de-pantalla-2024-05-03-a-las-14.44.47-1024x606.png 1024w, https:\/\/blogsaverroes.juntadeandalucia.es\/iesategua\/files\/2024\/05\/Captura-de-pantalla-2024-05-03-a-las-14.44.47-768x454.png 768w, https:\/\/blogsaverroes.juntadeandalucia.es\/iesategua\/files\/2024\/05\/Captura-de-pantalla-2024-05-03-a-las-14.44.47-1536x908.png 1536w, https:\/\/blogsaverroes.juntadeandalucia.es\/iesategua\/files\/2024\/05\/Captura-de-pantalla-2024-05-03-a-las-14.44.47-2048x1211.png 2048w\" sizes=\"(max-width: 1600px) 100vw, 1600px\" \/><\/a>\n<h4 class=\"pt-cv-title\"><a href=\"https:\/\/blogsaverroes.juntadeandalucia.es\/iesategua\/pruebas-evaluacion-de-diagnostico\/\" class=\"_self\" target=\"_self\" >Pruebas Evaluaci\u00f3n de Diagn\u00f3stico<\/a><\/h4>\n<div class=\"pt-cv-content\">Los pr\u00f3ximos 7, 8 y 9 de mayo tendr\u00e1n lugar en nuestro las Pruebas de Evaluaci\u00f3n de Diagn\u00f3stico. Para acceder &#8230;<br \/><div class=\"pt-cv-rmwrap\"><a href=\"https:\/\/blogsaverroes.juntadeandalucia.es\/iesategua\/pruebas-evaluacion-de-diagnostico\/\" class=\"_self pt-cv-readmore btn btn-success\" target=\"_self\">Leer M\u00e1s<\/a><\/div><\/div><\/div><\/div>\n<div class=\"col-md-4 col-sm-6 col-xs-12 pt-cv-content-item pt-cv-1-col\" ><div class='pt-cv-ifield'><a href=\"https:\/\/blogsaverroes.juntadeandalucia.es\/iesategua\/solicitud-de-becas-para-el-curso-2024-2025\/\" class=\"_self pt-cv-href-thumbnail pt-cv-thumb-default\" target=\"_self\" ><img loading=\"lazy\" decoding=\"async\" width=\"957\" height=\"675\" src=\"https:\/\/blogsaverroes.juntadeandalucia.es\/iesategua\/files\/2024\/03\/Screenshot-from-2024-03-19-12-30-44.png\" class=\"pt-cv-thumbnail\" alt=\"\" srcset=\"https:\/\/blogsaverroes.juntadeandalucia.es\/iesategua\/files\/2024\/03\/Screenshot-from-2024-03-19-12-30-44.png 957w, https:\/\/blogsaverroes.juntadeandalucia.es\/iesategua\/files\/2024\/03\/Screenshot-from-2024-03-19-12-30-44-300x212.png 300w, https:\/\/blogsaverroes.juntadeandalucia.es\/iesategua\/files\/2024\/03\/Screenshot-from-2024-03-19-12-30-44-768x542.png 768w\" sizes=\"(max-width: 957px) 100vw, 957px\" \/><\/a>\n<h4 class=\"pt-cv-title\"><a href=\"https:\/\/blogsaverroes.juntadeandalucia.es\/iesategua\/solicitud-de-becas-para-el-curso-2024-2025\/\" class=\"_self\" target=\"_self\" >Solicitud de becas para el curso 2024\/2025<\/a><\/h4>\n<div class=\"pt-cv-content\"> &#8230;<br \/><div class=\"pt-cv-rmwrap\"><a href=\"https:\/\/blogsaverroes.juntadeandalucia.es\/iesategua\/solicitud-de-becas-para-el-curso-2024-2025\/\" class=\"_self pt-cv-readmore btn btn-success\" target=\"_self\">Leer M\u00e1s<\/a><\/div><\/div><\/div><\/div>\n<div class=\"col-md-4 col-sm-6 col-xs-12 pt-cv-content-item pt-cv-1-col\" ><div class='pt-cv-ifield'><a href=\"https:\/\/blogsaverroes.juntadeandalucia.es\/iesategua\/pruebas-libres-para-la-obtencion-del-titulo-de-bachillerato\/\" class=\"_self pt-cv-href-thumbnail pt-cv-thumb-default\" target=\"_self\" ><img loading=\"lazy\" decoding=\"async\" width=\"833\" height=\"623\" src=\"https:\/\/blogsaverroes.juntadeandalucia.es\/iesategua\/files\/2022\/11\/Screenshot-from-2022-11-18-14-44-09.png\" class=\"pt-cv-thumbnail\" alt=\"\" srcset=\"https:\/\/blogsaverroes.juntadeandalucia.es\/iesategua\/files\/2022\/11\/Screenshot-from-2022-11-18-14-44-09.png 833w, https:\/\/blogsaverroes.juntadeandalucia.es\/iesategua\/files\/2022\/11\/Screenshot-from-2022-11-18-14-44-09-300x224.png 300w, https:\/\/blogsaverroes.juntadeandalucia.es\/iesategua\/files\/2022\/11\/Screenshot-from-2022-11-18-14-44-09-768x574.png 768w\" sizes=\"(max-width: 833px) 100vw, 833px\" \/><\/a>\n<h4 class=\"pt-cv-title\"><a href=\"https:\/\/blogsaverroes.juntadeandalucia.es\/iesategua\/pruebas-libres-para-la-obtencion-del-titulo-de-bachillerato\/\" class=\"_self\" target=\"_self\" >Pruebas libres para la obtenci\u00f3n del t\u00edtulo de Bachillerato<\/a><\/h4>\n<div class=\"pt-cv-content\">PRUEBAS PARA LA OBTENCI\u00d3N DEL T\u00cdTULO DE BACHILLERATO &gt;20 A\u00d1OS Aqu\u00ed ten\u00e9is la infograf\u00eda con toda la informaci\u00f3n &#8230;<br \/><div class=\"pt-cv-rmwrap\"><a href=\"https:\/\/blogsaverroes.juntadeandalucia.es\/iesategua\/pruebas-libres-para-la-obtencion-del-titulo-de-bachillerato\/\" class=\"_self pt-cv-readmore btn btn-success\" target=\"_self\">Leer M\u00e1s<\/a><\/div><\/div><\/div><\/div>\n<div class=\"col-md-4 col-sm-6 col-xs-12 pt-cv-content-item pt-cv-1-col\" ><div class='pt-cv-ifield'><a href=\"https:\/\/blogsaverroes.juntadeandalucia.es\/iesategua\/pruebas-libres-titulo-eso\/\" class=\"_self pt-cv-href-thumbnail pt-cv-thumb-default\" target=\"_self\" ><img loading=\"lazy\" decoding=\"async\" width=\"1600\" height=\"670\" src=\"https:\/\/blogsaverroes.juntadeandalucia.es\/iesategua\/files\/2023\/01\/Pruebas-para-obtener-el-titulo-de-Graduado-en-Educacion-Secundaria-Obligatoria-001.jpg\" class=\"pt-cv-thumbnail\" alt=\"pruebas eso\" srcset=\"https:\/\/blogsaverroes.juntadeandalucia.es\/iesategua\/files\/2023\/01\/Pruebas-para-obtener-el-titulo-de-Graduado-en-Educacion-Secundaria-Obligatoria-001.jpg 1600w, https:\/\/blogsaverroes.juntadeandalucia.es\/iesategua\/files\/2023\/01\/Pruebas-para-obtener-el-titulo-de-Graduado-en-Educacion-Secundaria-Obligatoria-001-300x126.jpg 300w, https:\/\/blogsaverroes.juntadeandalucia.es\/iesategua\/files\/2023\/01\/Pruebas-para-obtener-el-titulo-de-Graduado-en-Educacion-Secundaria-Obligatoria-001-1024x429.jpg 1024w, https:\/\/blogsaverroes.juntadeandalucia.es\/iesategua\/files\/2023\/01\/Pruebas-para-obtener-el-titulo-de-Graduado-en-Educacion-Secundaria-Obligatoria-001-768x322.jpg 768w, https:\/\/blogsaverroes.juntadeandalucia.es\/iesategua\/files\/2023\/01\/Pruebas-para-obtener-el-titulo-de-Graduado-en-Educacion-Secundaria-Obligatoria-001-1536x643.jpg 1536w, https:\/\/blogsaverroes.juntadeandalucia.es\/iesategua\/files\/2023\/01\/Pruebas-para-obtener-el-titulo-de-Graduado-en-Educacion-Secundaria-Obligatoria-001-2048x857.jpg 2048w\" sizes=\"(max-width: 1600px) 100vw, 1600px\" \/><\/a>\n<h4 class=\"pt-cv-title\"><a href=\"https:\/\/blogsaverroes.juntadeandalucia.es\/iesategua\/pruebas-libres-titulo-eso\/\" class=\"_self\" target=\"_self\" >Pruebas libres para la obtenci\u00f3n del t\u00edtulo de ESO<\/a><\/h4>\n<div class=\"pt-cv-content\">PRUEBAS PARA LA OBTENCI\u00d3N DEL T\u00cdTULO DE GRADUADO ESO &gt;18 A\u00d1OS Os dejamos infograf\u00eda con toda la informaci\u00f3n disponible para &#8230;<br \/><div class=\"pt-cv-rmwrap\"><a href=\"https:\/\/blogsaverroes.juntadeandalucia.es\/iesategua\/pruebas-libres-titulo-eso\/\" class=\"_self pt-cv-readmore btn btn-success\" target=\"_self\">Leer M\u00e1s<\/a><\/div><\/div><\/div><\/div><\/div><\/div>\n<div class=\" pt-cv-pagination-wrapper\"><ul class=\"pt-cv-pagination pt-cv-ajax pagination\" data-totalpages=\"4\" data-currentpage=\"1\" data-sid=\"e50bd333m5\" data-unid=\"\" data-isblock=\"\" data-postid=\"\"><li class=\"active\"><a href=\"#\">1<\/a><\/li>\n\t<li ><a class=\"\" href=\"https:\/\/blogsaverroes.juntadeandalucia.es\/iesategua\/wp-json\/wp\/v2\/pages\/6538\/?_page=2\">2<\/a><\/li>\n\t<li ><a class=\"\" href=\"https:\/\/blogsaverroes.juntadeandalucia.es\/iesategua\/wp-json\/wp\/v2\/pages\/6538\/?_page=3\">3<\/a><\/li>\n\t<li ><a class=\"\" href=\"https:\/\/blogsaverroes.juntadeandalucia.es\/iesategua\/wp-json\/wp\/v2\/pages\/6538\/?_page=4\">4<\/a><\/li>\n\t<li ><a class=\" \" href=\"https:\/\/blogsaverroes.juntadeandalucia.es\/iesategua\/wp-json\/wp\/v2\/pages\/6538\/?_page=2\">&rsaquo;<\/a><\/li>\n\t<\/ul><img loading=\"lazy\" decoding=\"async\" width=\"15\" height=\"15\" class=\"pt-cv-spinner\" alt=\"Cargando...\" src=\"data:image\/gif;base64,R0lGODlhDwAPALMPAMrKygwMDJOTkz09PZWVla+vr3p6euTk5M7OzuXl5TMzMwAAAJmZmWZmZszMzP\/\/\/yH\/C05FVFNDQVBFMi4wAwEAAAAh+QQFCgAPACwAAAAADwAPAAAEQvDJaZaZOIcV8iQK8VRX4iTYoAwZ4iCYoAjZ4RxejhVNoT+mRGP4cyF4Pp0N98sBGIBMEMOotl6YZ3S61Bmbkm4mAgAh+QQFCgAPACwAAAAADQANAAAENPDJSRSZeA418itN8QiK8BiLITVsFiyBBIoYqnoewAD4xPw9iY4XLGYSjkQR4UAUD45DLwIAIfkEBQoADwAsAAAAAA8ACQAABC\/wyVlamTi3nSdgwFNdhEJgTJoNyoB9ISYoQmdjiZPcj7EYCAeCF1gEDo4Dz2eIAAAh+QQFCgAPACwCAAAADQANAAAEM\/DJBxiYeLKdX3IJZT1FU0iIg2RNKx3OkZVnZ98ToRD4MyiDnkAh6BkNC0MvsAj0kMpHBAAh+QQFCgAPACwGAAAACQAPAAAEMDC59KpFDll73HkAA2wVY5KgiK5b0RRoI6MuzG6EQqCDMlSGheEhUAgqgUUAFRySIgAh+QQFCgAPACwCAAIADQANAAAEM\/DJKZNLND\/kkKaHc3xk+QAMYDKsiaqmZCxGVjSFFCxB1vwy2oOgIDxuucxAMTAJFAJNBAAh+QQFCgAPACwAAAYADwAJAAAEMNAs86q1yaWwwv2Ig0jUZx3OYa4XoRAfwADXoAwfo1+CIjyFRuEho60aSNYlOPxEAAAh+QQFCgAPACwAAAIADQANAAAENPA9s4y8+IUVcqaWJ4qEQozSoAzoIyhCK2NFU2SJk0hNnyEOhKR2AzAAj4Pj4GE4W0bkJQIAOw==\" \/><div class=\"clear pt-cv-clear-pagination\"><\/div><\/div><\/div>\t\t\t\t\t\t\t\t<\/div>\n\t\t\t\t<\/div>\n\t\t\t\t\t<\/div>\n\t\t<\/div>\n\t\t\t\t<div class=\"elementor-column elementor-col-33 elementor-top-column elementor-element elementor-element-a015b25\" data-id=\"a015b25\" data-element_type=\"column\">\n\t\t\t<div class=\"elementor-widget-wrap elementor-element-populated\">\n\t\t\t\t\t\t<div class=\"elementor-element elementor-element-4a87a50b elementor-widget elementor-widget-text-editor\" data-id=\"4a87a50b\" data-element_type=\"widget\" data-widget_type=\"text-editor.default\">\n\t\t\t\t<div class=\"elementor-widget-container\">\n\t\t\t\t\t\t\t\t\t<h3 style=\"text-align: center\">Descargas<\/h3>\t\t\t\t\t\t\t\t<\/div>\n\t\t\t\t<\/div>\n\t\t\t\t<div class=\"elementor-element elementor-element-b98aae0 elementor-widget elementor-widget-text-editor\" data-id=\"b98aae0\" data-element_type=\"widget\" data-widget_type=\"text-editor.default\">\n\t\t\t\t<div class=\"elementor-widget-container\">\n\t\t\t\t\t\t\t\t\t<p style=\"text-align: center\"><a href=\"https:\/\/blogsaverroes.juntadeandalucia.es\/iesategua\/files\/2022\/03\/formulario-solicitud-t\u00edtulo.pdf\" target=\"_blank\" rel=\"noopener\">Formulario solicitud t\u00edtulos <i class=\"fa fa-external-link\"> <\/i>\u00a0<\/a><\/p><p style=\"text-align: center\"><a href=\"https:\/\/blogsaverroes.juntadeandalucia.es\/iesategua\/files\/2024\/01\/Instrucciones-solicitud-titulo.pdf\" target=\"_blank\" rel=\"noopener\">Instrucciones solicitud t\u00edtulos <i class=\"fa fa-external-link\"> <\/i> <\/a><\/p>\t\t\t\t\t\t\t\t<\/div>\n\t\t\t\t<\/div>\n\t\t\t\t\t<\/div>\n\t\t<\/div>\n\t\t\t\t\t<\/div>\n\t\t<\/section>\n\t\t\t\t<\/div>\n\t\t","protected":false},"excerpt":{"rendered":"<p>SECRETAR\u00cdA \u00a0 Atenci\u00f3n al p\u00fablico general: de 08:30h a 15:00h, de lunes a viernes, excepto los d\u00edas no lectivos seg\u00fan calendario escolar. Durante el mes&hellip;<\/p>\n","protected":false},"author":1805,"featured_media":0,"parent":0,"menu_order":0,"comment_status":"closed","ping_status":"closed","template":"","meta":{"ngg_post_thumbnail":0,"footnotes":""},"aioseo_notices":[],"_links":{"self":[{"href":"https:\/\/blogsaverroes.juntadeandalucia.es\/iesategua\/wp-json\/wp\/v2\/pages\/6538"}],"collection":[{"href":"https:\/\/blogsaverroes.juntadeandalucia.es\/iesategua\/wp-json\/wp\/v2\/pages"}],"about":[{"href":"https:\/\/blogsaverroes.juntadeandalucia.es\/iesategua\/wp-json\/wp\/v2\/types\/page"}],"author":[{"embeddable":true,"href":"https:\/\/blogsaverroes.juntadeandalucia.es\/iesategua\/wp-json\/wp\/v2\/users\/1805"}],"replies":[{"embeddable":true,"href":"https:\/\/blogsaverroes.juntadeandalucia.es\/iesategua\/wp-json\/wp\/v2\/comments?post=6538"}],"version-history":[{"count":44,"href":"https:\/\/blogsaverroes.juntadeandalucia.es\/iesategua\/wp-json\/wp\/v2\/pages\/6538\/revisions"}],"predecessor-version":[{"id":8878,"href":"https:\/\/blogsaverroes.juntadeandalucia.es\/iesategua\/wp-json\/wp\/v2\/pages\/6538\/revisions\/8878"}],"wp:attachment":[{"href":"https:\/\/blogsaverroes.juntadeandalucia.es\/iesategua\/wp-json\/wp\/v2\/media?parent=6538"}],"curies":[{"name":"wp","href":"https:\/\/api.w.org\/{rel}","templated":true}]}}