{"id":6549,"date":"2021-12-21T18:30:30","date_gmt":"2021-12-21T17:30:30","guid":{"rendered":"https:\/\/blogsaverroes.juntadeandalucia.es\/iesateguacastrodelrio\/?page_id=6549"},"modified":"2022-12-13T11:20:12","modified_gmt":"2022-12-13T10:20:12","slug":"tde","status":"publish","type":"page","link":"https:\/\/blogsaverroes.juntadeandalucia.es\/iesategua\/tde\/","title":{"rendered":"#TDE"},"content":{"rendered":"\t\t<div data-elementor-type=\"wp-page\" data-elementor-id=\"6549\" class=\"elementor elementor-6549\">\n\t\t\t\t\t\t<section class=\"elementor-section elementor-top-section elementor-element elementor-element-3aa00595 elementor-section-full_width elementor-section-stretched elementor-section-height-default elementor-section-height-default\" data-id=\"3aa00595\" data-element_type=\"section\" data-settings=\"{&quot;background_background&quot;:&quot;classic&quot;,&quot;stretch_section&quot;:&quot;section-stretched&quot;}\">\n\t\t\t\t\t\t<div class=\"elementor-container elementor-column-gap-default\">\n\t\t\t\t\t<div class=\"elementor-column elementor-col-100 elementor-top-column elementor-element elementor-element-6f46b384\" data-id=\"6f46b384\" data-element_type=\"column\">\n\t\t\t<div class=\"elementor-widget-wrap\">\n\t\t\t\t\t\t\t<\/div>\n\t\t<\/div>\n\t\t\t\t\t<\/div>\n\t\t<\/section>\n\t\t\t\t<section class=\"elementor-section elementor-top-section elementor-element elementor-element-2f0f6918 elementor-section-boxed elementor-section-height-default elementor-section-height-default\" data-id=\"2f0f6918\" data-element_type=\"section\">\n\t\t\t\t\t\t<div class=\"elementor-container elementor-column-gap-default\">\n\t\t\t\t\t<div class=\"elementor-column elementor-col-100 elementor-top-column elementor-element elementor-element-45d1a59f\" data-id=\"45d1a59f\" data-element_type=\"column\">\n\t\t\t<div class=\"elementor-widget-wrap elementor-element-populated\">\n\t\t\t\t\t\t<div class=\"elementor-element elementor-element-77fc2263 elementor-widget elementor-widget-text-editor\" data-id=\"77fc2263\" data-element_type=\"widget\" data-widget_type=\"text-editor.default\">\n\t\t\t\t<div class=\"elementor-widget-container\">\n\t\t\t\t\t\t\t\t\t<h3 style=\"text-align: center\"><span style=\"font-size: 24px\">#TDE\u00a0<\/span><\/h3><h3 style=\"text-align: center\"><span style=\"font-size: 24px\">Transformaci\u00f3n Digital Educativa<\/span><\/h3><p style=\"margin-bottom: 0px;padding: 0px 0px 1em;border: 0px;background-image: initial;background-position: 0px 0px;background-size: initial;background-attachment: initial;font-size: 14px;vertical-align: baseline;line-height: 1.3em;font-family: segoeUiRegular;font-weight: 500;color: #4f5965 !important\"><span style=\"font-family: georgia, palatino, serif;font-size: 16px\">El concepto de Transformaci\u00f3n Digital Educativa (TDE) incluye el conjunto de actuaciones orientadas a la mejora y modernizaci\u00f3n de los procesos, los procedimientos, los h\u00e1bitos y comportamientos de las organizaciones educativas y de las personas que, haciendo uso de las tecnolog\u00edas digitales, desarrollen su capacidad de hacer frente a los retos de la sociedad actual.<\/span><\/p><p style=\"margin-bottom: 0px;padding: 0px 0px 1em;border: 0px;background-image: initial;background-position: 0px 0px;background-size: initial;background-attachment: initial;font-size: 14px;vertical-align: baseline;line-height: 1.3em;font-family: segoeUiRegular;font-weight: 500;color: #4f5965 !important\"><span style=\"font-family: georgia, palatino, serif;font-size: 16px\">De esta forma, la TDE supondr\u00e1 una contribuci\u00f3n en el aprendizaje competencial, en la consecuci\u00f3n de los resultados de aprendizaje del alumnado y en el acceso a las tecnolog\u00edas desde un principio de equidad, bas\u00e1ndose en los Marcos de Referencia Europeos relativos a la competencia digital (DigCompOrg, DigCompEdu y DigComp).<\/span><\/p><div>\u00a0<\/div>\t\t\t\t\t\t\t\t<\/div>\n\t\t\t\t<\/div>\n\t\t\t\t\t<\/div>\n\t\t<\/div>\n\t\t\t\t\t<\/div>\n\t\t<\/section>\n\t\t\t\t<section class=\"elementor-section elementor-top-section elementor-element elementor-element-1ff95669 elementor-section-boxed elementor-section-height-default elementor-section-height-default\" data-id=\"1ff95669\" data-element_type=\"section\">\n\t\t\t\t\t\t<div class=\"elementor-container elementor-column-gap-default\">\n\t\t\t\t\t<div class=\"elementor-column elementor-col-100 elementor-top-column elementor-element elementor-element-581c356a\" data-id=\"581c356a\" data-element_type=\"column\">\n\t\t\t<div class=\"elementor-widget-wrap elementor-element-populated\">\n\t\t\t\t\t\t<div class=\"elementor-element elementor-element-27527b48 elementor-widget elementor-widget-text-editor\" data-id=\"27527b48\" data-element_type=\"widget\" data-widget_type=\"text-editor.default\">\n\t\t\t\t<div class=\"elementor-widget-container\">\n\t\t\t\t\t\t\t\t\t<h3 style=\"text-align: center\">Publicaciones<\/h3>\t\t\t\t\t\t\t\t<\/div>\n\t\t\t\t<\/div>\n\t\t\t\t\t<\/div>\n\t\t<\/div>\n\t\t\t\t\t<\/div>\n\t\t<\/section>\n\t\t\t\t<section class=\"elementor-section elementor-top-section elementor-element elementor-element-b70dcaa elementor-section-boxed elementor-section-height-default elementor-section-height-default\" data-id=\"b70dcaa\" data-element_type=\"section\">\n\t\t\t\t\t\t<div class=\"elementor-container elementor-column-gap-default\">\n\t\t\t\t\t<div class=\"elementor-column elementor-col-100 elementor-top-column elementor-element elementor-element-9bd7980\" data-id=\"9bd7980\" data-element_type=\"column\">\n\t\t\t<div class=\"elementor-widget-wrap elementor-element-populated\">\n\t\t\t\t\t\t<div class=\"elementor-element elementor-element-400962d elementor-widget elementor-widget-text-editor\" data-id=\"400962d\" data-element_type=\"widget\" data-widget_type=\"text-editor.default\">\n\t\t\t\t<div class=\"elementor-widget-container\">\n\t\t\t\t\t\t\t\t\t<p><div class=\"pt-cv-wrapper\"><div class=\"pt-cv-view pt-cv-grid pt-cv-colsys\" id=\"pt-cv-view-2b09365ozt\"><div data-id=\"pt-cv-page-1\" class=\"pt-cv-page\" data-cvc=\"4\"><div class=\"col-md-3 col-sm-6 col-xs-12 pt-cv-content-item pt-cv-1-col\" ><div class='pt-cv-ifield'><a href=\"https:\/\/blogsaverroes.juntadeandalucia.es\/iesategua\/nuestro-centro-se-suma-a-la-iniciativa-de-la-hora-del-codigo-educaandcode\/\" class=\"_self pt-cv-href-thumbnail pt-cv-thumb-default\" target=\"_self\" ><img fetchpriority=\"high\" decoding=\"async\" width=\"300\" height=\"192\" src=\"https:\/\/blogsaverroes.juntadeandalucia.es\/iesategua\/files\/2023\/12\/Screenshot-from-2023-12-05-11-28-14-300x192.png\" class=\"pt-cv-thumbnail\" alt=\"\" srcset=\"https:\/\/blogsaverroes.juntadeandalucia.es\/iesategua\/files\/2023\/12\/Screenshot-from-2023-12-05-11-28-14-300x192.png 300w, https:\/\/blogsaverroes.juntadeandalucia.es\/iesategua\/files\/2023\/12\/Screenshot-from-2023-12-05-11-28-14.png 509w\" sizes=\"(max-width: 300px) 100vw, 300px\" \/><\/a>\n<h4 class=\"pt-cv-title\"><a href=\"https:\/\/blogsaverroes.juntadeandalucia.es\/iesategua\/nuestro-centro-se-suma-a-la-iniciativa-de-la-hora-del-codigo-educaandcode\/\" class=\"_self\" target=\"_self\" >Nuestro centro se suma a la iniciativa de &#8220;la hora del c\u00f3digo&#8221; #EducaAndCode<\/a><\/h4>\n<div class=\"pt-cv-content\">Por primera vez nuestro centro se suma a la inciativa de &#8220;La hora del c\u00f3digo&#8221;. La \u2018Hora del C\u00f3digo\u2018, es &#8230;<br \/><div class=\"pt-cv-rmwrap\"><a href=\"https:\/\/blogsaverroes.juntadeandalucia.es\/iesategua\/nuestro-centro-se-suma-a-la-iniciativa-de-la-hora-del-codigo-educaandcode\/\" class=\"_self pt-cv-readmore btn btn-success\" target=\"_self\">Leer M\u00e1s<\/a><\/div><\/div><\/div><\/div>\n<div class=\"col-md-3 col-sm-6 col-xs-12 pt-cv-content-item pt-cv-1-col\" ><div class='pt-cv-ifield'><a href=\"https:\/\/blogsaverroes.juntadeandalucia.es\/iesategua\/actividades-steam-pensamiento-computacional\/\" class=\"_self pt-cv-href-thumbnail pt-cv-thumb-default\" target=\"_self\" ><img decoding=\"async\" width=\"227\" height=\"300\" src=\"https:\/\/blogsaverroes.juntadeandalucia.es\/iesategua\/files\/2023\/06\/Screenshot-from-2023-06-14-13-45-26-227x300.png\" class=\"pt-cv-thumbnail\" alt=\"\" srcset=\"https:\/\/blogsaverroes.juntadeandalucia.es\/iesategua\/files\/2023\/06\/Screenshot-from-2023-06-14-13-45-26-227x300.png 227w, https:\/\/blogsaverroes.juntadeandalucia.es\/iesategua\/files\/2023\/06\/Screenshot-from-2023-06-14-13-45-26.png 336w\" sizes=\"(max-width: 227px) 100vw, 227px\" \/><\/a>\n<h4 class=\"pt-cv-title\"><a href=\"https:\/\/blogsaverroes.juntadeandalucia.es\/iesategua\/actividades-steam-pensamiento-computacional\/\" class=\"_self\" target=\"_self\" >Actividades STEAM: Pensamiento Computacional<\/a><\/h4>\n<div class=\"pt-cv-content\">El curso escolar est\u00e1 a punto de finalizar y ha dado para mucho. Ha sido todo un reto integrar el &#8230;<br \/><div class=\"pt-cv-rmwrap\"><a href=\"https:\/\/blogsaverroes.juntadeandalucia.es\/iesategua\/actividades-steam-pensamiento-computacional\/\" class=\"_self pt-cv-readmore btn btn-success\" target=\"_self\">Leer M\u00e1s<\/a><\/div><\/div><\/div><\/div>\n<div class=\"col-md-3 col-sm-6 col-xs-12 pt-cv-content-item pt-cv-1-col\" ><div class='pt-cv-ifield'><a href=\"https:\/\/blogsaverroes.juntadeandalucia.es\/iesategua\/pasen-ipasen\/\" class=\"_self pt-cv-href-thumbnail pt-cv-thumb-default\" target=\"_self\" ><img decoding=\"async\" width=\"300\" height=\"207\" src=\"https:\/\/blogsaverroes.juntadeandalucia.es\/iesategua\/files\/2022\/03\/ipasen-logo-300x207.jpg\" class=\"pt-cv-thumbnail\" alt=\"\" srcset=\"https:\/\/blogsaverroes.juntadeandalucia.es\/iesategua\/files\/2022\/03\/ipasen-logo-300x207.jpg 300w, https:\/\/blogsaverroes.juntadeandalucia.es\/iesategua\/files\/2022\/03\/ipasen-logo.jpg 336w\" sizes=\"(max-width: 300px) 100vw, 300px\" \/><\/a>\n<h4 class=\"pt-cv-title\"><a href=\"https:\/\/blogsaverroes.juntadeandalucia.es\/iesategua\/pasen-ipasen\/\" class=\"_self\" target=\"_self\" >PASEN \/ iPASEN<\/a><\/h4>\n<div class=\"pt-cv-content\">\u00bfQu\u00e9 es Pasen\/iPasen? Pasen \/ iPasen es el canal oficial de la Consejer\u00eda de Educaci\u00f3n y Deporte para la comunicaci\u00f3n &#8230;<br \/><div class=\"pt-cv-rmwrap\"><a href=\"https:\/\/blogsaverroes.juntadeandalucia.es\/iesategua\/pasen-ipasen\/\" class=\"_self pt-cv-readmore btn btn-success\" target=\"_self\">Leer M\u00e1s<\/a><\/div><\/div><\/div><\/div>\n<div class=\"col-md-3 col-sm-6 col-xs-12 pt-cv-content-item pt-cv-1-col\" ><div class='pt-cv-ifield'><a href=\"https:\/\/blogsaverroes.juntadeandalucia.es\/iesategua\/seneca-iseneca\/\" class=\"_self pt-cv-href-thumbnail pt-cv-thumb-default\" target=\"_self\" ><img loading=\"lazy\" decoding=\"async\" width=\"225\" height=\"225\" src=\"https:\/\/blogsaverroes.juntadeandalucia.es\/iesategua\/files\/2022\/03\/logo-iseneca.png\" class=\"pt-cv-thumbnail\" alt=\"\" srcset=\"https:\/\/blogsaverroes.juntadeandalucia.es\/iesategua\/files\/2022\/03\/logo-iseneca.png 225w, https:\/\/blogsaverroes.juntadeandalucia.es\/iesategua\/files\/2022\/03\/logo-iseneca-150x150.png 150w\" sizes=\"(max-width: 225px) 100vw, 225px\" \/><\/a>\n<h4 class=\"pt-cv-title\"><a href=\"https:\/\/blogsaverroes.juntadeandalucia.es\/iesategua\/seneca-iseneca\/\" class=\"_self\" target=\"_self\" >S\u00c9NECA \/ iS\u00c9NECA<\/a><\/h4>\n<div class=\"pt-cv-content\">Acceso a la herramienta Acceso a la versi\u00f3n web Descarga de la app para Android Desgarda de la app para &#8230;<br \/><div class=\"pt-cv-rmwrap\"><a href=\"https:\/\/blogsaverroes.juntadeandalucia.es\/iesategua\/seneca-iseneca\/\" class=\"_self pt-cv-readmore btn btn-success\" target=\"_self\">Leer M\u00e1s<\/a><\/div><\/div><\/div><\/div>\n<div class=\"col-md-3 col-sm-6 col-xs-12 pt-cv-content-item pt-cv-1-col\" ><div class='pt-cv-ifield'><a href=\"https:\/\/blogsaverroes.juntadeandalucia.es\/iesategua\/punto-de-encuentro-de-la-comunidad-educativa\/\" class=\"_self pt-cv-href-thumbnail pt-cv-thumb-default\" target=\"_self\" ><img loading=\"lazy\" decoding=\"async\" width=\"300\" height=\"56\" src=\"https:\/\/blogsaverroes.juntadeandalucia.es\/iesategua\/files\/2022\/03\/logo-eaprendizaje-mod-300x56.png\" class=\"pt-cv-thumbnail\" alt=\"\" srcset=\"https:\/\/blogsaverroes.juntadeandalucia.es\/iesategua\/files\/2022\/03\/logo-eaprendizaje-mod-300x56.png 300w, https:\/\/blogsaverroes.juntadeandalucia.es\/iesategua\/files\/2022\/03\/logo-eaprendizaje-mod-e1646222051745.png 200w\" sizes=\"(max-width: 300px) 100vw, 300px\" \/><\/a>\n<h4 class=\"pt-cv-title\"><a href=\"https:\/\/blogsaverroes.juntadeandalucia.es\/iesategua\/punto-de-encuentro-de-la-comunidad-educativa\/\" class=\"_self\" target=\"_self\" >Punto de encuentro de la comunidad educativa<\/a><\/h4>\n<div class=\"pt-cv-content\">\u00bfQu\u00e9 es eAprendizaje? eAprendizaje es el punto de encuentro de la comunidad educativa donde se pueden encontrar recursos, servicios y &#8230;<br \/><div class=\"pt-cv-rmwrap\"><a href=\"https:\/\/blogsaverroes.juntadeandalucia.es\/iesategua\/punto-de-encuentro-de-la-comunidad-educativa\/\" class=\"_self pt-cv-readmore btn btn-success\" target=\"_self\">Leer M\u00e1s<\/a><\/div><\/div><\/div><\/div>\n<div class=\"col-md-3 col-sm-6 col-xs-12 pt-cv-content-item pt-cv-1-col\" ><div class='pt-cv-ifield'><a href=\"https:\/\/blogsaverroes.juntadeandalucia.es\/iesategua\/guias-de-ayuda-para-las-familias-en-el-uso-de-ipasen\/\" class=\"_self pt-cv-href-thumbnail pt-cv-thumb-default\" target=\"_self\" ><img loading=\"lazy\" decoding=\"async\" width=\"300\" height=\"87\" src=\"https:\/\/blogsaverroes.juntadeandalucia.es\/iesategua\/files\/2020\/04\/logofamilia-300x87.png\" class=\"pt-cv-thumbnail\" alt=\"\" srcset=\"https:\/\/blogsaverroes.juntadeandalucia.es\/iesategua\/files\/2020\/04\/logofamilia-300x87.png 300w, https:\/\/blogsaverroes.juntadeandalucia.es\/iesategua\/files\/2020\/04\/logofamilia.png 387w\" sizes=\"(max-width: 300px) 100vw, 300px\" \/><\/a>\n<h4 class=\"pt-cv-title\"><a href=\"https:\/\/blogsaverroes.juntadeandalucia.es\/iesategua\/guias-de-ayuda-para-las-familias-en-el-uso-de-ipasen\/\" class=\"_self\" target=\"_self\" >Gu\u00edas de ayuda para las familias en el uso de Ipasen<\/a><\/h4>\n<div class=\"pt-cv-content\">Tutorial para instalaci\u00f3n de iPASEN, pulse aqu\u00ed Tutorial para uso de iPASEN, pulse aqu\u00ed V\u00eddeo tutorial para ver las calificaciones &#8230;<br \/><div class=\"pt-cv-rmwrap\"><a href=\"https:\/\/blogsaverroes.juntadeandalucia.es\/iesategua\/guias-de-ayuda-para-las-familias-en-el-uso-de-ipasen\/\" class=\"_self pt-cv-readmore btn btn-success\" target=\"_self\">Leer M\u00e1s<\/a><\/div><\/div><\/div><\/div><\/div><\/div><\/div><\/p>\t\t\t\t\t\t\t\t<\/div>\n\t\t\t\t<\/div>\n\t\t\t\t\t<\/div>\n\t\t<\/div>\n\t\t\t\t\t<\/div>\n\t\t<\/section>\n\t\t\t\t<\/div>\n\t\t","protected":false},"excerpt":{"rendered":"<p>#TDE&nbsp; Transformaci\u00f3n Digital Educativa El concepto de Transformaci\u00f3n Digital Educativa (TDE) incluye el conjunto de actuaciones orientadas a la mejora y modernizaci\u00f3n de los procesos,&hellip;<\/p>\n","protected":false},"author":1805,"featured_media":0,"parent":0,"menu_order":0,"comment_status":"closed","ping_status":"closed","template":"","meta":{"ngg_post_thumbnail":0,"footnotes":""},"aioseo_notices":[],"_links":{"self":[{"href":"https:\/\/blogsaverroes.juntadeandalucia.es\/iesategua\/wp-json\/wp\/v2\/pages\/6549"}],"collection":[{"href":"https:\/\/blogsaverroes.juntadeandalucia.es\/iesategua\/wp-json\/wp\/v2\/pages"}],"about":[{"href":"https:\/\/blogsaverroes.juntadeandalucia.es\/iesategua\/wp-json\/wp\/v2\/types\/page"}],"author":[{"embeddable":true,"href":"https:\/\/blogsaverroes.juntadeandalucia.es\/iesategua\/wp-json\/wp\/v2\/users\/1805"}],"replies":[{"embeddable":true,"href":"https:\/\/blogsaverroes.juntadeandalucia.es\/iesategua\/wp-json\/wp\/v2\/comments?post=6549"}],"version-history":[{"count":29,"href":"https:\/\/blogsaverroes.juntadeandalucia.es\/iesategua\/wp-json\/wp\/v2\/pages\/6549\/revisions"}],"predecessor-version":[{"id":7805,"href":"https:\/\/blogsaverroes.juntadeandalucia.es\/iesategua\/wp-json\/wp\/v2\/pages\/6549\/revisions\/7805"}],"wp:attachment":[{"href":"https:\/\/blogsaverroes.juntadeandalucia.es\/iesategua\/wp-json\/wp\/v2\/media?parent=6549"}],"curies":[{"name":"wp","href":"https:\/\/api.w.org\/{rel}","templated":true}]}}