{"id":6563,"date":"2021-12-21T18:37:53","date_gmt":"2021-12-21T18:37:53","guid":{"rendered":"https:\/\/blogsaverroes.juntadeandalucia.es\/iesateguacastrodelrio\/?page_id=6563"},"modified":"2023-05-08T12:04:31","modified_gmt":"2023-05-08T10:04:31","slug":"familias","status":"publish","type":"page","link":"https:\/\/blogsaverroes.juntadeandalucia.es\/iesategua\/familias\/","title":{"rendered":"Familias"},"content":{"rendered":"\t\t<div data-elementor-type=\"wp-page\" data-elementor-id=\"6563\" class=\"elementor elementor-6563\">\n\t\t\t\t\t\t<section class=\"elementor-section elementor-top-section elementor-element elementor-element-5d7b8060 elementor-section-full_width elementor-section-stretched elementor-section-height-default elementor-section-height-default\" data-id=\"5d7b8060\" data-element_type=\"section\" data-settings=\"{&quot;background_background&quot;:&quot;classic&quot;,&quot;stretch_section&quot;:&quot;section-stretched&quot;}\">\n\t\t\t\t\t\t<div class=\"elementor-container elementor-column-gap-default\">\n\t\t\t\t\t<div class=\"elementor-column elementor-col-100 elementor-top-column elementor-element elementor-element-1a1a75a8\" data-id=\"1a1a75a8\" data-element_type=\"column\">\n\t\t\t<div class=\"elementor-widget-wrap\">\n\t\t\t\t\t\t\t<\/div>\n\t\t<\/div>\n\t\t\t\t\t<\/div>\n\t\t<\/section>\n\t\t\t\t<section class=\"elementor-section elementor-top-section elementor-element elementor-element-6d7e157e elementor-section-boxed elementor-section-height-default elementor-section-height-default\" data-id=\"6d7e157e\" data-element_type=\"section\">\n\t\t\t\t\t\t<div class=\"elementor-container elementor-column-gap-default\">\n\t\t\t\t\t<div class=\"elementor-column elementor-col-100 elementor-top-column elementor-element elementor-element-574eb559\" data-id=\"574eb559\" data-element_type=\"column\">\n\t\t\t<div class=\"elementor-widget-wrap elementor-element-populated\">\n\t\t\t\t\t\t<div class=\"elementor-element elementor-element-6353daf4 elementor-widget elementor-widget-text-editor\" data-id=\"6353daf4\" data-element_type=\"widget\" data-widget_type=\"text-editor.default\">\n\t\t\t\t<div class=\"elementor-widget-container\">\n\t\t\t\t\t\t\t\t\t<h3 style=\"text-align: center\">FAMILIAS<\/h3><h2 style=\"text-align: center\"><\/h2>\t\t\t\t\t\t\t\t<\/div>\n\t\t\t\t<\/div>\n\t\t\t\t<div class=\"elementor-element elementor-element-4cd9655a elementor-widget elementor-widget-text-editor\" data-id=\"4cd9655a\" data-element_type=\"widget\" data-widget_type=\"text-editor.default\">\n\t\t\t\t<div class=\"elementor-widget-container\">\n\t\t\t\t\t\t\t\t\t<h3 style=\"text-align: center\">Publicaciones<\/h3>\t\t\t\t\t\t\t\t<\/div>\n\t\t\t\t<\/div>\n\t\t\t\t\t<\/div>\n\t\t<\/div>\n\t\t\t\t\t<\/div>\n\t\t<\/section>\n\t\t\t\t<section class=\"elementor-section elementor-top-section elementor-element elementor-element-c2990d6 elementor-section-boxed elementor-section-height-default elementor-section-height-default\" data-id=\"c2990d6\" data-element_type=\"section\">\n\t\t\t\t\t\t<div class=\"elementor-container elementor-column-gap-default\">\n\t\t\t\t\t<div class=\"elementor-column elementor-col-100 elementor-top-column elementor-element elementor-element-0786f8a\" data-id=\"0786f8a\" data-element_type=\"column\">\n\t\t\t<div class=\"elementor-widget-wrap elementor-element-populated\">\n\t\t\t\t\t\t<div class=\"elementor-element elementor-element-65e7594 elementor-widget elementor-widget-text-editor\" data-id=\"65e7594\" data-element_type=\"widget\" data-widget_type=\"text-editor.default\">\n\t\t\t\t<div class=\"elementor-widget-container\">\n\t\t\t\t\t\t\t\t\t<p><div class=\"pt-cv-wrapper\"><div class=\"pt-cv-view pt-cv-grid pt-cv-colsys\" id=\"pt-cv-view-56404fa2c8\"><div data-id=\"pt-cv-page-1\" class=\"pt-cv-page\" data-cvc=\"4\"><div class=\"col-md-3 col-sm-6 col-xs-12 pt-cv-content-item pt-cv-1-col\" ><div class='pt-cv-ifield'><a href=\"https:\/\/blogsaverroes.juntadeandalucia.es\/iesategua\/nuevo-taller-para-familias\/\" class=\"_self pt-cv-href-thumbnail pt-cv-thumb-default\" target=\"_self\" ><img fetchpriority=\"high\" decoding=\"async\" width=\"300\" height=\"259\" src=\"https:\/\/blogsaverroes.juntadeandalucia.es\/iesategua\/files\/2026\/03\/cartel-taller-salud-mental-24-marzo-20261-300x259.png\" class=\"pt-cv-thumbnail\" alt=\"\" srcset=\"https:\/\/blogsaverroes.juntadeandalucia.es\/iesategua\/files\/2026\/03\/cartel-taller-salud-mental-24-marzo-20261-300x259.png 300w, https:\/\/blogsaverroes.juntadeandalucia.es\/iesategua\/files\/2026\/03\/cartel-taller-salud-mental-24-marzo-20261-768x662.png 768w, https:\/\/blogsaverroes.juntadeandalucia.es\/iesategua\/files\/2026\/03\/cartel-taller-salud-mental-24-marzo-20261.png 936w\" sizes=\"(max-width: 300px) 100vw, 300px\" \/><\/a>\n<h4 class=\"pt-cv-title\"><a href=\"https:\/\/blogsaverroes.juntadeandalucia.es\/iesategua\/nuevo-taller-para-familias\/\" class=\"_self\" target=\"_self\" >\u00a1Nuevo taller para familias!<\/a><\/h4>\n<div class=\"pt-cv-content\"> &#8230;<br \/><div class=\"pt-cv-rmwrap\"><a href=\"https:\/\/blogsaverroes.juntadeandalucia.es\/iesategua\/nuevo-taller-para-familias\/\" class=\"_self pt-cv-readmore btn btn-success\" target=\"_self\">Leer M\u00e1s<\/a><\/div><\/div><\/div><\/div>\n<div class=\"col-md-3 col-sm-6 col-xs-12 pt-cv-content-item pt-cv-1-col\" ><div class='pt-cv-ifield'><a href=\"https:\/\/blogsaverroes.juntadeandalucia.es\/iesategua\/charla-adolescencia-y-alcohol-el-papel-de-las-familias\/\" class=\"_self pt-cv-href-thumbnail pt-cv-thumb-default\" target=\"_self\" ><img decoding=\"async\" width=\"300\" height=\"241\" src=\"https:\/\/blogsaverroes.juntadeandalucia.es\/iesategua\/files\/2026\/03\/CARTEL-CHARLA-FORMA-JOVEN-ALCOHOL-17-MARZO-2026-300x241.png\" class=\"pt-cv-thumbnail\" alt=\"\" srcset=\"https:\/\/blogsaverroes.juntadeandalucia.es\/iesategua\/files\/2026\/03\/CARTEL-CHARLA-FORMA-JOVEN-ALCOHOL-17-MARZO-2026-300x241.png 300w, https:\/\/blogsaverroes.juntadeandalucia.es\/iesategua\/files\/2026\/03\/CARTEL-CHARLA-FORMA-JOVEN-ALCOHOL-17-MARZO-2026.png 721w\" sizes=\"(max-width: 300px) 100vw, 300px\" \/><\/a>\n<h4 class=\"pt-cv-title\"><a href=\"https:\/\/blogsaverroes.juntadeandalucia.es\/iesategua\/charla-adolescencia-y-alcohol-el-papel-de-las-familias\/\" class=\"_self\" target=\"_self\" >CHARLA ADOLESCENCIA Y ALCOHOL. EL PAPEL DE LAS FAMILIAS.<\/a><\/h4>\n<div class=\"pt-cv-content\"> &#8230;<br \/><div class=\"pt-cv-rmwrap\"><a href=\"https:\/\/blogsaverroes.juntadeandalucia.es\/iesategua\/charla-adolescencia-y-alcohol-el-papel-de-las-familias\/\" class=\"_self pt-cv-readmore btn btn-success\" target=\"_self\">Leer M\u00e1s<\/a><\/div><\/div><\/div><\/div>\n<div class=\"col-md-3 col-sm-6 col-xs-12 pt-cv-content-item pt-cv-1-col\" ><div class='pt-cv-ifield'><a href=\"https:\/\/blogsaverroes.juntadeandalucia.es\/iesategua\/taller-para-padres-madres-y-familias\/\" class=\"_self pt-cv-href-thumbnail pt-cv-thumb-default\" target=\"_self\" ><img decoding=\"async\" width=\"240\" height=\"300\" src=\"https:\/\/blogsaverroes.juntadeandalucia.es\/iesategua\/files\/2025\/02\/WhatsApp-Image-2025-02-05-at-13.14.48-240x300.jpeg\" class=\"pt-cv-thumbnail\" alt=\"\" srcset=\"https:\/\/blogsaverroes.juntadeandalucia.es\/iesategua\/files\/2025\/02\/WhatsApp-Image-2025-02-05-at-13.14.48-240x300.jpeg 240w, https:\/\/blogsaverroes.juntadeandalucia.es\/iesategua\/files\/2025\/02\/WhatsApp-Image-2025-02-05-at-13.14.48-819x1024.jpeg 819w, https:\/\/blogsaverroes.juntadeandalucia.es\/iesategua\/files\/2025\/02\/WhatsApp-Image-2025-02-05-at-13.14.48-768x960.jpeg 768w, https:\/\/blogsaverroes.juntadeandalucia.es\/iesategua\/files\/2025\/02\/WhatsApp-Image-2025-02-05-at-13.14.48-1229x1536.jpeg 1229w, https:\/\/blogsaverroes.juntadeandalucia.es\/iesategua\/files\/2025\/02\/WhatsApp-Image-2025-02-05-at-13.14.48.jpeg 1280w\" sizes=\"(max-width: 240px) 100vw, 240px\" \/><\/a>\n<h4 class=\"pt-cv-title\"><a href=\"https:\/\/blogsaverroes.juntadeandalucia.es\/iesategua\/taller-para-padres-madres-y-familias\/\" class=\"_self\" target=\"_self\" >TALLER PARA PADRES, MADRES Y FAMILIAS<\/a><\/h4>\n<div class=\"pt-cv-content\"> &#8230;<br \/><div class=\"pt-cv-rmwrap\"><a href=\"https:\/\/blogsaverroes.juntadeandalucia.es\/iesategua\/taller-para-padres-madres-y-familias\/\" class=\"_self pt-cv-readmore btn btn-success\" target=\"_self\">Leer M\u00e1s<\/a><\/div><\/div><\/div><\/div>\n<div class=\"col-md-3 col-sm-6 col-xs-12 pt-cv-content-item pt-cv-1-col\" ><div class='pt-cv-ifield'><a href=\"https:\/\/blogsaverroes.juntadeandalucia.es\/iesategua\/reuniones-iniciales-familias-curso-2022-2023\/\" class=\"_self pt-cv-href-thumbnail pt-cv-thumb-default\" target=\"_self\" ><img loading=\"lazy\" decoding=\"async\" width=\"300\" height=\"169\" src=\"https:\/\/blogsaverroes.juntadeandalucia.es\/iesategua\/files\/2022\/10\/Captura-300x169.png\" class=\"pt-cv-thumbnail\" alt=\"\" srcset=\"https:\/\/blogsaverroes.juntadeandalucia.es\/iesategua\/files\/2022\/10\/Captura-300x169.png 300w, https:\/\/blogsaverroes.juntadeandalucia.es\/iesategua\/files\/2022\/10\/Captura-1024x575.png 1024w, https:\/\/blogsaverroes.juntadeandalucia.es\/iesategua\/files\/2022\/10\/Captura-768x432.png 768w, https:\/\/blogsaverroes.juntadeandalucia.es\/iesategua\/files\/2022\/10\/Captura.png 1057w\" sizes=\"(max-width: 300px) 100vw, 300px\" \/><\/a>\n<h4 class=\"pt-cv-title\"><a href=\"https:\/\/blogsaverroes.juntadeandalucia.es\/iesategua\/reuniones-iniciales-familias-curso-2022-2023\/\" class=\"_self\" target=\"_self\" >Reuniones iniciales familias curso 2022\/2023<\/a><\/h4>\n<div class=\"pt-cv-content\">Los asuntos a tratar en la reuni\u00f3n son los siguientes: Plan global de trabajo del curso Aspectos generales del Sistema &#8230;<br \/><div class=\"pt-cv-rmwrap\"><a href=\"https:\/\/blogsaverroes.juntadeandalucia.es\/iesategua\/reuniones-iniciales-familias-curso-2022-2023\/\" class=\"_self pt-cv-readmore btn btn-success\" target=\"_self\">Leer M\u00e1s<\/a><\/div><\/div><\/div><\/div>\n<div class=\"col-md-3 col-sm-6 col-xs-12 pt-cv-content-item pt-cv-1-col\" ><div class='pt-cv-ifield'><a href=\"https:\/\/blogsaverroes.juntadeandalucia.es\/iesategua\/pasen-ipasen\/\" class=\"_self pt-cv-href-thumbnail pt-cv-thumb-default\" target=\"_self\" ><img loading=\"lazy\" decoding=\"async\" width=\"300\" height=\"207\" src=\"https:\/\/blogsaverroes.juntadeandalucia.es\/iesategua\/files\/2022\/03\/ipasen-logo-300x207.jpg\" class=\"pt-cv-thumbnail\" alt=\"\" srcset=\"https:\/\/blogsaverroes.juntadeandalucia.es\/iesategua\/files\/2022\/03\/ipasen-logo-300x207.jpg 300w, https:\/\/blogsaverroes.juntadeandalucia.es\/iesategua\/files\/2022\/03\/ipasen-logo.jpg 336w\" sizes=\"(max-width: 300px) 100vw, 300px\" \/><\/a>\n<h4 class=\"pt-cv-title\"><a href=\"https:\/\/blogsaverroes.juntadeandalucia.es\/iesategua\/pasen-ipasen\/\" class=\"_self\" target=\"_self\" >PASEN \/ iPASEN<\/a><\/h4>\n<div class=\"pt-cv-content\">\u00bfQu\u00e9 es Pasen\/iPasen? Pasen \/ iPasen es el canal oficial de la Consejer\u00eda de Educaci\u00f3n y Deporte para la comunicaci\u00f3n &#8230;<br \/><div class=\"pt-cv-rmwrap\"><a href=\"https:\/\/blogsaverroes.juntadeandalucia.es\/iesategua\/pasen-ipasen\/\" class=\"_self pt-cv-readmore btn btn-success\" target=\"_self\">Leer M\u00e1s<\/a><\/div><\/div><\/div><\/div>\n<div class=\"col-md-3 col-sm-6 col-xs-12 pt-cv-content-item pt-cv-1-col\" ><div class='pt-cv-ifield'><a href=\"https:\/\/blogsaverroes.juntadeandalucia.es\/iesategua\/punto-de-encuentro-de-la-comunidad-educativa\/\" class=\"_self pt-cv-href-thumbnail pt-cv-thumb-default\" target=\"_self\" ><img loading=\"lazy\" decoding=\"async\" width=\"300\" height=\"56\" src=\"https:\/\/blogsaverroes.juntadeandalucia.es\/iesategua\/files\/2022\/03\/logo-eaprendizaje-mod-300x56.png\" class=\"pt-cv-thumbnail\" alt=\"\" srcset=\"https:\/\/blogsaverroes.juntadeandalucia.es\/iesategua\/files\/2022\/03\/logo-eaprendizaje-mod-300x56.png 300w, https:\/\/blogsaverroes.juntadeandalucia.es\/iesategua\/files\/2022\/03\/logo-eaprendizaje-mod-e1646222051745.png 200w\" sizes=\"(max-width: 300px) 100vw, 300px\" \/><\/a>\n<h4 class=\"pt-cv-title\"><a href=\"https:\/\/blogsaverroes.juntadeandalucia.es\/iesategua\/punto-de-encuentro-de-la-comunidad-educativa\/\" class=\"_self\" target=\"_self\" >Punto de encuentro de la comunidad educativa<\/a><\/h4>\n<div class=\"pt-cv-content\">\u00bfQu\u00e9 es eAprendizaje? eAprendizaje es el punto de encuentro de la comunidad educativa donde se pueden encontrar recursos, servicios y &#8230;<br \/><div class=\"pt-cv-rmwrap\"><a href=\"https:\/\/blogsaverroes.juntadeandalucia.es\/iesategua\/punto-de-encuentro-de-la-comunidad-educativa\/\" class=\"_self pt-cv-readmore btn btn-success\" target=\"_self\">Leer M\u00e1s<\/a><\/div><\/div><\/div><\/div>\n<div class=\"col-md-3 col-sm-6 col-xs-12 pt-cv-content-item pt-cv-1-col\" ><div class='pt-cv-ifield'><a href=\"https:\/\/blogsaverroes.juntadeandalucia.es\/iesategua\/conferencia-para-familias-menores-ni-una-gota\/\" class=\"_self pt-cv-href-thumbnail pt-cv-thumb-default\" target=\"_self\" ><img loading=\"lazy\" decoding=\"async\" width=\"300\" height=\"225\" src=\"https:\/\/blogsaverroes.juntadeandalucia.es\/iesategua\/files\/2022\/01\/formajoven-300x225.jpg\" class=\"pt-cv-thumbnail\" alt=\"\" srcset=\"https:\/\/blogsaverroes.juntadeandalucia.es\/iesategua\/files\/2022\/01\/formajoven-300x225.jpg 300w, https:\/\/blogsaverroes.juntadeandalucia.es\/iesategua\/files\/2022\/01\/formajoven.jpg 350w\" sizes=\"(max-width: 300px) 100vw, 300px\" \/><\/a>\n<h4 class=\"pt-cv-title\"><a href=\"https:\/\/blogsaverroes.juntadeandalucia.es\/iesategua\/conferencia-para-familias-menores-ni-una-gota\/\" class=\"_self\" target=\"_self\" >Conferencia para familias. &#8220;Menores ni una gota&#8221;<\/a><\/h4>\n<div class=\"pt-cv-content\">Estimadas familias, Sus hijos de 1\u00ba a 4\u00ba de ESO han desarrollado un taller dentro del programa FORMA JOVEN a &#8230;<br \/><div class=\"pt-cv-rmwrap\"><a href=\"https:\/\/blogsaverroes.juntadeandalucia.es\/iesategua\/conferencia-para-familias-menores-ni-una-gota\/\" class=\"_self pt-cv-readmore btn btn-success\" target=\"_self\">Leer M\u00e1s<\/a><\/div><\/div><\/div><\/div>\n<div class=\"col-md-3 col-sm-6 col-xs-12 pt-cv-content-item pt-cv-1-col\" ><div class='pt-cv-ifield'><a href=\"https:\/\/blogsaverroes.juntadeandalucia.es\/iesategua\/libros-texto-curso-2021-2022\/\" class=\"_self pt-cv-href-thumbnail pt-cv-thumb-default\" target=\"_self\" ><\/a>\n<h4 class=\"pt-cv-title\"><a href=\"https:\/\/blogsaverroes.juntadeandalucia.es\/iesategua\/libros-texto-curso-2021-2022\/\" class=\"_self\" target=\"_self\" >Libros texto curso 2021-2022<\/a><\/h4>\n<div class=\"pt-cv-content\"> &#8230;<br \/><div class=\"pt-cv-rmwrap\"><a href=\"https:\/\/blogsaverroes.juntadeandalucia.es\/iesategua\/libros-texto-curso-2021-2022\/\" class=\"_self pt-cv-readmore btn btn-success\" target=\"_self\">Leer M\u00e1s<\/a><\/div><\/div><\/div><\/div><\/div><\/div>\n<div class=\" pt-cv-pagination-wrapper\"><ul class=\"pt-cv-pagination pt-cv-ajax pagination\" data-totalpages=\"2\" data-currentpage=\"1\" data-sid=\"56404fa2c8\" data-unid=\"\" data-isblock=\"\" data-postid=\"\"><li class=\"active\"><a href=\"#\">1<\/a><\/li>\n\t<li ><a class=\"\" href=\"https:\/\/blogsaverroes.juntadeandalucia.es\/iesategua\/wp-json\/wp\/v2\/pages\/6563\/?_page=2\">2<\/a><\/li>\n\t<li ><a class=\" \" href=\"https:\/\/blogsaverroes.juntadeandalucia.es\/iesategua\/wp-json\/wp\/v2\/pages\/6563\/?_page=2\">&rsaquo;<\/a><\/li>\n\t<\/ul><img loading=\"lazy\" decoding=\"async\" width=\"15\" height=\"15\" class=\"pt-cv-spinner\" alt=\"Cargando...\" src=\"data:image\/gif;base64,R0lGODlhDwAPALMPAMrKygwMDJOTkz09PZWVla+vr3p6euTk5M7OzuXl5TMzMwAAAJmZmWZmZszMzP\/\/\/yH\/C05FVFNDQVBFMi4wAwEAAAAh+QQFCgAPACwAAAAADwAPAAAEQvDJaZaZOIcV8iQK8VRX4iTYoAwZ4iCYoAjZ4RxejhVNoT+mRGP4cyF4Pp0N98sBGIBMEMOotl6YZ3S61Bmbkm4mAgAh+QQFCgAPACwAAAAADQANAAAENPDJSRSZeA418itN8QiK8BiLITVsFiyBBIoYqnoewAD4xPw9iY4XLGYSjkQR4UAUD45DLwIAIfkEBQoADwAsAAAAAA8ACQAABC\/wyVlamTi3nSdgwFNdhEJgTJoNyoB9ISYoQmdjiZPcj7EYCAeCF1gEDo4Dz2eIAAAh+QQFCgAPACwCAAAADQANAAAEM\/DJBxiYeLKdX3IJZT1FU0iIg2RNKx3OkZVnZ98ToRD4MyiDnkAh6BkNC0MvsAj0kMpHBAAh+QQFCgAPACwGAAAACQAPAAAEMDC59KpFDll73HkAA2wVY5KgiK5b0RRoI6MuzG6EQqCDMlSGheEhUAgqgUUAFRySIgAh+QQFCgAPACwCAAIADQANAAAEM\/DJKZNLND\/kkKaHc3xk+QAMYDKsiaqmZCxGVjSFFCxB1vwy2oOgIDxuucxAMTAJFAJNBAAh+QQFCgAPACwAAAYADwAJAAAEMNAs86q1yaWwwv2Ig0jUZx3OYa4XoRAfwADXoAwfo1+CIjyFRuEho60aSNYlOPxEAAAh+QQFCgAPACwAAAIADQANAAAENPA9s4y8+IUVcqaWJ4qEQozSoAzoIyhCK2NFU2SJk0hNnyEOhKR2AzAAj4Pj4GE4W0bkJQIAOw==\" \/><div class=\"clear pt-cv-clear-pagination\"><\/div><\/div><\/div><\/p>\t\t\t\t\t\t\t\t<\/div>\n\t\t\t\t<\/div>\n\t\t\t\t\t<\/div>\n\t\t<\/div>\n\t\t\t\t\t<\/div>\n\t\t<\/section>\n\t\t\t\t<\/div>\n\t\t","protected":false},"excerpt":{"rendered":"<p>FAMILIAS Publicaciones<\/p>\n","protected":false},"author":1805,"featured_media":0,"parent":0,"menu_order":0,"comment_status":"closed","ping_status":"closed","template":"","meta":{"ngg_post_thumbnail":0,"footnotes":""},"aioseo_notices":[],"_links":{"self":[{"href":"https:\/\/blogsaverroes.juntadeandalucia.es\/iesategua\/wp-json\/wp\/v2\/pages\/6563"}],"collection":[{"href":"https:\/\/blogsaverroes.juntadeandalucia.es\/iesategua\/wp-json\/wp\/v2\/pages"}],"about":[{"href":"https:\/\/blogsaverroes.juntadeandalucia.es\/iesategua\/wp-json\/wp\/v2\/types\/page"}],"author":[{"embeddable":true,"href":"https:\/\/blogsaverroes.juntadeandalucia.es\/iesategua\/wp-json\/wp\/v2\/users\/1805"}],"replies":[{"embeddable":true,"href":"https:\/\/blogsaverroes.juntadeandalucia.es\/iesategua\/wp-json\/wp\/v2\/comments?post=6563"}],"version-history":[{"count":3,"href":"https:\/\/blogsaverroes.juntadeandalucia.es\/iesategua\/wp-json\/wp\/v2\/pages\/6563\/revisions"}],"predecessor-version":[{"id":8149,"href":"https:\/\/blogsaverroes.juntadeandalucia.es\/iesategua\/wp-json\/wp\/v2\/pages\/6563\/revisions\/8149"}],"wp:attachment":[{"href":"https:\/\/blogsaverroes.juntadeandalucia.es\/iesategua\/wp-json\/wp\/v2\/media?parent=6563"}],"curies":[{"name":"wp","href":"https:\/\/api.w.org\/{rel}","templated":true}]}}