{"id":6675,"date":"2022-01-15T13:29:54","date_gmt":"2022-01-15T12:29:54","guid":{"rendered":"https:\/\/blogsaverroes.juntadeandalucia.es\/iesategua\/?page_id=6675"},"modified":"2023-05-08T12:11:58","modified_gmt":"2023-05-08T10:11:58","slug":"blog","status":"publish","type":"page","link":"https:\/\/blogsaverroes.juntadeandalucia.es\/iesategua\/blog\/","title":{"rendered":"Blog"},"content":{"rendered":"\t\t<div data-elementor-type=\"wp-page\" data-elementor-id=\"6675\" class=\"elementor elementor-6675\">\n\t\t\t\t\t\t<section class=\"elementor-section elementor-top-section elementor-element elementor-element-224d913 elementor-section-full_width elementor-section-stretched elementor-section-height-default elementor-section-height-default\" data-id=\"224d913\" data-element_type=\"section\" data-settings=\"{&quot;background_background&quot;:&quot;classic&quot;,&quot;stretch_section&quot;:&quot;section-stretched&quot;}\">\n\t\t\t\t\t\t<div class=\"elementor-container elementor-column-gap-default\">\n\t\t\t\t\t<div class=\"elementor-column elementor-col-100 elementor-top-column elementor-element elementor-element-4ffa86f0\" data-id=\"4ffa86f0\" data-element_type=\"column\">\n\t\t\t<div class=\"elementor-widget-wrap\">\n\t\t\t\t\t\t\t<\/div>\n\t\t<\/div>\n\t\t\t\t\t<\/div>\n\t\t<\/section>\n\t\t\t\t<section class=\"elementor-section elementor-top-section elementor-element elementor-element-6daac5ce elementor-section-boxed elementor-section-height-default elementor-section-height-default\" data-id=\"6daac5ce\" data-element_type=\"section\">\n\t\t\t\t\t\t<div class=\"elementor-container elementor-column-gap-default\">\n\t\t\t\t\t<div class=\"elementor-column elementor-col-100 elementor-top-column elementor-element elementor-element-44d6e58e\" data-id=\"44d6e58e\" data-element_type=\"column\">\n\t\t\t<div class=\"elementor-widget-wrap elementor-element-populated\">\n\t\t\t\t\t\t<div class=\"elementor-element elementor-element-45580872 elementor-widget elementor-widget-text-editor\" data-id=\"45580872\" data-element_type=\"widget\" data-widget_type=\"text-editor.default\">\n\t\t\t\t<div class=\"elementor-widget-container\">\n\t\t\t\t\t\t\t\t\t<h3 style=\"text-align: center\">BLOG<\/h3><h2 style=\"text-align: center\"><\/h2>\t\t\t\t\t\t\t\t<\/div>\n\t\t\t\t<\/div>\n\t\t\t\t<div class=\"elementor-element elementor-element-64be830 elementor-widget elementor-widget-text-editor\" data-id=\"64be830\" data-element_type=\"widget\" data-widget_type=\"text-editor.default\">\n\t\t\t\t<div class=\"elementor-widget-container\">\n\t\t\t\t\t\t\t\t\t<h3 style=\"text-align: left\">Todas las publicaciones<\/h3>\t\t\t\t\t\t\t\t<\/div>\n\t\t\t\t<\/div>\n\t\t\t\t\t<\/div>\n\t\t<\/div>\n\t\t\t\t\t<\/div>\n\t\t<\/section>\n\t\t\t\t<section class=\"elementor-section elementor-top-section elementor-element elementor-element-5aab0d3e elementor-section-boxed elementor-section-height-default elementor-section-height-default\" data-id=\"5aab0d3e\" data-element_type=\"section\">\n\t\t\t\t\t\t<div class=\"elementor-container elementor-column-gap-default\">\n\t\t\t\t\t<div class=\"elementor-column elementor-col-100 elementor-top-column elementor-element elementor-element-7ea79f6c\" data-id=\"7ea79f6c\" data-element_type=\"column\">\n\t\t\t<div class=\"elementor-widget-wrap elementor-element-populated\">\n\t\t\t\t\t\t<div class=\"elementor-element elementor-element-2ab00e8d elementor-widget elementor-widget-text-editor\" data-id=\"2ab00e8d\" data-element_type=\"widget\" data-widget_type=\"text-editor.default\">\n\t\t\t\t<div class=\"elementor-widget-container\">\n\t\t\t\t\t\t\t\t\t<p><div class=\"pt-cv-wrapper\"><div class=\"pt-cv-view pt-cv-grid pt-cv-colsys\" id=\"pt-cv-view-30e1732b7p\"><div data-id=\"pt-cv-page-1\" class=\"pt-cv-page\" data-cvc=\"4\"><div class=\"col-md-3 col-sm-4 col-xs-12 pt-cv-content-item pt-cv-1-col\" ><div class='pt-cv-ifield'><a href=\"https:\/\/blogsaverroes.juntadeandalucia.es\/iesategua\/entre-escenas-y-enigmas-una-aventura-bilingue-en-cordoba\/\" class=\"_self pt-cv-href-thumbnail pt-cv-thumb-default\" target=\"_self\" ><img fetchpriority=\"high\" decoding=\"async\" width=\"1200\" height=\"728\" src=\"https:\/\/blogsaverroes.juntadeandalucia.es\/iesategua\/files\/2026\/04\/ae7eeafd-a80d-4511-b007-533ba250a253-Francisco-Javier-Bravo-Carretero.jpg\" class=\"pt-cv-thumbnail\" alt=\"\" srcset=\"https:\/\/blogsaverroes.juntadeandalucia.es\/iesategua\/files\/2026\/04\/ae7eeafd-a80d-4511-b007-533ba250a253-Francisco-Javier-Bravo-Carretero.jpg 1200w, https:\/\/blogsaverroes.juntadeandalucia.es\/iesategua\/files\/2026\/04\/ae7eeafd-a80d-4511-b007-533ba250a253-Francisco-Javier-Bravo-Carretero-300x182.jpg 300w, https:\/\/blogsaverroes.juntadeandalucia.es\/iesategua\/files\/2026\/04\/ae7eeafd-a80d-4511-b007-533ba250a253-Francisco-Javier-Bravo-Carretero-1024x621.jpg 1024w, https:\/\/blogsaverroes.juntadeandalucia.es\/iesategua\/files\/2026\/04\/ae7eeafd-a80d-4511-b007-533ba250a253-Francisco-Javier-Bravo-Carretero-768x466.jpg 768w\" sizes=\"(max-width: 1200px) 100vw, 1200px\" \/><\/a>\n<h4 class=\"pt-cv-title\"><a href=\"https:\/\/blogsaverroes.juntadeandalucia.es\/iesategua\/entre-escenas-y-enigmas-una-aventura-bilingue-en-cordoba\/\" class=\"_self\" target=\"_self\" >Entre escenas y enigmas: una aventura biling\u00fce en C\u00f3rdoba<\/a><\/h4>\n<div class=\"pt-cv-content\">El pasado viernes 17 de Abril, el alumnado de 4\u00ba de ESO y 1\u00ba de Bachillerato Biling\u00fce particip\u00f3 en una &#8230;<br \/><div class=\"pt-cv-rmwrap\"><a href=\"https:\/\/blogsaverroes.juntadeandalucia.es\/iesategua\/entre-escenas-y-enigmas-una-aventura-bilingue-en-cordoba\/\" class=\"_self pt-cv-readmore btn btn-success\" target=\"_self\">Leer M\u00e1s<\/a><\/div><\/div><\/div><\/div>\n<div class=\"col-md-3 col-sm-4 col-xs-12 pt-cv-content-item pt-cv-1-col\" ><div class='pt-cv-ifield'><a href=\"https:\/\/blogsaverroes.juntadeandalucia.es\/iesategua\/que-no-se-te-pase-el-tren-solicita-tu-beca-para-el-proximo-curso\/\" class=\"_self pt-cv-href-thumbnail pt-cv-thumb-default\" target=\"_self\" ><img decoding=\"async\" width=\"1024\" height=\"576\" src=\"https:\/\/blogsaverroes.juntadeandalucia.es\/iesategua\/files\/2023\/03\/beca-global.png\" class=\"pt-cv-thumbnail\" alt=\"becas\" srcset=\"https:\/\/blogsaverroes.juntadeandalucia.es\/iesategua\/files\/2023\/03\/beca-global.png 1024w, https:\/\/blogsaverroes.juntadeandalucia.es\/iesategua\/files\/2023\/03\/beca-global-300x169.png 300w, https:\/\/blogsaverroes.juntadeandalucia.es\/iesategua\/files\/2023\/03\/beca-global-768x432.png 768w\" sizes=\"(max-width: 1024px) 100vw, 1024px\" \/><\/a>\n<h4 class=\"pt-cv-title\"><a href=\"https:\/\/blogsaverroes.juntadeandalucia.es\/iesategua\/que-no-se-te-pase-el-tren-solicita-tu-beca-para-el-proximo-curso\/\" class=\"_self\" target=\"_self\" >\u00a1QUE NO SE TE PASE EL TREN! SOLICITA TU BECA PARA EL PR\u00d3XIMO CURSO<\/a><\/h4>\n<div class=\"pt-cv-content\">Si el pr\u00f3ximo curso 2026\/27 tienes pensado estudiar&#8230; \u2705 Bachillerato o FP. \u2705 Estudios Universitarios. \u2705 Ense\u00f1anzas Art\u00edsticas Superiores (Grado &#8230;<br \/><div class=\"pt-cv-rmwrap\"><a href=\"https:\/\/blogsaverroes.juntadeandalucia.es\/iesategua\/que-no-se-te-pase-el-tren-solicita-tu-beca-para-el-proximo-curso\/\" class=\"_self pt-cv-readmore btn btn-success\" target=\"_self\">Leer M\u00e1s<\/a><\/div><\/div><\/div><\/div>\n<div class=\"col-md-3 col-sm-4 col-xs-12 pt-cv-content-item pt-cv-1-col\" ><div class='pt-cv-ifield'><a href=\"https:\/\/blogsaverroes.juntadeandalucia.es\/iesategua\/brillan-nuestros-star-students-del-segundo-trimestreac\/\" class=\"_self pt-cv-href-thumbnail pt-cv-thumb-default\" target=\"_self\" ><img decoding=\"async\" width=\"1134\" height=\"1600\" src=\"https:\/\/blogsaverroes.juntadeandalucia.es\/iesategua\/files\/2026\/04\/IMG_8785-Francisco-Javier-Bravo-Carretero.jpg\" class=\"pt-cv-thumbnail\" alt=\"\" srcset=\"https:\/\/blogsaverroes.juntadeandalucia.es\/iesategua\/files\/2026\/04\/IMG_8785-Francisco-Javier-Bravo-Carretero.jpg 1134w, https:\/\/blogsaverroes.juntadeandalucia.es\/iesategua\/files\/2026\/04\/IMG_8785-Francisco-Javier-Bravo-Carretero-213x300.jpg 213w, https:\/\/blogsaverroes.juntadeandalucia.es\/iesategua\/files\/2026\/04\/IMG_8785-Francisco-Javier-Bravo-Carretero-726x1024.jpg 726w, https:\/\/blogsaverroes.juntadeandalucia.es\/iesategua\/files\/2026\/04\/IMG_8785-Francisco-Javier-Bravo-Carretero-768x1083.jpg 768w, https:\/\/blogsaverroes.juntadeandalucia.es\/iesategua\/files\/2026\/04\/IMG_8785-Francisco-Javier-Bravo-Carretero-1089x1536.jpg 1089w\" sizes=\"(max-width: 1134px) 100vw, 1134px\" \/><\/a>\n<h4 class=\"pt-cv-title\"><a href=\"https:\/\/blogsaverroes.juntadeandalucia.es\/iesategua\/brillan-nuestros-star-students-del-segundo-trimestreac\/\" class=\"_self\" target=\"_self\" >Brillan nuestros Star Students del segundo trimestreac<\/a><\/h4>\n<div class=\"pt-cv-content\">En el IES Ategua ya hemos seleccionado a nuestros Star Students del segundo trimestre, un reconocimiento muy especial para el &#8230;<br \/><div class=\"pt-cv-rmwrap\"><a href=\"https:\/\/blogsaverroes.juntadeandalucia.es\/iesategua\/brillan-nuestros-star-students-del-segundo-trimestreac\/\" class=\"_self pt-cv-readmore btn btn-success\" target=\"_self\">Leer M\u00e1s<\/a><\/div><\/div><\/div><\/div>\n<div class=\"col-md-3 col-sm-4 col-xs-12 pt-cv-content-item pt-cv-1-col\" ><div class='pt-cv-ifield'><a href=\"https:\/\/blogsaverroes.juntadeandalucia.es\/iesategua\/el-ies-celebra-su-50o-aniversario-unete-a-la-comida-conmemorativa\/\" class=\"_self pt-cv-href-thumbnail pt-cv-thumb-default\" target=\"_self\" ><img loading=\"lazy\" decoding=\"async\" width=\"591\" height=\"481\" src=\"https:\/\/blogsaverroes.juntadeandalucia.es\/iesategua\/files\/2026\/03\/Ategua_50Anivers_Negro2.png\" class=\"pt-cv-thumbnail\" alt=\"\" srcset=\"https:\/\/blogsaverroes.juntadeandalucia.es\/iesategua\/files\/2026\/03\/Ategua_50Anivers_Negro2.png 591w, https:\/\/blogsaverroes.juntadeandalucia.es\/iesategua\/files\/2026\/03\/Ategua_50Anivers_Negro2-300x244.png 300w\" sizes=\"(max-width: 591px) 100vw, 591px\" \/><\/a>\n<h4 class=\"pt-cv-title\"><a href=\"https:\/\/blogsaverroes.juntadeandalucia.es\/iesategua\/el-ies-celebra-su-50o-aniversario-unete-a-la-comida-conmemorativa\/\" class=\"_self\" target=\"_self\" >\u00a1El IES celebra su 50\u00ba Aniversario! \u00danete a la comida conmemorativa<\/a><\/h4>\n<div class=\"pt-cv-content\">Medio siglo de historias, amistades y aprendizaje. En 1976 abrimos nuestras puertas por primera vez, y hoy queremos celebrar que &#8230;<br \/><div class=\"pt-cv-rmwrap\"><a href=\"https:\/\/blogsaverroes.juntadeandalucia.es\/iesategua\/el-ies-celebra-su-50o-aniversario-unete-a-la-comida-conmemorativa\/\" class=\"_self pt-cv-readmore btn btn-success\" target=\"_self\">Leer M\u00e1s<\/a><\/div><\/div><\/div><\/div>\n<div class=\"col-md-3 col-sm-4 col-xs-12 pt-cv-content-item pt-cv-1-col\" ><div class='pt-cv-ifield'><a href=\"https:\/\/blogsaverroes.juntadeandalucia.es\/iesategua\/un-viaje-teatral-por-la-literatura-en-tres-lenguas\/\" class=\"_self pt-cv-href-thumbnail pt-cv-thumb-default\" target=\"_self\" ><img loading=\"lazy\" decoding=\"async\" width=\"5712\" height=\"4284\" src=\"https:\/\/blogsaverroes.juntadeandalucia.es\/iesategua\/files\/2026\/04\/IMG_8407-Francisco-Javier-Bravo-Carretero.jpeg\" class=\"pt-cv-thumbnail\" alt=\"\" srcset=\"https:\/\/blogsaverroes.juntadeandalucia.es\/iesategua\/files\/2026\/04\/IMG_8407-Francisco-Javier-Bravo-Carretero.jpeg 5712w, https:\/\/blogsaverroes.juntadeandalucia.es\/iesategua\/files\/2026\/04\/IMG_8407-Francisco-Javier-Bravo-Carretero-300x225.jpeg 300w, https:\/\/blogsaverroes.juntadeandalucia.es\/iesategua\/files\/2026\/04\/IMG_8407-Francisco-Javier-Bravo-Carretero-1024x768.jpeg 1024w, https:\/\/blogsaverroes.juntadeandalucia.es\/iesategua\/files\/2026\/04\/IMG_8407-Francisco-Javier-Bravo-Carretero-768x576.jpeg 768w, https:\/\/blogsaverroes.juntadeandalucia.es\/iesategua\/files\/2026\/04\/IMG_8407-Francisco-Javier-Bravo-Carretero-1536x1152.jpeg 1536w, https:\/\/blogsaverroes.juntadeandalucia.es\/iesategua\/files\/2026\/04\/IMG_8407-Francisco-Javier-Bravo-Carretero-2048x1536.jpeg 2048w\" sizes=\"(max-width: 5712px) 100vw, 5712px\" \/><\/a>\n<h4 class=\"pt-cv-title\"><a href=\"https:\/\/blogsaverroes.juntadeandalucia.es\/iesategua\/un-viaje-teatral-por-la-literatura-en-tres-lenguas\/\" class=\"_self\" target=\"_self\" >Un viaje teatral por la literatura en tres lenguas<\/a><\/h4>\n<div class=\"pt-cv-content\">El pasado viernes 27 de marzo, el alumnado de 3\u00ba de ESO del IES Ategua llev\u00f3 a cabo una enriquecedora &#8230;<br \/><div class=\"pt-cv-rmwrap\"><a href=\"https:\/\/blogsaverroes.juntadeandalucia.es\/iesategua\/un-viaje-teatral-por-la-literatura-en-tres-lenguas\/\" class=\"_self pt-cv-readmore btn btn-success\" target=\"_self\">Leer M\u00e1s<\/a><\/div><\/div><\/div><\/div>\n<div class=\"col-md-3 col-sm-4 col-xs-12 pt-cv-content-item pt-cv-1-col\" ><div class='pt-cv-ifield'><a href=\"https:\/\/blogsaverroes.juntadeandalucia.es\/iesategua\/inmersion-linguistica-en-kent-una-experiencia-inolvidable\/\" class=\"_self pt-cv-href-thumbnail pt-cv-thumb-default\" target=\"_self\" ><img loading=\"lazy\" decoding=\"async\" width=\"5712\" height=\"4284\" src=\"https:\/\/blogsaverroes.juntadeandalucia.es\/iesategua\/files\/2026\/04\/IMG_8323-Francisco-Javier-Bravo-Carretero.jpeg\" class=\"pt-cv-thumbnail\" alt=\"\" srcset=\"https:\/\/blogsaverroes.juntadeandalucia.es\/iesategua\/files\/2026\/04\/IMG_8323-Francisco-Javier-Bravo-Carretero.jpeg 5712w, https:\/\/blogsaverroes.juntadeandalucia.es\/iesategua\/files\/2026\/04\/IMG_8323-Francisco-Javier-Bravo-Carretero-300x225.jpeg 300w, https:\/\/blogsaverroes.juntadeandalucia.es\/iesategua\/files\/2026\/04\/IMG_8323-Francisco-Javier-Bravo-Carretero-1024x768.jpeg 1024w, https:\/\/blogsaverroes.juntadeandalucia.es\/iesategua\/files\/2026\/04\/IMG_8323-Francisco-Javier-Bravo-Carretero-768x576.jpeg 768w, https:\/\/blogsaverroes.juntadeandalucia.es\/iesategua\/files\/2026\/04\/IMG_8323-Francisco-Javier-Bravo-Carretero-1536x1152.jpeg 1536w, https:\/\/blogsaverroes.juntadeandalucia.es\/iesategua\/files\/2026\/04\/IMG_8323-Francisco-Javier-Bravo-Carretero-2048x1536.jpeg 2048w\" sizes=\"(max-width: 5712px) 100vw, 5712px\" \/><\/a>\n<h4 class=\"pt-cv-title\"><a href=\"https:\/\/blogsaverroes.juntadeandalucia.es\/iesategua\/inmersion-linguistica-en-kent-una-experiencia-inolvidable\/\" class=\"_self\" target=\"_self\" >Inmersi\u00f3n ling\u00fc\u00edstica en Kent: una experiencia inolvidable<\/a><\/h4>\n<div class=\"pt-cv-content\">El alumnado de 2\u00ba de ESO y 1\u00ba de Bachillerato biling\u00fce ha vivido una semana \u00fanica del 18 al 23 &#8230;<br \/><div class=\"pt-cv-rmwrap\"><a href=\"https:\/\/blogsaverroes.juntadeandalucia.es\/iesategua\/inmersion-linguistica-en-kent-una-experiencia-inolvidable\/\" class=\"_self pt-cv-readmore btn btn-success\" target=\"_self\">Leer M\u00e1s<\/a><\/div><\/div><\/div><\/div>\n<div class=\"col-md-3 col-sm-4 col-xs-12 pt-cv-content-item pt-cv-1-col\" ><div class='pt-cv-ifield'><a href=\"https:\/\/blogsaverroes.juntadeandalucia.es\/iesategua\/10464-2\/\" class=\"_self pt-cv-href-thumbnail pt-cv-thumb-default\" target=\"_self\" ><img loading=\"lazy\" decoding=\"async\" width=\"310\" height=\"130\" src=\"https:\/\/blogsaverroes.juntadeandalucia.es\/iesategua\/files\/2022\/03\/logodef.png\" class=\"pt-cv-thumbnail\" alt=\"\" srcset=\"https:\/\/blogsaverroes.juntadeandalucia.es\/iesategua\/files\/2022\/03\/logodef.png 310w, https:\/\/blogsaverroes.juntadeandalucia.es\/iesategua\/files\/2022\/03\/logodef-300x126.png 300w\" sizes=\"(max-width: 310px) 100vw, 310px\" \/><\/a>\n<h4 class=\"pt-cv-title\"><a href=\"https:\/\/blogsaverroes.juntadeandalucia.es\/iesategua\/10464-2\/\" class=\"_self\" target=\"_self\" >Residencias escolares curso 2026\/2027<\/a><\/h4>\n<div class=\"pt-cv-content\">Os dejamos la informaci\u00f3n para el alumnado que el pr\u00f3ximo curso quiera solicitar alojamiento en alguna de las RESIDENCIAS ESCOLARES &#8230;<br \/><div class=\"pt-cv-rmwrap\"><a href=\"https:\/\/blogsaverroes.juntadeandalucia.es\/iesategua\/10464-2\/\" class=\"_self pt-cv-readmore btn btn-success\" target=\"_self\">Leer M\u00e1s<\/a><\/div><\/div><\/div><\/div>\n<div class=\"col-md-3 col-sm-4 col-xs-12 pt-cv-content-item pt-cv-1-col\" ><div class='pt-cv-ifield'><a href=\"https:\/\/blogsaverroes.juntadeandalucia.es\/iesategua\/nuevo-taller-para-familias\/\" class=\"_self pt-cv-href-thumbnail pt-cv-thumb-default\" target=\"_self\" ><img loading=\"lazy\" decoding=\"async\" width=\"936\" height=\"807\" src=\"https:\/\/blogsaverroes.juntadeandalucia.es\/iesategua\/files\/2026\/03\/cartel-taller-salud-mental-24-marzo-20261.png\" class=\"pt-cv-thumbnail\" alt=\"\" srcset=\"https:\/\/blogsaverroes.juntadeandalucia.es\/iesategua\/files\/2026\/03\/cartel-taller-salud-mental-24-marzo-20261.png 936w, https:\/\/blogsaverroes.juntadeandalucia.es\/iesategua\/files\/2026\/03\/cartel-taller-salud-mental-24-marzo-20261-300x259.png 300w, https:\/\/blogsaverroes.juntadeandalucia.es\/iesategua\/files\/2026\/03\/cartel-taller-salud-mental-24-marzo-20261-768x662.png 768w\" sizes=\"(max-width: 936px) 100vw, 936px\" \/><\/a>\n<h4 class=\"pt-cv-title\"><a href=\"https:\/\/blogsaverroes.juntadeandalucia.es\/iesategua\/nuevo-taller-para-familias\/\" class=\"_self\" target=\"_self\" >\u00a1Nuevo taller para familias!<\/a><\/h4>\n<div class=\"pt-cv-content\"> &#8230;<br \/><div class=\"pt-cv-rmwrap\"><a href=\"https:\/\/blogsaverroes.juntadeandalucia.es\/iesategua\/nuevo-taller-para-familias\/\" class=\"_self pt-cv-readmore btn btn-success\" target=\"_self\">Leer M\u00e1s<\/a><\/div><\/div><\/div><\/div>\n<div class=\"col-md-3 col-sm-4 col-xs-12 pt-cv-content-item pt-cv-1-col\" ><div class='pt-cv-ifield'><a href=\"https:\/\/blogsaverroes.juntadeandalucia.es\/iesategua\/charla-adolescencia-y-alcohol-el-papel-de-las-familias\/\" class=\"_self pt-cv-href-thumbnail pt-cv-thumb-default\" target=\"_self\" ><img loading=\"lazy\" decoding=\"async\" width=\"721\" height=\"579\" src=\"https:\/\/blogsaverroes.juntadeandalucia.es\/iesategua\/files\/2026\/03\/CARTEL-CHARLA-FORMA-JOVEN-ALCOHOL-17-MARZO-2026.png\" class=\"pt-cv-thumbnail\" alt=\"\" srcset=\"https:\/\/blogsaverroes.juntadeandalucia.es\/iesategua\/files\/2026\/03\/CARTEL-CHARLA-FORMA-JOVEN-ALCOHOL-17-MARZO-2026.png 721w, https:\/\/blogsaverroes.juntadeandalucia.es\/iesategua\/files\/2026\/03\/CARTEL-CHARLA-FORMA-JOVEN-ALCOHOL-17-MARZO-2026-300x241.png 300w\" sizes=\"(max-width: 721px) 100vw, 721px\" \/><\/a>\n<h4 class=\"pt-cv-title\"><a href=\"https:\/\/blogsaverroes.juntadeandalucia.es\/iesategua\/charla-adolescencia-y-alcohol-el-papel-de-las-familias\/\" class=\"_self\" target=\"_self\" >CHARLA ADOLESCENCIA Y ALCOHOL. EL PAPEL DE LAS FAMILIAS.<\/a><\/h4>\n<div class=\"pt-cv-content\"> &#8230;<br \/><div class=\"pt-cv-rmwrap\"><a href=\"https:\/\/blogsaverroes.juntadeandalucia.es\/iesategua\/charla-adolescencia-y-alcohol-el-papel-de-las-familias\/\" class=\"_self pt-cv-readmore btn btn-success\" target=\"_self\">Leer M\u00e1s<\/a><\/div><\/div><\/div><\/div>\n<div class=\"col-md-3 col-sm-4 col-xs-12 pt-cv-content-item pt-cv-1-col\" ><div class='pt-cv-ifield'><a href=\"https:\/\/blogsaverroes.juntadeandalucia.es\/iesategua\/listos-para-inglaterra-inmersion-en-2o-de-eso\/\" class=\"_self pt-cv-href-thumbnail pt-cv-thumb-default\" target=\"_self\" ><img loading=\"lazy\" decoding=\"async\" width=\"201\" height=\"164\" src=\"https:\/\/blogsaverroes.juntadeandalucia.es\/iesategua\/files\/2026\/03\/Screenshot-from-2026-03-09-09-53-37.png\" class=\"pt-cv-thumbnail\" alt=\"\" \/><\/a>\n<h4 class=\"pt-cv-title\"><a href=\"https:\/\/blogsaverroes.juntadeandalucia.es\/iesategua\/listos-para-inglaterra-inmersion-en-2o-de-eso\/\" class=\"_self\" target=\"_self\" >\u00a1Listos para Inglaterra! Inmersi\u00f3n en 2\u00ba de ESO<\/a><\/h4>\n<div class=\"pt-cv-content\">Nuestro alumnado de 2\u00ba de ESO ya est\u00e1 calentando motores para su viaje a Inglaterra del 18 al 23 de &#8230;<br \/><div class=\"pt-cv-rmwrap\"><a href=\"https:\/\/blogsaverroes.juntadeandalucia.es\/iesategua\/listos-para-inglaterra-inmersion-en-2o-de-eso\/\" class=\"_self pt-cv-readmore btn btn-success\" target=\"_self\">Leer M\u00e1s<\/a><\/div><\/div><\/div><\/div>\n<div class=\"col-md-3 col-sm-4 col-xs-12 pt-cv-content-item pt-cv-1-col\" ><div class='pt-cv-ifield'><a href=\"https:\/\/blogsaverroes.juntadeandalucia.es\/iesategua\/inauguracion-xxviii-jornadas-de-orientacion\/\" class=\"_self pt-cv-href-thumbnail pt-cv-thumb-default\" target=\"_self\" ><img loading=\"lazy\" decoding=\"async\" width=\"452\" height=\"646\" src=\"https:\/\/blogsaverroes.juntadeandalucia.es\/iesategua\/files\/2026\/03\/Screenshot-from-2026-03-03-08-58-14.png\" class=\"pt-cv-thumbnail\" alt=\"\" srcset=\"https:\/\/blogsaverroes.juntadeandalucia.es\/iesategua\/files\/2026\/03\/Screenshot-from-2026-03-03-08-58-14.png 452w, https:\/\/blogsaverroes.juntadeandalucia.es\/iesategua\/files\/2026\/03\/Screenshot-from-2026-03-03-08-58-14-210x300.png 210w\" sizes=\"(max-width: 452px) 100vw, 452px\" \/><\/a>\n<h4 class=\"pt-cv-title\"><a href=\"https:\/\/blogsaverroes.juntadeandalucia.es\/iesategua\/inauguracion-xxviii-jornadas-de-orientacion\/\" class=\"_self\" target=\"_self\" >Inauguraci\u00f3n XXVIII Jornadas de Orientaci\u00f3n<\/a><\/h4>\n<div class=\"pt-cv-content\">Hoy comienzan nuestras XXVIII Jornadas de Orientaci\u00f3n e Inserci\u00f3n Laboral. Durante toda esta semana, nuestro alumnado acudir\u00e1 a charlas y &#8230;<br \/><div class=\"pt-cv-rmwrap\"><a href=\"https:\/\/blogsaverroes.juntadeandalucia.es\/iesategua\/inauguracion-xxviii-jornadas-de-orientacion\/\" class=\"_self pt-cv-readmore btn btn-success\" target=\"_self\">Leer M\u00e1s<\/a><\/div><\/div><\/div><\/div>\n<div class=\"col-md-3 col-sm-4 col-xs-12 pt-cv-content-item pt-cv-1-col\" ><div class='pt-cv-ifield'><a href=\"https:\/\/blogsaverroes.juntadeandalucia.es\/iesategua\/el-claustro-del-ies-ategua-se-especializa-en-la-atencion-al-alumnado-con-altas-capacidades\/\" class=\"_self pt-cv-href-thumbnail pt-cv-thumb-default\" target=\"_self\" ><img loading=\"lazy\" decoding=\"async\" width=\"1600\" height=\"1200\" src=\"https:\/\/blogsaverroes.juntadeandalucia.es\/iesategua\/files\/2026\/02\/WhatsApp-Image-2026-02-16-at-18.04.57.jpeg\" class=\"pt-cv-thumbnail\" alt=\"\" srcset=\"https:\/\/blogsaverroes.juntadeandalucia.es\/iesategua\/files\/2026\/02\/WhatsApp-Image-2026-02-16-at-18.04.57.jpeg 1600w, https:\/\/blogsaverroes.juntadeandalucia.es\/iesategua\/files\/2026\/02\/WhatsApp-Image-2026-02-16-at-18.04.57-300x225.jpeg 300w, https:\/\/blogsaverroes.juntadeandalucia.es\/iesategua\/files\/2026\/02\/WhatsApp-Image-2026-02-16-at-18.04.57-1024x768.jpeg 1024w, https:\/\/blogsaverroes.juntadeandalucia.es\/iesategua\/files\/2026\/02\/WhatsApp-Image-2026-02-16-at-18.04.57-768x576.jpeg 768w, https:\/\/blogsaverroes.juntadeandalucia.es\/iesategua\/files\/2026\/02\/WhatsApp-Image-2026-02-16-at-18.04.57-1536x1152.jpeg 1536w\" sizes=\"(max-width: 1600px) 100vw, 1600px\" \/><\/a>\n<h4 class=\"pt-cv-title\"><a href=\"https:\/\/blogsaverroes.juntadeandalucia.es\/iesategua\/el-claustro-del-ies-ategua-se-especializa-en-la-atencion-al-alumnado-con-altas-capacidades\/\" class=\"_self\" target=\"_self\" >El Claustro del IES Ategua se especializa en la atenci\u00f3n al alumnado con Altas Capacidades<\/a><\/h4>\n<div class=\"pt-cv-content\">Durante los d\u00edas 16 y 25 de febrero, el profesorado de nuestro centro ha participado en una formaci\u00f3n intensiva titulada &#8230;<br \/><div class=\"pt-cv-rmwrap\"><a href=\"https:\/\/blogsaverroes.juntadeandalucia.es\/iesategua\/el-claustro-del-ies-ategua-se-especializa-en-la-atencion-al-alumnado-con-altas-capacidades\/\" class=\"_self pt-cv-readmore btn btn-success\" target=\"_self\">Leer M\u00e1s<\/a><\/div><\/div><\/div><\/div><\/div><\/div>\n<div class=\" pt-cv-pagination-wrapper\"><ul class=\"pt-cv-pagination pt-cv-ajax pagination\" data-totalpages=\"52\" data-currentpage=\"1\" data-sid=\"30e1732b7p\" data-unid=\"\" data-isblock=\"\" data-postid=\"\"><li class=\"active\"><a href=\"#\">1<\/a><\/li>\n\t<li ><a class=\"\" href=\"https:\/\/blogsaverroes.juntadeandalucia.es\/iesategua\/wp-json\/wp\/v2\/pages\/6675\/?_page=2\">2<\/a><\/li>\n\t<li ><a class=\"\" href=\"https:\/\/blogsaverroes.juntadeandalucia.es\/iesategua\/wp-json\/wp\/v2\/pages\/6675\/?_page=3\">3<\/a><\/li>\n\t<li ><a href=\"#\">&hellip;<\/a><\/li>\n\t<li ><a class=\"\" href=\"https:\/\/blogsaverroes.juntadeandalucia.es\/iesategua\/wp-json\/wp\/v2\/pages\/6675\/?_page=52\">52<\/a><\/li>\n\t<li ><a class=\" \" href=\"https:\/\/blogsaverroes.juntadeandalucia.es\/iesategua\/wp-json\/wp\/v2\/pages\/6675\/?_page=2\">&rsaquo;<\/a><\/li>\n\t<\/ul><img loading=\"lazy\" decoding=\"async\" width=\"15\" height=\"15\" class=\"pt-cv-spinner\" alt=\"Cargando...\" src=\"data:image\/gif;base64,R0lGODlhDwAPALMPAMrKygwMDJOTkz09PZWVla+vr3p6euTk5M7OzuXl5TMzMwAAAJmZmWZmZszMzP\/\/\/yH\/C05FVFNDQVBFMi4wAwEAAAAh+QQFCgAPACwAAAAADwAPAAAEQvDJaZaZOIcV8iQK8VRX4iTYoAwZ4iCYoAjZ4RxejhVNoT+mRGP4cyF4Pp0N98sBGIBMEMOotl6YZ3S61Bmbkm4mAgAh+QQFCgAPACwAAAAADQANAAAENPDJSRSZeA418itN8QiK8BiLITVsFiyBBIoYqnoewAD4xPw9iY4XLGYSjkQR4UAUD45DLwIAIfkEBQoADwAsAAAAAA8ACQAABC\/wyVlamTi3nSdgwFNdhEJgTJoNyoB9ISYoQmdjiZPcj7EYCAeCF1gEDo4Dz2eIAAAh+QQFCgAPACwCAAAADQANAAAEM\/DJBxiYeLKdX3IJZT1FU0iIg2RNKx3OkZVnZ98ToRD4MyiDnkAh6BkNC0MvsAj0kMpHBAAh+QQFCgAPACwGAAAACQAPAAAEMDC59KpFDll73HkAA2wVY5KgiK5b0RRoI6MuzG6EQqCDMlSGheEhUAgqgUUAFRySIgAh+QQFCgAPACwCAAIADQANAAAEM\/DJKZNLND\/kkKaHc3xk+QAMYDKsiaqmZCxGVjSFFCxB1vwy2oOgIDxuucxAMTAJFAJNBAAh+QQFCgAPACwAAAYADwAJAAAEMNAs86q1yaWwwv2Ig0jUZx3OYa4XoRAfwADXoAwfo1+CIjyFRuEho60aSNYlOPxEAAAh+QQFCgAPACwAAAIADQANAAAENPA9s4y8+IUVcqaWJ4qEQozSoAzoIyhCK2NFU2SJk0hNnyEOhKR2AzAAj4Pj4GE4W0bkJQIAOw==\" \/><div class=\"clear pt-cv-clear-pagination\"><\/div><\/div><\/div><\/p>\t\t\t\t\t\t\t\t<\/div>\n\t\t\t\t<\/div>\n\t\t\t\t\t<\/div>\n\t\t<\/div>\n\t\t\t\t\t<\/div>\n\t\t<\/section>\n\t\t\t\t<\/div>\n\t\t","protected":false},"excerpt":{"rendered":"<p>BLOG Todas las publicaciones<\/p>\n","protected":false},"author":1805,"featured_media":0,"parent":0,"menu_order":0,"comment_status":"closed","ping_status":"closed","template":"","meta":{"ngg_post_thumbnail":0,"footnotes":""},"aioseo_notices":[],"_links":{"self":[{"href":"https:\/\/blogsaverroes.juntadeandalucia.es\/iesategua\/wp-json\/wp\/v2\/pages\/6675"}],"collection":[{"href":"https:\/\/blogsaverroes.juntadeandalucia.es\/iesategua\/wp-json\/wp\/v2\/pages"}],"about":[{"href":"https:\/\/blogsaverroes.juntadeandalucia.es\/iesategua\/wp-json\/wp\/v2\/types\/page"}],"author":[{"embeddable":true,"href":"https:\/\/blogsaverroes.juntadeandalucia.es\/iesategua\/wp-json\/wp\/v2\/users\/1805"}],"replies":[{"embeddable":true,"href":"https:\/\/blogsaverroes.juntadeandalucia.es\/iesategua\/wp-json\/wp\/v2\/comments?post=6675"}],"version-history":[{"count":7,"href":"https:\/\/blogsaverroes.juntadeandalucia.es\/iesategua\/wp-json\/wp\/v2\/pages\/6675\/revisions"}],"predecessor-version":[{"id":8152,"href":"https:\/\/blogsaverroes.juntadeandalucia.es\/iesategua\/wp-json\/wp\/v2\/pages\/6675\/revisions\/8152"}],"wp:attachment":[{"href":"https:\/\/blogsaverroes.juntadeandalucia.es\/iesategua\/wp-json\/wp\/v2\/media?parent=6675"}],"curies":[{"name":"wp","href":"https:\/\/api.w.org\/{rel}","templated":true}]}}