{"id":8155,"date":"2023-05-08T12:50:50","date_gmt":"2023-05-08T10:50:50","guid":{"rendered":"https:\/\/blogsaverroes.juntadeandalucia.es\/iesategua\/?page_id=8155"},"modified":"2023-05-08T12:56:29","modified_gmt":"2023-05-08T10:56:29","slug":"bachillerato-bilingue-2","status":"publish","type":"page","link":"https:\/\/blogsaverroes.juntadeandalucia.es\/iesategua\/bachillerato-bilingue-2\/","title":{"rendered":"Bachillerato biling\u00fce"},"content":{"rendered":"<p style=\"text-align: center\"><a href=\"https:\/\/blogsaverroes.juntadeandalucia.es\/iesategua\/files\/2022\/11\/BACHILLERATO-BILING\u00dcE.pdf\">Descarga el folleto completo sobre nuestro Bachillerato Biling\u00fce<\/a><\/p>\n<p>En la <strong>ense\u00f1anza biling\u00fce del IES Ategua<\/strong> el ingl\u00e9s es la lengua de referencia para determinadas \u00e1reas no ling\u00fc\u00edsticas (ANL). De esta manera el alumno tiene contacto con la lengua extranjera m\u00e1s tiempo y aprende contenidos de materias espec\u00edficas en los que se inserta el ingl\u00e9s. Esta metodolog\u00eda se denomina AICLE (Aprendizaje Integrado de Contenidos y Lengua extranjera).<\/p>\n<p>En las asignaturas de INGL\u00c9S y FRANC\u00c9S&nbsp; se fomenta el uso del idioma como lengua de comunicaci\u00f3n en el aula, se potencia la comprensi\u00f3n escrita y oral , as\u00ed como el resto de destrezas de la lengua y se profundiza en contenidos l\u00e9xico-gramaticales , todo ello orientado a conseguir el nivel ling\u00fc\u00edstico adecuado para aprobar la certificaci\u00f3n B1( o B2) en un futuro cercano, en caso de querer obtenerla.&nbsp;&nbsp;<\/p>\n<p>As\u00ed mismo, contamos con auxiliares de conversaci\u00f3n nativos de ingl\u00e9s, que a\u00f1aden un plus ling\u00fc\u00edstico y cultural a nuestro proyecto biling\u00fce.<\/p>\n<p>Ofertamos el bachillerato biling\u00fce para continuar reforzando y desarrollando el aprendizaje de idiomas de nuestros alumnos en la l\u00ednea del Marco Com\u00fan de Referencia Europeo de las lenguas, y abrimos esta posibilidad a alumnos procedentes de Centros de nuestro entorno.<\/p>\n<p>EN 1\u00ba DE BACHILLERATO OFERTAMOS EDUCACI\u00d3N F\u00cdSICA BILING\u00dcE Y EN 2\u00ba DE BACHILLERATO HISTORIA DE ESPA\u00d1A. En ellas el biling\u00fcismo est\u00e1 enfocado para que el ingl\u00e9s sea una herramienta m\u00e1s de la asignatura,y sobre todo, un apoyo para los estudiantes. El temario se da en espa\u00f1ol y el ingl\u00e9s se usa para reforzar lo aprendido con actividades como la creaci\u00f3n de memes, la representaci\u00f3n de teatros breves, la realizaci\u00f3n de proyectos digitales etc. En general se mejora el dominio del idioma en nuevos contextos y se convierte en un apoyo para el rendimiento acad\u00e9mico.&nbsp;<\/p>\n","protected":false},"excerpt":{"rendered":"<p>Descarga el folleto completo sobre nuestro Bachillerato Biling\u00fce En la ense\u00f1anza biling\u00fce del IES Ategua el ingl\u00e9s es la lengua de referencia para determinadas \u00e1reas&hellip;<\/p>\n","protected":false},"author":1805,"featured_media":0,"parent":0,"menu_order":0,"comment_status":"closed","ping_status":"closed","template":"","meta":{"ngg_post_thumbnail":0,"footnotes":""},"aioseo_notices":[],"_links":{"self":[{"href":"https:\/\/blogsaverroes.juntadeandalucia.es\/iesategua\/wp-json\/wp\/v2\/pages\/8155"}],"collection":[{"href":"https:\/\/blogsaverroes.juntadeandalucia.es\/iesategua\/wp-json\/wp\/v2\/pages"}],"about":[{"href":"https:\/\/blogsaverroes.juntadeandalucia.es\/iesategua\/wp-json\/wp\/v2\/types\/page"}],"author":[{"embeddable":true,"href":"https:\/\/blogsaverroes.juntadeandalucia.es\/iesategua\/wp-json\/wp\/v2\/users\/1805"}],"replies":[{"embeddable":true,"href":"https:\/\/blogsaverroes.juntadeandalucia.es\/iesategua\/wp-json\/wp\/v2\/comments?post=8155"}],"version-history":[{"count":2,"href":"https:\/\/blogsaverroes.juntadeandalucia.es\/iesategua\/wp-json\/wp\/v2\/pages\/8155\/revisions"}],"predecessor-version":[{"id":8165,"href":"https:\/\/blogsaverroes.juntadeandalucia.es\/iesategua\/wp-json\/wp\/v2\/pages\/8155\/revisions\/8165"}],"wp:attachment":[{"href":"https:\/\/blogsaverroes.juntadeandalucia.es\/iesategua\/wp-json\/wp\/v2\/media?parent=8155"}],"curies":[{"name":"wp","href":"https:\/\/api.w.org\/{rel}","templated":true}]}}