{"id":9158,"date":"2024-05-21T12:16:33","date_gmt":"2024-05-21T10:16:33","guid":{"rendered":"https:\/\/blogsaverroes.juntadeandalucia.es\/iesategua\/?page_id=9158"},"modified":"2025-04-08T18:40:01","modified_gmt":"2025-04-08T16:40:01","slug":"solicitud-de-titulos","status":"publish","type":"page","link":"https:\/\/blogsaverroes.juntadeandalucia.es\/iesategua\/solicitud-de-titulos\/","title":{"rendered":"Solicitud de t\u00edtulos"},"content":{"rendered":"\t\t<div data-elementor-type=\"wp-page\" data-elementor-id=\"9158\" class=\"elementor elementor-9158\">\n\t\t\t\t\t\t<section class=\"elementor-section elementor-top-section elementor-element elementor-element-65d8a53 elementor-section-boxed elementor-section-height-default elementor-section-height-default\" data-id=\"65d8a53\" data-element_type=\"section\">\n\t\t\t\t\t\t<div class=\"elementor-container elementor-column-gap-default\">\n\t\t\t\t\t<div class=\"elementor-column elementor-col-100 elementor-top-column elementor-element elementor-element-e85f177\" data-id=\"e85f177\" data-element_type=\"column\">\n\t\t\t<div class=\"elementor-widget-wrap elementor-element-populated\">\n\t\t\t\t\t\t<div class=\"elementor-element elementor-element-1f219cd elementor-widget elementor-widget-image\" data-id=\"1f219cd\" data-element_type=\"widget\" data-widget_type=\"image.default\">\n\t\t\t\t<div class=\"elementor-widget-container\">\n\t\t\t\t\t\t\t\t\t\t\t\t\t\t\t<img fetchpriority=\"high\" decoding=\"async\" width=\"1080\" height=\"400\" src=\"https:\/\/blogsaverroes.juntadeandalucia.es\/iesategua\/files\/2021\/05\/titulo-1080x400.jpg\" class=\"attachment-slider-1920-400 size-slider-1920-400 wp-image-6777\" alt=\"\" \/>\t\t\t\t\t\t\t\t\t\t\t\t\t\t\t<\/div>\n\t\t\t\t<\/div>\n\t\t\t\t<div class=\"elementor-element elementor-element-af98e10 elementor-widget elementor-widget-text-editor\" data-id=\"af98e10\" data-element_type=\"widget\" data-widget_type=\"text-editor.default\">\n\t\t\t\t<div class=\"elementor-widget-container\">\n\t\t\t\t\t\t\t\t\t<p style=\"text-align: center\"><strong><span style=\"color: #ff00ff\">PROCEDIMIENTO DE SOLICITUD DE T\u00cdTULOS<\/span><\/strong><\/p><p style=\"text-align: center\"><strong><span style=\"color: #ff00ff\">T\u00edtulos de ense\u00f1anzas no universitarias<br \/><\/span><\/strong><\/p><p>Los t\u00edtulos correspondientes a los estudios de Educaci\u00f3n Secundaria Obligatoria, Bachillerato, Formaci\u00f3n Profesional, Ense\u00f1anzas Art\u00edsticas, Ense\u00f1anzas de Idiomas y Ense\u00f1anzas Deportivas, ser\u00e1n expedidos por la Consejer\u00eda, previo cumplimiento de las condiciones que para la obtenci\u00f3n de los mismos exige el ordenamiento jur\u00eddico general del Estado.<\/p><p><span style=\"color: #3366ff\"><strong>\u00bfC\u00f3mo realizar el tr\u00e1mite? <br \/><\/strong><\/span><\/p><ul><li><strong>Por Internet &#8211; Solicitud telem\u00e1tica.<\/strong> A trav\u00e9s del siguiente <a href=\"https:\/\/www.juntadeandalucia.es\/educacion\/secretariavirtual\/accesoTramite\/302\/\" target=\"_blank\" rel=\"noopener\">enlace<\/a> puedes acceder al tr\u00e1mite en la secretaria virtual de la Junta de Andaluc\u00eda.<\/li><li><strong>Solicitud presencial. <\/strong>A continuaci\u00f3n detallamos el procedimiento de solicitud de t\u00edtulos de manera presencial en la secretaria de nuestro centro.<\/li><\/ul><ol><li>Imprimir, Rellenar y firmar la solicitud correspondiente. <a href=\"https:\/\/blogsaverroes.juntadeandalucia.es\/iesategua\/files\/2022\/03\/formulario-solicitud-t%C3%ADtulo.pdf\" target=\"_blank\" rel=\"noopener\">Enlace a la solicitud.<\/a><\/li><li>Rellenar e imprimir el modelo 046 (salen 3 copias) a trav\u00e9s de este enlace: <a href=\"http:\/\/www.ceh.junta-andalucia.es\/economiayhacienda\/apl\/surweb\/modelos\/modelo046\/046.jsp\" target=\"_blank\" rel=\"noopener\">Enlace 046<\/a><ul><li><a href=\"https:\/\/blogsaverroes.juntadeandalucia.es\/iesategua\/files\/2025\/04\/Instrucciones-solicitud-titulo-2025.pdf\" target=\"_blank\" rel=\"noopener\">Ayuda<\/a> para rellenar el modelo 046 e informaci\u00f3n sobre las tasas.<\/li><\/ul><\/li><li>Traer a la Secretar\u00eda:<ul><li>Copia del interesado (modelo 046)<\/li><li>Copia para la administraci\u00f3n (modelo 046).<\/li><li>Solicitud cumplimentada del paso 1.<\/li><li>Fotocopia del DNI.<\/li><li>Si se pertenece a familia numerosa debe aportarse original y fotocopia de la tarjeta o libro en vigor.<\/li><\/ul><\/li><\/ol><p>\u00a0<\/p>\t\t\t\t\t\t\t\t<\/div>\n\t\t\t\t<\/div>\n\t\t\t\t\t<\/div>\n\t\t<\/div>\n\t\t\t\t\t<\/div>\n\t\t<\/section>\n\t\t\t\t<section class=\"elementor-section elementor-top-section elementor-element elementor-element-ac75f76 elementor-section-boxed elementor-section-height-default elementor-section-height-default\" data-id=\"ac75f76\" data-element_type=\"section\">\n\t\t\t\t\t\t<div class=\"elementor-container elementor-column-gap-default\">\n\t\t\t\t\t<div class=\"elementor-column elementor-col-100 elementor-top-column elementor-element elementor-element-8e2b673\" data-id=\"8e2b673\" data-element_type=\"column\">\n\t\t\t<div class=\"elementor-widget-wrap\">\n\t\t\t\t\t\t\t<\/div>\n\t\t<\/div>\n\t\t\t\t\t<\/div>\n\t\t<\/section>\n\t\t\t\t<\/div>\n\t\t","protected":false},"excerpt":{"rendered":"<p>PROCEDIMIENTO DE SOLICITUD DE T\u00cdTULOS T\u00edtulos de ense\u00f1anzas no universitarias Los t\u00edtulos correspondientes a los estudios de Educaci\u00f3n Secundaria Obligatoria, Bachillerato, Formaci\u00f3n Profesional, Ense\u00f1anzas Art\u00edsticas,&hellip;<\/p>\n","protected":false},"author":1805,"featured_media":0,"parent":0,"menu_order":0,"comment_status":"closed","ping_status":"closed","template":"","meta":{"ngg_post_thumbnail":0,"footnotes":""},"aioseo_notices":[],"_links":{"self":[{"href":"https:\/\/blogsaverroes.juntadeandalucia.es\/iesategua\/wp-json\/wp\/v2\/pages\/9158"}],"collection":[{"href":"https:\/\/blogsaverroes.juntadeandalucia.es\/iesategua\/wp-json\/wp\/v2\/pages"}],"about":[{"href":"https:\/\/blogsaverroes.juntadeandalucia.es\/iesategua\/wp-json\/wp\/v2\/types\/page"}],"author":[{"embeddable":true,"href":"https:\/\/blogsaverroes.juntadeandalucia.es\/iesategua\/wp-json\/wp\/v2\/users\/1805"}],"replies":[{"embeddable":true,"href":"https:\/\/blogsaverroes.juntadeandalucia.es\/iesategua\/wp-json\/wp\/v2\/comments?post=9158"}],"version-history":[{"count":43,"href":"https:\/\/blogsaverroes.juntadeandalucia.es\/iesategua\/wp-json\/wp\/v2\/pages\/9158\/revisions"}],"predecessor-version":[{"id":10047,"href":"https:\/\/blogsaverroes.juntadeandalucia.es\/iesategua\/wp-json\/wp\/v2\/pages\/9158\/revisions\/10047"}],"wp:attachment":[{"href":"https:\/\/blogsaverroes.juntadeandalucia.es\/iesategua\/wp-json\/wp\/v2\/media?parent=9158"}],"curies":[{"name":"wp","href":"https:\/\/api.w.org\/{rel}","templated":true}]}}