{"id":9549,"date":"2024-11-15T12:34:12","date_gmt":"2024-11-15T11:34:12","guid":{"rendered":"https:\/\/blogsaverroes.juntadeandalucia.es\/iesategua\/?page_id=9549"},"modified":"2024-12-19T10:50:00","modified_gmt":"2024-12-19T09:50:00","slug":"aula-emprendimiento","status":"publish","type":"page","link":"https:\/\/blogsaverroes.juntadeandalucia.es\/iesategua\/aula-emprendimiento\/","title":{"rendered":"Aula Emprendimiento"},"content":{"rendered":"\t\t<div data-elementor-type=\"wp-page\" data-elementor-id=\"9549\" class=\"elementor elementor-9549\">\n\t\t\t\t\t\t<section class=\"elementor-section elementor-top-section elementor-element elementor-element-2688ea2 elementor-section-boxed elementor-section-height-default elementor-section-height-default\" data-id=\"2688ea2\" data-element_type=\"section\">\n\t\t\t\t\t\t<div class=\"elementor-container elementor-column-gap-default\">\n\t\t\t\t\t<div class=\"elementor-column elementor-col-100 elementor-top-column elementor-element elementor-element-d5b08b3\" data-id=\"d5b08b3\" data-element_type=\"column\">\n\t\t\t<div class=\"elementor-widget-wrap elementor-element-populated\">\n\t\t\t\t\t\t<div class=\"elementor-element elementor-element-ad0e534 elementor-widget elementor-widget-image\" data-id=\"ad0e534\" data-element_type=\"widget\" data-widget_type=\"image.default\">\n\t\t\t\t<div class=\"elementor-widget-container\">\n\t\t\t\t\t\t\t\t\t\t\t\t\t\t\t<img fetchpriority=\"high\" decoding=\"async\" width=\"843\" height=\"603\" src=\"https:\/\/blogsaverroes.juntadeandalucia.es\/iesategua\/files\/2024\/12\/placa_aula_emprendimient.png\" class=\"attachment-large size-large wp-image-9653\" alt=\"\" srcset=\"https:\/\/blogsaverroes.juntadeandalucia.es\/iesategua\/files\/2024\/12\/placa_aula_emprendimient.png 913w, https:\/\/blogsaverroes.juntadeandalucia.es\/iesategua\/files\/2024\/12\/placa_aula_emprendimient-300x215.png 300w, https:\/\/blogsaverroes.juntadeandalucia.es\/iesategua\/files\/2024\/12\/placa_aula_emprendimient-768x549.png 768w\" sizes=\"(max-width: 843px) 100vw, 843px\" \/>\t\t\t\t\t\t\t\t\t\t\t\t\t\t\t<\/div>\n\t\t\t\t<\/div>\n\t\t\t\t<div class=\"elementor-element elementor-element-9a51826 elementor-widget elementor-widget-text-editor\" data-id=\"9a51826\" data-element_type=\"widget\" data-widget_type=\"text-editor.default\">\n\t\t\t\t<div class=\"elementor-widget-container\">\n\t\t\t\t\t\t\t\t\t<div><p style=\"text-align: justify\"><span style=\"color: #808080\">La creaci\u00f3n de aulas de emprendimiento en formaci\u00f3n profesional es una de las actuaciones de car\u00e1cter estrat\u00e9gico para la modernizaci\u00f3n del sistema de Formaci\u00f3n Profesional actual, con la incorporaci\u00f3n de la digitalizaci\u00f3n, la innovaci\u00f3n y el emprendimiento a las que se asigna un conjunto de recursos que se distribuye en el marco de cooperaci\u00f3n territorial para la formaci\u00f3n el crecimiento econ\u00f3mico y social y la empleabilidad.<\/span><\/p><p style=\"text-align: justify\"><span style=\"font-size: 11pt;font-family: Calibri, sans-serif;color: #808080;background-color: transparent;font-weight: 400;font-style: normal;font-variant: normal;text-decoration: none;vertical-align: baseline\">Mediante resoluci\u00f3n de 3 de abril de 2024 de la Direcci\u00f3n General de Formaci\u00f3n Profesional se publica el listado definitivo de proyectos relativos a la creaci\u00f3n de aulas de emprendimiento en los centros docentes p\u00fablicos que imparten ense\u00f1anzas de formaci\u00f3n profesional en el curso escolar 2023\/2024. Nuestro proyecto de Aula de Emprendimiento \u201cAtegua Emprende\u201d tiene como objetivos, entre otros: <\/span><\/p><ul style=\"text-align: justify\"><li><span style=\"color: #808080\"><span style=\"font-size: 11pt;font-family: Calibri, sans-serif;background-color: transparent;font-weight: 400;font-style: normal;font-variant: normal;text-decoration: none;vertical-align: baseline\">c<\/span><span style=\"font-size: 10.5pt;font-family: SourceSansPro-Regular;background-color: transparent;font-weight: 400;font-style: normal;font-variant: normal;text-decoration: none;vertical-align: baseline\">oncebir el IES Ategua como lugar de referencia para el emprendimiento; <\/span><\/span><\/li><li><span style=\"font-size: 10.5pt;font-family: SourceSansPro-Regular;color: #808080;background-color: transparent;font-weight: 400;font-style: normal;font-variant: normal;text-decoration: none;vertical-align: baseline\">Adecuar y dotar un aula del centro para su uso como aula profesional de Emprendimiento; <\/span><\/li><li><span style=\"font-size: 10.5pt;font-family: SourceSansPro-Regular;color: #808080;background-color: transparent;font-weight: 400;font-style: normal;font-variant: normal;text-decoration: none;vertical-align: baseline\">Fomentar el esp\u00edritu emprendedor incentivando las soft skills necesarias para ello; <\/span><\/li><li><span style=\"font-size: 10.5pt;font-family: SourceSansPro-Regular;color: #808080;background-color: transparent;font-weight: 400;font-style: normal;font-variant: normal;text-decoration: none;vertical-align: baseline\">Conseguir la implicaci\u00f3n del profesorado del Instituto; sensibilizar al alumnado sobre las diversas formas de emprender y sus beneficios personales y comunitarios; <\/span><\/li><li><span style=\"font-size: 10.5pt;font-family: SourceSansPro-Regular;color: #808080;background-color: transparent;font-weight: 400;font-style: normal;font-variant: normal;text-decoration: none;vertical-align: baseline\">Desarrollar habilidades personales, sociales y profesionales necesarias para aumentar la empleabilidad y el desarrollo empresarial; <\/span><\/li><li><span style=\"color: #808080\"><span style=\"font-size: 10.5pt;font-family: SourceSansPro-Regular;background-color: transparent;font-weight: 400;font-style: normal;font-variant: normal;text-decoration: none;vertical-align: baseline\">Llevar a cabo metodolog\u00edas \u00e1giles e innovadoras de ense\u00f1anza-aprendizaje para abordar la tem\u00e1tica relacionada con el desarrollo empresarial y lograr sinergias con el tejido empresarial de la zona, centros educativos, instituciones, servicios, etc., a trav\u00e9s de colaboraciones que fomenten el emprendimiento.\u00a0<\/span><span style=\"font-size: 10.5pt;font-family: SourceSansPro-Regular;background-color: transparent;font-weight: 400;font-style: normal;font-variant: normal;text-decoration: none;vertical-align: baseline\">\u00a0<\/span><\/span><\/li><\/ul><p dir=\"ltr\" style=\"line-height: 1.2;text-align: justify;margin-top: 0pt;margin-bottom: 0pt\"><span style=\"font-size: 10.5pt;font-family: SourceSansPro-Regular;color: #808080;background-color: transparent;font-weight: 400;font-style: normal;font-variant: normal;text-decoration: none;vertical-align: baseline\">Para conseguir estos objetivos se han llevado a cabo una serie de acciones.<\/span><\/p><\/div>\t\t\t\t\t\t\t\t<\/div>\n\t\t\t\t<\/div>\n\t\t\t\t\t<\/div>\n\t\t<\/div>\n\t\t\t\t\t<\/div>\n\t\t<\/section>\n\t\t\t\t<section class=\"elementor-section elementor-top-section elementor-element elementor-element-c976e01 elementor-section-boxed elementor-section-height-default elementor-section-height-default\" data-id=\"c976e01\" data-element_type=\"section\">\n\t\t\t\t\t\t<div class=\"elementor-container elementor-column-gap-default\">\n\t\t\t\t\t<div class=\"elementor-column elementor-col-100 elementor-top-column elementor-element elementor-element-6114c1d\" data-id=\"6114c1d\" data-element_type=\"column\">\n\t\t\t<div class=\"elementor-widget-wrap elementor-element-populated\">\n\t\t\t\t\t\t<div class=\"elementor-element elementor-element-2700fa4 elementor-widget elementor-widget-button\" data-id=\"2700fa4\" data-element_type=\"widget\" data-widget_type=\"button.default\">\n\t\t\t\t<div class=\"elementor-widget-container\">\n\t\t\t\t\t\t\t\t\t<div class=\"elementor-button-wrapper\">\n\t\t\t\t\t<a class=\"elementor-button elementor-button-link elementor-size-sm\" href=\"https:\/\/blogsaverroes.juntadeandalucia.es\/iesategua\/category\/aula-emprendimiento\/\">\n\t\t\t\t\t\t<span class=\"elementor-button-content-wrapper\">\n\t\t\t\t\t\t<span class=\"elementor-button-icon\">\n\t\t\t\t<i aria-hidden=\"true\" class=\"far fa-grin-hearts\"><\/i>\t\t\t<\/span>\n\t\t\t\t\t\t\t\t\t<span class=\"elementor-button-text\">Acceso a las actividades realizadas en el Aula<\/span>\n\t\t\t\t\t<\/span>\n\t\t\t\t\t<\/a>\n\t\t\t\t<\/div>\n\t\t\t\t\t\t\t\t<\/div>\n\t\t\t\t<\/div>\n\t\t\t\t\t<\/div>\n\t\t<\/div>\n\t\t\t\t\t<\/div>\n\t\t<\/section>\n\t\t\t\t<\/div>\n\t\t","protected":false},"excerpt":{"rendered":"<p>La creaci\u00f3n de aulas de emprendimiento en formaci\u00f3n profesional es una de las actuaciones de car\u00e1cter estrat\u00e9gico para la modernizaci\u00f3n del sistema de Formaci\u00f3n Profesional&hellip;<\/p>\n","protected":false},"author":1805,"featured_media":0,"parent":0,"menu_order":0,"comment_status":"closed","ping_status":"closed","template":"","meta":{"ngg_post_thumbnail":0,"footnotes":""},"aioseo_notices":[],"_links":{"self":[{"href":"https:\/\/blogsaverroes.juntadeandalucia.es\/iesategua\/wp-json\/wp\/v2\/pages\/9549"}],"collection":[{"href":"https:\/\/blogsaverroes.juntadeandalucia.es\/iesategua\/wp-json\/wp\/v2\/pages"}],"about":[{"href":"https:\/\/blogsaverroes.juntadeandalucia.es\/iesategua\/wp-json\/wp\/v2\/types\/page"}],"author":[{"embeddable":true,"href":"https:\/\/blogsaverroes.juntadeandalucia.es\/iesategua\/wp-json\/wp\/v2\/users\/1805"}],"replies":[{"embeddable":true,"href":"https:\/\/blogsaverroes.juntadeandalucia.es\/iesategua\/wp-json\/wp\/v2\/comments?post=9549"}],"version-history":[{"count":20,"href":"https:\/\/blogsaverroes.juntadeandalucia.es\/iesategua\/wp-json\/wp\/v2\/pages\/9549\/revisions"}],"predecessor-version":[{"id":9810,"href":"https:\/\/blogsaverroes.juntadeandalucia.es\/iesategua\/wp-json\/wp\/v2\/pages\/9549\/revisions\/9810"}],"wp:attachment":[{"href":"https:\/\/blogsaverroes.juntadeandalucia.es\/iesategua\/wp-json\/wp\/v2\/media?parent=9549"}],"curies":[{"name":"wp","href":"https:\/\/api.w.org\/{rel}","templated":true}]}}