{"id":150,"date":"2015-03-17T07:48:04","date_gmt":"2015-03-17T07:48:04","guid":{"rendered":"http:\/\/blogsaverroes.juntadeandalucia.es\/pre\/ceip\/?page_id=150"},"modified":"2025-09-01T22:41:34","modified_gmt":"2025-09-01T22:41:34","slug":"frances","status":"publish","type":"page","link":"https:\/\/blogsaverroes.juntadeandalucia.es\/iesavenmoriel\/frances\/","title":{"rendered":"Franc\u00e9s"},"content":{"rendered":"<p style=\"text-align: center\">&nbsp;<\/p>\n<p style=\"text-align: center\"><strong>Miembros del Departamento para el curso 2025\/26<\/strong><\/p>\n<p style=\"padding-left: 40px\"><strong>&nbsp;&nbsp;&nbsp; &#8211;<\/strong> Lorena Mart\u00ednez Garc\u00eda (Jefa de Departamento)<\/p>\n<table style=\"border-collapse: collapse;width: 100%\">\n<tbody>\n<tr>\n<td style=\"width: 33.3333%;border-style: double;border-color: #080000;text-align: center;vertical-align: middle\"><a href=\"https:\/\/blogsaverroes.juntadeandalucia.es\/iesavenmoriel\/files\/2021\/09\/examenes.jpg\"><img loading=\"lazy\" decoding=\"async\" class=\"alignnone size-full wp-image-2602\" src=\"https:\/\/blogsaverroes.juntadeandalucia.es\/iesavenmoriel\/files\/2021\/09\/examenes.jpg\" alt=\"\" width=\"136\" height=\"88\"><\/a><\/p>\n<p>Ex\u00e1menes<\/td>\n<td style=\"width: 33.3333%;border-style: double;border-color: #080000;text-align: center;vertical-align: middle\"><a href=\"https:\/\/www.dropbox.com\/s\/4v774tr5gs2psz9\/PROGRAMACI%C3%93N%20FRANC%C3%89S%202021%20-%202022.pdf?dl=0\"><img loading=\"lazy\" decoding=\"async\" class=\"alignnone size-full wp-image-2601\" src=\"https:\/\/blogsaverroes.juntadeandalucia.es\/iesavenmoriel\/files\/2021\/09\/programaciones.jpg\" alt=\"\" width=\"116\" height=\"105\"><\/a><\/p>\n<p><a href=\"https:\/\/www.dropbox.com\/s\/4v774tr5gs2psz9\/PROGRAMACI%C3%93N%20FRANC%C3%89S%202021%20-%202022.pdf?dl=0\">Programaciones<\/a><\/td>\n<td style=\"width: 33.3333%;border-style: double;border-color: #080000;text-align: center;vertical-align: middle\"><a href=\"http:\/\/franfrancefrancais.blogspot.com.es\/\"><img loading=\"lazy\" decoding=\"async\" class=\"alignnone wp-image-2676\" src=\"https:\/\/blogsaverroes.juntadeandalucia.es\/iesavenmoriel\/files\/2021\/09\/BlogFrances-300x218.jpg\" alt=\"\" width=\"192\" height=\"139\" srcset=\"https:\/\/blogsaverroes.juntadeandalucia.es\/iesavenmoriel\/files\/2021\/09\/BlogFrances-300x218.jpg 300w, https:\/\/blogsaverroes.juntadeandalucia.es\/iesavenmoriel\/files\/2021\/09\/BlogFrances-1024x743.jpg 1024w, https:\/\/blogsaverroes.juntadeandalucia.es\/iesavenmoriel\/files\/2021\/09\/BlogFrances-768x557.jpg 768w, https:\/\/blogsaverroes.juntadeandalucia.es\/iesavenmoriel\/files\/2021\/09\/BlogFrances.jpg 1252w\" sizes=\"(max-width: 192px) 100vw, 192px\" \/><\/a><\/p>\n<p>Blog de franc\u00e9s<\/td>\n<\/tr>\n<\/tbody>\n<\/table>\n<p>&nbsp;<\/p>\n","protected":false},"excerpt":{"rendered":"<p>&nbsp; Miembros del Departamento para el curso 2025\/26 &nbsp;&nbsp;&nbsp; &#8211; Lorena Mart\u00ednez Garc\u00eda (Jefa de Departamento) Ex\u00e1menes Programaciones Blog de franc\u00e9s &nbsp;<\/p>\n","protected":false},"author":1,"featured_media":0,"parent":0,"menu_order":0,"comment_status":"open","ping_status":"open","template":"page-templates\/child-menu.php","meta":{"ngg_post_thumbnail":0,"footnotes":"","_mc_calendar":[]},"aioseo_notices":[],"_links":{"self":[{"href":"https:\/\/blogsaverroes.juntadeandalucia.es\/iesavenmoriel\/wp-json\/wp\/v2\/pages\/150"}],"collection":[{"href":"https:\/\/blogsaverroes.juntadeandalucia.es\/iesavenmoriel\/wp-json\/wp\/v2\/pages"}],"about":[{"href":"https:\/\/blogsaverroes.juntadeandalucia.es\/iesavenmoriel\/wp-json\/wp\/v2\/types\/page"}],"author":[{"embeddable":true,"href":"https:\/\/blogsaverroes.juntadeandalucia.es\/iesavenmoriel\/wp-json\/wp\/v2\/users\/1"}],"replies":[{"embeddable":true,"href":"https:\/\/blogsaverroes.juntadeandalucia.es\/iesavenmoriel\/wp-json\/wp\/v2\/comments?post=150"}],"version-history":[{"count":13,"href":"https:\/\/blogsaverroes.juntadeandalucia.es\/iesavenmoriel\/wp-json\/wp\/v2\/pages\/150\/revisions"}],"predecessor-version":[{"id":7039,"href":"https:\/\/blogsaverroes.juntadeandalucia.es\/iesavenmoriel\/wp-json\/wp\/v2\/pages\/150\/revisions\/7039"}],"wp:attachment":[{"href":"https:\/\/blogsaverroes.juntadeandalucia.es\/iesavenmoriel\/wp-json\/wp\/v2\/media?parent=150"}],"curies":[{"name":"wp","href":"https:\/\/api.w.org\/{rel}","templated":true}]}}