{"id":164,"date":"2015-03-17T07:52:28","date_gmt":"2015-03-17T07:52:28","guid":{"rendered":"http:\/\/blogsaverroes.juntadeandalucia.es\/pre\/ceip\/?page_id=164"},"modified":"2025-09-01T22:42:57","modified_gmt":"2025-09-01T22:42:57","slug":"ingles-2","status":"publish","type":"page","link":"https:\/\/blogsaverroes.juntadeandalucia.es\/iesavenmoriel\/ingles-2\/","title":{"rendered":"Ingl\u00e9s"},"content":{"rendered":"<p style=\"text-align: center\"><strong>Miembros del Departamento para el curso 2025\/26<\/strong><\/p>\n<p style=\"padding-left: 40px\">&#8211; Adame Gonz\u00e1lez, Cristina&nbsp;<\/p>\n<p style=\"padding-left: 40px\">&#8211; Pimentel Fern\u00e1ndez, Mar\u00eda<\/p>\n<table style=\"border-collapse: collapse;width: 100%\">\n<tbody>\n<tr>\n<td style=\"width: 33.3333%;border-color: #0a0101;border-style: double;text-align: center;vertical-align: middle\"><a href=\"https:\/\/blogsaverroes.juntadeandalucia.es\/iesavenmoriel\/files\/2021\/09\/examenes.jpg\"><img loading=\"lazy\" decoding=\"async\" class=\"alignnone size-full wp-image-2602\" src=\"https:\/\/blogsaverroes.juntadeandalucia.es\/iesavenmoriel\/files\/2021\/09\/examenes.jpg\" alt=\"\" width=\"136\" height=\"88\"><\/a><\/p>\n<p>Ex\u00e1menes<\/td>\n<td style=\"width: 33.3333%;border-color: #0a0101;border-style: double;text-align: center;vertical-align: middle\"><a href=\"https:\/\/www.dropbox.com\/s\/lgyme9uli2453rl\/PD%20Geograf%C3%ADa%20e%20Historia%202021-2022.pdf?dl=0\"><img loading=\"lazy\" decoding=\"async\" class=\"alignnone size-full wp-image-2601\" src=\"https:\/\/blogsaverroes.juntadeandalucia.es\/iesavenmoriel\/files\/2021\/09\/programaciones.jpg\" alt=\"\" width=\"116\" height=\"105\"><\/a><\/p>\n<p><a href=\"https:\/\/www.dropbox.com\/s\/lgyme9uli2453rl\/PD%20Geograf%C3%ADa%20e%20Historia%202021-2022.pdf?dl=0\">Programaciones<\/a><\/td>\n<td style=\"width: 33.3333%;border-color: #0a0101;border-style: double;text-align: center;vertical-align: middle\"><a href=\"https:\/\/blogsaverroes.juntadeandalucia.es\/iesavenmoriel\/files\/2021\/09\/recursos.jpg\"><img loading=\"lazy\" decoding=\"async\" class=\"alignnone size-full wp-image-2600\" src=\"https:\/\/blogsaverroes.juntadeandalucia.es\/iesavenmoriel\/files\/2021\/09\/recursos.jpg\" alt=\"\" width=\"116\" height=\"116\" srcset=\"https:\/\/blogsaverroes.juntadeandalucia.es\/iesavenmoriel\/files\/2021\/09\/recursos.jpg 116w, https:\/\/blogsaverroes.juntadeandalucia.es\/iesavenmoriel\/files\/2021\/09\/recursos-80x80.jpg 80w\" sizes=\"(max-width: 116px) 100vw, 116px\" \/><\/a><\/p>\n<p>Recursos<\/td>\n<\/tr>\n<\/tbody>\n<\/table>\n","protected":false},"excerpt":{"rendered":"<p>Miembros del Departamento para el curso 2025\/26 &#8211; Adame Gonz\u00e1lez, Cristina&nbsp; &#8211; Pimentel Fern\u00e1ndez, Mar\u00eda Ex\u00e1menes Programaciones Recursos<\/p>\n","protected":false},"author":1,"featured_media":0,"parent":0,"menu_order":0,"comment_status":"open","ping_status":"open","template":"page-templates\/child-menu.php","meta":{"ngg_post_thumbnail":0,"footnotes":"","_mc_calendar":[]},"aioseo_notices":[],"_links":{"self":[{"href":"https:\/\/blogsaverroes.juntadeandalucia.es\/iesavenmoriel\/wp-json\/wp\/v2\/pages\/164"}],"collection":[{"href":"https:\/\/blogsaverroes.juntadeandalucia.es\/iesavenmoriel\/wp-json\/wp\/v2\/pages"}],"about":[{"href":"https:\/\/blogsaverroes.juntadeandalucia.es\/iesavenmoriel\/wp-json\/wp\/v2\/types\/page"}],"author":[{"embeddable":true,"href":"https:\/\/blogsaverroes.juntadeandalucia.es\/iesavenmoriel\/wp-json\/wp\/v2\/users\/1"}],"replies":[{"embeddable":true,"href":"https:\/\/blogsaverroes.juntadeandalucia.es\/iesavenmoriel\/wp-json\/wp\/v2\/comments?post=164"}],"version-history":[{"count":13,"href":"https:\/\/blogsaverroes.juntadeandalucia.es\/iesavenmoriel\/wp-json\/wp\/v2\/pages\/164\/revisions"}],"predecessor-version":[{"id":7040,"href":"https:\/\/blogsaverroes.juntadeandalucia.es\/iesavenmoriel\/wp-json\/wp\/v2\/pages\/164\/revisions\/7040"}],"wp:attachment":[{"href":"https:\/\/blogsaverroes.juntadeandalucia.es\/iesavenmoriel\/wp-json\/wp\/v2\/media?parent=164"}],"curies":[{"name":"wp","href":"https:\/\/api.w.org\/{rel}","templated":true}]}}