{"id":2471,"date":"2021-09-19T14:28:45","date_gmt":"2021-09-19T14:28:45","guid":{"rendered":"https:\/\/blogsaverroes.juntadeandalucia.es\/iesavenmoriel\/?page_id=2471"},"modified":"2025-09-04T09:16:53","modified_gmt":"2025-09-04T09:16:53","slug":"personal-del-centro","status":"publish","type":"page","link":"https:\/\/blogsaverroes.juntadeandalucia.es\/iesavenmoriel\/personal-del-centro\/","title":{"rendered":"Personal del centro"},"content":{"rendered":"<table style=\"width: 79.1369%;height: 543px\" border=\"1\" cellspacing=\"0\" cellpadding=\"0\">\n<tbody>\n<tr class=\"borde\" style=\"height: 24px\">\n<td style=\"height: 25px;width: 18.639%\" align=\"center\"><strong>Departamento<\/strong><\/td>\n<td style=\"height: 25px;width: 22.2147%\" align=\"center\"><strong>Profesor\/a<\/strong><\/td>\n<td style=\"height: 25px;width: 24.7147%\" align=\"center\"><strong>Correo @avenmoriel<br \/>\n<\/strong><\/td>\n<td style=\"width: 34.1021%;text-align: center;height: 25px\"><strong>Correo @g.educaand<br \/>\n<\/strong><\/td>\n<\/tr>\n<tr style=\"height: 25px\">\n<td style=\"height: 73px;width: 18.639%\" rowspan=\"3\" align=\"center\">ORIENTACI\u00d3N<\/td>\n<td style=\"height: 25px;width: 22.2147%\"><strong><em>Gil Beltr\u00e1n, M<sup>a<\/sup>&nbsp;Carmen<\/em><\/strong><\/td>\n<td style=\"height: 25px;width: 24.7147%;text-align: center\"><a href=\"mailto:kgil@avenmoriel.com\">kgil@avenmoriel.com<\/a><\/td>\n<td style=\"width: 34.1021%;height: 25px;text-align: center\"><a href=\"mailto:mgilbel524@g.educaand.es\">mgilbel524@g.educaand.es<\/a><\/td>\n<\/tr>\n<tr style=\"height: 24px\">\n<td style=\"height: 24px;width: 22.2147%\"><strong><em>Castillero Ortiz, M\u00f3nica<\/em><\/strong><\/td>\n<td style=\"height: 24px;width: 24.7147%;text-align: center\"><a href=\"mailto:mcastillero@avenmoriel.com\">mcastillero<em>@avenmoriel.com<\/em><\/a><em>&nbsp;<\/em><\/td>\n<td style=\"width: 34.1021%;height: 24px;text-align: center\"><a href=\"mailto:mcasort465@g.educaand.es\">mcasort465@g.educaand.es<\/a><\/td>\n<\/tr>\n<tr style=\"height: 24px\">\n<td style=\"height: 24px;width: 22.2147%\"><strong><em>J\u00e9rez Anera, Rafael<\/em><\/strong><\/td>\n<td style=\"height: 24px;width: 24.7147%;text-align: center\"><a href=\"mailto:mbarrales@avenmoriel.com\">rajerez@avenmoriel.com<\/a><\/td>\n<td style=\"width: 34.1021%;height: 24px;text-align: center\"><a class=\"p480bb Sq3iG\" href=\"mailto:mbarlab429@g.educaand.es\">rjerane168@g.educaand.es<\/a><\/td>\n<\/tr>\n<tr style=\"height: 24px\">\n<td style=\"height: 48px;width: 18.639%\" rowspan=\"2\" align=\"center\">CIENCIAS NATURALES&nbsp;<strong>&nbsp;<\/strong><\/td>\n<td style=\"height: 24px;width: 22.2147%\"><strong><em>Gallardo Casta\u00f1o, Jennifer M\u00aa<\/em><\/strong><\/td>\n<td style=\"height: 24px;width: 24.7147%;text-align: center\"><a href=\"mailto:jgallardo@avenmoriel.com\">jgallardo@avenmoriel.com<\/a><\/td>\n<td style=\"width: 34.1021%;height: 24px;text-align: center\"><a href=\"mailto:jgalcas842@g.educaand.es\">jgalcas842@g.educaand.es<\/a><\/td>\n<\/tr>\n<tr style=\"height: 24px\">\n<td style=\"height: 24px;width: 22.2147%\"><strong><em>Bedmar L\u00f3pez, Anselmo<\/em><\/strong><\/td>\n<td style=\"height: 24px;width: 24.7147%;text-align: center\"><a href=\"mailto:abedmar@avenmoriel.com\">abedmar<em>@avenmoriel.com<\/em><\/a><\/td>\n<td style=\"width: 34.1021%;height: 24px;text-align: center\"><a href=\"mailto:abedlop278@g.educaand.es\">abedlop278@g.educaand.es<\/a><\/td>\n<\/tr>\n<tr style=\"height: 24px\">\n<td style=\"height: 24px;width: 18.639%\" align=\"center\">E. F\u00cdSICA<\/td>\n<td style=\"height: 24px;width: 22.2147%\"><strong><em>Navarro Garc\u00eda, Jes\u00fas<\/em><\/strong><\/td>\n<td style=\"height: 24px;width: 24.7147%;text-align: center\"><a href=\"mailto:ecarmona@avenmoriel.com\">jnavarro@avenmoriel.com<\/a><\/td>\n<td style=\"width: 34.1021%;height: 24px;text-align: center\"><a class=\"p480bb Sq3iG\" href=\"mailto:ecarnun571@g.educaand.es\">jnavgar622t@g.educaand.es<\/a><\/td>\n<\/tr>\n<tr style=\"height: 24px\">\n<td style=\"height: 24px;width: 18.639%\" align=\"center\">FRANC\u00c9S<\/td>\n<td style=\"height: 24px;width: 22.2147%\"><strong><em>Mart\u00ednez Garc\u00eda, Lorena<\/em><\/strong><\/td>\n<td style=\"height: 24px;width: 24.7147%;text-align: center\"><em><a href=\"mailto:lmartinez@avenmoriel.com\">lmartinez@avenmoriel.com<\/a><\/em><\/td>\n<td style=\"width: 34.1021%;height: 24px;text-align: center\"><a href=\"mailto:lmargar263@g.educaand.es\">lmargar263@g.educaand.es<\/a><\/td>\n<\/tr>\n<tr style=\"height: 24px\">\n<td style=\"height: 48px;width: 18.639%\" align=\"center\">GEOGRAF\u00cdA E HISTORIA&nbsp;&nbsp;<\/td>\n<td style=\"height: 48px;width: 22.2147%\"><strong><em>Vincenz P\u00e9rez, Carlos<\/em><\/strong><\/td>\n<td style=\"height: 48px;width: 24.7147%;text-align: center\"><a href=\"mailto:magarcia@avenmoriel.com\">cvincenz@avenmoriel.com<\/a><\/td>\n<td style=\"width: 34.1021%;height: 48px;text-align: center\"><a class=\"p480bb Sq3iG\" href=\"mailto:mgargut007@g.educaand.es\">cvinper985@g.educaand.es<\/a><\/td>\n<\/tr>\n<tr style=\"height: 24px\">\n<td style=\"height: 48px;width: 18.639%\" rowspan=\"2\" align=\"center\">INGL\u00c9S<\/td>\n<td style=\"height: 24px;width: 22.2147%\"><strong><em>Adame Gonz\u00e1lez, Cristina<\/em><\/strong><\/td>\n<td style=\"height: 24px;width: 24.7147%;text-align: center\"><a href=\"mailto:marcas@avenmoriel.com\">cadame@avenmoriel.com<\/a><\/td>\n<td style=\"width: 34.1021%;height: 24px;text-align: center\"><a class=\"p480bb Sq3iG\" href=\"mailto:marcgar111@g.educaand.es\">cadagon2006@g.educaand.es<\/a><\/td>\n<\/tr>\n<tr style=\"height: 24px\">\n<td style=\"height: 24px;width: 22.2147%\"><strong><em>Pimentel Fern\u00e1ndez, Mar\u00eda<\/em><\/strong><\/td>\n<td style=\"height: 24px;width: 24.7147%;text-align: center\"><a href=\"mailto:jogarcia@avenmoriel.com\">mpimentel@avenmoriel.com<\/a><\/td>\n<td style=\"width: 34.1021%;height: 24px;text-align: center\"><a href=\"mailto:jgartel383@g.educaand.es\">mpimfer1009@g.educaand.es<\/a><\/td>\n<\/tr>\n<tr style=\"height: 48px\">\n<td style=\"height: 37px;width: 18.639%\" rowspan=\"2\" align=\"center\">LENGUA&nbsp;<\/td>\n<td style=\"height: 27px;width: 22.2147%\"><strong><em>Ortiz Ruiz, Yisela<\/em><\/strong><\/td>\n<td style=\"height: 27px;width: 24.7147%;text-align: center\"><a href=\"mailto:yortiz@avenmoriel.com\">yortiz@avenmoriel.com<\/a><\/td>\n<td style=\"width: 34.1021%;text-align: center;height: 27px\" width=\"221\"><a href=\"mailto:yortrui@g.educaand.es\">yortrui@g.educaand.es<\/a><\/td>\n<\/tr>\n<tr style=\"height: 10px\">\n<td style=\"width: 22.2147%;height: 10px\"><strong><em>Ortiz Mart\u00ednez, Antonio M.<\/em><\/strong><\/td>\n<td style=\"width: 24.7147%;text-align: center;height: 10px\"><a href=\"mailto:marcas@avenmoriel.com\">aortiz@avenmoriel.com<\/a><\/td>\n<td style=\"width: 34.1021%;text-align: center;height: 10px\"><a class=\"p480bb Sq3iG\" href=\"mailto:mgargut007@g.educaand.es\">aortmar458w@g.educaand.es<\/a><\/td>\n<\/tr>\n<tr style=\"height: 24px\">\n<td style=\"height: 48px;width: 18.639%\" rowspan=\"2\" align=\"center\">MATEM\u00c1TICAS<\/td>\n<td style=\"height: 24px;width: 22.2147%\"><strong><em>Lozano Novi, Rebeca<br \/>\n<\/em><\/strong><\/td>\n<td style=\"height: 24px;width: 24.7147%;text-align: center\"><em><a href=\"mailto:frodriguez@avenmoriel.com\">rlozano@avenmoriel.com<\/a><\/em><\/td>\n<td style=\"width: 34.1021%;height: 24px;text-align: center\"><a href=\"mailto:rloznov590@g.educaand.es\">rloznov590@g.educaand.es<\/a><\/td>\n<\/tr>\n<tr style=\"height: 24px\">\n<td style=\"height: 24px;width: 22.2147%\"><strong><em>Bellot Rubio, Jes\u00fas<\/em><\/strong><\/td>\n<td style=\"height: 24px;width: 24.7147%;text-align: center\"><a href=\"mailto:jbellot@avenmoriel.com\">jbellot<em>@avenmoriel.com<\/em><\/a><\/td>\n<td style=\"width: 34.1021%;height: 24px;text-align: center\"><a href=\"mailto:jbelrub783@g.educaand.es\">jbelrub783@g.educaand.es<\/a><\/td>\n<\/tr>\n<tr style=\"height: 24px\">\n<td style=\"height: 24px;width: 18.639%\" align=\"center\">M\u00daSICA Y PL\u00c1STICA<\/td>\n<td style=\"height: 24px;width: 22.2147%\"><strong><em>Vega Garc\u00eda, Rafael<\/em><\/strong><\/td>\n<td style=\"height: 24px;width: 24.7147%;text-align: center\"><a href=\"mailto:pdominguez@avenmoriel.com\">rvega@avenmoriel.com<\/a><\/td>\n<td style=\"width: 34.1021%;text-align: center;height: 24px\" width=\"221\"><a class=\"p480bb Sq3iG\" href=\"mailto:pdommel069@g.educaand.es\">rveggar593@g.educaand.es<\/a><\/td>\n<\/tr>\n<tr style=\"height: 24px\">\n<td style=\"height: 72px;width: 18.639%\" rowspan=\"3\" align=\"center\">P.A.S.<\/td>\n<td style=\"height: 24px;width: 22.2147%\"><strong><em>Bedmar P\u00e9rez, Libertad<\/em><\/strong><\/td>\n<td style=\"height: 24px;width: 24.7147%;text-align: center\"><a href=\"mailto:marcas@avenmoriel.com\">lbedmar@avenmoriel.com<\/a><\/td>\n<td style=\"width: 34.1021%;height: 24px;text-align: center\"><a href=\"mailto:mbedper488@g.educaand.es\">mbedper488@g.educaand.es<\/a><\/td>\n<\/tr>\n<tr style=\"height: 24px\">\n<td style=\"height: 24px;width: 22.2147%\"><strong><em>S\u00e1nchez Teruel, M\u00aa Pilar<\/em><\/strong><\/td>\n<td style=\"height: 24px;width: 24.7147%;text-align: center\"><a href=\"mailto:msanchez@avenmoriel.com\">msanchez<em>@avenmoriel.com<\/em><\/a><\/td>\n<td style=\"width: 34.1021%;height: 24px;text-align: center\"><a href=\"mailto:msanter926@g.educaand.es\">msanter926@g.educaand.es<\/a>&nbsp;<\/td>\n<\/tr>\n<tr style=\"height: 24px\">\n<td style=\"height: 24px;width: 22.2147%\"><strong><em>Polo Fern\u00e1ndez, Pilar<\/em><\/strong><\/td>\n<td style=\"height: 24px;width: 24.7147%;text-align: center\"><a href=\"mailto:ppolo@avenmoriel.com\">ppolo<em>@avenmoriel.com<\/em><\/a><\/td>\n<td style=\"width: 34.1021%;height: 24px;text-align: center\"><a href=\"mailto:mpolfer384@g.educaand.es\">mpolfer384@g.educaand.es<\/a><\/td>\n<\/tr>\n<tr style=\"height: 24px\">\n<td style=\"height: 24px;width: 18.639%\" align=\"center\">RELIGI\u00d3N<\/td>\n<td style=\"height: 24px;width: 22.2147%\"><strong><em>G\u00f3mez Vidal, Alberto<\/em><\/strong><\/td>\n<td style=\"height: 24px;width: 24.7147%;text-align: center\"><em><a href=\"mailto:agomez@avenmoriel.com\">agomez@avenmoriel.com<\/a><\/em><\/td>\n<td style=\"width: 34.1021%;height: 24px;text-align: center\"><a href=\"mailto:agomvid364@g.educaand.es\">agomvid364@g.educaand.es<\/a><\/td>\n<\/tr>\n<tr style=\"height: 24px\">\n<td style=\"height: 48px;width: 18.639%\" rowspan=\"2\" align=\"center\">TECNOLOG\u00cdA&nbsp;<\/td>\n<td style=\"height: 24px;width: 22.2147%\"><strong><em>Garc\u00eda Egea, Juan Carlos<\/em><\/strong><\/td>\n<td style=\"height: 24px;width: 24.7147%;text-align: center\"><em><a href=\"mailto:jgarcia@avenmoriel.com\">jcgarcia@avenmoriel.com<\/a><\/em><\/td>\n<td style=\"width: 34.1021%;height: 24px;text-align: center\"><a href=\"mailto:jgarege829@g.educaand.es\">jgarege829@g.educaand.es<\/a><\/td>\n<\/tr>\n<tr style=\"height: 24px\">\n<td style=\"width: 22.2147%;height: 24px\"><strong><em>Ortega Mart\u00ednez, Carlos<br \/>\n<\/em><\/strong><\/td>\n<td style=\"width: 24.7147%;height: 24px;text-align: center\"><a href=\"mailto:cortega@avenmoriel.com\">cortega@avenmoriel.com<\/a><\/td>\n<td style=\"width: 34.1021%;height: 24px;text-align: center\"><a href=\"mailto:cortmar998@g.educaand.es\">cortmar998@g.educaand.es<\/a><\/td>\n<\/tr>\n<\/tbody>\n<\/table>\n","protected":false},"excerpt":{"rendered":"<p>Departamento Profesor\/a Correo @avenmoriel Correo @g.educaand ORIENTACI\u00d3N Gil Beltr\u00e1n, Ma&nbsp;Carmen kgil@avenmoriel.com mgilbel524@g.educaand.es Castillero Ortiz, M\u00f3nica mcastillero@avenmoriel.com&nbsp; mcasort465@g.educaand.es J\u00e9rez Anera, Rafael rajerez@avenmoriel.com rjerane168@g.educaand.es CIENCIAS NATURALES&nbsp;&nbsp; Gallardo Casta\u00f1o, Jennifer M\u00aa jgallardo@avenmoriel.com jgalcas842@g.educaand.es Bedmar L\u00f3pez, Anselmo abedmar@avenmoriel.com&#46;&#46;&#46;<\/p>\n","protected":false},"author":9440,"featured_media":0,"parent":0,"menu_order":0,"comment_status":"closed","ping_status":"closed","template":"page-templates\/child-menu.php","meta":{"ngg_post_thumbnail":0,"footnotes":"","_mc_calendar":[]},"aioseo_notices":[],"_links":{"self":[{"href":"https:\/\/blogsaverroes.juntadeandalucia.es\/iesavenmoriel\/wp-json\/wp\/v2\/pages\/2471"}],"collection":[{"href":"https:\/\/blogsaverroes.juntadeandalucia.es\/iesavenmoriel\/wp-json\/wp\/v2\/pages"}],"about":[{"href":"https:\/\/blogsaverroes.juntadeandalucia.es\/iesavenmoriel\/wp-json\/wp\/v2\/types\/page"}],"author":[{"embeddable":true,"href":"https:\/\/blogsaverroes.juntadeandalucia.es\/iesavenmoriel\/wp-json\/wp\/v2\/users\/9440"}],"replies":[{"embeddable":true,"href":"https:\/\/blogsaverroes.juntadeandalucia.es\/iesavenmoriel\/wp-json\/wp\/v2\/comments?post=2471"}],"version-history":[{"count":24,"href":"https:\/\/blogsaverroes.juntadeandalucia.es\/iesavenmoriel\/wp-json\/wp\/v2\/pages\/2471\/revisions"}],"predecessor-version":[{"id":2854,"href":"https:\/\/blogsaverroes.juntadeandalucia.es\/iesavenmoriel\/wp-json\/wp\/v2\/pages\/2471\/revisions\/2854"}],"wp:attachment":[{"href":"https:\/\/blogsaverroes.juntadeandalucia.es\/iesavenmoriel\/wp-json\/wp\/v2\/media?parent=2471"}],"curies":[{"name":"wp","href":"https:\/\/api.w.org\/{rel}","templated":true}]}}