{"id":2483,"date":"2021-09-19T14:49:22","date_gmt":"2021-09-19T14:49:22","guid":{"rendered":"https:\/\/blogsaverroes.juntadeandalucia.es\/iesavenmoriel\/?page_id=2483"},"modified":"2021-09-19T14:49:22","modified_gmt":"2021-09-19T14:49:22","slug":"funciones","status":"publish","type":"page","link":"https:\/\/blogsaverroes.juntadeandalucia.es\/iesavenmoriel\/funciones\/","title":{"rendered":"Funciones"},"content":{"rendered":"<p style=\"text-align: center\"><strong>DELEGADOS DE PADRES Y MADRES<\/strong><\/p>\n<ol>\n<li><strong>A) Funciones de los delegados de padres\/madres (ROF)<\/strong><\/li>\n<\/ol>\n<p><strong>Art\u00edculo 81. Funciones de los Delegados y Delegadas de padres y madres. <\/strong><\/p>\n<ol>\n<li>a) Representar a las madres y los padres del alumnado del grupo, recogiendo sus inquietudes, intereses y expectativas y dando &nbsp;traslado &nbsp;de los mismos al profesorado tutor.<\/li>\n<li>b) Asesorar a las familias del alumnado del grupo en el ejercicio de sus derechos y obligaciones.<\/li>\n<li>c) Implicar a las familias en la mejora de la convivencia y de la actividad docente en el grupo &nbsp;y en el centro e impulsar su participaci\u00f3n en las actividades que se organicen.<\/li>\n<li>d) Fomentar &nbsp;y facilitar la comunicaci\u00f3n de las madres y los padres del alumnado con el tutor o tutora &nbsp;del grupo y con el resto del profesorado que imparte docencia al mismo.<\/li>\n<li>e) Facilitar la relaci\u00f3n entre las familias del alumnado del grupo &nbsp;y el equipo directivo, la asociaci\u00f3n de padres y madres del alumnado y los representantes de este sector en el Consejo Escolar.<\/li>\n<li>f) Colaborar en el desarrollo de las actividades programadas por el centro para informar a las familias del alumnado del grupo &nbsp;y para estimular su participaci\u00f3n en el proceso educativo de sus hijos e hijas.<\/li>\n<li>g) Mediar en la resoluci\u00f3n pac\u00edfica de conflictos entre el propio alumnado del grupo o entre \u00e9ste y cualquier miembro de la comunidad &nbsp;educativa, &nbsp;de acuerdo con lo &nbsp;que, a tales efectos, disponga el plan de convivencia.<\/li>\n<li>h) Colaborar &nbsp;en el establecimiento &nbsp;y seguimiento de los compromisos &nbsp;educativos &nbsp;y &nbsp;de convivencia &nbsp;que se &nbsp;suscriban con las familias del alumnado del grupo.<\/li>\n<\/ol>\n<p>&nbsp;<\/p>\n<p>&nbsp;<strong>Art\u00edculo 82. Junta de delegados &nbsp;y delegadas &nbsp;de padres y madres del alumnado.<\/strong><\/p>\n<p><strong>&nbsp;<\/strong>La junta de delegados &nbsp;y delegadas &nbsp;de los padres y madres del alumnado estar\u00e1 constituida &nbsp;por las personas delegadas de madres y padres de la totalidad de los grupos del centro. Su finalidad ser\u00e1 coordinar las demandas y actuaciones de sus componentes y dar traslado de sus propuestas al equipo directivo y a la comisi\u00f3n de convivencia.<\/p>\n<p>&nbsp;<\/p>\n<p><strong>B) Delegados de grupo y Junta de Delegados.<\/strong><\/p>\n<p><strong>Junta de delegados\/as del alumnado.<\/strong><\/p>\n<p><strong>Art\u00edculo 77. <\/strong><\/p>\n<p><strong>&nbsp;<\/strong><\/p>\n<ol>\n<li>La Junta de delegados y delegadas del alumnado estar\u00e1 integrada por todos los delegados y delegadas de clase, as\u00ed como por los representantes del alumnado en el Consejo Escolar del centro. Ser\u00e1n convocados por la Jefatura de Estudios o a petici\u00f3n de dos terceras partes de los miembros de la Junta..<\/li>\n<\/ol>\n<p>&nbsp;<\/p>\n<ol start=\"2\">\n<li>La Junta de delegados y delegadas del alumnado elegir\u00e1, por mayor\u00eda simple, durante el primer mes del curso escolar, un delegado o delegada del centro, as\u00ed como un subdelegado o subdelegada, que sustituir\u00e1 a la persona que ejerce a delegaci\u00f3n en caso de vacante, ausencia o enfermedad, de acuerdo con el procedimiento que establezca el reglamento de organizaci\u00f3n y funcionamiento del instituto.<\/li>\n<\/ol>\n<p>&nbsp;<\/p>\n<ol start=\"3\">\n<li>La Jefatura de Estudios facilitar\u00e1 a la Junta de delegados y delegadas del alumnado un espacio adecuado para que pueda celebrar sus reuniones y los medios materiales para su funcionamiento.<\/li>\n<\/ol>\n<p>&nbsp;<\/p>\n<ol start=\"4\">\n<li>Se reunir\u00e1 la Junta de delegados al menos una vez al trimestre para recoger las propuestas de mejora del centro.<\/li>\n<\/ol>\n<p>&nbsp;<\/p>\n<p><strong>Delegados\/as de grupo<\/strong><\/p>\n<p><strong>&nbsp;<\/strong><\/p>\n<p><strong>Art\u00edculo 78. <\/strong><\/p>\n<p><strong>&nbsp;<\/strong><\/p>\n<ol>\n<li>El alumnado de cada clase elegir\u00e1, por sufragio directo y secreto, por mayor\u00eda simple, durante el primer mes del curso escolar, un delegado o delegada de clase, as\u00ed como un subdelegado o subdelegada, que sustituir\u00e1 a la persona que ejerce la delegaci\u00f3n en caso de vacante, ausencia o enfermedad, de acuerdo con el procedimiento que establezca el reglamento de organizaci\u00f3n y funcionamiento del centro.<\/li>\n<\/ol>\n<p>&nbsp;<\/p>\n<ol start=\"2\">\n<li>Los delegados y delegadas colaborar\u00e1n con el profesorado en los asuntos que afecten al funcionamiento de la clase y, en su caso, trasladar\u00e1n al tutor o tutora las sugerencias y reclamaciones del grupo al que representan.<\/li>\n<\/ol>\n","protected":false},"excerpt":{"rendered":"<p>DELEGADOS DE PADRES Y MADRES A) Funciones de los delegados de padres\/madres (ROF) Art\u00edculo 81. Funciones de los Delegados y Delegadas de padres y madres. a) Representar a las madres y los padres del&#46;&#46;&#46;<\/p>\n","protected":false},"author":9440,"featured_media":0,"parent":0,"menu_order":0,"comment_status":"closed","ping_status":"closed","template":"","meta":{"ngg_post_thumbnail":0,"footnotes":"","_mc_calendar":[]},"aioseo_notices":[],"_links":{"self":[{"href":"https:\/\/blogsaverroes.juntadeandalucia.es\/iesavenmoriel\/wp-json\/wp\/v2\/pages\/2483"}],"collection":[{"href":"https:\/\/blogsaverroes.juntadeandalucia.es\/iesavenmoriel\/wp-json\/wp\/v2\/pages"}],"about":[{"href":"https:\/\/blogsaverroes.juntadeandalucia.es\/iesavenmoriel\/wp-json\/wp\/v2\/types\/page"}],"author":[{"embeddable":true,"href":"https:\/\/blogsaverroes.juntadeandalucia.es\/iesavenmoriel\/wp-json\/wp\/v2\/users\/9440"}],"replies":[{"embeddable":true,"href":"https:\/\/blogsaverroes.juntadeandalucia.es\/iesavenmoriel\/wp-json\/wp\/v2\/comments?post=2483"}],"version-history":[{"count":1,"href":"https:\/\/blogsaverroes.juntadeandalucia.es\/iesavenmoriel\/wp-json\/wp\/v2\/pages\/2483\/revisions"}],"predecessor-version":[{"id":2484,"href":"https:\/\/blogsaverroes.juntadeandalucia.es\/iesavenmoriel\/wp-json\/wp\/v2\/pages\/2483\/revisions\/2484"}],"wp:attachment":[{"href":"https:\/\/blogsaverroes.juntadeandalucia.es\/iesavenmoriel\/wp-json\/wp\/v2\/media?parent=2483"}],"curies":[{"name":"wp","href":"https:\/\/api.w.org\/{rel}","templated":true}]}}