{"id":2491,"date":"2021-09-19T14:53:32","date_gmt":"2021-09-19T14:53:32","guid":{"rendered":"https:\/\/blogsaverroes.juntadeandalucia.es\/iesavenmoriel\/?page_id=2491"},"modified":"2024-12-16T18:16:07","modified_gmt":"2024-12-16T18:16:07","slug":"composicion","status":"publish","type":"page","link":"https:\/\/blogsaverroes.juntadeandalucia.es\/iesavenmoriel\/composicion\/","title":{"rendered":"Composici\u00f3n Consejo Escolar"},"content":{"rendered":"<p>En la actualidad, el Consejo Escolar est\u00e1 formado por los siguientes representantes:<\/p>\n<p><strong>&nbsp;<\/strong><\/p>\n<table class=\" aligncenter\" style=\"width: 62.1158%;height: 1144px\" width=\"46.8117%\">\n<tbody>\n<tr style=\"height: 65px\">\n<td style=\"width: 100%;height: 65px\">\n<h3>EQUIPO DIRECTIVO<\/h3>\n<\/td>\n<\/tr>\n<tr style=\"height: 24px\">\n<td style=\"width: 100%;height: 24px\">Presidenta: M\u00aa Carmen Gil Beltr\u00e1n<\/td>\n<\/tr>\n<tr style=\"height: 24px\">\n<td style=\"width: 100%;height: 24px\">Jefe de Estudios: Anselmo Bedmar L\u00f3pez<\/td>\n<\/tr>\n<tr style=\"height: 24px\">\n<td style=\"width: 100%;height: 24px\">Secretario: Juan Carlos Garc\u00eda Egea<\/td>\n<\/tr>\n<tr style=\"height: 24px\">\n<td style=\"width: 100%;height: 24px\">&nbsp;<\/td>\n<\/tr>\n<tr style=\"height: 65px\">\n<td style=\"width: 100%;height: 65px\">\n<h3>SECTOR PROFESORADO<\/h3>\n<\/td>\n<\/tr>\n<tr style=\"height: 24px\">\n<td style=\"width: 100%;height: 24px\">Bellot Rubio, Jes\u00fas<\/td>\n<\/tr>\n<tr style=\"height: 24px\">\n<td style=\"width: 100%;height: 24px\">Castillero Ortiz,&nbsp;M\u00f3nica<\/td>\n<\/tr>\n<tr style=\"height: 24px\">\n<td style=\"width: 100%;height: 24px\">Gallardo Casta\u00f1o, Jennifer M\u00aa<\/td>\n<\/tr>\n<tr style=\"height: 24px\">\n<td style=\"width: 100%;height: 24px\">Lozano Novi, Rebeca<\/td>\n<\/tr>\n<tr style=\"height: 24px\">\n<td style=\"width: 100%;height: 24px\">Mart\u00ednez Garc\u00eda, Lorena<\/td>\n<\/tr>\n<tr style=\"height: 24px\">\n<td style=\"width: 100%;height: 24px\">Ortega Mart\u00ednez, Carlos<\/td>\n<\/tr>\n<tr style=\"height: 24px\">\n<td style=\"width: 100%;height: 24px\">&nbsp;<\/td>\n<\/tr>\n<tr style=\"height: 65px\">\n<td style=\"width: 100%;height: 65px\">\n<h3>&nbsp;&nbsp; REP. PADRES\/MADRES<\/h3>\n<\/td>\n<\/tr>\n<tr style=\"height: 24px\">\n<td style=\"width: 100%;height: 24px\">Izquierdo Puertas, Tamara<\/td>\n<\/tr>\n<tr style=\"height: 24px\">\n<td style=\"width: 100%;height: 24px\">Mu\u00f1oz Mart\u00ednez, Ana Bel\u00e9n<\/td>\n<\/tr>\n<tr style=\"height: 24px\">\n<td style=\"width: 100%;height: 24px\">S\u00e1nchez Garc\u00eda, Esther<\/td>\n<\/tr>\n<tr style=\"height: 24px\">\n<td style=\"width: 100%;height: 24px\">Moreno Caravaca, Susana<\/td>\n<\/tr>\n<tr style=\"height: 24px\">\n<td style=\"width: 100%;height: 24px\">&nbsp;<\/td>\n<\/tr>\n<tr style=\"height: 65px\">\n<td style=\"width: 100%;height: 65px\">\n<h3>SECTOR ALUMNADO<\/h3>\n<\/td>\n<\/tr>\n<tr style=\"height: 24px\">\n<td style=\"width: 100%;height: 24px\">Arredondo Jord\u00e1n, Mario<\/td>\n<\/tr>\n<tr style=\"height: 24px\">\n<td style=\"width: 100%;height: 24px\">Mar\u00edn M\u00e1rquez, Luc\u00eda<\/td>\n<\/tr>\n<tr style=\"height: 24px\">\n<td style=\"width: 100%;height: 24px\">Mart\u00ednez Mancebo, Aroa<\/td>\n<\/tr>\n<tr style=\"height: 65px\">\n<td style=\"width: 100%;height: 65px\">\n<h3>REP. DEL AMPA<\/h3>\n<\/td>\n<\/tr>\n<tr style=\"height: 24px\">\n<td style=\"width: 100%;height: 24px\">Moreno Caravaca, Susana (AMPA)<\/td>\n<\/tr>\n<tr style=\"height: 24px\">\n<td style=\"width: 100%;height: 24px\">&nbsp;<\/td>\n<\/tr>\n<tr style=\"height: 65px\">\n<td style=\"width: 100%;height: 65px\">\n<h3>SECTOR PAS<\/h3>\n<\/td>\n<\/tr>\n<tr style=\"height: 24px\">\n<td style=\"width: 100%;height: 24px\">Polo Fern\u00e1ndez, Pilar<\/td>\n<\/tr>\n<tr style=\"height: 24px\">\n<td style=\"width: 100%;height: 24px\">&nbsp;<\/td>\n<\/tr>\n<tr style=\"height: 65px\">\n<td style=\"width: 100%;height: 65px\">\n<h3>SECTOR PAE<\/h3>\n<\/td>\n<\/tr>\n<tr style=\"height: 24px\">\n<td style=\"width: 100%;height: 24px\">Polo Fern\u00e1ndez, M\u00aa del Pilar<\/td>\n<\/tr>\n<tr style=\"height: 24px\">\n<td style=\"width: 100%;height: 24px\">&nbsp;<\/td>\n<\/tr>\n<tr style=\"height: 65px\">\n<td style=\"width: 100%;height: 65px\">\n<h3>REP. DEL AYUNTAMIENTO<\/h3>\n<\/td>\n<\/tr>\n<tr style=\"height: 24px\">\n<td style=\"width: 100%;height: 24px\">Gallardo S\u00e1nchez, Lourdes<\/td>\n<\/tr>\n<\/tbody>\n<\/table>\n","protected":false},"excerpt":{"rendered":"<p>En la actualidad, el Consejo Escolar est\u00e1 formado por los siguientes representantes: &nbsp; EQUIPO DIRECTIVO Presidenta: M\u00aa Carmen Gil Beltr\u00e1n Jefe de Estudios: Anselmo Bedmar L\u00f3pez Secretario: Juan Carlos Garc\u00eda Egea &nbsp; SECTOR PROFESORADO&#46;&#46;&#46;<\/p>\n","protected":false},"author":9440,"featured_media":0,"parent":0,"menu_order":0,"comment_status":"closed","ping_status":"closed","template":"","meta":{"ngg_post_thumbnail":0,"footnotes":"","_mc_calendar":[]},"aioseo_notices":[],"_links":{"self":[{"href":"https:\/\/blogsaverroes.juntadeandalucia.es\/iesavenmoriel\/wp-json\/wp\/v2\/pages\/2491"}],"collection":[{"href":"https:\/\/blogsaverroes.juntadeandalucia.es\/iesavenmoriel\/wp-json\/wp\/v2\/pages"}],"about":[{"href":"https:\/\/blogsaverroes.juntadeandalucia.es\/iesavenmoriel\/wp-json\/wp\/v2\/types\/page"}],"author":[{"embeddable":true,"href":"https:\/\/blogsaverroes.juntadeandalucia.es\/iesavenmoriel\/wp-json\/wp\/v2\/users\/9440"}],"replies":[{"embeddable":true,"href":"https:\/\/blogsaverroes.juntadeandalucia.es\/iesavenmoriel\/wp-json\/wp\/v2\/comments?post=2491"}],"version-history":[{"count":11,"href":"https:\/\/blogsaverroes.juntadeandalucia.es\/iesavenmoriel\/wp-json\/wp\/v2\/pages\/2491\/revisions"}],"predecessor-version":[{"id":6698,"href":"https:\/\/blogsaverroes.juntadeandalucia.es\/iesavenmoriel\/wp-json\/wp\/v2\/pages\/2491\/revisions\/6698"}],"wp:attachment":[{"href":"https:\/\/blogsaverroes.juntadeandalucia.es\/iesavenmoriel\/wp-json\/wp\/v2\/media?parent=2491"}],"curies":[{"name":"wp","href":"https:\/\/api.w.org\/{rel}","templated":true}]}}