{"id":2551,"date":"2021-09-19T16:23:13","date_gmt":"2021-09-19T16:23:13","guid":{"rendered":"https:\/\/blogsaverroes.juntadeandalucia.es\/iesavenmoriel\/?page_id=2551"},"modified":"2021-09-20T21:18:53","modified_gmt":"2021-09-20T21:18:53","slug":"anuarios-centro","status":"publish","type":"page","link":"https:\/\/blogsaverroes.juntadeandalucia.es\/iesavenmoriel\/anuarios-centro\/","title":{"rendered":"Anuarios centro"},"content":{"rendered":"<p>Recopilaci\u00f3n de los acontecimientos desarrollados en cada curso acad\u00e9mico.<\/p>\n<p>Desde aqu\u00ed nuestro homenaje al profesorado y alumnado que han dejado su huella imborrable en el centro.<\/p>\n<table style=\"border-collapse: collapse;width: 100%;height: 100px\">\n<tbody>\n<tr style=\"height: 28px\">\n<td style=\"width: 33.3333%;height: 28px;border-color: #030000;border-style: double;text-align: center;vertical-align: middle\">Curso acad\u00e9mico<\/td>\n<td style=\"width: 33.3333%;height: 28px;border-color: #030000;border-style: double;text-align: center;vertical-align: middle\">Acceso anuario digital<\/td>\n<td style=\"width: 33.3333%;height: 28px;border-color: #030000;border-style: double;text-align: center;vertical-align: middle\">Orla de la promoci\u00f3n<\/td>\n<\/tr>\n<tr style=\"height: 24px\">\n<td style=\"width: 33.3333%;height: 24px;border-color: #030000;border-style: double;text-align: center;vertical-align: middle\">13-14<\/td>\n<td style=\"width: 33.3333%;height: 24px;border-color: #030000;border-style: double;text-align: center;vertical-align: middle\"><a href=\"http:\/\/issuu.com\/avenmoriel\/docs\/anuario_ies_avenmoriel_13-14_feda7ce3a37d09\/0\"><img loading=\"lazy\" decoding=\"async\" class=\"\" src=\"https:\/\/blogsaverroes.juntadeandalucia.es\/iesavenmoriel\/files\/2021\/09\/Portada_anuario_1314.jpg\" width=\"195\" height=\"276\"><\/a><\/td>\n<td style=\"width: 33.3333%;height: 24px;border-color: #030000;border-style: double;text-align: center;vertical-align: middle\"><a href=\"https:\/\/blogsaverroes.juntadeandalucia.es\/iesavenmoriel\/files\/2021\/09\/2013-14-rotated.jpg\"><img loading=\"lazy\" decoding=\"async\" class=\"alignnone size-medium wp-image-2811\" src=\"https:\/\/blogsaverroes.juntadeandalucia.es\/iesavenmoriel\/files\/2021\/09\/Orla_1314_001-300x212.jpg\" alt=\"\" width=\"300\" height=\"212\" srcset=\"https:\/\/blogsaverroes.juntadeandalucia.es\/iesavenmoriel\/files\/2021\/09\/Orla_1314_001-300x212.jpg 300w, https:\/\/blogsaverroes.juntadeandalucia.es\/iesavenmoriel\/files\/2021\/09\/Orla_1314_001-768x543.jpg 768w, https:\/\/blogsaverroes.juntadeandalucia.es\/iesavenmoriel\/files\/2021\/09\/Orla_1314_001-rotated.jpg 842w\" sizes=\"(max-width: 300px) 100vw, 300px\" \/><\/a><\/td>\n<\/tr>\n<tr style=\"height: 24px\">\n<td style=\"width: 33.3333%;height: 24px;border-color: #030000;border-style: double;text-align: center;vertical-align: middle\">14-15<\/td>\n<td style=\"width: 33.3333%;height: 24px;border-color: #030000;border-style: double;text-align: center;vertical-align: middle\"><a href=\"http:\/\/issuu.com\/avenmoriel\/docs\/anuario_1415\"><img loading=\"lazy\" decoding=\"async\" class=\"alignnone size-full wp-image-2810\" src=\"https:\/\/blogsaverroes.juntadeandalucia.es\/iesavenmoriel\/files\/2021\/09\/Portada_anuario.jpg\" alt=\"\" width=\"180\" height=\"254\"><\/a><\/td>\n<td style=\"width: 33.3333%;height: 24px;border-color: #030000;border-style: double;text-align: center;vertical-align: middle\"><a href=\"https:\/\/blogsaverroes.juntadeandalucia.es\/iesavenmoriel\/files\/2021\/09\/2014-15-rotated.jpg\"><img loading=\"lazy\" decoding=\"async\" class=\"alignnone size-full wp-image-2809\" src=\"https:\/\/blogsaverroes.juntadeandalucia.es\/iesavenmoriel\/files\/2021\/09\/Orla_1415_reducida.jpg\" alt=\"\" width=\"214\" height=\"164\"><\/a><\/td>\n<\/tr>\n<tr style=\"height: 24px\">\n<td style=\"width: 33.3333%;height: 24px;border-color: #030000;border-style: double;text-align: center;vertical-align: middle\">15-16<\/td>\n<td style=\"width: 33.3333%;height: 24px;border-color: #030000;border-style: double;text-align: center;vertical-align: middle\">No se hizo<\/td>\n<td style=\"width: 33.3333%;height: 24px;border-color: #030000;border-style: double;text-align: center;vertical-align: middle\"><a href=\"https:\/\/blogsaverroes.juntadeandalucia.es\/iesavenmoriel\/files\/2021\/09\/Curso-2015-16.jpg\"><img loading=\"lazy\" decoding=\"async\" class=\"alignnone size-full wp-image-2808\" src=\"https:\/\/blogsaverroes.juntadeandalucia.es\/iesavenmoriel\/files\/2021\/09\/Orla_chica_1516_3.jpg\" alt=\"\" width=\"214\" height=\"161\"><\/a><\/td>\n<\/tr>\n<\/tbody>\n<\/table>\n","protected":false},"excerpt":{"rendered":"<p>Recopilaci\u00f3n de los acontecimientos desarrollados en cada curso acad\u00e9mico. Desde aqu\u00ed nuestro homenaje al profesorado y alumnado que han dejado su huella imborrable en el centro. Curso acad\u00e9mico Acceso anuario digital Orla de la&#46;&#46;&#46;<\/p>\n","protected":false},"author":9440,"featured_media":0,"parent":0,"menu_order":0,"comment_status":"closed","ping_status":"closed","template":"","meta":{"ngg_post_thumbnail":0,"footnotes":"","_mc_calendar":[]},"aioseo_notices":[],"_links":{"self":[{"href":"https:\/\/blogsaverroes.juntadeandalucia.es\/iesavenmoriel\/wp-json\/wp\/v2\/pages\/2551"}],"collection":[{"href":"https:\/\/blogsaverroes.juntadeandalucia.es\/iesavenmoriel\/wp-json\/wp\/v2\/pages"}],"about":[{"href":"https:\/\/blogsaverroes.juntadeandalucia.es\/iesavenmoriel\/wp-json\/wp\/v2\/types\/page"}],"author":[{"embeddable":true,"href":"https:\/\/blogsaverroes.juntadeandalucia.es\/iesavenmoriel\/wp-json\/wp\/v2\/users\/9440"}],"replies":[{"embeddable":true,"href":"https:\/\/blogsaverroes.juntadeandalucia.es\/iesavenmoriel\/wp-json\/wp\/v2\/comments?post=2551"}],"version-history":[{"count":6,"href":"https:\/\/blogsaverroes.juntadeandalucia.es\/iesavenmoriel\/wp-json\/wp\/v2\/pages\/2551\/revisions"}],"predecessor-version":[{"id":2819,"href":"https:\/\/blogsaverroes.juntadeandalucia.es\/iesavenmoriel\/wp-json\/wp\/v2\/pages\/2551\/revisions\/2819"}],"wp:attachment":[{"href":"https:\/\/blogsaverroes.juntadeandalucia.es\/iesavenmoriel\/wp-json\/wp\/v2\/media?parent=2551"}],"curies":[{"name":"wp","href":"https:\/\/api.w.org\/{rel}","templated":true}]}}