{"id":2750,"date":"2021-09-20T14:38:55","date_gmt":"2021-09-20T14:38:55","guid":{"rendered":"https:\/\/blogsaverroes.juntadeandalucia.es\/iesavenmoriel\/?page_id=2750"},"modified":"2021-09-20T14:38:55","modified_gmt":"2021-09-20T14:38:55","slug":"formajoven","status":"publish","type":"page","link":"https:\/\/blogsaverroes.juntadeandalucia.es\/iesavenmoriel\/formajoven\/","title":{"rendered":"FormaJoven"},"content":{"rendered":"<div id=\"contenido_sitio\" class=\"tiny_personalizado\">\n<p align=\"justify\">Los <strong>objetivos generales <\/strong>que se pretende conseguir con el proyecto Forma Joven son los siguientes:<br \/>\n&nbsp;&nbsp;&nbsp; &#8211;&nbsp;&nbsp;&nbsp; Acercar la atenci\u00f3n al espacio habitual de los j\u00f3venes.<br \/>\n&nbsp;&nbsp;&nbsp; &#8211;&nbsp;&nbsp;&nbsp; Aportar instrumentos para afrontar los riesgos.<br \/>\n&nbsp;&nbsp;&nbsp; &#8211;&nbsp;&nbsp;&nbsp; Hacer compatible salud y diversi\u00f3n.<br \/>\n&nbsp;&nbsp;&nbsp; &#8211;&nbsp;&nbsp;&nbsp; Asesorar informando y formando para hacer posible la elecci\u00f3n de la conducta m\u00e1s favorable.<\/p>\n<p>Como <strong>objetivos espec\u00edficos<\/strong> nos proponemos:<br \/>\n&nbsp;&nbsp;&nbsp; &#8211;&nbsp;&nbsp; Favorecer un planteamiento de anticoncepci\u00f3n efectiva, desde la perspectiva de Salud p\u00fablica, en el \u00e1rea afectivo-&nbsp;&nbsp;&nbsp;&nbsp;&nbsp;&nbsp;&nbsp;&nbsp;&nbsp; sexual.<br \/>\n&nbsp;&nbsp;&nbsp; &#8211;&nbsp;&nbsp;&nbsp; Promover una conducta igualitaria entre g\u00e9neros, introduciendo contenidos de educaci\u00f3n en valores.<br \/>\n&nbsp;&nbsp;&nbsp; &#8211;&nbsp;&nbsp;&nbsp; Alertar sobre las consecuencias de las conductas mediadas por el alcohol<br \/>\n&nbsp;&nbsp;&nbsp; &#8211;&nbsp;&nbsp;&nbsp; Contribuir al descenso de los accidentes de tr\u00e1fico.<br \/>\n&nbsp;&nbsp;&nbsp; &#8211;&nbsp;&nbsp;&nbsp; Detectar y encauzar los trastornos alimentarios.<\/p>\n<p>Incluye tres <strong>\u00e1mbitos de intervenci\u00f3n<\/strong>:<\/p>\n<table id=\"table1\" width=\"99%\" border=\"1\">\n<tbody>\n<tr>\n<td width=\"211\" align=\"center\"><strong>Area afectivo-sexual<\/strong><\/td>\n<td width=\"200\" align=\"center\"><strong>\u00c1rea de adicciones<\/strong><\/td>\n<td align=\"center\"><strong>\u00c1rea de conductas<\/strong><\/td>\n<\/tr>\n<tr>\n<td width=\"211\" height=\"24\">Relaciones positivas<\/td>\n<td width=\"200\" height=\"24\">Alcohol, tabaco, otras drogas<\/td>\n<td height=\"24\">Trastornos de la alimentaci\u00f3n<\/td>\n<\/tr>\n<tr>\n<td width=\"211\">Prevenci\u00f3n de riesgos<\/td>\n<td rowspan=\"2\" width=\"200\">\n<p align=\"justify\">&nbsp;Prevenci\u00f3n de accidentes de tr\u00e1fico ocasionados por el consumo de alcohol y otras drogas<\/p>\n<\/td>\n<td rowspan=\"2\">Violencia entre iguales<\/td>\n<\/tr>\n<tr>\n<td width=\"211\">Eliminar comportamientos sexistas<\/td>\n<\/tr>\n<\/tbody>\n<\/table>\n<p align=\"justify\">La asesor\u00eda Forma Joven est\u00e1 constituida por un equipo de referencia compuesto por t\u00e9cnicos de salud (facultativa, enfermero y trabajadora social) y de educaci\u00f3n (Orientadora del Departamento de Orientaci\u00f3n del Instituto). Asimismo, se constituir\u00e1 una mesa intersectorial, en la que podr\u00e1n participar el Ayuntamiento de Benamaurel, los Servicios Sociales Comunitarios, el EOE de la zona (psic\u00f3loga y m\u00e9dica del mismo), el AMPA,&nbsp; el Instituto andaluz de la mujer y el Instituto de la Juventud.<\/p>\n<p>La <strong>oferta de servicios <\/strong>ser\u00e1 la siguiente:<br \/>\n&nbsp;&nbsp;&nbsp; &#8211;&nbsp;&nbsp;&nbsp; <em>Atenci\u00f3n y asesor\u00eda individual.<\/em><br \/>\n&nbsp;&nbsp;&nbsp; &#8211;&nbsp;&nbsp;&nbsp; <em>Atenci\u00f3n y asesor\u00eda en parejas<\/em><br \/>\n&nbsp;&nbsp;&nbsp; &#8211;&nbsp;&nbsp;&nbsp; <em>Continuidad de atenci\u00f3n en la familia.<\/em><\/p>\n<\/div>\n","protected":false},"excerpt":{"rendered":"<p>Los objetivos generales que se pretende conseguir con el proyecto Forma Joven son los siguientes: &nbsp;&nbsp;&nbsp; &#8211;&nbsp;&nbsp;&nbsp; Acercar la atenci\u00f3n al espacio habitual de los j\u00f3venes. &nbsp;&nbsp;&nbsp; &#8211;&nbsp;&nbsp;&nbsp; Aportar instrumentos para afrontar los riesgos.&#46;&#46;&#46;<\/p>\n","protected":false},"author":9440,"featured_media":0,"parent":0,"menu_order":0,"comment_status":"closed","ping_status":"closed","template":"","meta":{"ngg_post_thumbnail":0,"footnotes":"","_mc_calendar":[]},"aioseo_notices":[],"_links":{"self":[{"href":"https:\/\/blogsaverroes.juntadeandalucia.es\/iesavenmoriel\/wp-json\/wp\/v2\/pages\/2750"}],"collection":[{"href":"https:\/\/blogsaverroes.juntadeandalucia.es\/iesavenmoriel\/wp-json\/wp\/v2\/pages"}],"about":[{"href":"https:\/\/blogsaverroes.juntadeandalucia.es\/iesavenmoriel\/wp-json\/wp\/v2\/types\/page"}],"author":[{"embeddable":true,"href":"https:\/\/blogsaverroes.juntadeandalucia.es\/iesavenmoriel\/wp-json\/wp\/v2\/users\/9440"}],"replies":[{"embeddable":true,"href":"https:\/\/blogsaverroes.juntadeandalucia.es\/iesavenmoriel\/wp-json\/wp\/v2\/comments?post=2750"}],"version-history":[{"count":1,"href":"https:\/\/blogsaverroes.juntadeandalucia.es\/iesavenmoriel\/wp-json\/wp\/v2\/pages\/2750\/revisions"}],"predecessor-version":[{"id":2751,"href":"https:\/\/blogsaverroes.juntadeandalucia.es\/iesavenmoriel\/wp-json\/wp\/v2\/pages\/2750\/revisions\/2751"}],"wp:attachment":[{"href":"https:\/\/blogsaverroes.juntadeandalucia.es\/iesavenmoriel\/wp-json\/wp\/v2\/media?parent=2750"}],"curies":[{"name":"wp","href":"https:\/\/api.w.org\/{rel}","templated":true}]}}