{"id":2890,"date":"2021-10-03T15:13:55","date_gmt":"2021-10-03T15:13:55","guid":{"rendered":"https:\/\/blogsaverroes.juntadeandalucia.es\/iesavenmoriel\/?page_id=2890"},"modified":"2026-03-09T11:08:03","modified_gmt":"2026-03-09T11:08:03","slug":"descarga-del-orienta-21-22","status":"publish","type":"page","link":"https:\/\/blogsaverroes.juntadeandalucia.es\/iesavenmoriel\/descarga-del-orienta-21-22\/","title":{"rendered":"Descarga del Orienta 25-26"},"content":{"rendered":"<p>En los siguientes enlaces ten\u00e9is disponible la versi\u00f3n de escritorio (m\u00e1s completa) del Orienta<\/p>\n<p>ORIENTA &#8211;&gt; <a href=\"https:\/\/blogsaverroes.juntadeandalucia.es\/iesavenmoriel\/files\/2026\/01\/orienta2526.zip\">WINDOWS y LINUX(Pincha aqu\u00ed)<\/a><\/p>\n<p>Ayuda para la instalaci\u00f3n &#8211;&gt; <a href=\"https:\/\/blogsaverroes.juntadeandalucia.es\/iesavenmoriel\/files\/2024\/11\/ayuda.pdf\">Ayudaorienta<\/a><\/p>\n<p>Es un programa inform\u00e1tico \u201con line\u201d que contiene informaci\u00f3n actualizada sobre<\/p>\n<h4 class=\"title\">Cat\u00e1logo de T\u00edtulos Profesionales<\/h4>\n<p>Todos los t\u00edtulos oficiales distribuidos en Familias Profesionales.<br \/>\n<img decoding=\"async\" src=\"https:\/\/www.elorienta.com\/or\/images\/punto6.gif\">&nbsp;Grados<\/p>\n<ul>\n<li>Todos los grados que actualmente se imparten.<\/li>\n<li>Los dobles grados: vistos desde los t\u00edtulos y desde las universidades<\/li>\n<li>Sus Notas de Corte, las \u00faltimas de la convocatoria de Junio.<\/li>\n<li>Agrupados por ramas de conocimiento, por actividades, por consejo de orientaci\u00f3n, y por t\u00edtulo parecido.<\/li>\n<li>Requisitos de acceso, materias de bachillerato aconsejadas.<\/li>\n<li>Perfil del grado.<\/li>\n<li>Salidas y perspectivas profesionales.<\/li>\n<li>Selectividad, Ponderaci\u00f3n<\/li>\n<li>Acceso de la FP a la Universidad.<\/li>\n<li>C\u00f3mo hacer la Preinscripci\u00f3n y Matr\u00edcula.<\/li>\n<li>Becas, Residencias<\/li>\n<li>Algunos datos estad\u00edsticos<\/li>\n<\/ul>\n<h4 class=\"title\"><img decoding=\"async\" src=\"https:\/\/www.elorienta.com\/or\/images\/punto6.gif\">&nbsp;Los Master\u2026<\/h4>\n<ul>\n<li>Insistimos s\u00f3lo en aquellos que consideramos m\u00e1s significativos..<\/li>\n<li>el que sustituye al antiguo CAP,<\/li>\n<li>el de abogac\u00eda,<\/li>\n<li>y especialmente los que sustituyen a las antiguas Ingenier\u00edas Superiores.<\/li>\n<\/ul>\n<p>Es decir aquellos master que proporcionar\u00e1n al alumno nuevas \u2018atribuciones profesionales\u2019.<\/p>\n<h4 class=\"title\"><img decoding=\"async\" src=\"https:\/\/www.elorienta.com\/or\/images\/punto6.gif\">&nbsp;Formaci\u00f3n Profesional<\/h4>\n<p>Incluimos lo nuevos t\u00edtulos de FP\u2026 y nuevas presentaciones gr\u00e1ficas.<\/p>\n<ul>\n<li>1. Ciclos Formativos de Grado Superior.<\/li>\n<li>2. Ciclos Formativos de Grado Medio.<\/li>\n<li>3. Los nuevos t\u00edtulos de FP B\u00e1sica<\/li>\n<li>Todos los Centros donde se imparten.<\/li>\n<li>Tel\u00e9fonos.<\/li>\n<li>Descripci\u00f3n, utilidad.<\/li>\n<li>Requisitos.<\/li>\n<li>M\u00f3dulos que cursar\u00e1n.<\/li>\n<li>Acceso a la Universidad.<\/li>\n<li>Algunos datos estad\u00edsticos.<\/li>\n<li>Misma informaci\u00f3n para todos los T\u00edtulos de las&nbsp;<b>Escuelas de Arte<\/b>.<\/li>\n<li>As\u00ed como los t\u00edtulos de grado medio y superior de las&nbsp;<b>Ense\u00f1anzas Deportivas<\/b>.&nbsp;<img decoding=\"async\" src=\"https:\/\/www.elorienta.com\/or\/images\/nue.gif\" border=\"0\"><\/li>\n<\/ul>\n<h4 class=\"title\"><img decoding=\"async\" src=\"https:\/\/www.elorienta.com\/or\/images\/punto6.gif\">&nbsp;Ense\u00f1anzas Art\u00edsticas Superiores<\/h4>\n<ul>\n<li>Artes Pl\u00e1sticas y de Dise\u00f1o<\/li>\n<li>M\u00fasica<\/li>\n<li>Danza<\/li>\n<li>Arte Dram\u00e1tico<\/li>\n<\/ul>\n<h4 class=\"title\"><img decoding=\"async\" src=\"https:\/\/www.elorienta.com\/or\/images\/punto6.gif\">&nbsp;Otros estudios<\/h4>\n<ul>\n<li>Ense\u00f1anzas deportivas \u2013 D\u00f3nde se imparten&nbsp;<img decoding=\"async\" src=\"https:\/\/www.elorienta.com\/or\/images\/nue.gif\" border=\"0\"><\/li>\n<li>Militares, Polic\u00eda, Idiomas, etc.<\/li>\n<\/ul>\n<h4 class=\"title\"><img decoding=\"async\" src=\"https:\/\/www.elorienta.com\/or\/images\/punto6.gif\">&nbsp;Certificados de Profesionalidad<\/h4>\n<ul>\n<li>Requisitos de entrada. Descripci\u00f3n. Horas a cursar.<\/li>\n<\/ul>\n","protected":false},"excerpt":{"rendered":"<p>En los siguientes enlaces ten\u00e9is disponible la versi\u00f3n de escritorio (m\u00e1s completa) del Orienta ORIENTA &#8211;&gt; WINDOWS y LINUX(Pincha aqu\u00ed) Ayuda para la instalaci\u00f3n &#8211;&gt; Ayudaorienta Es un programa inform\u00e1tico \u201con line\u201d que contiene&#46;&#46;&#46;<\/p>\n","protected":false},"author":9440,"featured_media":0,"parent":0,"menu_order":0,"comment_status":"closed","ping_status":"closed","template":"","meta":{"ngg_post_thumbnail":0,"footnotes":"","_mc_calendar":[]},"aioseo_notices":[],"_links":{"self":[{"href":"https:\/\/blogsaverroes.juntadeandalucia.es\/iesavenmoriel\/wp-json\/wp\/v2\/pages\/2890"}],"collection":[{"href":"https:\/\/blogsaverroes.juntadeandalucia.es\/iesavenmoriel\/wp-json\/wp\/v2\/pages"}],"about":[{"href":"https:\/\/blogsaverroes.juntadeandalucia.es\/iesavenmoriel\/wp-json\/wp\/v2\/types\/page"}],"author":[{"embeddable":true,"href":"https:\/\/blogsaverroes.juntadeandalucia.es\/iesavenmoriel\/wp-json\/wp\/v2\/users\/9440"}],"replies":[{"embeddable":true,"href":"https:\/\/blogsaverroes.juntadeandalucia.es\/iesavenmoriel\/wp-json\/wp\/v2\/comments?post=2890"}],"version-history":[{"count":8,"href":"https:\/\/blogsaverroes.juntadeandalucia.es\/iesavenmoriel\/wp-json\/wp\/v2\/pages\/2890\/revisions"}],"predecessor-version":[{"id":7407,"href":"https:\/\/blogsaverroes.juntadeandalucia.es\/iesavenmoriel\/wp-json\/wp\/v2\/pages\/2890\/revisions\/7407"}],"wp:attachment":[{"href":"https:\/\/blogsaverroes.juntadeandalucia.es\/iesavenmoriel\/wp-json\/wp\/v2\/media?parent=2890"}],"curies":[{"name":"wp","href":"https:\/\/api.w.org\/{rel}","templated":true}]}}