{"id":3045,"date":"2022-01-23T12:02:50","date_gmt":"2022-01-23T12:02:50","guid":{"rendered":"https:\/\/blogsaverroes.juntadeandalucia.es\/iesavenmoriel\/?page_id=3045"},"modified":"2022-01-23T14:36:17","modified_gmt":"2022-01-23T14:36:17","slug":"programa-ecoescuelas","status":"publish","type":"page","link":"https:\/\/blogsaverroes.juntadeandalucia.es\/iesavenmoriel\/programa-ecoescuelas\/","title":{"rendered":"Programa Ecoescuelas"},"content":{"rendered":"<p>&nbsp;<\/p>\n<table style=\"height: 72px;width: 100%;border-collapse: collapse;border-style: solid;border-color: #17ad62;background-color: #faffeb\">\n<tbody>\n<tr style=\"height: 24px\">\n<td style=\"width: 50%;height: 24px;text-align: center;border-style: solid;border-color: #2bad03\">\n<h3><a href=\"https:\/\/www.juntadeandalucia.es\/educacion\/portals\/web\/aldea\/proyectos\/ecoescuela\/el-proyecto\">EXPLICACI\u00d3N DEL PROYECTO <\/a><\/h3>\n<h3><a href=\"https:\/\/www.juntadeandalucia.es\/educacion\/portals\/web\/aldea\/proyectos\/ecoescuela\/el-proyecto\"><em>(Junta de Andaluc\u00eda)<\/em><\/a><\/h3>\n<\/td>\n<td style=\"width: 50%;height: 72px;text-align: center;border-style: solid;border-color: #2bad03\" rowspan=\"3\"><a href=\"https:\/\/blogsaverroes.juntadeandalucia.es\/iesavenmoriel\/files\/2022\/01\/logo-ecoescuela-1.jpg\"><img loading=\"lazy\" decoding=\"async\" class=\"alignnone wp-image-3044\" src=\"https:\/\/blogsaverroes.juntadeandalucia.es\/iesavenmoriel\/files\/2022\/01\/logo-ecoescuela-1-287x300.jpg\" alt=\"\" width=\"406\" height=\"424\" srcset=\"https:\/\/blogsaverroes.juntadeandalucia.es\/iesavenmoriel\/files\/2022\/01\/logo-ecoescuela-1-287x300.jpg 287w, https:\/\/blogsaverroes.juntadeandalucia.es\/iesavenmoriel\/files\/2022\/01\/logo-ecoescuela-1-980x1024.jpg 980w, https:\/\/blogsaverroes.juntadeandalucia.es\/iesavenmoriel\/files\/2022\/01\/logo-ecoescuela-1-768x802.jpg 768w, https:\/\/blogsaverroes.juntadeandalucia.es\/iesavenmoriel\/files\/2022\/01\/logo-ecoescuela-1.jpg 1071w\" sizes=\"(max-width: 406px) 100vw, 406px\" \/><\/a><\/td>\n<\/tr>\n<tr style=\"height: 24px\">\n<td style=\"width: 50%;height: 24px;text-align: center;border-style: solid;border-color: #2bad03\">\n<h3><a href=\"https:\/\/blogsaverroes.juntadeandalucia.es\/iesavenmoriel\/files\/2022\/01\/PlandeActuacionIESAvenmoriel_Ecoescuelas.pdf\">PLAN DE ACTUACI\u00d3N ECOESCUELA<\/a><\/h3>\n<\/td>\n<\/tr>\n<tr style=\"height: 24px\">\n<td style=\"width: 50%;height: 24px;text-align: center;border-style: solid;border-color: #2bad03\">\n<h3><a href=\"https:\/\/docs.google.com\/document\/d\/1Xb93TSaE3fX_hqEEl0NzXw7c5Lwe4YGcGj7e06WwBcY\/edit?usp=sharing\">ACTIVIDADES PROPUESTAS <\/a><\/h3>\n<h3><a href=\"https:\/\/docs.google.com\/document\/d\/1Xb93TSaE3fX_hqEEl0NzXw7c5Lwe4YGcGj7e06WwBcY\/edit?usp=sharing\"><em>(Presente curso)<\/em><\/a><\/h3>\n<\/td>\n<\/tr>\n<\/tbody>\n<\/table>\n<p>&nbsp;<\/p>\n","protected":false},"excerpt":{"rendered":"<p>&nbsp; EXPLICACI\u00d3N DEL PROYECTO (Junta de Andaluc\u00eda) PLAN DE ACTUACI\u00d3N ECOESCUELA ACTIVIDADES PROPUESTAS (Presente curso) &nbsp;<\/p>\n","protected":false},"author":9440,"featured_media":3044,"parent":0,"menu_order":0,"comment_status":"closed","ping_status":"closed","template":"","meta":{"ngg_post_thumbnail":0,"footnotes":"","_mc_calendar":[]},"aioseo_notices":[],"_links":{"self":[{"href":"https:\/\/blogsaverroes.juntadeandalucia.es\/iesavenmoriel\/wp-json\/wp\/v2\/pages\/3045"}],"collection":[{"href":"https:\/\/blogsaverroes.juntadeandalucia.es\/iesavenmoriel\/wp-json\/wp\/v2\/pages"}],"about":[{"href":"https:\/\/blogsaverroes.juntadeandalucia.es\/iesavenmoriel\/wp-json\/wp\/v2\/types\/page"}],"author":[{"embeddable":true,"href":"https:\/\/blogsaverroes.juntadeandalucia.es\/iesavenmoriel\/wp-json\/wp\/v2\/users\/9440"}],"replies":[{"embeddable":true,"href":"https:\/\/blogsaverroes.juntadeandalucia.es\/iesavenmoriel\/wp-json\/wp\/v2\/comments?post=3045"}],"version-history":[{"count":4,"href":"https:\/\/blogsaverroes.juntadeandalucia.es\/iesavenmoriel\/wp-json\/wp\/v2\/pages\/3045\/revisions"}],"predecessor-version":[{"id":3060,"href":"https:\/\/blogsaverroes.juntadeandalucia.es\/iesavenmoriel\/wp-json\/wp\/v2\/pages\/3045\/revisions\/3060"}],"wp:featuredmedia":[{"embeddable":true,"href":"https:\/\/blogsaverroes.juntadeandalucia.es\/iesavenmoriel\/wp-json\/wp\/v2\/media\/3044"}],"wp:attachment":[{"href":"https:\/\/blogsaverroes.juntadeandalucia.es\/iesavenmoriel\/wp-json\/wp\/v2\/media?parent=3045"}],"curies":[{"name":"wp","href":"https:\/\/api.w.org\/{rel}","templated":true}]}}