{"id":3435,"date":"2022-05-12T15:21:12","date_gmt":"2022-05-12T15:21:12","guid":{"rendered":"https:\/\/blogsaverroes.juntadeandalucia.es\/iesavenmoriel\/?page_id=3435"},"modified":"2025-04-23T16:39:31","modified_gmt":"2025-04-23T16:39:31","slug":"3435-2","status":"publish","type":"page","link":"https:\/\/blogsaverroes.juntadeandalucia.es\/iesavenmoriel\/3435-2\/","title":{"rendered":"Cuestionarios de autoevaluaci\u00f3n"},"content":{"rendered":"<h2 style=\"text-align: center\"><strong>CUESTIONARIOS AUTOEVALUACI\u00d3N 24\/25<\/strong><\/h2>\n<p><em>Estimado\/a alumno\/a:<br \/>\nCon este cuestionario pretendemos conocer vuestra opini\u00f3n sobre diferentes aspectos del centro con el fin de mejorarlos en la medida de lo posible. No hay respuestas correctas ni err\u00f3neas, por ello, os pedimos que contest\u00e9is con sinceridad y con inter\u00e9s. Este a\u00f1o las respuestas son nominales, debes meter un correo electr\u00f3nico tuyo. A nosotros nos permitir\u00e1 mejorar y poderte dar una ense\u00f1anza mejor.<br \/>\n<\/em><\/p>\n<p><em>\u00a1Gracias por tu colaboraci\u00f3n!<br \/>\n<\/em><\/p>\n<table class=\"borde mceItemTable aligncenter\" style=\"height: 529px;width: 72.0062%;border-color: #000000;border-style: solid\" border=\"0\" align=\"center\">\n<tbody>\n<tr style=\"height: 112px\">\n<td style=\"width: 72.549%;height: 112px;vertical-align: middle;border-style: solid;border-color: #000000;text-align: center\"><a href=\"https:\/\/forms.gle\/nxUwbzDCwiLYyg95A\"><strong>ORGANIZACI\u00d3N Y FUNCIONAMIENTO<\/strong><\/a><\/td>\n<td style=\"width: 119.152%;height: 112px;vertical-align: middle;border-style: solid;border-color: #000000;text-align: center\"><a href=\"https:\/\/forms.gle\/nxUwbzDCwiLYyg95A\"><img loading=\"lazy\" decoding=\"async\" class=\"alignnone wp-image-3441 size-medium\" src=\"https:\/\/blogsaverroes.juntadeandalucia.es\/iesavenmoriel\/files\/2022\/05\/organizaci\u00f3n-y-funcionamiento-300x188.jpg\" alt=\"\" width=\"300\" height=\"188\" srcset=\"https:\/\/blogsaverroes.juntadeandalucia.es\/iesavenmoriel\/files\/2022\/05\/organizaci\u00f3n-y-funcionamiento-300x188.jpg 300w, https:\/\/blogsaverroes.juntadeandalucia.es\/iesavenmoriel\/files\/2022\/05\/organizaci\u00f3n-y-funcionamiento-1024x640.jpg 1024w, https:\/\/blogsaverroes.juntadeandalucia.es\/iesavenmoriel\/files\/2022\/05\/organizaci\u00f3n-y-funcionamiento-768x480.jpg 768w, https:\/\/blogsaverroes.juntadeandalucia.es\/iesavenmoriel\/files\/2022\/05\/organizaci\u00f3n-y-funcionamiento.jpg 1080w\" sizes=\"(max-width: 300px) 100vw, 300px\" \/><\/a><\/td>\n<\/tr>\n<tr style=\"height: 101px\">\n<td style=\"width: 72.549%;height: 101px;vertical-align: middle;border-style: solid;border-color: #000000;text-align: center\"><a href=\"https:\/\/forms.gle\/sGk3rgJMdynQssik8\"><strong>ENSE\u00d1ANZA-APRENDIZAJE<\/strong><\/a><\/td>\n<td style=\"width: 119.152%;height: 101px;vertical-align: middle;border-style: solid;border-color: #000000;text-align: center\"><a href=\"https:\/\/forms.gle\/sGk3rgJMdynQssik8\"><img loading=\"lazy\" decoding=\"async\" class=\"alignnone size-medium wp-image-3442\" src=\"https:\/\/blogsaverroes.juntadeandalucia.es\/iesavenmoriel\/files\/2022\/05\/ense\u00f1anza-aprendizaje-300x169.jpg\" alt=\"\" width=\"300\" height=\"169\" srcset=\"https:\/\/blogsaverroes.juntadeandalucia.es\/iesavenmoriel\/files\/2022\/05\/ense\u00f1anza-aprendizaje-300x169.jpg 300w, https:\/\/blogsaverroes.juntadeandalucia.es\/iesavenmoriel\/files\/2022\/05\/ense\u00f1anza-aprendizaje-1024x576.jpg 1024w, https:\/\/blogsaverroes.juntadeandalucia.es\/iesavenmoriel\/files\/2022\/05\/ense\u00f1anza-aprendizaje-768x432.jpg 768w, https:\/\/blogsaverroes.juntadeandalucia.es\/iesavenmoriel\/files\/2022\/05\/ense\u00f1anza-aprendizaje.jpg 1280w\" sizes=\"(max-width: 300px) 100vw, 300px\" \/><\/a><\/td>\n<\/tr>\n<tr style=\"height: 24px\">\n<td style=\"width: 72.549%;height: 24px;vertical-align: middle;border-style: solid;border-color: #000000;text-align: center\"><a href=\"https:\/\/forms.gle\/dm4tajWngvcHgXRK6\"><strong>TUTOR\u00cdA<\/strong><\/a><\/td>\n<td style=\"width: 119.152%;height: 24px;vertical-align: middle;border-style: solid;border-color: #000000;text-align: center\"><a href=\"https:\/\/forms.gle\/dm4tajWngvcHgXRK6\"><img loading=\"lazy\" decoding=\"async\" class=\"alignnone size-medium wp-image-3443\" src=\"https:\/\/blogsaverroes.juntadeandalucia.es\/iesavenmoriel\/files\/2022\/05\/tutoria-300x169.jpg\" alt=\"\" width=\"300\" height=\"169\" srcset=\"https:\/\/blogsaverroes.juntadeandalucia.es\/iesavenmoriel\/files\/2022\/05\/tutoria-300x169.jpg 300w, https:\/\/blogsaverroes.juntadeandalucia.es\/iesavenmoriel\/files\/2022\/05\/tutoria-1024x576.jpg 1024w, https:\/\/blogsaverroes.juntadeandalucia.es\/iesavenmoriel\/files\/2022\/05\/tutoria-768x432.jpg 768w, https:\/\/blogsaverroes.juntadeandalucia.es\/iesavenmoriel\/files\/2022\/05\/tutoria.jpg 1280w\" sizes=\"(max-width: 300px) 100vw, 300px\" \/><\/a><\/td>\n<\/tr>\n<tr style=\"height: 24px\">\n<td style=\"width: 72.549%;height: 24px;border-color: #000000;vertical-align: middle;text-align: center\"><a href=\"https:\/\/forms.gle\/noXFpNh89DUpk3oz6\"><strong>CONVIVENCIA<\/strong><\/a><\/td>\n<td style=\"width: 119.152%;height: 24px;border-color: #000000;text-align: center;vertical-align: middle\"><a href=\"https:\/\/forms.gle\/noXFpNh89DUpk3oz6\"><img loading=\"lazy\" decoding=\"async\" class=\"alignnone wp-image-3444\" src=\"https:\/\/blogsaverroes.juntadeandalucia.es\/iesavenmoriel\/files\/2022\/05\/convivencia.png\" alt=\"\" width=\"140\" height=\"140\" srcset=\"https:\/\/blogsaverroes.juntadeandalucia.es\/iesavenmoriel\/files\/2022\/05\/convivencia.png 225w, https:\/\/blogsaverroes.juntadeandalucia.es\/iesavenmoriel\/files\/2022\/05\/convivencia-150x150.png 150w, https:\/\/blogsaverroes.juntadeandalucia.es\/iesavenmoriel\/files\/2022\/05\/convivencia-80x80.png 80w\" sizes=\"(max-width: 140px) 100vw, 140px\" \/><\/a><\/td>\n<\/tr>\n<\/tbody>\n<\/table>\n<p>&nbsp;<\/p>\n","protected":false},"excerpt":{"rendered":"<p>CUESTIONARIOS AUTOEVALUACI\u00d3N 24\/25 Estimado\/a alumno\/a: Con este cuestionario pretendemos conocer vuestra opini\u00f3n sobre diferentes aspectos del centro con el fin de mejorarlos en la medida de lo posible. No hay respuestas correctas ni err\u00f3neas,&#46;&#46;&#46;<\/p>\n","protected":false},"author":9440,"featured_media":0,"parent":0,"menu_order":0,"comment_status":"closed","ping_status":"closed","template":"","meta":{"ngg_post_thumbnail":0,"footnotes":"","_mc_calendar":[]},"aioseo_notices":[],"_links":{"self":[{"href":"https:\/\/blogsaverroes.juntadeandalucia.es\/iesavenmoriel\/wp-json\/wp\/v2\/pages\/3435"}],"collection":[{"href":"https:\/\/blogsaverroes.juntadeandalucia.es\/iesavenmoriel\/wp-json\/wp\/v2\/pages"}],"about":[{"href":"https:\/\/blogsaverroes.juntadeandalucia.es\/iesavenmoriel\/wp-json\/wp\/v2\/types\/page"}],"author":[{"embeddable":true,"href":"https:\/\/blogsaverroes.juntadeandalucia.es\/iesavenmoriel\/wp-json\/wp\/v2\/users\/9440"}],"replies":[{"embeddable":true,"href":"https:\/\/blogsaverroes.juntadeandalucia.es\/iesavenmoriel\/wp-json\/wp\/v2\/comments?post=3435"}],"version-history":[{"count":13,"href":"https:\/\/blogsaverroes.juntadeandalucia.es\/iesavenmoriel\/wp-json\/wp\/v2\/pages\/3435\/revisions"}],"predecessor-version":[{"id":6704,"href":"https:\/\/blogsaverroes.juntadeandalucia.es\/iesavenmoriel\/wp-json\/wp\/v2\/pages\/3435\/revisions\/6704"}],"wp:attachment":[{"href":"https:\/\/blogsaverroes.juntadeandalucia.es\/iesavenmoriel\/wp-json\/wp\/v2\/media?parent=3435"}],"curies":[{"name":"wp","href":"https:\/\/api.w.org\/{rel}","templated":true}]}}